{"id":40771,"date":"2021-10-14T07:04:25","date_gmt":"2021-10-14T07:04:25","guid":{"rendered":"https:\/\/www.axesstmc.com\/?page_id=40771"},"modified":"2024-09-26T13:59:00","modified_gmt":"2024-09-26T13:59:00","slug":"zsupervisor","status":"publish","type":"page","link":"https:\/\/www.axesstmc.com\/it\/zsupervisor\/","title":{"rendered":"Software PSIM"},"content":{"rendered":"<div class=\"wpb-content-wrapper\"><p>[vc_row css_animation=&#8221;&#8221; row_type=&#8221;row&#8221; use_row_as_full_screen_section=&#8221;no&#8221; type=&#8221;grid&#8221; angled_section=&#8221;no&#8221; text_align=&#8221;left&#8221; background_image_as_pattern=&#8221;without_pattern&#8221;][vc_column][vc_empty_space height=&#8221;50px&#8221;][vc_row_inner row_type=&#8221;row&#8221; type=&#8221;full_width&#8221; text_align=&#8221;left&#8221; css_animation=&#8221;&#8221;][vc_column_inner width=&#8221;5\/6&#8243;][vc_column_text]ZSupervisor \u00e8 il software PSIM (Physical Security Information Management) <strong>per il monitoraggio e il controllo dei sistemi di sicurezza fisica e dei sistemi tecnologici<\/strong>, di uno o pi\u00f9 siti, da un\u2019unica piattaforma.[\/vc_column_text][vc_empty_space][vc_column_text]I principali dispositivi di sicurezza gestibili sono:<\/p>\n<ul>\n<li>Impianti Antintrusione<\/li>\n<li>Impianti di Videosorveglianza<\/li>\n<li>Sistemi Antincendio<\/li>\n<li>Sistemi Tecnologici<\/li>\n<li>Sistemi di Controllo accessi<\/li>\n<li>Video citofonia<\/li>\n<li>Domotica<\/li>\n<li>Building Automation<\/li>\n<li>Interfacce I\/O e Bus di Campo<\/li>\n<\/ul>\n<p>&nbsp;<\/p>\n<p>Con ZSupervisor il Security Manager ha consapevolezza immediata di ci\u00f2 che ha generato un evento (<strong>event<\/strong> <strong>awareness<\/strong>) ed \u00e8 aggiornato in tempo reale sull\u2019evoluzione della situazione (<strong>situation<\/strong> <strong>management<\/strong>). Il software consente di supportare l\u2019escalation del trattamento dell\u2019evento in relazione alla dinamica della situazione.[\/vc_column_text][\/vc_column_inner][vc_column_inner width=&#8221;1\/6&#8243;][\/vc_column_inner][\/vc_row_inner][vc_empty_space height=&#8221;50px&#8221;][\/vc_column][\/vc_row][vc_row css_animation=&#8221;&#8221; row_type=&#8221;row&#8221; use_row_as_full_screen_section=&#8221;no&#8221; type=&#8221;grid&#8221; angled_section=&#8221;no&#8221; text_align=&#8221;left&#8221; background_image_as_pattern=&#8221;without_pattern&#8221; z_index=&#8221;&#8221;][vc_column width=&#8221;2\/3&#8243;][vc_accordion active_tab=&#8221;false&#8221; style=&#8221;accordion&#8221;][vc_accordion_tab title=&#8221;Funzionalit\u00e0&#8221; title_tag=&#8221;h2&#8243; title_color=&#8221;#0770b7&#8243;][vc_column_text]<\/p>\n<ul>\n<li><strong>Raccolta<\/strong> dei dati da dispositivi o sistemi di sicurezza e IT<\/li>\n<li><strong>Analisi<\/strong> dei dati, degli eventi e degli allarmi per identificare\/comprendere le situazioni e la loro priorit\u00e0<\/li>\n<li><strong>Verifica <\/strong>di eventi e situazioni tramite una rappresentazione grafica semplice e intuitiva<\/li>\n<li><strong>Risoluzione <\/strong>tramite procedure operative (SOPs, Standard Operating Procedures) e istruzioni dettagliate step-by-step in base ai processi definiti dall\u2019organizzazione per risolvere la situazione<\/li>\n<li><strong>Reporting e tracciamento <\/strong>di tutte le informazioni e di tutti i passaggi svolti legati all\u2019evento per un&#8217;eventuale analisi o riesame post-evento<\/li>\n<\/ul>\n<p>[\/vc_column_text][\/vc_accordion_tab][vc_accordion_tab title=&#8221;Gestione unificata&#8221; title_tag=&#8221;h2&#8243; title_color=&#8221;#0770b7&#8243;][vc_column_text]L\u2019alarm videowall di ZSupervisor consente di identificare in tempo reale la sorgente dell\u2019allarme sulla mappa e di risolverlo tramite procedure operative ad hoc.<\/p>\n<p>&nbsp;<\/p>\n<p>Il software garantisce la gestione unificata di:<\/p>\n<ul>\n<li><strong>Allarmi antintrusione<\/strong><\/li>\n<li><strong>Allarmi antincendio<\/strong><\/li>\n<li><strong>Allarmi da sistemi di analisi video<\/strong><\/li>\n<li><strong>Allarmi tecnologici<\/strong> (interfacce i\/o e bus di campo modbus)<\/li>\n<li><strong>Allarmi\/eventi controllo accessi<\/strong><\/li>\n<\/ul>\n<p>[\/vc_column_text][\/vc_accordion_tab][vc_accordion_tab title=&#8221;Risoluzione personalizzata&#8221; title_tag=&#8221;h2&#8243; title_color=&#8221;#0770b7&#8243;][vc_column_text]Ogni segnalazione ricevuta dal sistema pu\u00f2 essere gestita tramite <strong>procedure operative personalizzabili<\/strong>. La gestione guidata fornisce all\u2019operatore tutte le informazioni, i contatti e le procedure da seguire per completare l\u2019operazione risolutiva.[\/vc_column_text][\/vc_accordion_tab][vc_accordion_tab title=&#8221;Espandibilit\u00e0 senza limiti&#8221; title_tag=&#8221;h2&#8243; title_color=&#8221;#0770b7&#8243;][vc_column_text]Il software integra contemporaneamente dispositivi di pi\u00f9 produttori e pu\u00f2 gestire illimitatamente qualsiasi apparato, garantendo <strong>modularit\u00e0, multifunzionalit\u00e0 e scalabilit\u00e0<\/strong> nel tempo.[\/vc_column_text][\/vc_accordion_tab][vc_accordion_tab title=&#8221;Interfaccia semplice e intuitiva&#8221; title_tag=&#8221;h2&#8243; title_color=&#8221;#0770b7&#8243;][vc_column_text]Con la <strong>mappa <\/strong>e il <strong>videowall <\/strong>di ZSupervisor \u00e8 possibile verificare in un colpo d\u2019occhio allarmi e dispositivi di sicurezza. L\u2019interfaccia del sistema viene costruita sulla mappa grafica del sito, gestendo i sensori di allarme e i dispositivi come oggetti grafici.[\/vc_column_text][\/vc_accordion_tab][vc_accordion_tab title=&#8221;Diagnostica&#8221; title_tag=&#8221;h2&#8243; title_color=&#8221;#0770b7&#8243;][vc_column_text]Grazie alle funzioni di diagnostica dei sistemi \u00e8 possibile pianificare <strong>interventi di manutenzione mirati ed efficienti<\/strong>, risparmiando e riducendo al minimo le tempistiche di risoluzione dei malfunzionamenti\/guasti che possono rendere vulnerabile il sistema di sicurezza.[\/vc_column_text][\/vc_accordion_tab][vc_accordion_tab title=&#8221;Integrazioni&#8221; title_tag=&#8221;h2&#8243; title_color=&#8221;#0770b7&#8243;][vc_column_text]<strong>XAtlas <\/strong><\/p>\n<p>Grazie all\u2019integrazione tra\u00a0ZSupervisor e\u00a0<a href=\"https:\/\/www.axesstmc.com\/it\/xatlas\/\"><strong>XAtlas<\/strong><\/a>\u00a0\u00e8 possibile ottenere un controllo degli accessi ancor pi\u00f9 completo e sicuro:<\/p>\n<ul>\n<li>posizionamento varchi in mappa<\/li>\n<li>ricezione eventi e allarmi in tempo reale<\/li>\n<li>elaborazione e invio comandi<\/li>\n<li>gestione da remoto dei varchi<\/li>\n<li>correlazioni ed interazioni tra i sottosistemi<\/li>\n<\/ul>\n<p><strong>\u00a0<\/strong><\/p>\n<p><strong>TVCC<\/strong><\/p>\n<p>Grazie all\u2019integrazione con i <strong>dispositivi video e VMS<\/strong> \u00e8 possibile:<\/p>\n<ul>\n<li>visualizzare i sensori di allarme sulla mappa<\/li>\n<li>visualizzare i flussi video live e registrato, su richiesta o a seguito di un allarme<\/li>\n<li>esportare immagini e filmati<\/li>\n<li>registrare un evento con pre e post allarme in modalit\u00e0 automatica<\/li>\n<li>effettuare attivazioni remote da segnalazioni Motion Detection<\/li>\n<li>ricevere segnalazioni di allarmi da guasti e malfunzionamento<\/li>\n<li>consultare scenari video per ogni singolo sensore<\/li>\n<\/ul>\n<p>[\/vc_column_text][\/vc_accordion_tab][\/vc_accordion][\/vc_column][vc_column width=&#8221;1\/3&#8243;][\/vc_column][\/vc_row][vc_row css_animation=&#8221;&#8221; row_type=&#8221;row&#8221; use_row_as_full_screen_section=&#8221;no&#8221; type=&#8221;grid&#8221; angled_section=&#8221;no&#8221; text_align=&#8221;left&#8221; background_image_as_pattern=&#8221;without_pattern&#8221;][vc_column][vc_empty_space height=&#8221;70px&#8221;][\/vc_column][\/vc_row][vc_row css_animation=&#8221;&#8221; row_type=&#8221;row&#8221; use_row_as_full_screen_section=&#8221;no&#8221; type=&#8221;full_width&#8221; angled_section=&#8221;no&#8221; text_align=&#8221;left&#8221; background_image_as_pattern=&#8221;without_pattern&#8221;][vc_column][vc_empty_space height=&#8221;40px&#8221;][\/vc_column][\/vc_row][vc_row css_animation=&#8221;&#8221; row_type=&#8221;row&#8221; use_row_as_full_screen_section=&#8221;no&#8221; type=&#8221;full_width&#8221; angled_section=&#8221;no&#8221; text_align=&#8221;left&#8221; background_image_as_pattern=&#8221;without_pattern&#8221; css=&#8221;.vc_custom_1521454494396{background-color: #0770b7 !important;}&#8221; z_index=&#8221;&#8221;][vc_column][vc_empty_space height=&#8221;40px&#8221;][vc_row_inner row_type=&#8221;row&#8221; type=&#8221;full_width&#8221; text_align=&#8221;left&#8221; css_animation=&#8221;&#8221;][vc_column_inner width=&#8221;1\/4&#8243;][\/vc_column_inner][vc_column_inner width=&#8221;1\/4&#8243;]<span data-type=\"normal\" data-hover-icon-color=\"#dd9933\" class=\"qode_icon_shortcode  q_font_awsome_icon fa-3x pull-center \" style=\" \"><a  itemprop=\"url\" href=\"\/richiesta-informazioni-prodotto\/?lang=it\" target=\"_self\"><i class=\"qode_icon_font_awesome fa fa-info qode_icon_element\" style=\"color: #ffffff;\" ><\/i><\/a><\/span>[vc_column_text el_class=&#8221;sg-popup-id-35109&#8243;]<\/p>\n<h2 style=\"text-align: center;\"><span style=\"color: #ffffff;\">Richiedi info<\/span><\/h2>\n<p>[\/vc_column_text][\/vc_column_inner][vc_column_inner width=&#8221;1\/4&#8243;]<span data-type=\"normal\" data-hover-icon-color=\"#dd9933\" class=\"qode_icon_shortcode  q_font_awsome_icon fa-2x pull-center \" style=\" \"><a  itemprop=\"url\" href=\"https:\/\/www.axesstmc.com\/wp-content\/uploads\/2024\/05\/ZA_PIMS_ZSupervisor_v2.pdf\" target=\"_blank\"><i class=\"qode_icon_font_awesome fa fa-info qode_icon_element\" style=\"color: #ffffff;\" ><\/i><\/a><\/span>[vc_empty_space height=&#8221;1rem&#8221;][vc_column_text css=&#8221;&#8221; el_class=&#8221;sg-popup-id-35109&#8243;]<\/p>\n<p style=\"text-align: center;\"><strong><span style=\"color: #ffffff;\">Registro dei trattamenti <\/span><\/strong><\/p>\n<p style=\"text-align: center;\"><strong><span style=\"color: #ffffff;\">PSIM software<\/span><\/strong><\/p>\n<p style=\"text-align: center;\"><span style=\"color: #ffffff;\">previsto dall\u2019art. 30 del Regolamento 679\/2016\/ (GDPR)<\/span><\/p>\n<p>[\/vc_column_text][\/vc_column_inner][vc_column_inner width=&#8221;1\/4&#8243;][\/vc_column_inner][\/vc_row_inner][vc_empty_space height=&#8221;40px&#8221;][\/vc_column][\/vc_row]<\/p>\n<\/div>","protected":false},"excerpt":{"rendered":"<p>[vc_row css_animation=&#8221;&#8221; row_type=&#8221;row&#8221; use_row_as_full_screen_section=&#8221;no&#8221; type=&#8221;grid&#8221; angled_section=&#8221;no&#8221; text_align=&#8221;left&#8221; background_image_as_pattern=&#8221;without_pattern&#8221;][vc_column][vc_empty_space height=&#8221;50px&#8221;][vc_row_inner row_type=&#8221;row&#8221; type=&#8221;full_width&#8221; text_align=&#8221;left&#8221; css_animation=&#8221;&#8221;][vc_column_inner width=&#8221;5\/6&#8243;][vc_column_text]ZSupervisor \u00e8 il software PSIM (Physical Security Information Management) per il monitoraggio e il controllo dei sistemi di sicurezza fisica e dei sistemi tecnologici, di uno o pi\u00f9 siti, da un\u2019unica piattaforma.[\/vc_column_text][vc_empty_space][vc_column_text]I&#8230;<\/p>\n","protected":false},"author":19,"featured_media":0,"parent":0,"menu_order":0,"comment_status":"closed","ping_status":"closed","template":"full_width.php","meta":{"footnotes":""},"class_list":["post-40771","page","type-page","status-publish","hentry"],"yoast_head":"<!-- This site is optimized with the Yoast SEO plugin v27.6 - https:\/\/yoast.com\/product\/yoast-seo-wordpress\/ -->\n<title>ZSupervisor, il software PSIM AxessTMC<\/title>\n<meta name=\"description\" content=\"ZSupervisor \u00e8 il software per il monitoraggio e il controllo di sistemi tecnologici e di sicurezza fisica, di uno o pi\u00f9 siti, da un\u2019unica piattaforma.\" \/>\n<meta name=\"robots\" content=\"index, follow, max-snippet:-1, max-image-preview:large, max-video-preview:-1\" \/>\n<link rel=\"canonical\" href=\"https:\/\/www.axesstmc.com\/it\/zsupervisor\/\" \/>\n<meta property=\"og:locale\" content=\"it_IT\" \/>\n<meta property=\"og:type\" content=\"article\" \/>\n<meta property=\"og:title\" content=\"ZSupervisor, il software PSIM AxessTMC\" \/>\n<meta property=\"og:description\" content=\"ZSupervisor \u00e8 il software per il monitoraggio e il controllo di sistemi tecnologici e di sicurezza fisica, di uno o pi\u00f9 siti, da un\u2019unica piattaforma.\" \/>\n<meta property=\"og:url\" content=\"https:\/\/www.axesstmc.com\/it\/zsupervisor\/\" \/>\n<meta property=\"og:site_name\" content=\"AxessTMC\" \/>\n<meta property=\"article:publisher\" content=\"https:\/\/www.facebook.com\/zucchettiaxess\/\" \/>\n<meta property=\"article:modified_time\" content=\"2024-09-26T13:59:00+00:00\" \/>\n<meta name=\"twitter:card\" content=\"summary_large_image\" \/>\n<meta name=\"twitter:label1\" content=\"Tempo di lettura stimato\" \/>\n\t<meta name=\"twitter:data1\" content=\"4 minuti\" \/>\n<script type=\"application\/ld+json\" class=\"yoast-schema-graph\">{\"@context\":\"https:\\\/\\\/schema.org\",\"@graph\":[{\"@type\":\"WebPage\",\"@id\":\"https:\\\/\\\/www.axesstmc.com\\\/it\\\/zsupervisor\\\/\",\"url\":\"https:\\\/\\\/www.axesstmc.com\\\/it\\\/zsupervisor\\\/\",\"name\":\"ZSupervisor, il software PSIM AxessTMC\",\"isPartOf\":{\"@id\":\"https:\\\/\\\/www.axesstmc.com\\\/it\\\/#website\"},\"datePublished\":\"2021-10-14T07:04:25+00:00\",\"dateModified\":\"2024-09-26T13:59:00+00:00\",\"description\":\"ZSupervisor \u00e8 il software per il monitoraggio e il controllo di sistemi tecnologici e di sicurezza fisica, di uno o pi\u00f9 siti, da un\u2019unica piattaforma.\",\"inLanguage\":\"it-IT\",\"potentialAction\":[{\"@type\":\"ReadAction\",\"target\":[\"https:\\\/\\\/www.axesstmc.com\\\/it\\\/zsupervisor\\\/\"]}]},{\"@type\":\"WebSite\",\"@id\":\"https:\\\/\\\/www.axesstmc.com\\\/it\\\/#website\",\"url\":\"https:\\\/\\\/www.axesstmc.com\\\/it\\\/\",\"name\":\"AxessTMC\",\"description\":\"Software and Hardware for access control, intrusion detection\",\"publisher\":{\"@id\":\"https:\\\/\\\/www.axesstmc.com\\\/it\\\/#organization\"},\"potentialAction\":[{\"@type\":\"SearchAction\",\"target\":{\"@type\":\"EntryPoint\",\"urlTemplate\":\"https:\\\/\\\/www.axesstmc.com\\\/it\\\/?s={search_term_string}\"},\"query-input\":{\"@type\":\"PropertyValueSpecification\",\"valueRequired\":true,\"valueName\":\"search_term_string\"}}],\"inLanguage\":\"it-IT\"},{\"@type\":\"Organization\",\"@id\":\"https:\\\/\\\/www.axesstmc.com\\\/it\\\/#organization\",\"name\":\"AxessTMC\",\"url\":\"https:\\\/\\\/www.axesstmc.com\\\/it\\\/\",\"logo\":{\"@type\":\"ImageObject\",\"inLanguage\":\"it-IT\",\"@id\":\"https:\\\/\\\/www.axesstmc.com\\\/it\\\/#\\\/schema\\\/logo\\\/image\\\/\",\"url\":\"https:\\\/\\\/www.axesstmc.com\\\/wp-content\\\/uploads\\\/2019\\\/10\\\/Logo-AxessTMC-Z-Group.jpg\",\"contentUrl\":\"https:\\\/\\\/www.axesstmc.com\\\/wp-content\\\/uploads\\\/2019\\\/10\\\/Logo-AxessTMC-Z-Group.jpg\",\"width\":185,\"height\":55,\"caption\":\"AxessTMC\"},\"image\":{\"@id\":\"https:\\\/\\\/www.axesstmc.com\\\/it\\\/#\\\/schema\\\/logo\\\/image\\\/\"},\"sameAs\":[\"https:\\\/\\\/www.facebook.com\\\/zucchettiaxess\\\/\",\"https:\\\/\\\/www.linkedin.com\\\/company\\\/zucchetti-axess-s-p-a-?trk=prof-following-company-logo\",\"https:\\\/\\\/www.youtube.com\\\/results?q=axess tmc\"]}]}<\/script>\n<!-- \/ Yoast SEO plugin. -->","yoast_head_json":{"title":"ZSupervisor, il software PSIM AxessTMC","description":"ZSupervisor \u00e8 il software per il monitoraggio e il controllo di sistemi tecnologici e di sicurezza fisica, di uno o pi\u00f9 siti, da un\u2019unica piattaforma.","robots":{"index":"index","follow":"follow","max-snippet":"max-snippet:-1","max-image-preview":"max-image-preview:large","max-video-preview":"max-video-preview:-1"},"canonical":"https:\/\/www.axesstmc.com\/it\/zsupervisor\/","og_locale":"it_IT","og_type":"article","og_title":"ZSupervisor, il software PSIM AxessTMC","og_description":"ZSupervisor \u00e8 il software per il monitoraggio e il controllo di sistemi tecnologici e di sicurezza fisica, di uno o pi\u00f9 siti, da un\u2019unica piattaforma.","og_url":"https:\/\/www.axesstmc.com\/it\/zsupervisor\/","og_site_name":"AxessTMC","article_publisher":"https:\/\/www.facebook.com\/zucchettiaxess\/","article_modified_time":"2024-09-26T13:59:00+00:00","twitter_card":"summary_large_image","twitter_misc":{"Tempo di lettura stimato":"4 minuti"},"schema":{"@context":"https:\/\/schema.org","@graph":[{"@type":"WebPage","@id":"https:\/\/www.axesstmc.com\/it\/zsupervisor\/","url":"https:\/\/www.axesstmc.com\/it\/zsupervisor\/","name":"ZSupervisor, il software PSIM AxessTMC","isPartOf":{"@id":"https:\/\/www.axesstmc.com\/it\/#website"},"datePublished":"2021-10-14T07:04:25+00:00","dateModified":"2024-09-26T13:59:00+00:00","description":"ZSupervisor \u00e8 il software per il monitoraggio e il controllo di sistemi tecnologici e di sicurezza fisica, di uno o pi\u00f9 siti, da un\u2019unica piattaforma.","inLanguage":"it-IT","potentialAction":[{"@type":"ReadAction","target":["https:\/\/www.axesstmc.com\/it\/zsupervisor\/"]}]},{"@type":"WebSite","@id":"https:\/\/www.axesstmc.com\/it\/#website","url":"https:\/\/www.axesstmc.com\/it\/","name":"AxessTMC","description":"Software and Hardware for access control, intrusion detection","publisher":{"@id":"https:\/\/www.axesstmc.com\/it\/#organization"},"potentialAction":[{"@type":"SearchAction","target":{"@type":"EntryPoint","urlTemplate":"https:\/\/www.axesstmc.com\/it\/?s={search_term_string}"},"query-input":{"@type":"PropertyValueSpecification","valueRequired":true,"valueName":"search_term_string"}}],"inLanguage":"it-IT"},{"@type":"Organization","@id":"https:\/\/www.axesstmc.com\/it\/#organization","name":"AxessTMC","url":"https:\/\/www.axesstmc.com\/it\/","logo":{"@type":"ImageObject","inLanguage":"it-IT","@id":"https:\/\/www.axesstmc.com\/it\/#\/schema\/logo\/image\/","url":"https:\/\/www.axesstmc.com\/wp-content\/uploads\/2019\/10\/Logo-AxessTMC-Z-Group.jpg","contentUrl":"https:\/\/www.axesstmc.com\/wp-content\/uploads\/2019\/10\/Logo-AxessTMC-Z-Group.jpg","width":185,"height":55,"caption":"AxessTMC"},"image":{"@id":"https:\/\/www.axesstmc.com\/it\/#\/schema\/logo\/image\/"},"sameAs":["https:\/\/www.facebook.com\/zucchettiaxess\/","https:\/\/www.linkedin.com\/company\/zucchetti-axess-s-p-a-?trk=prof-following-company-logo","https:\/\/www.youtube.com\/results?q=axess tmc"]}]}},"_links":{"self":[{"href":"https:\/\/www.axesstmc.com\/it\/wp-json\/wp\/v2\/pages\/40771","targetHints":{"allow":["GET"]}}],"collection":[{"href":"https:\/\/www.axesstmc.com\/it\/wp-json\/wp\/v2\/pages"}],"about":[{"href":"https:\/\/www.axesstmc.com\/it\/wp-json\/wp\/v2\/types\/page"}],"author":[{"embeddable":true,"href":"https:\/\/www.axesstmc.com\/it\/wp-json\/wp\/v2\/users\/19"}],"replies":[{"embeddable":true,"href":"https:\/\/www.axesstmc.com\/it\/wp-json\/wp\/v2\/comments?post=40771"}],"version-history":[{"count":10,"href":"https:\/\/www.axesstmc.com\/it\/wp-json\/wp\/v2\/pages\/40771\/revisions"}],"predecessor-version":[{"id":44732,"href":"https:\/\/www.axesstmc.com\/it\/wp-json\/wp\/v2\/pages\/40771\/revisions\/44732"}],"wp:attachment":[{"href":"https:\/\/www.axesstmc.com\/it\/wp-json\/wp\/v2\/media?parent=40771"}],"curies":[{"name":"wp","href":"https:\/\/api.w.org\/{rel}","templated":true}]}}