{"id":40195,"date":"2021-06-10T12:28:31","date_gmt":"2021-06-10T12:28:31","guid":{"rendered":"https:\/\/www.axesstmc.com\/?page_id=40195"},"modified":"2024-09-26T13:49:53","modified_gmt":"2024-09-26T13:49:53","slug":"servizio-cloud-entry365","status":"publish","type":"page","link":"https:\/\/www.axesstmc.com\/it\/servizio-cloud-entry365\/","title":{"rendered":"Servizio Cloud Entry365"},"content":{"rendered":"<div class=\"wpb-content-wrapper\"><p>[vc_row css_animation=&#8221;&#8221; row_type=&#8221;row&#8221; use_row_as_full_screen_section=&#8221;no&#8221; type=&#8221;grid&#8221; angled_section=&#8221;no&#8221; text_align=&#8221;left&#8221; background_image_as_pattern=&#8221;without_pattern&#8221;][vc_column][vc_empty_space][vc_column_text]<\/p>\n<h1 style=\"text-align: left;\">Entry365: il nuovo servizio cloud AxessTMC<\/h1>\n<p>[\/vc_column_text][vc_empty_space height=&#8221;40px&#8221;][vc_column_text]Entry365 \u00e8 il servizio cloud AxessTMC che permette di autorizzare l\u2019accesso in azienda a persone esterne.<\/p>\n<p>\u00c8 utilissimo per gestire i visitatori, in contesti ordinari (es: riunioni) e straordinari (es: eventi) in modo facile, veloce e sicuro.[\/vc_column_text][vc_empty_space height=&#8221;50px&#8221;][\/vc_column][\/vc_row][vc_row css_animation=&#8221;&#8221; row_type=&#8221;row&#8221; use_row_as_full_screen_section=&#8221;no&#8221; type=&#8221;grid&#8221; angled_section=&#8221;no&#8221; text_align=&#8221;left&#8221; background_image_as_pattern=&#8221;without_pattern&#8221; z_index=&#8221;&#8221;][vc_column][vc_column_text]<\/p>\n<h1>4 semplici step:<\/h1>\n<p>&nbsp;<\/p>\n<ol>\n<li style=\"list-style-type: none;\">\n<ol>\n<li style=\"list-style-type: none;\">\n<ol>\n<li>Il visitatore scarica l\u2019App Entro e si registra tramite la sua mail gratuitamente.<\/li>\n<li>Il sistema cloud Entry365 assegna una credenziale univoca allo smartphone da cui il soggetto si \u00e8 registrato.<\/li>\n<li>I sistemi di controllo accessi acquisiscono dal servizio cloud Entry365, tramite web service, la credenziale associata alla mail dell&#8217;invitato e abilitano l\u2019accesso quando e dove serve.<\/li>\n<li>Il visitatore conferma la sua presenza e, il giorno della visita, accede in autonomia utilizzando il suo smartphone come un badge. Lo smartphone invier\u00e0 al lettore BLE (Bluetooth) la credenziale che sar\u00e0 gi\u00e0 stata precedentemente abilitata.<\/li>\n<\/ol>\n<\/li>\n<\/ol>\n<\/li>\n<\/ol>\n<p>[\/vc_column_text][vc_empty_space height=&#8221;70px&#8221;][\/vc_column][\/vc_row][vc_row css_animation=&#8221;&#8221; row_type=&#8221;row&#8221; use_row_as_full_screen_section=&#8221;no&#8221; type=&#8221;full_width&#8221; angled_section=&#8221;no&#8221; text_align=&#8221;left&#8221; background_image_as_pattern=&#8221;without_pattern&#8221; css=&#8221;.vc_custom_1521454494396{background-color: #0770b7 !important;}&#8221; z_index=&#8221;&#8221;][vc_column][vc_empty_space height=&#8221;40px&#8221;][vc_row_inner row_type=&#8221;row&#8221; type=&#8221;full_width&#8221; text_align=&#8221;left&#8221; css_animation=&#8221;&#8221;][vc_column_inner width=&#8221;1\/4&#8243;][\/vc_column_inner][vc_column_inner el_class=&#8221;sg-popup-id-35109&#8243; width=&#8221;1\/4&#8243;]<span data-type=\"normal\" data-hover-icon-color=\"#dd9933\" class=\"qode_icon_shortcode  q_font_awsome_icon fa-3x pull-center \" style=\" \"><i class=\"qode_icon_font_awesome fa fa-info qode_icon_element\" style=\"color: #ffffff;\" ><\/i><\/span>[vc_column_text]<\/p>\n<h2 style=\"text-align: center;\"><span style=\"color: #ffffff;\">Richiedi info<\/span><\/h2>\n<p>[\/vc_column_text][\/vc_column_inner][vc_column_inner width=&#8221;1\/4&#8243;]<span data-type=\"normal\" data-hover-icon-color=\"#dd9933\" class=\"qode_icon_shortcode  q_font_awsome_icon fa-2x pull-center \" style=\" \"><a  itemprop=\"url\" href=\"https:\/\/www.axesstmc.com\/wp-content\/uploads\/2022\/01\/ZA_PIMS_Entry365_ITA.pdf\" target=\"_blank\"><i class=\"qode_icon_font_awesome fa fa-file qode_icon_element\" style=\"color: #ffffff;\" ><\/i><\/a><\/span>[vc_empty_space height=&#8221;1rem&#8221;][vc_column_text]<\/p>\n<p style=\"text-align: center;\"><strong><span style=\"color: #ffffff;\">Registro dei trattamenti Entry365<\/span><\/strong><\/p>\n<p style=\"text-align: center;\"><span style=\"color: #ffffff;\">previsto dall\u2019art. 30 del Regolamento 679\/2016\/ (GDPR)<\/span><\/p>\n<p>[\/vc_column_text][\/vc_column_inner][vc_column_inner width=&#8221;1\/4&#8243;][\/vc_column_inner][\/vc_row_inner][vc_empty_space height=&#8221;40px&#8221;][\/vc_column][\/vc_row]<\/p>\n<\/div>","protected":false},"excerpt":{"rendered":"<p>[vc_row css_animation=&#8221;&#8221; row_type=&#8221;row&#8221; use_row_as_full_screen_section=&#8221;no&#8221; type=&#8221;grid&#8221; angled_section=&#8221;no&#8221; text_align=&#8221;left&#8221; background_image_as_pattern=&#8221;without_pattern&#8221;][vc_column][vc_empty_space][vc_column_text] Entry365: il nuovo servizio cloud AxessTMC [\/vc_column_text][vc_empty_space height=&#8221;40px&#8221;][vc_column_text]Entry365 \u00e8 il servizio cloud AxessTMC che permette di autorizzare l\u2019accesso in azienda a persone esterne. \u00c8 utilissimo per gestire i visitatori, in contesti ordinari (es: riunioni) e straordinari (es:&#8230;<\/p>\n","protected":false},"author":19,"featured_media":0,"parent":0,"menu_order":0,"comment_status":"closed","ping_status":"closed","template":"full_width.php","meta":{"footnotes":""},"class_list":["post-40195","page","type-page","status-publish","hentry"],"yoast_head":"<!-- This site is optimized with the Yoast SEO plugin v27.6 - https:\/\/yoast.com\/product\/yoast-seo-wordpress\/ -->\n<title>Servizio Cloud Entry365 - AxessTMC<\/title>\n<meta name=\"description\" content=\"Entry365 \u00e8 il servizio cloud che permette di autorizzare l\u2019accesso in azienda a visitatori esterni, in occasione di eventi ordinari e straordinari.\" \/>\n<meta name=\"robots\" content=\"index, follow, max-snippet:-1, max-image-preview:large, max-video-preview:-1\" \/>\n<link rel=\"canonical\" href=\"https:\/\/www.axesstmc.com\/it\/servizio-cloud-entry365\/\" \/>\n<meta property=\"og:locale\" content=\"it_IT\" \/>\n<meta property=\"og:type\" content=\"article\" \/>\n<meta property=\"og:title\" content=\"Servizio Cloud Entry365 - AxessTMC\" \/>\n<meta property=\"og:description\" content=\"Entry365 \u00e8 il servizio cloud che permette di autorizzare l\u2019accesso in azienda a visitatori esterni, in occasione di eventi ordinari e straordinari.\" \/>\n<meta property=\"og:url\" content=\"https:\/\/www.axesstmc.com\/it\/servizio-cloud-entry365\/\" \/>\n<meta property=\"og:site_name\" content=\"AxessTMC\" \/>\n<meta property=\"article:publisher\" content=\"https:\/\/www.facebook.com\/zucchettiaxess\/\" \/>\n<meta property=\"article:modified_time\" content=\"2024-09-26T13:49:53+00:00\" \/>\n<meta name=\"twitter:card\" content=\"summary_large_image\" \/>\n<meta name=\"twitter:label1\" content=\"Tempo di lettura stimato\" \/>\n\t<meta name=\"twitter:data1\" content=\"2 minuti\" \/>\n<script type=\"application\/ld+json\" class=\"yoast-schema-graph\">{\"@context\":\"https:\\\/\\\/schema.org\",\"@graph\":[{\"@type\":\"WebPage\",\"@id\":\"https:\\\/\\\/www.axesstmc.com\\\/it\\\/servizio-cloud-entry365\\\/\",\"url\":\"https:\\\/\\\/www.axesstmc.com\\\/it\\\/servizio-cloud-entry365\\\/\",\"name\":\"Servizio Cloud Entry365 - AxessTMC\",\"isPartOf\":{\"@id\":\"https:\\\/\\\/www.axesstmc.com\\\/it\\\/#website\"},\"datePublished\":\"2021-06-10T12:28:31+00:00\",\"dateModified\":\"2024-09-26T13:49:53+00:00\",\"description\":\"Entry365 \u00e8 il servizio cloud che permette di autorizzare l\u2019accesso in azienda a visitatori esterni, in occasione di eventi ordinari e straordinari.\",\"inLanguage\":\"it-IT\",\"potentialAction\":[{\"@type\":\"ReadAction\",\"target\":[\"https:\\\/\\\/www.axesstmc.com\\\/it\\\/servizio-cloud-entry365\\\/\"]}]},{\"@type\":\"WebSite\",\"@id\":\"https:\\\/\\\/www.axesstmc.com\\\/it\\\/#website\",\"url\":\"https:\\\/\\\/www.axesstmc.com\\\/it\\\/\",\"name\":\"AxessTMC\",\"description\":\"Software and Hardware for access control, intrusion detection\",\"publisher\":{\"@id\":\"https:\\\/\\\/www.axesstmc.com\\\/it\\\/#organization\"},\"potentialAction\":[{\"@type\":\"SearchAction\",\"target\":{\"@type\":\"EntryPoint\",\"urlTemplate\":\"https:\\\/\\\/www.axesstmc.com\\\/it\\\/?s={search_term_string}\"},\"query-input\":{\"@type\":\"PropertyValueSpecification\",\"valueRequired\":true,\"valueName\":\"search_term_string\"}}],\"inLanguage\":\"it-IT\"},{\"@type\":\"Organization\",\"@id\":\"https:\\\/\\\/www.axesstmc.com\\\/it\\\/#organization\",\"name\":\"AxessTMC\",\"url\":\"https:\\\/\\\/www.axesstmc.com\\\/it\\\/\",\"logo\":{\"@type\":\"ImageObject\",\"inLanguage\":\"it-IT\",\"@id\":\"https:\\\/\\\/www.axesstmc.com\\\/it\\\/#\\\/schema\\\/logo\\\/image\\\/\",\"url\":\"https:\\\/\\\/www.axesstmc.com\\\/wp-content\\\/uploads\\\/2019\\\/10\\\/Logo-AxessTMC-Z-Group.jpg\",\"contentUrl\":\"https:\\\/\\\/www.axesstmc.com\\\/wp-content\\\/uploads\\\/2019\\\/10\\\/Logo-AxessTMC-Z-Group.jpg\",\"width\":185,\"height\":55,\"caption\":\"AxessTMC\"},\"image\":{\"@id\":\"https:\\\/\\\/www.axesstmc.com\\\/it\\\/#\\\/schema\\\/logo\\\/image\\\/\"},\"sameAs\":[\"https:\\\/\\\/www.facebook.com\\\/zucchettiaxess\\\/\",\"https:\\\/\\\/www.linkedin.com\\\/company\\\/zucchetti-axess-s-p-a-?trk=prof-following-company-logo\",\"https:\\\/\\\/www.youtube.com\\\/results?q=axess tmc\"]}]}<\/script>\n<!-- \/ Yoast SEO plugin. -->","yoast_head_json":{"title":"Servizio Cloud Entry365 - AxessTMC","description":"Entry365 \u00e8 il servizio cloud che permette di autorizzare l\u2019accesso in azienda a visitatori esterni, in occasione di eventi ordinari e straordinari.","robots":{"index":"index","follow":"follow","max-snippet":"max-snippet:-1","max-image-preview":"max-image-preview:large","max-video-preview":"max-video-preview:-1"},"canonical":"https:\/\/www.axesstmc.com\/it\/servizio-cloud-entry365\/","og_locale":"it_IT","og_type":"article","og_title":"Servizio Cloud Entry365 - AxessTMC","og_description":"Entry365 \u00e8 il servizio cloud che permette di autorizzare l\u2019accesso in azienda a visitatori esterni, in occasione di eventi ordinari e straordinari.","og_url":"https:\/\/www.axesstmc.com\/it\/servizio-cloud-entry365\/","og_site_name":"AxessTMC","article_publisher":"https:\/\/www.facebook.com\/zucchettiaxess\/","article_modified_time":"2024-09-26T13:49:53+00:00","twitter_card":"summary_large_image","twitter_misc":{"Tempo di lettura stimato":"2 minuti"},"schema":{"@context":"https:\/\/schema.org","@graph":[{"@type":"WebPage","@id":"https:\/\/www.axesstmc.com\/it\/servizio-cloud-entry365\/","url":"https:\/\/www.axesstmc.com\/it\/servizio-cloud-entry365\/","name":"Servizio Cloud Entry365 - AxessTMC","isPartOf":{"@id":"https:\/\/www.axesstmc.com\/it\/#website"},"datePublished":"2021-06-10T12:28:31+00:00","dateModified":"2024-09-26T13:49:53+00:00","description":"Entry365 \u00e8 il servizio cloud che permette di autorizzare l\u2019accesso in azienda a visitatori esterni, in occasione di eventi ordinari e straordinari.","inLanguage":"it-IT","potentialAction":[{"@type":"ReadAction","target":["https:\/\/www.axesstmc.com\/it\/servizio-cloud-entry365\/"]}]},{"@type":"WebSite","@id":"https:\/\/www.axesstmc.com\/it\/#website","url":"https:\/\/www.axesstmc.com\/it\/","name":"AxessTMC","description":"Software and Hardware for access control, intrusion detection","publisher":{"@id":"https:\/\/www.axesstmc.com\/it\/#organization"},"potentialAction":[{"@type":"SearchAction","target":{"@type":"EntryPoint","urlTemplate":"https:\/\/www.axesstmc.com\/it\/?s={search_term_string}"},"query-input":{"@type":"PropertyValueSpecification","valueRequired":true,"valueName":"search_term_string"}}],"inLanguage":"it-IT"},{"@type":"Organization","@id":"https:\/\/www.axesstmc.com\/it\/#organization","name":"AxessTMC","url":"https:\/\/www.axesstmc.com\/it\/","logo":{"@type":"ImageObject","inLanguage":"it-IT","@id":"https:\/\/www.axesstmc.com\/it\/#\/schema\/logo\/image\/","url":"https:\/\/www.axesstmc.com\/wp-content\/uploads\/2019\/10\/Logo-AxessTMC-Z-Group.jpg","contentUrl":"https:\/\/www.axesstmc.com\/wp-content\/uploads\/2019\/10\/Logo-AxessTMC-Z-Group.jpg","width":185,"height":55,"caption":"AxessTMC"},"image":{"@id":"https:\/\/www.axesstmc.com\/it\/#\/schema\/logo\/image\/"},"sameAs":["https:\/\/www.facebook.com\/zucchettiaxess\/","https:\/\/www.linkedin.com\/company\/zucchetti-axess-s-p-a-?trk=prof-following-company-logo","https:\/\/www.youtube.com\/results?q=axess tmc"]}]}},"_links":{"self":[{"href":"https:\/\/www.axesstmc.com\/it\/wp-json\/wp\/v2\/pages\/40195","targetHints":{"allow":["GET"]}}],"collection":[{"href":"https:\/\/www.axesstmc.com\/it\/wp-json\/wp\/v2\/pages"}],"about":[{"href":"https:\/\/www.axesstmc.com\/it\/wp-json\/wp\/v2\/types\/page"}],"author":[{"embeddable":true,"href":"https:\/\/www.axesstmc.com\/it\/wp-json\/wp\/v2\/users\/19"}],"replies":[{"embeddable":true,"href":"https:\/\/www.axesstmc.com\/it\/wp-json\/wp\/v2\/comments?post=40195"}],"version-history":[{"count":9,"href":"https:\/\/www.axesstmc.com\/it\/wp-json\/wp\/v2\/pages\/40195\/revisions"}],"predecessor-version":[{"id":41377,"href":"https:\/\/www.axesstmc.com\/it\/wp-json\/wp\/v2\/pages\/40195\/revisions\/41377"}],"wp:attachment":[{"href":"https:\/\/www.axesstmc.com\/it\/wp-json\/wp\/v2\/media?parent=40195"}],"curies":[{"name":"wp","href":"https:\/\/api.w.org\/{rel}","templated":true}]}}