{"id":34036,"date":"2018-09-19T10:03:04","date_gmt":"2018-09-19T10:03:04","guid":{"rendered":"https:\/\/www.axesstmc.com\/?page_id=34036"},"modified":"2021-12-21T16:37:41","modified_gmt":"2021-12-21T16:37:41","slug":"gestione_visitatori","status":"publish","type":"page","link":"https:\/\/www.axesstmc.com\/it\/gestione_visitatori\/","title":{"rendered":"Gestione Visitatori"},"content":{"rendered":"<div class=\"wpb-content-wrapper\"><p>[vc_row css_animation=&#8221;&#8221; row_type=&#8221;row&#8221; use_row_as_full_screen_section=&#8221;no&#8221; type=&#8221;grid&#8221; angled_section=&#8221;no&#8221; text_align=&#8221;left&#8221; background_image_as_pattern=&#8221;without_pattern&#8221;][vc_column width=&#8221;2\/3&#8243;][vc_empty_space height=&#8221;50px&#8221;][vc_column_text]<\/p>\n<h1 style=\"text-align: left;\">Visitatori 4.0 per la gestione visitatori della tua azienda!<\/h1>\n<p>[\/vc_column_text][vc_empty_space][vc_column_text]<strong>Visitatori 4.0\u00a0<\/strong>\u00e8 il modulo software di XAtlas, integrabile nel sistema di Controllo Accessi, per la <strong>gestione visitatori tramite web<\/strong>, in piena sicurezza ed efficienza.<\/p>\n<p>Offre un <strong>controllo completo<\/strong> dei\u00a0visitatori, registra tutti i transiti avvenuti durante la loro permanenza, in modo trasparente e dettagliato.<\/p>\n<p>&nbsp;<\/p>\n<p>Con <strong>Visitatori\u00a04.0<\/strong> puoi:<\/p>\n<ul>\n<li>Gestire in maniera sicura ed efficace i flussi di accesso dei visitatori;<\/li>\n<li>Ottimizzare le operazioni di accreditamento;<\/li>\n<li>Differenziare le modalit\u00e0 operative;<\/li>\n<li>Contenere i costi di gestione;<\/li>\n<li>Utilizzare <strong>nuove tecnologie<\/strong> per l\u2019accreditamento e l\u2019identificazione;<\/li>\n<li>Monitorare costantemente la presenza dei visitatori in azienda;<\/li>\n<li>Dematerializzare la documentazione relativa alla visita.<\/li>\n<\/ul>\n<p>[\/vc_column_text][vc_empty_space height=&#8221;50px&#8221;][vc_raw_html]JTNDaWZyYW1lJTIwd2lkdGglM0QlMjIxMDAlMjUlMjIlMjBoZWlnaHQlM0QlMjIzMTUlMjIlMjBzcmMlM0QlMjJodHRwcyUzQSUyRiUyRnd3dy55b3V0dWJlLW5vY29va2llLmNvbSUyRmVtYmVkJTJGREoya2RyOG1id3MlMjIlMjB0aXRsZSUzRCUyMllvdVR1YmUlMjB2aWRlbyUyMHBsYXllciUyMiUyMGZyYW1lYm9yZGVyJTNEJTIyMCUyMiUyMGFsbG93JTNEJTIyYWNjZWxlcm9tZXRlciUzQiUyMGF1dG9wbGF5JTNCJTIwY2xpcGJvYXJkLXdyaXRlJTNCJTIwZW5jcnlwdGVkLW1lZGlhJTNCJTIwZ3lyb3Njb3BlJTNCJTIwcGljdHVyZS1pbi1waWN0dXJlJTIyJTIwYWxsb3dmdWxsc2NyZWVuJTNFJTNDJTJGaWZyYW1lJTNF[\/vc_raw_html][\/vc_column][vc_column width=&#8221;1\/3&#8243;][vc_empty_space height=&#8221;50px&#8221;][vc_single_image image=&#8221;27221&#8243; img_size=&#8221;medium&#8221; alignment=&#8221;center&#8221; qode_css_animation=&#8221;&#8221;][\/vc_column][\/vc_row][vc_row css_animation=&#8221;&#8221; row_type=&#8221;row&#8221; use_row_as_full_screen_section=&#8221;yes&#8221; type=&#8221;full_width&#8221; angled_section=&#8221;no&#8221; text_align=&#8221;left&#8221; background_image_as_pattern=&#8221;without_pattern&#8221; z_index=&#8221;&#8221;][vc_column][vc_row_inner row_type=&#8221;row&#8221; type=&#8221;full_width&#8221; text_align=&#8221;left&#8221; css_animation=&#8221;&#8221; padding_top=&#8221;0&#8243; padding_bottom=&#8221;0&#8243;][vc_column_inner][vc_empty_space height=&#8221;20rem&#8221; css=&#8221;.vc_custom_1537884365091{margin-top: 2rem !important;margin-bottom: 2rem !important;padding-top: 5rem !important;padding-bottom: 5rem !important;background-image: url(https:\/\/www.axesstmc.com\/wp-content\/uploads\/2018\/05\/DEF-banner-giallo-triangoli.png) !important;background-position: center !important;background-repeat: no-repeat !important;background-size: cover !important;}&#8221; el_class=&#8221;banner giallo-triangoli&#8221;][\/vc_column_inner][\/vc_row_inner][\/vc_column][\/vc_row][vc_row css_animation=&#8221;&#8221; row_type=&#8221;row&#8221; use_row_as_full_screen_section=&#8221;no&#8221; type=&#8221;grid&#8221; angled_section=&#8221;no&#8221; text_align=&#8221;left&#8221; background_image_as_pattern=&#8221;without_pattern&#8221; z_index=&#8221;&#8221;][vc_column][vc_column_text]<\/p>\n<h1>Gestisci i tuoi visitatori in due modalit\u00e0:<\/h1>\n<p>&nbsp;<\/p>\n<p><strong>Visitatori 4.0<\/strong>\u00a0offre la possibilit\u00e0 di scegliere la <strong>modalit\u00e0 di check-in<\/strong>. I tuoi visitatori <strong>riceveranno tramite email l&#8217;invito<\/strong>,<strong> i codici di accesso e i moduli di accettazione privacy<\/strong>. Il giorno dell&#8217;evento potranno scegliere se registrarsi in reception o in automatico.<\/p>\n<p>&nbsp;<\/p>\n<p>&nbsp;<\/p>\n<p>In<strong> reception<\/strong>, l&#8217;operatore\u00a0pu\u00f2 effettuare le seguenti attivit\u00e0:<\/p>\n<p>&nbsp;<\/p>\n<ul>\n<li>Scannerizzare il documento di identit\u00e0;<\/li>\n<li>Modificare le autorizzazioni;<\/li>\n<li>Estendere la durata della visita;<\/li>\n<li>Selezionare la tessera o la preregistrazione mediante lettore di stazione;<\/li>\n<li>Stampare le credenziali di accesso \u201cusa e getta\u201d;<\/li>\n<li>Fotografare l&#8217;ospite per riportare la foto sul Pass.<\/li>\n<\/ul>\n<p>&nbsp;<\/p>\n<p>Dopo la registrazione:<\/p>\n<p>&nbsp;<\/p>\n<ul>\n<li>Il sistema avvisa il referente aziendale;<\/li>\n<li>L&#8217;operatore consegna il badge con autorizzazioni predefinite;<\/li>\n<li>Il visitatore pu\u00f2 accedere all&#8217;evento.<\/li>\n<\/ul>\n<p>&nbsp;<\/p>\n<p>Con la\u00a0modalit\u00e0 <strong>Self Check-in<\/strong>, l&#8217;<strong>ospite partecipa direttamente all&#8217;evento<\/strong> registrandosi in automatico con i codici di accesso ricevuti nella email di invito:<\/p>\n<p>&nbsp;<\/p>\n<ul>\n<li>Qr code;<\/li>\n<li>Codice pin;<\/li>\n<li>App Entro.<\/li>\n<\/ul>\n<p>&nbsp;<\/p>\n<p>Con il Self check-in la procedura\u00a0\u00e8 ancora pi\u00f9 veloce e pratica. L&#8217;ospite accede solo alle aree a lui consentite in piena autonomia ed \u00e8 sempre possibile monitorare\u00a0dove si trova all&#8217;interno dell&#8217;azienda.[\/vc_column_text][vc_empty_space height=&#8221;70px&#8221;][\/vc_column][\/vc_row][vc_row css_animation=&#8221;&#8221; row_type=&#8221;row&#8221; use_row_as_full_screen_section=&#8221;no&#8221; type=&#8221;full_width&#8221; angled_section=&#8221;no&#8221; text_align=&#8221;left&#8221; background_image_as_pattern=&#8221;without_pattern&#8221; css=&#8221;.vc_custom_1521454494396{background-color: #0770b7 !important;}&#8221; z_index=&#8221;&#8221;][vc_column][vc_empty_space height=&#8221;40px&#8221;][vc_row_inner row_type=&#8221;row&#8221; type=&#8221;full_width&#8221; text_align=&#8221;left&#8221; css_animation=&#8221;&#8221;][vc_column_inner width=&#8221;1\/4&#8243;][\/vc_column_inner][vc_column_inner width=&#8221;1\/4&#8243;]<span data-type=\"normal\" data-hover-icon-color=\"#dd9933\" class=\"qode_icon_shortcode  q_font_awsome_icon fa-3x pull-center \" style=\" \"><a  itemprop=\"url\" href=\"https:\/\/www.axesstmc.com\/wp-content\/uploads\/2020\/11\/SistemaGestioneVisitatori_ITA.pdf\" target=\"_blank\"><i class=\"qode_icon_font_awesome fa fa-download qode_icon_element\" style=\"color: #ffffff;\" ><\/i><\/a><\/span>[vc_column_text]<\/p>\n<h2 style=\"text-align: center;\"><span style=\"color: #ffffff;\">D\u00e9pliant PDF<\/span><\/h2>\n<p>[\/vc_column_text][vc_empty_space height=&#8221;1rem&#8221;][\/vc_column_inner][vc_column_inner el_class=&#8221;sg-popup-id-35109&#8243; width=&#8221;1\/4&#8243;]<span data-type=\"normal\" data-hover-icon-color=\"#dd9933\" class=\"qode_icon_shortcode  q_font_awsome_icon fa-3x pull-center \" style=\" \"><i class=\"qode_icon_font_awesome fa fa-info qode_icon_element\" style=\"color: #ffffff;\" ><\/i><\/span>[vc_column_text]<\/p>\n<h2 style=\"text-align: center;\"><span style=\"color: #ffffff;\">Richiedi info<\/span><\/h2>\n<p>[\/vc_column_text][\/vc_column_inner][vc_column_inner width=&#8221;1\/4&#8243;][\/vc_column_inner][\/vc_row_inner][vc_empty_space height=&#8221;40px&#8221;][\/vc_column][\/vc_row]<\/p>\n<\/div>","protected":false},"excerpt":{"rendered":"<p>[vc_row css_animation=&#8221;&#8221; row_type=&#8221;row&#8221; use_row_as_full_screen_section=&#8221;no&#8221; type=&#8221;grid&#8221; angled_section=&#8221;no&#8221; text_align=&#8221;left&#8221; background_image_as_pattern=&#8221;without_pattern&#8221;][vc_column width=&#8221;2\/3&#8243;][vc_empty_space height=&#8221;50px&#8221;][vc_column_text] Visitatori 4.0 per la gestione visitatori della tua azienda! [\/vc_column_text][vc_empty_space][vc_column_text]Visitatori 4.0\u00a0\u00e8 il modulo software di XAtlas, integrabile nel sistema di Controllo Accessi, per la gestione visitatori tramite web, in piena sicurezza ed efficienza. Offre un&#8230;<\/p>\n","protected":false},"author":14,"featured_media":0,"parent":0,"menu_order":0,"comment_status":"closed","ping_status":"closed","template":"full_width.php","meta":{"footnotes":""},"class_list":["post-34036","page","type-page","status-publish","hentry"],"yoast_head":"<!-- This site is optimized with the Yoast SEO plugin v27.3 - https:\/\/yoast.com\/product\/yoast-seo-wordpress\/ -->\n<title>Gestione Visitatori - AxessTMC<\/title>\n<meta name=\"robots\" content=\"index, follow, max-snippet:-1, max-image-preview:large, max-video-preview:-1\" \/>\n<link rel=\"canonical\" href=\"https:\/\/www.axesstmc.com\/it\/gestione_visitatori\/\" \/>\n<meta property=\"og:locale\" content=\"it_IT\" \/>\n<meta property=\"og:type\" content=\"article\" \/>\n<meta property=\"og:title\" content=\"Gestione Visitatori - AxessTMC\" \/>\n<meta property=\"og:description\" content=\"[vc_row css_animation=&#8221;&#8221; row_type=&#8221;row&#8221; use_row_as_full_screen_section=&#8221;no&#8221; type=&#8221;grid&#8221; angled_section=&#8221;no&#8221; text_align=&#8221;left&#8221; background_image_as_pattern=&#8221;without_pattern&#8221;][vc_column width=&#8221;2\/3&#8243;][vc_empty_space height=&#8221;50px&#8221;][vc_column_text] Visitatori 4.0 per la gestione visitatori della tua azienda! [\/vc_column_text][vc_empty_space][vc_column_text]Visitatori 4.0\u00a0\u00e8 il modulo software di XAtlas, integrabile nel sistema di Controllo Accessi, per la gestione visitatori tramite web, in piena sicurezza ed efficienza. Offre un...\" \/>\n<meta property=\"og:url\" content=\"https:\/\/www.axesstmc.com\/it\/gestione_visitatori\/\" \/>\n<meta property=\"og:site_name\" content=\"AxessTMC\" \/>\n<meta property=\"article:publisher\" content=\"https:\/\/www.facebook.com\/zucchettiaxess\/\" \/>\n<meta property=\"article:modified_time\" content=\"2021-12-21T16:37:41+00:00\" \/>\n<meta name=\"twitter:card\" content=\"summary_large_image\" \/>\n<meta name=\"twitter:label1\" content=\"Tempo di lettura stimato\" \/>\n\t<meta name=\"twitter:data1\" content=\"2 minuti\" \/>\n<script type=\"application\/ld+json\" class=\"yoast-schema-graph\">{\"@context\":\"https:\\\/\\\/schema.org\",\"@graph\":[{\"@type\":\"WebPage\",\"@id\":\"https:\\\/\\\/www.axesstmc.com\\\/it\\\/gestione_visitatori\\\/\",\"url\":\"https:\\\/\\\/www.axesstmc.com\\\/it\\\/gestione_visitatori\\\/\",\"name\":\"Gestione Visitatori - AxessTMC\",\"isPartOf\":{\"@id\":\"https:\\\/\\\/www.axesstmc.com\\\/it\\\/#website\"},\"datePublished\":\"2018-09-19T10:03:04+00:00\",\"dateModified\":\"2021-12-21T16:37:41+00:00\",\"inLanguage\":\"it-IT\",\"potentialAction\":[{\"@type\":\"ReadAction\",\"target\":[\"https:\\\/\\\/www.axesstmc.com\\\/it\\\/gestione_visitatori\\\/\"]}]},{\"@type\":\"WebSite\",\"@id\":\"https:\\\/\\\/www.axesstmc.com\\\/it\\\/#website\",\"url\":\"https:\\\/\\\/www.axesstmc.com\\\/it\\\/\",\"name\":\"AxessTMC\",\"description\":\"Software and Hardware for access control, intrusion detection\",\"publisher\":{\"@id\":\"https:\\\/\\\/www.axesstmc.com\\\/it\\\/#organization\"},\"potentialAction\":[{\"@type\":\"SearchAction\",\"target\":{\"@type\":\"EntryPoint\",\"urlTemplate\":\"https:\\\/\\\/www.axesstmc.com\\\/it\\\/?s={search_term_string}\"},\"query-input\":{\"@type\":\"PropertyValueSpecification\",\"valueRequired\":true,\"valueName\":\"search_term_string\"}}],\"inLanguage\":\"it-IT\"},{\"@type\":\"Organization\",\"@id\":\"https:\\\/\\\/www.axesstmc.com\\\/it\\\/#organization\",\"name\":\"AxessTMC\",\"url\":\"https:\\\/\\\/www.axesstmc.com\\\/it\\\/\",\"logo\":{\"@type\":\"ImageObject\",\"inLanguage\":\"it-IT\",\"@id\":\"https:\\\/\\\/www.axesstmc.com\\\/it\\\/#\\\/schema\\\/logo\\\/image\\\/\",\"url\":\"https:\\\/\\\/www.axesstmc.com\\\/wp-content\\\/uploads\\\/2019\\\/10\\\/Logo-AxessTMC-Z-Group.jpg\",\"contentUrl\":\"https:\\\/\\\/www.axesstmc.com\\\/wp-content\\\/uploads\\\/2019\\\/10\\\/Logo-AxessTMC-Z-Group.jpg\",\"width\":185,\"height\":55,\"caption\":\"AxessTMC\"},\"image\":{\"@id\":\"https:\\\/\\\/www.axesstmc.com\\\/it\\\/#\\\/schema\\\/logo\\\/image\\\/\"},\"sameAs\":[\"https:\\\/\\\/www.facebook.com\\\/zucchettiaxess\\\/\",\"https:\\\/\\\/www.linkedin.com\\\/company\\\/zucchetti-axess-s-p-a-?trk=prof-following-company-logo\",\"https:\\\/\\\/www.youtube.com\\\/results?q=axess tmc\"]}]}<\/script>\n<!-- \/ Yoast SEO plugin. -->","yoast_head_json":{"title":"Gestione Visitatori - AxessTMC","robots":{"index":"index","follow":"follow","max-snippet":"max-snippet:-1","max-image-preview":"max-image-preview:large","max-video-preview":"max-video-preview:-1"},"canonical":"https:\/\/www.axesstmc.com\/it\/gestione_visitatori\/","og_locale":"it_IT","og_type":"article","og_title":"Gestione Visitatori - AxessTMC","og_description":"[vc_row css_animation=&#8221;&#8221; row_type=&#8221;row&#8221; use_row_as_full_screen_section=&#8221;no&#8221; type=&#8221;grid&#8221; angled_section=&#8221;no&#8221; text_align=&#8221;left&#8221; background_image_as_pattern=&#8221;without_pattern&#8221;][vc_column width=&#8221;2\/3&#8243;][vc_empty_space height=&#8221;50px&#8221;][vc_column_text] Visitatori 4.0 per la gestione visitatori della tua azienda! [\/vc_column_text][vc_empty_space][vc_column_text]Visitatori 4.0\u00a0\u00e8 il modulo software di XAtlas, integrabile nel sistema di Controllo Accessi, per la gestione visitatori tramite web, in piena sicurezza ed efficienza. Offre un...","og_url":"https:\/\/www.axesstmc.com\/it\/gestione_visitatori\/","og_site_name":"AxessTMC","article_publisher":"https:\/\/www.facebook.com\/zucchettiaxess\/","article_modified_time":"2021-12-21T16:37:41+00:00","twitter_card":"summary_large_image","twitter_misc":{"Tempo di lettura stimato":"2 minuti"},"schema":{"@context":"https:\/\/schema.org","@graph":[{"@type":"WebPage","@id":"https:\/\/www.axesstmc.com\/it\/gestione_visitatori\/","url":"https:\/\/www.axesstmc.com\/it\/gestione_visitatori\/","name":"Gestione Visitatori - AxessTMC","isPartOf":{"@id":"https:\/\/www.axesstmc.com\/it\/#website"},"datePublished":"2018-09-19T10:03:04+00:00","dateModified":"2021-12-21T16:37:41+00:00","inLanguage":"it-IT","potentialAction":[{"@type":"ReadAction","target":["https:\/\/www.axesstmc.com\/it\/gestione_visitatori\/"]}]},{"@type":"WebSite","@id":"https:\/\/www.axesstmc.com\/it\/#website","url":"https:\/\/www.axesstmc.com\/it\/","name":"AxessTMC","description":"Software and Hardware for access control, intrusion detection","publisher":{"@id":"https:\/\/www.axesstmc.com\/it\/#organization"},"potentialAction":[{"@type":"SearchAction","target":{"@type":"EntryPoint","urlTemplate":"https:\/\/www.axesstmc.com\/it\/?s={search_term_string}"},"query-input":{"@type":"PropertyValueSpecification","valueRequired":true,"valueName":"search_term_string"}}],"inLanguage":"it-IT"},{"@type":"Organization","@id":"https:\/\/www.axesstmc.com\/it\/#organization","name":"AxessTMC","url":"https:\/\/www.axesstmc.com\/it\/","logo":{"@type":"ImageObject","inLanguage":"it-IT","@id":"https:\/\/www.axesstmc.com\/it\/#\/schema\/logo\/image\/","url":"https:\/\/www.axesstmc.com\/wp-content\/uploads\/2019\/10\/Logo-AxessTMC-Z-Group.jpg","contentUrl":"https:\/\/www.axesstmc.com\/wp-content\/uploads\/2019\/10\/Logo-AxessTMC-Z-Group.jpg","width":185,"height":55,"caption":"AxessTMC"},"image":{"@id":"https:\/\/www.axesstmc.com\/it\/#\/schema\/logo\/image\/"},"sameAs":["https:\/\/www.facebook.com\/zucchettiaxess\/","https:\/\/www.linkedin.com\/company\/zucchetti-axess-s-p-a-?trk=prof-following-company-logo","https:\/\/www.youtube.com\/results?q=axess tmc"]}]}},"_links":{"self":[{"href":"https:\/\/www.axesstmc.com\/it\/wp-json\/wp\/v2\/pages\/34036","targetHints":{"allow":["GET"]}}],"collection":[{"href":"https:\/\/www.axesstmc.com\/it\/wp-json\/wp\/v2\/pages"}],"about":[{"href":"https:\/\/www.axesstmc.com\/it\/wp-json\/wp\/v2\/types\/page"}],"author":[{"embeddable":true,"href":"https:\/\/www.axesstmc.com\/it\/wp-json\/wp\/v2\/users\/14"}],"replies":[{"embeddable":true,"href":"https:\/\/www.axesstmc.com\/it\/wp-json\/wp\/v2\/comments?post=34036"}],"version-history":[{"count":8,"href":"https:\/\/www.axesstmc.com\/it\/wp-json\/wp\/v2\/pages\/34036\/revisions"}],"predecessor-version":[{"id":39775,"href":"https:\/\/www.axesstmc.com\/it\/wp-json\/wp\/v2\/pages\/34036\/revisions\/39775"}],"wp:attachment":[{"href":"https:\/\/www.axesstmc.com\/it\/wp-json\/wp\/v2\/media?parent=34036"}],"curies":[{"name":"wp","href":"https:\/\/api.w.org\/{rel}","templated":true}]}}