{"id":20369,"date":"2016-02-23T10:37:45","date_gmt":"2016-02-23T10:37:45","guid":{"rendered":"https:\/\/www.axesstmc.com\/?page_id=20369&#038;lang=it"},"modified":"2024-10-17T09:49:14","modified_gmt":"2024-10-17T09:49:14","slug":"chi-siamo","status":"publish","type":"page","link":"https:\/\/www.axesstmc.com\/it\/chi-siamo\/","title":{"rendered":"Chi siamo"},"content":{"rendered":"<div class=\"wpb-content-wrapper\"><p>[vc_row css_animation=&#8221;&#8221; row_type=&#8221;row&#8221; use_row_as_full_screen_section=&#8221;no&#8221; type=&#8221;full_width&#8221; angled_section=&#8221;no&#8221; text_align=&#8221;left&#8221; background_image_as_pattern=&#8221;without_pattern&#8221;][vc_column width=&#8221;1\/2&#8243;][vc_empty_space height=&#8221;70px&#8221;][vc_single_image image=&#8221;40269&#8243; img_size=&#8221;full&#8221; alignment=&#8221;right&#8221; qode_css_animation=&#8221;element_from_left&#8221; transition_delay=&#8221;3&#8243;][\/vc_column][vc_column width=&#8221;1\/2&#8243;][vc_empty_space height=&#8221;70px&#8221;][vc_single_image image=&#8221;40273&#8243; img_size=&#8221;full&#8221; qode_css_animation=&#8221;element_from_right&#8221; transition_delay=&#8221;3&#8243;][\/vc_column][\/vc_row][vc_row css_animation=&#8221;&#8221; row_type=&#8221;row&#8221; use_row_as_full_screen_section=&#8221;no&#8221; type=&#8221;grid&#8221; angled_section=&#8221;no&#8221; text_align=&#8221;left&#8221; background_image_as_pattern=&#8221;without_pattern&#8221;][vc_column][vc_empty_space height=&#8221;60px&#8221;][vc_column_text css=&#8221;&#8221;]<strong>Zucchetti Axess<\/strong>, azienda specializzata nella fornitura di sistemi integrati hardware e software per il controllo accessi di persone, mezzi e merci, anti-intrusione e videosorveglianza, sicurezza sui luoghi di lavoro, rilevazione delle presenze e gestione delle risorse umane.<\/p>\n<p>&nbsp;<\/p>\n<p>Con 365 partner e migliaia di lettori e terminali venduti ogni anno a imprese di tutti i settori, Zucchetti Axess \u00e8 una <strong>realt\u00e0 internazionale<\/strong>\u00a0presente in 50 paesi nel mondo.<\/p>\n<p>&nbsp;<\/p>\n<p>Zucchetti Axess opera da oltre 30 anni nel settore del controllo accessi fornendo sistemi completi e tecnologicamente avanzati di identificazione di persone, beni e mezzi di trasporto al fine di garantire la sicurezza all\u2019interno dei luoghi di lavoro. La scalabilit\u00e0 e la versatilit\u00e0, punti di forza delle soluzioni Zucchetti Axess, consentono di rispondere anche alle pi\u00f9 complesse esigenza di gestione della sicurezza.<\/p>\n<p>&nbsp;<\/p>\n<p>Zucchetti Axess fa parte del\u00a0<a title=\"Gruppo Zucchetti\" href=\"http:\/\/www.zucchetti.com\" target=\"_blank\" rel=\"noopener noreferrer\">Gruppo Zucchetti<\/a> che, con oltre 9.000 persone, \u00e8 uno dei pi\u00f9 importanti protagonisti italiani del settore dell\u2019IT.<\/p>\n<p>&nbsp;<\/p>\n<p>Il gruppo Zucchetti offre soluzioni software, hardware e servizi ad aziende, commercialisti, consulenti del lavoro e associazioni di categoria che desiderano acquisire importanti vantaggi competitivi e avvalersi di un unico Partner informatico in grado di soddisfare le pi\u00f9 svariate esigenze di carattere tecnologico.[\/vc_column_text][\/vc_column][\/vc_row][vc_row css_animation=&#8221;&#8221; row_type=&#8221;row&#8221; use_row_as_full_screen_section=&#8221;no&#8221; type=&#8221;full_width&#8221; angled_section=&#8221;no&#8221; text_align=&#8221;left&#8221; background_image_as_pattern=&#8221;without_pattern&#8221;][vc_column][vc_empty_space height=&#8221;50px&#8221;][\/vc_column][\/vc_row][vc_row css_animation=&#8221;&#8221; row_type=&#8221;row&#8221; use_row_as_full_screen_section=&#8221;yes&#8221; type=&#8221;full_width&#8221; angled_section=&#8221;no&#8221; text_align=&#8221;left&#8221; background_image_as_pattern=&#8221;without_pattern&#8221; z_index=&#8221;&#8221;][vc_column][vc_single_image image=&#8221;31051&#8243; img_size=&#8221;full&#8221; onclick=&#8221;custom_link&#8221; qode_css_animation=&#8221;&#8221; link=&#8221;https:\/\/youtu.be\/cs-1-usUBqI&#8221;][\/vc_column][\/vc_row][vc_row css_animation=&#8221;&#8221; row_type=&#8221;row&#8221; use_row_as_full_screen_section=&#8221;no&#8221; type=&#8221;grid&#8221; angled_section=&#8221;no&#8221; text_align=&#8221;left&#8221; background_image_as_pattern=&#8221;without_pattern&#8221;][vc_column width=&#8221;1\/4&#8243;][vc_column_text]<\/p>\n<h2><strong>LA NOSTRA OFFERTA<\/strong><\/h2>\n<p>[\/vc_column_text][vc_separator type=&#8221;transparent&#8221;][vc_column_text]<\/p>\n<div class=\"wpb_text_column wpb_content_element \">\n<div class=\"wpb_wrapper\">\n<p>Zucchetti Axess fornisce la giusta combinazione di software e hardware per ogni applicazione, di qualsiasi dimensione, per ogni esigenza.<\/p>\n<\/div>\n<\/div>\n<p>[\/vc_column_text][vc_separator type=&#8221;transparent&#8221;][vc_column_text]<\/p>\n<h2><strong>I NOSTRI CLIENTI<\/strong><\/h2>\n<p>[\/vc_column_text][vc_separator type=&#8221;transparent&#8221;][vc_column_text]Hanno scelto Zucchetti Axess le migliori aziende dei settori:<\/p>\n<p>\u2022 \u00a0Entreprise &amp; Corporate<br \/>\n\u2022\u00a0 Transportation<br \/>\n\u2022\u00a0 Banking &amp; Finance<br \/>\n\u2022 \u00a0Governement<br \/>\n\u2022 \u00a0Stadium<br \/>\n\u2022 \u00a0Retail<br \/>\n\u2022 \u00a0Education<br \/>\n\u2022\u00a0 Healtcare<br \/>\n\u2022\u00a0 Oil &amp; Gas<br \/>\n\u2022\u00a0 Construction sites[\/vc_column_text][\/vc_column][vc_column width=&#8221;3\/4&#8243;][vc_column_text]<\/p>\n<h2 style=\"text-align: center;\"><strong>LA NOSTRA PRESENZA WORLDWIDE<\/strong><\/h2>\n<p>[\/vc_column_text][vc_separator type=&#8221;transparent&#8221;][vc_single_image image=&#8221;28968&#8243; img_size=&#8221;full&#8221; alignment=&#8221;center&#8221; onclick=&#8221;link_image&#8221; qode_css_animation=&#8221;&#8221;][\/vc_column][\/vc_row][vc_row css_animation=&#8221;&#8221; row_type=&#8221;row&#8221; use_row_as_full_screen_section=&#8221;no&#8221; type=&#8221;full_width&#8221; angled_section=&#8221;no&#8221; text_align=&#8221;left&#8221; background_image_as_pattern=&#8221;without_pattern&#8221;][vc_column][vc_empty_space height=&#8221;100px&#8221;][\/vc_column][\/vc_row][vc_row css_animation=&#8221;&#8221; row_type=&#8221;row&#8221; use_row_as_full_screen_section=&#8221;no&#8221; type=&#8221;full_width&#8221; angled_section=&#8221;no&#8221; text_align=&#8221;left&#8221; background_image_as_pattern=&#8221;without_pattern&#8221; css=&#8221;.vc_custom_1521454494396{background-color: #0770b7 !important;}&#8221; z_index=&#8221;&#8221;][vc_column][vc_empty_space height=&#8221;40px&#8221;][vc_row_inner row_type=&#8221;row&#8221; type=&#8221;full_width&#8221; text_align=&#8221;left&#8221; css_animation=&#8221;&#8221;][vc_column_inner width=&#8221;1\/3&#8243;][\/vc_column_inner][vc_column_inner el_class=&#8221;sg-popup-id-35109&#8243; width=&#8221;1\/3&#8243;]<span data-type=\"normal\" data-hover-icon-color=\"#dd9933\" class=\"qode_icon_shortcode  q_font_awsome_icon fa-3x pull-center \" style=\" \"><a  itemprop=\"url\" href=\"\/richiesta-informazioni-prodotto\/?lang=it\" target=\"_self\"><i class=\"qode_icon_font_awesome fa fa-info qode_icon_element\" style=\"color: #ffffff;\" ><\/i><\/a><\/span>[vc_column_text]<\/p>\n<h2 style=\"text-align: center;\"><span style=\"color: #ffffff;\">Richiedi info<\/span><\/h2>\n<p>[\/vc_column_text][\/vc_column_inner][vc_column_inner width=&#8221;1\/3&#8243;][\/vc_column_inner][\/vc_row_inner][vc_empty_space height=&#8221;40px&#8221;][\/vc_column][\/vc_row]<\/p>\n<\/div>","protected":false},"excerpt":{"rendered":"<p>[vc_row css_animation=&#8221;&#8221; row_type=&#8221;row&#8221; use_row_as_full_screen_section=&#8221;no&#8221; type=&#8221;full_width&#8221; angled_section=&#8221;no&#8221; text_align=&#8221;left&#8221; background_image_as_pattern=&#8221;without_pattern&#8221;][vc_column width=&#8221;1\/2&#8243;][vc_empty_space height=&#8221;70px&#8221;][vc_single_image image=&#8221;40269&#8243; img_size=&#8221;full&#8221; alignment=&#8221;right&#8221; qode_css_animation=&#8221;element_from_left&#8221; transition_delay=&#8221;3&#8243;][\/vc_column][vc_column width=&#8221;1\/2&#8243;][vc_empty_space height=&#8221;70px&#8221;][vc_single_image image=&#8221;40273&#8243; img_size=&#8221;full&#8221; qode_css_animation=&#8221;element_from_right&#8221; transition_delay=&#8221;3&#8243;][\/vc_column][\/vc_row][vc_row css_animation=&#8221;&#8221; row_type=&#8221;row&#8221; use_row_as_full_screen_section=&#8221;no&#8221; type=&#8221;grid&#8221; angled_section=&#8221;no&#8221; text_align=&#8221;left&#8221; background_image_as_pattern=&#8221;without_pattern&#8221;][vc_column][vc_empty_space height=&#8221;60px&#8221;][vc_column_text css=&#8221;&#8221;]Zucchetti Axess, azienda specializzata nella fornitura di sistemi integrati hardware e software per il controllo accessi&#8230;<\/p>\n","protected":false},"author":14,"featured_media":0,"parent":0,"menu_order":0,"comment_status":"closed","ping_status":"closed","template":"full_width.php","meta":{"footnotes":""},"class_list":["post-20369","page","type-page","status-publish","hentry"],"yoast_head":"<!-- This site is optimized with the Yoast SEO plugin v27.6 - https:\/\/yoast.com\/product\/yoast-seo-wordpress\/ -->\n<title>Chi Siamo - Zucchetti Axess<\/title>\n<meta name=\"description\" content=\"Zucchetti Axess \u00e8 specializzata nella fornitura di sistemi integrati hardware e software per il controllo accessi di persone, mezzi e merci e molto altro.\" \/>\n<meta name=\"robots\" content=\"index, follow, max-snippet:-1, max-image-preview:large, max-video-preview:-1\" \/>\n<link rel=\"canonical\" href=\"https:\/\/www.axesstmc.com\/it\/chi-siamo\/\" \/>\n<meta property=\"og:locale\" content=\"it_IT\" \/>\n<meta property=\"og:type\" content=\"article\" \/>\n<meta property=\"og:title\" content=\"Chi Siamo - Zucchetti Axess\" \/>\n<meta property=\"og:description\" content=\"Zucchetti Axess \u00e8 specializzata nella fornitura di sistemi integrati hardware e software per il controllo accessi di persone, mezzi e merci e molto altro.\" \/>\n<meta property=\"og:url\" content=\"https:\/\/www.axesstmc.com\/it\/chi-siamo\/\" \/>\n<meta property=\"og:site_name\" content=\"AxessTMC\" \/>\n<meta property=\"article:publisher\" content=\"https:\/\/www.facebook.com\/zucchettiaxess\/\" \/>\n<meta property=\"article:modified_time\" content=\"2024-10-17T09:49:14+00:00\" \/>\n<meta name=\"twitter:card\" content=\"summary_large_image\" \/>\n<meta name=\"twitter:label1\" content=\"Tempo di lettura stimato\" \/>\n\t<meta name=\"twitter:data1\" content=\"3 minuti\" \/>\n<script type=\"application\/ld+json\" class=\"yoast-schema-graph\">{\"@context\":\"https:\\\/\\\/schema.org\",\"@graph\":[{\"@type\":\"WebPage\",\"@id\":\"https:\\\/\\\/www.axesstmc.com\\\/it\\\/chi-siamo\\\/\",\"url\":\"https:\\\/\\\/www.axesstmc.com\\\/it\\\/chi-siamo\\\/\",\"name\":\"Chi Siamo - Zucchetti Axess\",\"isPartOf\":{\"@id\":\"https:\\\/\\\/www.axesstmc.com\\\/it\\\/#website\"},\"datePublished\":\"2016-02-23T10:37:45+00:00\",\"dateModified\":\"2024-10-17T09:49:14+00:00\",\"description\":\"Zucchetti Axess \u00e8 specializzata nella fornitura di sistemi integrati hardware e software per il controllo accessi di persone, mezzi e merci e molto altro.\",\"inLanguage\":\"it-IT\",\"potentialAction\":[{\"@type\":\"ReadAction\",\"target\":[\"https:\\\/\\\/www.axesstmc.com\\\/it\\\/chi-siamo\\\/\"]}]},{\"@type\":\"WebSite\",\"@id\":\"https:\\\/\\\/www.axesstmc.com\\\/it\\\/#website\",\"url\":\"https:\\\/\\\/www.axesstmc.com\\\/it\\\/\",\"name\":\"AxessTMC\",\"description\":\"Software and Hardware for access control, intrusion detection\",\"publisher\":{\"@id\":\"https:\\\/\\\/www.axesstmc.com\\\/it\\\/#organization\"},\"potentialAction\":[{\"@type\":\"SearchAction\",\"target\":{\"@type\":\"EntryPoint\",\"urlTemplate\":\"https:\\\/\\\/www.axesstmc.com\\\/it\\\/?s={search_term_string}\"},\"query-input\":{\"@type\":\"PropertyValueSpecification\",\"valueRequired\":true,\"valueName\":\"search_term_string\"}}],\"inLanguage\":\"it-IT\"},{\"@type\":\"Organization\",\"@id\":\"https:\\\/\\\/www.axesstmc.com\\\/it\\\/#organization\",\"name\":\"AxessTMC\",\"url\":\"https:\\\/\\\/www.axesstmc.com\\\/it\\\/\",\"logo\":{\"@type\":\"ImageObject\",\"inLanguage\":\"it-IT\",\"@id\":\"https:\\\/\\\/www.axesstmc.com\\\/it\\\/#\\\/schema\\\/logo\\\/image\\\/\",\"url\":\"https:\\\/\\\/www.axesstmc.com\\\/wp-content\\\/uploads\\\/2019\\\/10\\\/Logo-AxessTMC-Z-Group.jpg\",\"contentUrl\":\"https:\\\/\\\/www.axesstmc.com\\\/wp-content\\\/uploads\\\/2019\\\/10\\\/Logo-AxessTMC-Z-Group.jpg\",\"width\":185,\"height\":55,\"caption\":\"AxessTMC\"},\"image\":{\"@id\":\"https:\\\/\\\/www.axesstmc.com\\\/it\\\/#\\\/schema\\\/logo\\\/image\\\/\"},\"sameAs\":[\"https:\\\/\\\/www.facebook.com\\\/zucchettiaxess\\\/\",\"https:\\\/\\\/www.linkedin.com\\\/company\\\/zucchetti-axess-s-p-a-?trk=prof-following-company-logo\",\"https:\\\/\\\/www.youtube.com\\\/results?q=axess tmc\"]}]}<\/script>\n<!-- \/ Yoast SEO plugin. -->","yoast_head_json":{"title":"Chi Siamo - Zucchetti Axess","description":"Zucchetti Axess \u00e8 specializzata nella fornitura di sistemi integrati hardware e software per il controllo accessi di persone, mezzi e merci e molto altro.","robots":{"index":"index","follow":"follow","max-snippet":"max-snippet:-1","max-image-preview":"max-image-preview:large","max-video-preview":"max-video-preview:-1"},"canonical":"https:\/\/www.axesstmc.com\/it\/chi-siamo\/","og_locale":"it_IT","og_type":"article","og_title":"Chi Siamo - Zucchetti Axess","og_description":"Zucchetti Axess \u00e8 specializzata nella fornitura di sistemi integrati hardware e software per il controllo accessi di persone, mezzi e merci e molto altro.","og_url":"https:\/\/www.axesstmc.com\/it\/chi-siamo\/","og_site_name":"AxessTMC","article_publisher":"https:\/\/www.facebook.com\/zucchettiaxess\/","article_modified_time":"2024-10-17T09:49:14+00:00","twitter_card":"summary_large_image","twitter_misc":{"Tempo di lettura stimato":"3 minuti"},"schema":{"@context":"https:\/\/schema.org","@graph":[{"@type":"WebPage","@id":"https:\/\/www.axesstmc.com\/it\/chi-siamo\/","url":"https:\/\/www.axesstmc.com\/it\/chi-siamo\/","name":"Chi Siamo - Zucchetti Axess","isPartOf":{"@id":"https:\/\/www.axesstmc.com\/it\/#website"},"datePublished":"2016-02-23T10:37:45+00:00","dateModified":"2024-10-17T09:49:14+00:00","description":"Zucchetti Axess \u00e8 specializzata nella fornitura di sistemi integrati hardware e software per il controllo accessi di persone, mezzi e merci e molto altro.","inLanguage":"it-IT","potentialAction":[{"@type":"ReadAction","target":["https:\/\/www.axesstmc.com\/it\/chi-siamo\/"]}]},{"@type":"WebSite","@id":"https:\/\/www.axesstmc.com\/it\/#website","url":"https:\/\/www.axesstmc.com\/it\/","name":"AxessTMC","description":"Software and Hardware for access control, intrusion detection","publisher":{"@id":"https:\/\/www.axesstmc.com\/it\/#organization"},"potentialAction":[{"@type":"SearchAction","target":{"@type":"EntryPoint","urlTemplate":"https:\/\/www.axesstmc.com\/it\/?s={search_term_string}"},"query-input":{"@type":"PropertyValueSpecification","valueRequired":true,"valueName":"search_term_string"}}],"inLanguage":"it-IT"},{"@type":"Organization","@id":"https:\/\/www.axesstmc.com\/it\/#organization","name":"AxessTMC","url":"https:\/\/www.axesstmc.com\/it\/","logo":{"@type":"ImageObject","inLanguage":"it-IT","@id":"https:\/\/www.axesstmc.com\/it\/#\/schema\/logo\/image\/","url":"https:\/\/www.axesstmc.com\/wp-content\/uploads\/2019\/10\/Logo-AxessTMC-Z-Group.jpg","contentUrl":"https:\/\/www.axesstmc.com\/wp-content\/uploads\/2019\/10\/Logo-AxessTMC-Z-Group.jpg","width":185,"height":55,"caption":"AxessTMC"},"image":{"@id":"https:\/\/www.axesstmc.com\/it\/#\/schema\/logo\/image\/"},"sameAs":["https:\/\/www.facebook.com\/zucchettiaxess\/","https:\/\/www.linkedin.com\/company\/zucchetti-axess-s-p-a-?trk=prof-following-company-logo","https:\/\/www.youtube.com\/results?q=axess tmc"]}]}},"_links":{"self":[{"href":"https:\/\/www.axesstmc.com\/it\/wp-json\/wp\/v2\/pages\/20369","targetHints":{"allow":["GET"]}}],"collection":[{"href":"https:\/\/www.axesstmc.com\/it\/wp-json\/wp\/v2\/pages"}],"about":[{"href":"https:\/\/www.axesstmc.com\/it\/wp-json\/wp\/v2\/types\/page"}],"author":[{"embeddable":true,"href":"https:\/\/www.axesstmc.com\/it\/wp-json\/wp\/v2\/users\/14"}],"replies":[{"embeddable":true,"href":"https:\/\/www.axesstmc.com\/it\/wp-json\/wp\/v2\/comments?post=20369"}],"version-history":[{"count":8,"href":"https:\/\/www.axesstmc.com\/it\/wp-json\/wp\/v2\/pages\/20369\/revisions"}],"predecessor-version":[{"id":45108,"href":"https:\/\/www.axesstmc.com\/it\/wp-json\/wp\/v2\/pages\/20369\/revisions\/45108"}],"wp:attachment":[{"href":"https:\/\/www.axesstmc.com\/it\/wp-json\/wp\/v2\/media?parent=20369"}],"curies":[{"name":"wp","href":"https:\/\/api.w.org\/{rel}","templated":true}]}}