{"id":46483,"date":"2026-04-01T10:10:40","date_gmt":"2026-04-01T10:10:40","guid":{"rendered":"https:\/\/www.axesstmc.com\/?page_id=46483"},"modified":"2026-04-01T10:10:40","modified_gmt":"2026-04-01T10:10:40","slug":"app-side","status":"publish","type":"page","link":"https:\/\/www.axesstmc.com\/fr\/identifiants-virtuels\/app-side\/","title":{"rendered":"App Side"},"content":{"rendered":"<div class=\"wpb-content-wrapper\"><p>[vc_row css_animation=&#8221;&#8221; row_type=&#8221;row&#8221; use_row_as_full_screen_section=&#8221;no&#8221; type=&#8221;grid&#8221; angled_section=&#8221;no&#8221; text_align=&#8221;left&#8221; background_image_as_pattern=&#8221;without_pattern&#8221;][vc_column width=&#8221;4\/6&#8243;][vc_empty_space height=&#8221;50px&#8221;][vc_column_text css=&#8221;&#8221;]<\/p>\n<h1>Une seule application pour g\u00e9rer toutes les identit\u00e9s d\u2019acc\u00e8s de mani\u00e8re simple et s\u00e9curis\u00e9e<\/h1>\n<p>[\/vc_column_text][vc_empty_space]<div class='q_icon_with_title tiny normal_icon '><div class=\"icon_holder \" style=\" \"><span data-icon-type=\"normal\" data-icon-hover-color=\"#268EEA\" class=\"qode_iwt_icon_holder q_font_awsome_icon fa-lg  qode-type1-gradient-left-to-right-text\"><i class=\"qode_icon_font_awesome fa fa-check-circle qode_iwt_icon_element\" style=\"color: #1E73BE\"><\/i><\/span><\/div><div class=\"icon_text_holder\" style=\"\"><div class=\"icon_text_inner\" style=\"\"><h5 class=\"icon_title\" style=\"\">Multi-identifiant<\/h5><p style=''>G\u00e9rez plusieurs badges num\u00e9riques dans une seule application, sans duplication ni complexit\u00e9.<\/p><\/div><\/div><\/div><div class='q_icon_with_title tiny normal_icon '><div class=\"icon_holder \" style=\" \"><span data-icon-type=\"normal\" data-icon-hover-color=\"#268EEA\" class=\"qode_iwt_icon_holder q_font_awsome_icon fa-lg  qode-type1-gradient-left-to-right-text\"><i class=\"qode_icon_font_awesome fa fa-check-circle qode_iwt_icon_element\" style=\"color: #1E73BE\"><\/i><\/span><\/div><div class=\"icon_text_holder\" style=\"\"><div class=\"icon_text_inner\" style=\"\"><h5 class=\"icon_title\" style=\"\">Compatible avec tous les appareils<\/h5><p style=''>Disponible pour Android et iOS, pour s\u2019adapter \u00e0 tout environnement professionnel.<\/p><\/div><\/div><\/div><div class='q_icon_with_title tiny normal_icon '><div class=\"icon_holder \" style=\" \"><span data-icon-type=\"normal\" data-icon-hover-color=\"#268EEA\" class=\"qode_iwt_icon_holder q_font_awsome_icon fa-lg  qode-type1-gradient-left-to-right-text\"><i class=\"qode_icon_font_awesome fa fa-check-circle qode_iwt_icon_element\" style=\"color: #1E73BE\"><\/i><\/span><\/div><div class=\"icon_text_holder\" style=\"\"><div class=\"icon_text_inner\" style=\"\"><h5 class=\"icon_title\" style=\"\">Gestion simplifi\u00e9e<\/h5><p style=''>Distribuez, mettez \u00e0 jour et r\u00e9voquez les identifiants de mani\u00e8re centralis\u00e9e.<\/p><\/div><\/div><\/div><div class='q_icon_with_title tiny normal_icon '><div class=\"icon_holder \" style=\" \"><span data-icon-type=\"normal\" data-icon-hover-color=\"#268EEA\" class=\"qode_iwt_icon_holder q_font_awsome_icon fa-lg  qode-type1-gradient-left-to-right-text\"><i class=\"qode_icon_font_awesome fa fa-check-circle qode_iwt_icon_element\" style=\"color: #1E73BE\"><\/i><\/span><\/div><div class=\"icon_text_holder\" style=\"\"><div class=\"icon_text_inner\" style=\"\"><h5 class=\"icon_title\" style=\"\">Adapt\u00e9 \u00e0 toutes les organisations<\/h5><p style=''>De la PME aux grandes entreprises : une solution qui s\u2019adapte \u00e0 vos besoins.<\/p><\/div><\/div><\/div>[\/vc_column][vc_column width=&#8221;2\/6&#8243;][vc_empty_space height=&#8221;50px&#8221;][vc_row_inner row_type=&#8221;row&#8221; type=&#8221;full_width&#8221; text_align=&#8221;left&#8221; css_animation=&#8221;&#8221;][vc_column_inner width=&#8221;1\/6&#8243;][\/vc_column_inner][vc_column_inner width=&#8221;5\/6&#8243;][vc_column_text css=&#8221;&#8221;]<\/p>\n<h2>D\u00e9couvrez SIDE pour Android et iOS<\/h2>\n<p>[\/vc_column_text][vc_separator type=&#8221;transparent&#8221;][vc_single_image image=&#8221;46524&#8243; img_size=&#8221;172&#215;172&#8243; onclick=&#8221;custom_link&#8221; img_link_target=&#8221;_blank&#8221; css=&#8221;&#8221; qode_css_animation=&#8221;&#8221; link=&#8221;https:\/\/play.google.com\/store\/apps\/details?id=com.axesstmc.sideralapp&#8221;][vc_separator type=&#8221;transparent&#8221;][vc_single_image image=&#8221;26977&#8243; img_size=&#8221;172&#215;60&#8243; onclick=&#8221;custom_link&#8221; img_link_target=&#8221;_blank&#8221; css=&#8221;&#8221; qode_css_animation=&#8221;&#8221; link=&#8221;https:\/\/play.google.com\/store\/apps\/details?id=com.axesstmc.sideralapp&#8221;][vc_separator type=&#8221;transparent&#8221;][vc_single_image image=&#8221;26976&#8243; img_size=&#8221;172&#215;51&#8243; onclick=&#8221;custom_link&#8221; img_link_target=&#8221;_blank&#8221; css=&#8221;&#8221; qode_css_animation=&#8221;&#8221; link=&#8221;https:\/\/apps.apple.com\/it\/app\/side-zucchetti-axess\/id6479427293&#8243;][vc_separator type=&#8221;transparent&#8221;][vc_empty_space][vc_separator type=&#8221;transparent&#8221;][\/vc_column_inner][\/vc_row_inner][\/vc_column][\/vc_row][vc_row css_animation=&#8221;&#8221; row_type=&#8221;row&#8221; use_row_as_full_screen_section=&#8221;no&#8221; type=&#8221;full_width&#8221; angled_section=&#8221;no&#8221; text_align=&#8221;left&#8221; background_image_as_pattern=&#8221;without_pattern&#8221;][vc_column][vc_empty_space height=&#8221;70px&#8221;][\/vc_column][\/vc_row][vc_row css_animation=&#8221;&#8221; row_type=&#8221;row&#8221; use_row_as_full_screen_section=&#8221;no&#8221; type=&#8221;grid&#8221; angled_section=&#8221;no&#8221; text_align=&#8221;left&#8221; background_image_as_pattern=&#8221;without_pattern&#8221; css=&#8221;.vc_custom_1774548714107{background-color: #EDEDED !important;}&#8221; z_index=&#8221;&#8221;][vc_column width=&#8221;1\/3&#8243; css=&#8221;.vc_custom_1774548195543{margin-right: -50px !important;}&#8221;][vc_empty_space height=&#8221;70px&#8221;][vc_single_image image=&#8221;46501&#8243; img_size=&#8221;medium&#8221; alignment=&#8221;right&#8221; css=&#8221;&#8221; qode_css_animation=&#8221;&#8221;][vc_empty_space height=&#8221;70px&#8221;][\/vc_column][vc_column width=&#8221;2\/3&#8243;][vc_empty_space height=&#8221;70px&#8221;][vc_column_text css=&#8221;&#8221;]<\/p>\n<h2>Un portefeuille num\u00e9rique pour le contr\u00f4le d\u2019acc\u00e8s<\/h2>\n<p>&nbsp;<\/p>\n<p data-start=\"1075\" data-end=\"1322\">App Side est l\u2019application mobile d\u00e9velopp\u00e9e par Zucchetti Axess pour la <strong>gestion des identifiants num\u00e9riques<\/strong>.<br data-start=\"1193\" data-end=\"1196\" \/>Elle permet de transformer le smartphone en un outil d\u2019acc\u00e8s s\u00e9curis\u00e9 et polyvalent, \u00e9liminant la n\u00e9cessit\u00e9 des badges physiques.<\/p>\n<p>&nbsp;<\/p>\n<p data-start=\"1324\" data-end=\"1514\">Gr\u00e2ce \u00e0 la gestion multi-identifiant, les utilisateurs peuvent utiliser <strong>une seule application pour acc\u00e9der \u00e0 plusieurs points d\u2019acc\u00e8s, sites ou syst\u00e8mes<\/strong>, simplifiant l\u2019exp\u00e9rience et am\u00e9liorant l\u2019efficacit\u00e9 op\u00e9rationnelle.<\/p>\n<p>[\/vc_column_text][vc_empty_space height=&#8221;70px&#8221;][\/vc_column][\/vc_row][vc_row css_animation=&#8221;&#8221; row_type=&#8221;row&#8221; use_row_as_full_screen_section=&#8221;no&#8221; type=&#8221;grid&#8221; angled_section=&#8221;no&#8221; text_align=&#8221;left&#8221; background_image_as_pattern=&#8221;without_pattern&#8221; css=&#8221;.vc_custom_1774549255738{background-color: #767676 !important;}&#8221; z_index=&#8221;&#8221;][vc_column width=&#8221;1\/4&#8243;][vc_empty_space height=&#8221;70px&#8221;]<div class='q_icon_with_title medium custom_icon_image center '><div class=\"icon_holder \" style=\" \"><img decoding=\"async\" src=\"https:\/\/www.axesstmc.com\/wp-content\/uploads\/2026\/03\/nfc-symbol-brands-solid.png\" alt=\"\"><\/div><div class=\"icon_text_holder\" style=\"\"><div class=\"icon_text_inner\" style=\"\"><h5 class=\"icon_title\" style=\"color: #FFFFFF;\">NFC (Android)<\/h5><p style='color: #FFFFFF'>Acc\u00e8s rapide et s\u00e9curis\u00e9 via technologie sans contact.<\/p><\/div><\/div><\/div>[vc_empty_space height=&#8221;70px&#8221;][\/vc_column][vc_column width=&#8221;1\/4&#8243;][vc_empty_space height=&#8221;70px&#8221;]<div class='q_icon_with_title medium custom_icon_image center '><div class=\"icon_holder \" style=\" \"><img decoding=\"async\" src=\"https:\/\/www.axesstmc.com\/wp-content\/uploads\/2026\/03\/bluetooth-b-brands-solid.png\" alt=\"\"><\/div><div class=\"icon_text_holder\" style=\"\"><div class=\"icon_text_inner\" style=\"\"><h5 class=\"icon_title\" style=\"color: #FFFFFF;\">BLE (Bluetooth Low Energy)<\/h5><p style='color: #FFFFFF'>Acc\u00e8s \u00e0 distance jusqu\u2019\u00e0 10 m\u00e8tres, id\u00e9al pour les acc\u00e8s automatiques et mains libres.<\/p><\/div><\/div><\/div>[vc_empty_space height=&#8221;70px&#8221;][\/vc_column][vc_column width=&#8221;1\/4&#8243;][vc_empty_space height=&#8221;70px&#8221;]<div class='q_icon_with_title medium custom_icon_image center '><div class=\"icon_holder \" style=\" \"><img decoding=\"async\" src=\"https:\/\/www.axesstmc.com\/wp-content\/uploads\/2026\/03\/qrcode-solid.png\" alt=\"\"><\/div><div class=\"icon_text_holder\" style=\"\"><div class=\"icon_text_inner\" style=\"\"><h5 class=\"icon_title\" style=\"color: #FFFFFF;\">Dynamic QR Code<\/h5><p style='color: #FFFFFF'>Parfait pour la gestion des visiteurs et des acc\u00e8s temporaires.<\/p><\/div><\/div><\/div>[vc_empty_space height=&#8221;70px&#8221;][\/vc_column][vc_column width=&#8221;1\/4&#8243;][vc_empty_space height=&#8221;70px&#8221;]<div class='q_icon_with_title medium custom_icon_image center '><div class=\"icon_holder \" style=\" \"><img decoding=\"async\" src=\"https:\/\/www.axesstmc.com\/wp-content\/uploads\/2026\/03\/unlock-keyhole-solid.png\" alt=\"\"><\/div><div class=\"icon_text_holder\" style=\"\"><div class=\"icon_text_inner\" style=\"\"><h5 class=\"icon_title\" style=\"color: #FFFFFF;\">Secure QR Code<\/h5><p style='color: #FFFFFF'>S\u00e9curit\u00e9 accrue gr\u00e2ce au chiffrement des donn\u00e9es et \u00e0 la technologie TOTP.<\/p><\/div><\/div><\/div>[vc_empty_space height=&#8221;70px&#8221;][\/vc_column][\/vc_row][vc_row css_animation=&#8221;&#8221; row_type=&#8221;row&#8221; use_row_as_full_screen_section=&#8221;no&#8221; type=&#8221;grid&#8221; angled_section=&#8221;no&#8221; text_align=&#8221;left&#8221; background_image_as_pattern=&#8221;without_pattern&#8221; z_index=&#8221;&#8221;][vc_column][vc_empty_space height=&#8221;100px&#8221;][vc_column_text css=&#8221;&#8221;]<\/p>\n<h2>Side : une solution pour chaque besoin<\/h2>\n<p>[\/vc_column_text][\/vc_column][\/vc_row][vc_row css_animation=&#8221;&#8221; row_type=&#8221;row&#8221; use_row_as_full_screen_section=&#8221;no&#8221; type=&#8221;grid&#8221; angled_section=&#8221;no&#8221; text_align=&#8221;left&#8221; background_image_as_pattern=&#8221;without_pattern&#8221; z_index=&#8221;&#8221;][vc_column width=&#8221;1\/4&#8243;][vc_empty_space][vc_single_image image=&#8221;46800&#8243; img_size=&#8221;medium&#8221; alignment=&#8221;center&#8221; css=&#8221;.vc_custom_1775037997822{border-radius: 4px !important;}&#8221; qode_css_animation=&#8221;&#8221;][vc_empty_space height=&#8221;15px&#8221;][vc_column_text css=&#8221;&#8221;]<\/p>\n<p style=\"text-align: center;\">Acc\u00e8s quotidien simple et rapide, sans badge physique.<\/p>\n<p>[\/vc_column_text][vc_empty_space height=&#8221;100px&#8221;][\/vc_column][vc_column width=&#8221;1\/4&#8243;][vc_empty_space][vc_single_image image=&#8221;46812&#8243; img_size=&#8221;medium&#8221; alignment=&#8221;center&#8221; css=&#8221;.vc_custom_1775038018409{border-radius: 4px !important;}&#8221; qode_css_animation=&#8221;&#8221;][vc_empty_space height=&#8221;15px&#8221;][vc_column_text css=&#8221;&#8221;]<\/p>\n<p style=\"text-align: center;\">Gestion des acc\u00e8s temporaires via QR Code dynamiques.<\/p>\n<p>[\/vc_column_text][\/vc_column][vc_column width=&#8221;1\/4&#8243;][vc_empty_space][vc_single_image image=&#8221;46804&#8243; img_size=&#8221;medium&#8221; alignment=&#8221;center&#8221; css=&#8221;.vc_custom_1775038036755{border-radius: 4px !important;}&#8221; qode_css_animation=&#8221;&#8221;][vc_empty_space height=&#8221;15px&#8221;][vc_column_text css=&#8221;&#8221;]<\/p>\n<p style=\"text-align: center;\">Acc\u00e8s contr\u00f4l\u00e9s et autonomes, sans supervision.<\/p>\n<p>[\/vc_column_text][\/vc_column][vc_column width=&#8221;1\/4&#8243;][vc_empty_space][vc_single_image image=&#8221;46808&#8243; img_size=&#8221;medium&#8221; alignment=&#8221;center&#8221; css=&#8221;.vc_custom_1775038109948{border-radius: 4px !important;}&#8221; qode_css_animation=&#8221;&#8221;][vc_empty_space height=&#8221;15px&#8221;][vc_column_text css=&#8221;&#8221;]<\/p>\n<p style=\"text-align: center;\">Une seule application pour acc\u00e9der \u00e0 plusieurs structures et acc\u00e8s.<\/p>\n<p>[\/vc_column_text][\/vc_column][\/vc_row][vc_row css_animation=&#8221;&#8221; row_type=&#8221;row&#8221; use_row_as_full_screen_section=&#8221;no&#8221; type=&#8221;grid&#8221; angled_section=&#8221;no&#8221; text_align=&#8221;left&#8221; background_image_as_pattern=&#8221;without_pattern&#8221; z_index=&#8221;&#8221; css=&#8221;.vc_custom_1774612427225{background-color: #EDEDED !important;}&#8221;][vc_column][vc_empty_space height=&#8221;50px&#8221;][vc_column_text css=&#8221;&#8221;]<\/p>\n<h2 style=\"text-align: left;\">Gestion centralis\u00e9e avec Credential Manager<\/h2>\n<p>[\/vc_column_text][vc_empty_space][vc_column_text css=&#8221;&#8221;]App Side s\u2019int\u00e8gre avec le <strong>Credential Manager<\/strong>, la plateforme backend qui permet d\u2019\u00e9mettre, configurer et distribuer les identifiants num\u00e9riques de mani\u00e8re simple et s\u00e9curis\u00e9e.<\/p>\n<p>&nbsp;<\/p>\n<p>Gr\u00e2ce \u00e0 un <strong>tableau de bord centralis\u00e9<\/strong>, il est possible de :<\/p>\n<p>&nbsp;<\/p>\n<ul>\n<li>attribuer des identifiants \u00e9galement en mode massif<\/li>\n<li>personnaliser les mod\u00e8les et communications<\/li>\n<li>automatiser les processus de distribution<\/li>\n<li>int\u00e9grer le syst\u00e8me avec le contr\u00f4le d\u2019acc\u00e8s<\/li>\n<\/ul>\n<p>[\/vc_column_text][vc_empty_space][\/vc_column][\/vc_row][vc_row css_animation=&#8221;&#8221; row_type=&#8221;row&#8221; use_row_as_full_screen_section=&#8221;no&#8221; type=&#8221;grid&#8221; angled_section=&#8221;no&#8221; text_align=&#8221;left&#8221; background_image_as_pattern=&#8221;without_pattern&#8221; z_index=&#8221;&#8221; css=&#8221;.vc_custom_1774612488247{background-color: #EDEDED !important;}&#8221;][vc_column][vc_single_image image=&#8221;46747&#8243; img_size=&#8221;full&#8221; alignment=&#8221;center&#8221; css=&#8221;&#8221; qode_css_animation=&#8221;&#8221;][vc_empty_space height=&#8221;50px&#8221;][\/vc_column][\/vc_row][vc_row css_animation=&#8221;&#8221; row_type=&#8221;row&#8221; use_row_as_full_screen_section=&#8221;no&#8221; type=&#8221;full_width&#8221; angled_section=&#8221;no&#8221; text_align=&#8221;left&#8221; background_image_as_pattern=&#8221;without_pattern&#8221; css=&#8221;.vc_custom_1521454494396{background-color: #0770b7 !important;}&#8221; z_index=&#8221;&#8221;][vc_column][vc_empty_space height=&#8221;40px&#8221;][vc_row_inner row_type=&#8221;row&#8221; type=&#8221;full_width&#8221; text_align=&#8221;left&#8221; css_animation=&#8221;&#8221;][vc_column_inner width=&#8221;1\/5&#8243;][\/vc_column_inner][vc_column_inner width=&#8221;1\/5&#8243;][\/vc_column_inner][vc_column_inner el_class=&#8221;sg-popup-id-35109&#8243; width=&#8221;1\/5&#8243;][vc_column_text css=&#8221;&#8221; el_class=&#8221;sg-popup-id-35449&#8243;]<\/p>\n<h2 style=\"text-align: center;\"><span style=\"color: #ffffff;\">Demander des informations<\/span><\/h2>\n<p>[\/vc_column_text]<span data-type=\"normal\" data-hover-icon-color=\"#dd9933\" class=\"qode_icon_shortcode  q_font_awsome_icon fa-3x pull-center \" style=\" \"><i class=\"qode_icon_font_awesome fa fa-info qode_icon_element\" style=\"color: #ffffff;\" ><\/i><\/span>[\/vc_column_inner][vc_column_inner width=&#8221;1\/5&#8243;][\/vc_column_inner][vc_column_inner width=&#8221;1\/5&#8243;][\/vc_column_inner][\/vc_row_inner][vc_empty_space height=&#8221;40px&#8221;][\/vc_column][\/vc_row][vc_row css_animation=&#8221;&#8221; row_type=&#8221;row&#8221; use_row_as_full_screen_section=&#8221;no&#8221; type=&#8221;full_width&#8221; angled_section=&#8221;no&#8221; text_align=&#8221;left&#8221; background_image_as_pattern=&#8221;without_pattern&#8221;][vc_column][vc_column_text]<br \/>\n&#8220;`[\/vc_column_text][\/vc_column][\/vc_row]<\/p>\n<\/div>","protected":false},"excerpt":{"rendered":"<p>[vc_row css_animation=&#8221;&#8221; row_type=&#8221;row&#8221; use_row_as_full_screen_section=&#8221;no&#8221; type=&#8221;grid&#8221; angled_section=&#8221;no&#8221; text_align=&#8221;left&#8221; background_image_as_pattern=&#8221;without_pattern&#8221;][vc_column width=&#8221;4\/6&#8243;][vc_empty_space height=&#8221;50px&#8221;][vc_column_text css=&#8221;&#8221;] Une seule application pour g\u00e9rer toutes les identit\u00e9s d\u2019acc\u00e8s de mani\u00e8re simple et s\u00e9curis\u00e9e [\/vc_column_text][vc_empty_space][\/vc_column][vc_column width=&#8221;2\/6&#8243;][vc_empty_space height=&#8221;50px&#8221;][vc_row_inner row_type=&#8221;row&#8221; type=&#8221;full_width&#8221; text_align=&#8221;left&#8221; css_animation=&#8221;&#8221;][vc_column_inner width=&#8221;1\/6&#8243;][\/vc_column_inner][vc_column_inner width=&#8221;5\/6&#8243;][vc_column_text css=&#8221;&#8221;] D\u00e9couvrez SIDE pour Android et iOS [\/vc_column_text][vc_separator type=&#8221;transparent&#8221;][vc_single_image image=&#8221;46524&#8243; img_size=&#8221;172&#215;172&#8243;&#8230;<\/p>\n","protected":false},"author":22,"featured_media":0,"parent":46406,"menu_order":0,"comment_status":"closed","ping_status":"closed","template":"full_width.php","meta":{"footnotes":""},"class_list":["post-46483","page","type-page","status-publish","hentry"],"yoast_head":"<!-- This site is optimized with the Yoast SEO plugin v27.4 - https:\/\/yoast.com\/product\/yoast-seo-wordpress\/ -->\n<title>App Side | Axess TMC<\/title>\n<meta name=\"description\" content=\"La nouvelle App Side, une seule application pour g\u00e9rer toutes les identit\u00e9s virtuelles de mani\u00e8re simple et s\u00e9curis\u00e9e.\" \/>\n<meta name=\"robots\" content=\"index, follow, max-snippet:-1, max-image-preview:large, max-video-preview:-1\" \/>\n<link rel=\"canonical\" href=\"https:\/\/www.axesstmc.com\/fr\/identifiants-virtuels\/app-side\/\" \/>\n<meta property=\"og:locale\" content=\"fr_FR\" \/>\n<meta property=\"og:type\" content=\"article\" \/>\n<meta property=\"og:title\" content=\"App Side | Axess TMC\" \/>\n<meta property=\"og:description\" content=\"La nouvelle App Side, une seule application pour g\u00e9rer toutes les identit\u00e9s virtuelles de mani\u00e8re simple et s\u00e9curis\u00e9e.\" \/>\n<meta property=\"og:url\" content=\"https:\/\/www.axesstmc.com\/fr\/identifiants-virtuels\/app-side\/\" \/>\n<meta property=\"og:site_name\" content=\"AxessTMC\" \/>\n<meta property=\"article:publisher\" content=\"https:\/\/www.facebook.com\/zucchettiaxess\/\" \/>\n<meta name=\"twitter:card\" content=\"summary_large_image\" \/>\n<meta name=\"twitter:label1\" content=\"Est. reading time\" \/>\n\t<meta name=\"twitter:data1\" content=\"7 minutes\" \/>\n<script type=\"application\/ld+json\" class=\"yoast-schema-graph\">{\"@context\":\"https:\\\/\\\/schema.org\",\"@graph\":[{\"@type\":\"WebPage\",\"@id\":\"https:\\\/\\\/www.axesstmc.com\\\/fr\\\/identifiants-virtuels\\\/app-side\\\/\",\"url\":\"https:\\\/\\\/www.axesstmc.com\\\/fr\\\/identifiants-virtuels\\\/app-side\\\/\",\"name\":\"App Side | Axess TMC\",\"isPartOf\":{\"@id\":\"https:\\\/\\\/www.axesstmc.com\\\/fr\\\/#website\"},\"datePublished\":\"2026-04-01T10:10:40+00:00\",\"description\":\"La nouvelle App Side, une seule application pour g\u00e9rer toutes les identit\u00e9s virtuelles de mani\u00e8re simple et s\u00e9curis\u00e9e.\",\"breadcrumb\":{\"@id\":\"https:\\\/\\\/www.axesstmc.com\\\/fr\\\/identifiants-virtuels\\\/app-side\\\/#breadcrumb\"},\"inLanguage\":\"fr-FR\",\"potentialAction\":[{\"@type\":\"ReadAction\",\"target\":[\"https:\\\/\\\/www.axesstmc.com\\\/fr\\\/identifiants-virtuels\\\/app-side\\\/\"]}]},{\"@type\":\"BreadcrumbList\",\"@id\":\"https:\\\/\\\/www.axesstmc.com\\\/fr\\\/identifiants-virtuels\\\/app-side\\\/#breadcrumb\",\"itemListElement\":[{\"@type\":\"ListItem\",\"position\":1,\"name\":\"Identifiants virtuels\",\"item\":\"https:\\\/\\\/www.axesstmc.com\\\/fr\\\/identifiants-virtuels\\\/\"},{\"@type\":\"ListItem\",\"position\":2,\"name\":\"App Side\"}]},{\"@type\":\"WebSite\",\"@id\":\"https:\\\/\\\/www.axesstmc.com\\\/fr\\\/#website\",\"url\":\"https:\\\/\\\/www.axesstmc.com\\\/fr\\\/\",\"name\":\"AxessTMC\",\"description\":\"Software and Hardware for access control, intrusion detection\",\"publisher\":{\"@id\":\"https:\\\/\\\/www.axesstmc.com\\\/fr\\\/#organization\"},\"potentialAction\":[{\"@type\":\"SearchAction\",\"target\":{\"@type\":\"EntryPoint\",\"urlTemplate\":\"https:\\\/\\\/www.axesstmc.com\\\/fr\\\/?s={search_term_string}\"},\"query-input\":{\"@type\":\"PropertyValueSpecification\",\"valueRequired\":true,\"valueName\":\"search_term_string\"}}],\"inLanguage\":\"fr-FR\"},{\"@type\":\"Organization\",\"@id\":\"https:\\\/\\\/www.axesstmc.com\\\/fr\\\/#organization\",\"name\":\"AxessTMC\",\"url\":\"https:\\\/\\\/www.axesstmc.com\\\/fr\\\/\",\"logo\":{\"@type\":\"ImageObject\",\"inLanguage\":\"fr-FR\",\"@id\":\"https:\\\/\\\/www.axesstmc.com\\\/fr\\\/#\\\/schema\\\/logo\\\/image\\\/\",\"url\":\"https:\\\/\\\/www.axesstmc.com\\\/wp-content\\\/uploads\\\/2019\\\/10\\\/Logo-AxessTMC-Z-Group.jpg\",\"contentUrl\":\"https:\\\/\\\/www.axesstmc.com\\\/wp-content\\\/uploads\\\/2019\\\/10\\\/Logo-AxessTMC-Z-Group.jpg\",\"width\":185,\"height\":55,\"caption\":\"AxessTMC\"},\"image\":{\"@id\":\"https:\\\/\\\/www.axesstmc.com\\\/fr\\\/#\\\/schema\\\/logo\\\/image\\\/\"},\"sameAs\":[\"https:\\\/\\\/www.facebook.com\\\/zucchettiaxess\\\/\",\"https:\\\/\\\/www.linkedin.com\\\/company\\\/zucchetti-axess-s-p-a-?trk=prof-following-company-logo\",\"https:\\\/\\\/www.youtube.com\\\/results?q=axess tmc\"]}]}<\/script>\n<!-- \/ Yoast SEO plugin. -->","yoast_head_json":{"title":"App Side | Axess TMC","description":"La nouvelle App Side, une seule application pour g\u00e9rer toutes les identit\u00e9s virtuelles de mani\u00e8re simple et s\u00e9curis\u00e9e.","robots":{"index":"index","follow":"follow","max-snippet":"max-snippet:-1","max-image-preview":"max-image-preview:large","max-video-preview":"max-video-preview:-1"},"canonical":"https:\/\/www.axesstmc.com\/fr\/identifiants-virtuels\/app-side\/","og_locale":"fr_FR","og_type":"article","og_title":"App Side | Axess TMC","og_description":"La nouvelle App Side, une seule application pour g\u00e9rer toutes les identit\u00e9s virtuelles de mani\u00e8re simple et s\u00e9curis\u00e9e.","og_url":"https:\/\/www.axesstmc.com\/fr\/identifiants-virtuels\/app-side\/","og_site_name":"AxessTMC","article_publisher":"https:\/\/www.facebook.com\/zucchettiaxess\/","twitter_card":"summary_large_image","twitter_misc":{"Est. reading time":"7 minutes"},"schema":{"@context":"https:\/\/schema.org","@graph":[{"@type":"WebPage","@id":"https:\/\/www.axesstmc.com\/fr\/identifiants-virtuels\/app-side\/","url":"https:\/\/www.axesstmc.com\/fr\/identifiants-virtuels\/app-side\/","name":"App Side | Axess TMC","isPartOf":{"@id":"https:\/\/www.axesstmc.com\/fr\/#website"},"datePublished":"2026-04-01T10:10:40+00:00","description":"La nouvelle App Side, une seule application pour g\u00e9rer toutes les identit\u00e9s virtuelles de mani\u00e8re simple et s\u00e9curis\u00e9e.","breadcrumb":{"@id":"https:\/\/www.axesstmc.com\/fr\/identifiants-virtuels\/app-side\/#breadcrumb"},"inLanguage":"fr-FR","potentialAction":[{"@type":"ReadAction","target":["https:\/\/www.axesstmc.com\/fr\/identifiants-virtuels\/app-side\/"]}]},{"@type":"BreadcrumbList","@id":"https:\/\/www.axesstmc.com\/fr\/identifiants-virtuels\/app-side\/#breadcrumb","itemListElement":[{"@type":"ListItem","position":1,"name":"Identifiants virtuels","item":"https:\/\/www.axesstmc.com\/fr\/identifiants-virtuels\/"},{"@type":"ListItem","position":2,"name":"App Side"}]},{"@type":"WebSite","@id":"https:\/\/www.axesstmc.com\/fr\/#website","url":"https:\/\/www.axesstmc.com\/fr\/","name":"AxessTMC","description":"Software and Hardware for access control, intrusion detection","publisher":{"@id":"https:\/\/www.axesstmc.com\/fr\/#organization"},"potentialAction":[{"@type":"SearchAction","target":{"@type":"EntryPoint","urlTemplate":"https:\/\/www.axesstmc.com\/fr\/?s={search_term_string}"},"query-input":{"@type":"PropertyValueSpecification","valueRequired":true,"valueName":"search_term_string"}}],"inLanguage":"fr-FR"},{"@type":"Organization","@id":"https:\/\/www.axesstmc.com\/fr\/#organization","name":"AxessTMC","url":"https:\/\/www.axesstmc.com\/fr\/","logo":{"@type":"ImageObject","inLanguage":"fr-FR","@id":"https:\/\/www.axesstmc.com\/fr\/#\/schema\/logo\/image\/","url":"https:\/\/www.axesstmc.com\/wp-content\/uploads\/2019\/10\/Logo-AxessTMC-Z-Group.jpg","contentUrl":"https:\/\/www.axesstmc.com\/wp-content\/uploads\/2019\/10\/Logo-AxessTMC-Z-Group.jpg","width":185,"height":55,"caption":"AxessTMC"},"image":{"@id":"https:\/\/www.axesstmc.com\/fr\/#\/schema\/logo\/image\/"},"sameAs":["https:\/\/www.facebook.com\/zucchettiaxess\/","https:\/\/www.linkedin.com\/company\/zucchetti-axess-s-p-a-?trk=prof-following-company-logo","https:\/\/www.youtube.com\/results?q=axess tmc"]}]}},"_links":{"self":[{"href":"https:\/\/www.axesstmc.com\/fr\/wp-json\/wp\/v2\/pages\/46483","targetHints":{"allow":["GET"]}}],"collection":[{"href":"https:\/\/www.axesstmc.com\/fr\/wp-json\/wp\/v2\/pages"}],"about":[{"href":"https:\/\/www.axesstmc.com\/fr\/wp-json\/wp\/v2\/types\/page"}],"author":[{"embeddable":true,"href":"https:\/\/www.axesstmc.com\/fr\/wp-json\/wp\/v2\/users\/22"}],"replies":[{"embeddable":true,"href":"https:\/\/www.axesstmc.com\/fr\/wp-json\/wp\/v2\/comments?post=46483"}],"version-history":[{"count":5,"href":"https:\/\/www.axesstmc.com\/fr\/wp-json\/wp\/v2\/pages\/46483\/revisions"}],"predecessor-version":[{"id":46817,"href":"https:\/\/www.axesstmc.com\/fr\/wp-json\/wp\/v2\/pages\/46483\/revisions\/46817"}],"up":[{"embeddable":true,"href":"https:\/\/www.axesstmc.com\/fr\/wp-json\/wp\/v2\/pages\/46406"}],"wp:attachment":[{"href":"https:\/\/www.axesstmc.com\/fr\/wp-json\/wp\/v2\/media?parent=46483"}],"curies":[{"name":"wp","href":"https:\/\/api.w.org\/{rel}","templated":true}]}}