{"id":42323,"date":"2022-05-20T14:27:41","date_gmt":"2022-05-20T14:27:41","guid":{"rendered":"https:\/\/www.axesstmc.com\/?page_id=42323"},"modified":"2024-09-26T13:29:58","modified_gmt":"2024-09-26T13:29:58","slug":"k-per","status":"publish","type":"page","link":"https:\/\/www.axesstmc.com\/fr\/k-per\/","title":{"rendered":"K-Per"},"content":{"rendered":"<div class=\"wpb-content-wrapper\"><p>[vc_row css_animation=&#8221;&#8221; row_type=&#8221;row&#8221; use_row_as_full_screen_section=&#8221;no&#8221; type=&#8221;grid&#8221; angled_section=&#8221;no&#8221; text_align=&#8221;left&#8221; background_image_as_pattern=&#8221;without_pattern&#8221;][vc_column width=&#8221;1\/2&#8243;][vc_row_inner row_type=&#8221;row&#8221; type=&#8221;full_width&#8221; text_align=&#8221;left&#8221; css_animation=&#8221;&#8221;][vc_column_inner][vc_empty_space height=&#8221;100px&#8221;][vc_single_image image=&#8221;42417&#8243; img_size=&#8221;full&#8221; qode_css_animation=&#8221;&#8221;][\/vc_column_inner][\/vc_row_inner][\/vc_column][vc_column width=&#8221;1\/2&#8243;][vc_empty_space height=&#8221;150px&#8221;][vc_row_inner row_type=&#8221;row&#8221; type=&#8221;full_width&#8221; text_align=&#8221;left&#8221; css_animation=&#8221;&#8221;][vc_column_inner][vc_column_text]<\/p>\n<h1><strong>K-Per:<\/strong> la solution intelligente pour la gestion des cl\u00e9s physiques.<\/h1>\n<p>[\/vc_column_text][vc_empty_space height=&#8221;1.5rem&#8221;]<div class=\"q_icon_list\"><i class=\"qode_icon_font_awesome fa fa-check qode-ili-icon-holder circle\" style=\"color: #ffffff;background-color: #0770b7;\" ><\/i><p style=\"font-size: 20px;font-weight: 700;\">Solution modulaire pouvant accueillir jusqu&#039;\u00e0 72 cl\u00e9s<\/p><\/div>[vc_empty_space height=&#8221;1.5rem&#8221;]<div class=\"q_icon_list\"><i class=\"qode_icon_font_awesome fa fa-check qode-ili-icon-holder circle\" style=\"color: #ffffff;background-color: #0770b7;\" ><\/i><p style=\"font-size: 20px;font-weight: 700;\">Liste de cl\u00e9s r\u00e9cup\u00e9rables, d\u00e9finissable pour chaque utilisateur<\/p><\/div>[vc_empty_space]<div class=\"q_icon_list\"><i class=\"qode_icon_font_awesome fa fa-check qode-ili-icon-holder circle\" style=\"color: #ffffff;background-color: #0770b7;\" ><\/i><p style=\"font-size: 20px;font-weight: 700;\">Gestion \u00e0 travers un navigateur web ou un logiciel<\/p><\/div>[\/vc_column_inner][\/vc_row_inner][\/vc_column][\/vc_row][vc_row css_animation=&#8221;&#8221; row_type=&#8221;row&#8221; use_row_as_full_screen_section=&#8221;yes&#8221; type=&#8221;full_width&#8221; angled_section=&#8221;no&#8221; text_align=&#8221;left&#8221; background_image_as_pattern=&#8221;without_pattern&#8221; z_index=&#8221;&#8221;][vc_column][vc_row_inner row_type=&#8221;row&#8221; type=&#8221;full_width&#8221; text_align=&#8221;left&#8221; css_animation=&#8221;&#8221; padding_top=&#8221;0&#8243; padding_bottom=&#8221;0&#8243;][vc_column_inner][vc_empty_space height=&#8221;20rem&#8221; css=&#8221;.vc_custom_1537884365091{margin-top: 2rem !important;margin-bottom: 2rem !important;padding-top: 5rem !important;padding-bottom: 5rem !important;background-image: url(https:\/\/www.axesstmc.com\/wp-content\/uploads\/2018\/05\/banner-blu-triangoli.png) !important;background-position: center !important;background-repeat: no-repeat !important;background-size: cover !important;}&#8221; el_class=&#8221;banner giallo-triangoli&#8221;][\/vc_column_inner][\/vc_row_inner][\/vc_column][\/vc_row][vc_row css_animation=&#8221;&#8221; row_type=&#8221;row&#8221; use_row_as_full_screen_section=&#8221;no&#8221; type=&#8221;full_width&#8221; angled_section=&#8221;no&#8221; text_align=&#8221;left&#8221; background_image_as_pattern=&#8221;without_pattern&#8221;][vc_column width=&#8221;1\/6&#8243;][\/vc_column][vc_column width=&#8221;2\/3&#8243;][vc_column_text css=&#8221;&#8221;]<\/p>\n<h1><strong>L&#8217;armoire \u00e0 cl\u00e9s pour une gestion simple, rapide et s\u00fbre des cl\u00e9s d&#8217;entreprise.<\/strong><\/h1>\n<p>&nbsp;<\/p>\n<p>K-Per est l&#8217;armoire \u00e9lectronique pour la gestion compl\u00e8te des cl\u00e9s physiques, automatiquement et en toute s\u00e9curit\u00e9, sans avoir recours \u00e0 un concierge physique.<\/p>\n<p>&nbsp;<\/p>\n<h2>Fonctionnalit\u00e9s avanc\u00e9es<\/h2>\n<p>K-Per:<\/p>\n<ul>\n<li>garde la trace de qui prend et rend les cl\u00e9s<\/li>\n<li>signale automatiquement les cl\u00e9s non retourn\u00e9es<\/li>\n<li>permet de r\u00e9server les cl\u00e9s<\/li>\n<li>permet de cr\u00e9er des autorisations pour des groupes homog\u00e8nes de cl\u00e9s (par exemple pour la flotte de l&#8217;entreprise)<\/li>\n<\/ul>\n<p>&nbsp;<\/p>\n<p>&nbsp;<\/p>\n<h2>Solution modulaire: jusqu&#8217;\u00e0 72 cl\u00e9s g\u00e9r\u00e9es<\/h2>\n<p>K-Per peut accueillir 24 cl\u00e9s, mais il est possible de g\u00e9rer jusqu&#8217;\u00e0 72 cl\u00e9s en associant <strong>jusqu&#8217;\u00e0 2 armoires esclaves<\/strong> (sans afficheur ni lecteur) \u00e0 l&#8217;<strong>armoire ma\u00eetre<\/strong> (\u00e9quip\u00e9e d&#8217;un panneau de commande comprenant un afficheur et un lecteur RF).<\/p>\n<p>&nbsp;<\/p>\n<p>&nbsp;<\/p>\n<h2>Reconnaissance automatique des cl\u00e9s<\/h2>\n<p>Chaque cl\u00e9 est li\u00e9e \u00e0 un K-Fob \u00e9quip\u00e9 d&#8217;une \u00e9tiquette RF qui permet son <strong>identification unique<\/strong>. Le K-Fob garantit que la cl\u00e9 est fermement verrouill\u00e9e dans l&#8217;armoire et ne peut \u00eatre retir\u00e9e que par des utilisateurs autoris\u00e9s. Le tag RF rend les op\u00e9rations de retour rapides et s\u00fbres et assure \u00e9galement le positionnement correct de la cl\u00e9 dans son emplacement d\u00e9di\u00e9 (SLOT).<\/p>\n<p>&nbsp;<\/p>\n<p>&nbsp;<\/p>\n<h2>Interface utilisateur intuitive<\/h2>\n<p>L&#8217;utilisateur est <strong>identifi\u00e9 \u00e0 travers le lecteur RF multi-technologie <\/strong>du panneau de commande ; outre la lecture d&#8217;un badge, un code PIN peut \u00e9galement \u00eatre demand\u00e9 pour renforcer la s\u00e9curit\u00e9.<br \/>\nLes <strong>LEDs<\/strong> de chaque cl\u00e9 et les indications sur l&#8217;<strong>afficheur<\/strong>guident l&#8217;utilisateur dans les diff\u00e9rentes \u00e9tapes du retrait et du retour de la cl\u00e9.<\/p>\n<p>&nbsp;<\/p>\n<p>&nbsp;<\/p>\n<h2>Mode de configuration et de gestion<\/h2>\n<p>K-Per peut \u00eatre configur\u00e9 et g\u00e9r\u00e9:<br \/>\n\u2022 par le web \u00e0 travers un navigateur (fonctionnement autonome);<br \/>\n\u2022 int\u00e9gr\u00e9 \u00e0 XAtlas (\u00e0 partir de la version 1.9.25).[\/vc_column_text][\/vc_column][vc_column width=&#8221;1\/6&#8243;][\/vc_column][\/vc_row][vc_row css_animation=&#8221;&#8221; row_type=&#8221;row&#8221; use_row_as_full_screen_section=&#8221;no&#8221; type=&#8221;full_width&#8221; angled_section=&#8221;no&#8221; text_align=&#8221;left&#8221; background_image_as_pattern=&#8221;without_pattern&#8221;][vc_column][vc_empty_space height=&#8221;100px&#8221;][\/vc_column][\/vc_row][vc_row css_animation=&#8221;&#8221; row_type=&#8221;row&#8221; use_row_as_full_screen_section=&#8221;no&#8221; type=&#8221;full_width&#8221; angled_section=&#8221;no&#8221; text_align=&#8221;left&#8221; background_image_as_pattern=&#8221;without_pattern&#8221; css=&#8221;.vc_custom_1521454494396{background-color: #0770b7 !important;}&#8221; z_index=&#8221;&#8221;][vc_column][vc_empty_space height=&#8221;40px&#8221;][vc_row_inner row_type=&#8221;row&#8221; type=&#8221;full_width&#8221; text_align=&#8221;left&#8221; css_animation=&#8221;&#8221;][vc_column_inner width=&#8221;1\/4&#8243;][\/vc_column_inner][vc_column_inner width=&#8221;1\/4&#8243;]<span data-type=\"normal\" data-hover-icon-color=\"#dd9933\" class=\"qode_icon_shortcode  q_font_awsome_icon fa-3x pull-center \" style=\" \"><a  itemprop=\"url\" href=\"https:\/\/www.axesstmc.com\/wp-content\/uploads\/2024\/07\/K-Per_fra.pdf\" target=\"_blank\"><i class=\"qode_icon_font_awesome fa fa-download qode_icon_element\" style=\"color: #ffffff;\" ><\/i><\/a><\/span>[vc_column_text]<\/p>\n<h2 style=\"text-align: center;\"><span style=\"color: #ffffff;\">D\u00e9pliant PDF<\/span><\/h2>\n<p>[\/vc_column_text][vc_empty_space height=&#8221;1rem&#8221;][\/vc_column_inner][vc_column_inner el_class=&#8221;SPA sg-popup-id-35449&#8243; width=&#8221;1\/4&#8243;]<span data-type=\"normal\" data-hover-icon-color=\"#dd9933\" class=\"qode_icon_shortcode  q_font_awsome_icon fa-3x pull-center \" style=\" \"><i class=\"qode_icon_font_awesome fa fa-info qode_icon_element\" style=\"color: #ffffff;\" ><\/i><\/span>[vc_column_text el_class=&#8221;sg-popup-id-35449&#8243;]<\/p>\n<h2 style=\"text-align: center;\"><span style=\"color: #ffffff;\">Richiedi info<\/span><\/h2>\n<p>[\/vc_column_text][\/vc_column_inner][vc_column_inner el_class=&#8221;sg-popup-id-35109&#8243; width=&#8221;1\/4&#8243;][\/vc_column_inner][\/vc_row_inner][vc_empty_space height=&#8221;40px&#8221;][\/vc_column][\/vc_row]<\/p>\n<\/div>","protected":false},"excerpt":{"rendered":"<p>[vc_row css_animation=&#8221;&#8221; row_type=&#8221;row&#8221; use_row_as_full_screen_section=&#8221;no&#8221; type=&#8221;grid&#8221; angled_section=&#8221;no&#8221; text_align=&#8221;left&#8221; background_image_as_pattern=&#8221;without_pattern&#8221;][vc_column width=&#8221;1\/2&#8243;][vc_row_inner row_type=&#8221;row&#8221; type=&#8221;full_width&#8221; text_align=&#8221;left&#8221; css_animation=&#8221;&#8221;][vc_column_inner][vc_empty_space height=&#8221;100px&#8221;][vc_single_image image=&#8221;42417&#8243; img_size=&#8221;full&#8221; qode_css_animation=&#8221;&#8221;][\/vc_column_inner][\/vc_row_inner][\/vc_column][vc_column width=&#8221;1\/2&#8243;][vc_empty_space height=&#8221;150px&#8221;][vc_row_inner row_type=&#8221;row&#8221; type=&#8221;full_width&#8221; text_align=&#8221;left&#8221; css_animation=&#8221;&#8221;][vc_column_inner][vc_column_text] K-Per: la solution intelligente pour la gestion des cl\u00e9s physiques. [\/vc_column_text][vc_empty_space height=&#8221;1.5rem&#8221;][vc_empty_space height=&#8221;1.5rem&#8221;][vc_empty_space][\/vc_column_inner][\/vc_row_inner][\/vc_column][\/vc_row][vc_row css_animation=&#8221;&#8221; row_type=&#8221;row&#8221; use_row_as_full_screen_section=&#8221;yes&#8221; type=&#8221;full_width&#8221; angled_section=&#8221;no&#8221; text_align=&#8221;left&#8221; background_image_as_pattern=&#8221;without_pattern&#8221; z_index=&#8221;&#8221;][vc_column][vc_row_inner row_type=&#8221;row&#8221;&#8230;<\/p>\n","protected":false},"author":14,"featured_media":0,"parent":0,"menu_order":0,"comment_status":"closed","ping_status":"closed","template":"full_width.php","meta":{"footnotes":""},"class_list":["post-42323","page","type-page","status-publish","hentry"],"yoast_head":"<!-- This site is optimized with the Yoast SEO plugin v27.4 - https:\/\/yoast.com\/product\/yoast-seo-wordpress\/ -->\n<title>K-Per, l&#039;armoire \u00e9lectronique pour la gestion des cl\u00e9s | AxessTMC<\/title>\n<meta name=\"description\" content=\"K-Per est l\u2019armoire \u00e9lectronique pour la gestion compl\u00e8te des cl\u00e9s physiques, de mani\u00e8re automatique et en toute s\u00e9curit\u00e9, sans avoir besoin d\u2019un concierge physique.\" \/>\n<meta name=\"robots\" content=\"index, follow, max-snippet:-1, max-image-preview:large, max-video-preview:-1\" \/>\n<link rel=\"canonical\" href=\"https:\/\/www.axesstmc.com\/fr\/k-per\/\" \/>\n<meta property=\"og:locale\" content=\"fr_FR\" \/>\n<meta property=\"og:type\" content=\"article\" \/>\n<meta property=\"og:title\" content=\"K-Per, l&#039;armoire \u00e9lectronique pour la gestion des cl\u00e9s | AxessTMC\" \/>\n<meta property=\"og:description\" content=\"K-Per est l\u2019armoire \u00e9lectronique pour la gestion compl\u00e8te des cl\u00e9s physiques, de mani\u00e8re automatique et en toute s\u00e9curit\u00e9, sans avoir besoin d\u2019un concierge physique.\" \/>\n<meta property=\"og:url\" content=\"https:\/\/www.axesstmc.com\/fr\/k-per\/\" \/>\n<meta property=\"og:site_name\" content=\"AxessTMC\" \/>\n<meta property=\"article:publisher\" content=\"https:\/\/www.facebook.com\/zucchettiaxess\/\" \/>\n<meta property=\"article:modified_time\" content=\"2024-09-26T13:29:58+00:00\" \/>\n<meta name=\"twitter:card\" content=\"summary_large_image\" \/>\n<meta name=\"twitter:label1\" content=\"Est. reading time\" \/>\n\t<meta name=\"twitter:data1\" content=\"3 minutes\" \/>\n<script type=\"application\/ld+json\" class=\"yoast-schema-graph\">{\"@context\":\"https:\\\/\\\/schema.org\",\"@graph\":[{\"@type\":\"WebPage\",\"@id\":\"https:\\\/\\\/www.axesstmc.com\\\/fr\\\/k-per\\\/\",\"url\":\"https:\\\/\\\/www.axesstmc.com\\\/fr\\\/k-per\\\/\",\"name\":\"K-Per, l'armoire \u00e9lectronique pour la gestion des cl\u00e9s | AxessTMC\",\"isPartOf\":{\"@id\":\"https:\\\/\\\/www.axesstmc.com\\\/fr\\\/#website\"},\"datePublished\":\"2022-05-20T14:27:41+00:00\",\"dateModified\":\"2024-09-26T13:29:58+00:00\",\"description\":\"K-Per est l\u2019armoire \u00e9lectronique pour la gestion compl\u00e8te des cl\u00e9s physiques, de mani\u00e8re automatique et en toute s\u00e9curit\u00e9, sans avoir besoin d\u2019un concierge physique.\",\"inLanguage\":\"fr-FR\",\"potentialAction\":[{\"@type\":\"ReadAction\",\"target\":[\"https:\\\/\\\/www.axesstmc.com\\\/fr\\\/k-per\\\/\"]}]},{\"@type\":\"WebSite\",\"@id\":\"https:\\\/\\\/www.axesstmc.com\\\/fr\\\/#website\",\"url\":\"https:\\\/\\\/www.axesstmc.com\\\/fr\\\/\",\"name\":\"AxessTMC\",\"description\":\"Software and Hardware for access control, intrusion detection\",\"publisher\":{\"@id\":\"https:\\\/\\\/www.axesstmc.com\\\/fr\\\/#organization\"},\"potentialAction\":[{\"@type\":\"SearchAction\",\"target\":{\"@type\":\"EntryPoint\",\"urlTemplate\":\"https:\\\/\\\/www.axesstmc.com\\\/fr\\\/?s={search_term_string}\"},\"query-input\":{\"@type\":\"PropertyValueSpecification\",\"valueRequired\":true,\"valueName\":\"search_term_string\"}}],\"inLanguage\":\"fr-FR\"},{\"@type\":\"Organization\",\"@id\":\"https:\\\/\\\/www.axesstmc.com\\\/fr\\\/#organization\",\"name\":\"AxessTMC\",\"url\":\"https:\\\/\\\/www.axesstmc.com\\\/fr\\\/\",\"logo\":{\"@type\":\"ImageObject\",\"inLanguage\":\"fr-FR\",\"@id\":\"https:\\\/\\\/www.axesstmc.com\\\/fr\\\/#\\\/schema\\\/logo\\\/image\\\/\",\"url\":\"https:\\\/\\\/www.axesstmc.com\\\/wp-content\\\/uploads\\\/2019\\\/10\\\/Logo-AxessTMC-Z-Group.jpg\",\"contentUrl\":\"https:\\\/\\\/www.axesstmc.com\\\/wp-content\\\/uploads\\\/2019\\\/10\\\/Logo-AxessTMC-Z-Group.jpg\",\"width\":185,\"height\":55,\"caption\":\"AxessTMC\"},\"image\":{\"@id\":\"https:\\\/\\\/www.axesstmc.com\\\/fr\\\/#\\\/schema\\\/logo\\\/image\\\/\"},\"sameAs\":[\"https:\\\/\\\/www.facebook.com\\\/zucchettiaxess\\\/\",\"https:\\\/\\\/www.linkedin.com\\\/company\\\/zucchetti-axess-s-p-a-?trk=prof-following-company-logo\",\"https:\\\/\\\/www.youtube.com\\\/results?q=axess tmc\"]}]}<\/script>\n<!-- \/ Yoast SEO plugin. -->","yoast_head_json":{"title":"K-Per, l'armoire \u00e9lectronique pour la gestion des cl\u00e9s | AxessTMC","description":"K-Per est l\u2019armoire \u00e9lectronique pour la gestion compl\u00e8te des cl\u00e9s physiques, de mani\u00e8re automatique et en toute s\u00e9curit\u00e9, sans avoir besoin d\u2019un concierge physique.","robots":{"index":"index","follow":"follow","max-snippet":"max-snippet:-1","max-image-preview":"max-image-preview:large","max-video-preview":"max-video-preview:-1"},"canonical":"https:\/\/www.axesstmc.com\/fr\/k-per\/","og_locale":"fr_FR","og_type":"article","og_title":"K-Per, l'armoire \u00e9lectronique pour la gestion des cl\u00e9s | AxessTMC","og_description":"K-Per est l\u2019armoire \u00e9lectronique pour la gestion compl\u00e8te des cl\u00e9s physiques, de mani\u00e8re automatique et en toute s\u00e9curit\u00e9, sans avoir besoin d\u2019un concierge physique.","og_url":"https:\/\/www.axesstmc.com\/fr\/k-per\/","og_site_name":"AxessTMC","article_publisher":"https:\/\/www.facebook.com\/zucchettiaxess\/","article_modified_time":"2024-09-26T13:29:58+00:00","twitter_card":"summary_large_image","twitter_misc":{"Est. reading time":"3 minutes"},"schema":{"@context":"https:\/\/schema.org","@graph":[{"@type":"WebPage","@id":"https:\/\/www.axesstmc.com\/fr\/k-per\/","url":"https:\/\/www.axesstmc.com\/fr\/k-per\/","name":"K-Per, l'armoire \u00e9lectronique pour la gestion des cl\u00e9s | AxessTMC","isPartOf":{"@id":"https:\/\/www.axesstmc.com\/fr\/#website"},"datePublished":"2022-05-20T14:27:41+00:00","dateModified":"2024-09-26T13:29:58+00:00","description":"K-Per est l\u2019armoire \u00e9lectronique pour la gestion compl\u00e8te des cl\u00e9s physiques, de mani\u00e8re automatique et en toute s\u00e9curit\u00e9, sans avoir besoin d\u2019un concierge physique.","inLanguage":"fr-FR","potentialAction":[{"@type":"ReadAction","target":["https:\/\/www.axesstmc.com\/fr\/k-per\/"]}]},{"@type":"WebSite","@id":"https:\/\/www.axesstmc.com\/fr\/#website","url":"https:\/\/www.axesstmc.com\/fr\/","name":"AxessTMC","description":"Software and Hardware for access control, intrusion detection","publisher":{"@id":"https:\/\/www.axesstmc.com\/fr\/#organization"},"potentialAction":[{"@type":"SearchAction","target":{"@type":"EntryPoint","urlTemplate":"https:\/\/www.axesstmc.com\/fr\/?s={search_term_string}"},"query-input":{"@type":"PropertyValueSpecification","valueRequired":true,"valueName":"search_term_string"}}],"inLanguage":"fr-FR"},{"@type":"Organization","@id":"https:\/\/www.axesstmc.com\/fr\/#organization","name":"AxessTMC","url":"https:\/\/www.axesstmc.com\/fr\/","logo":{"@type":"ImageObject","inLanguage":"fr-FR","@id":"https:\/\/www.axesstmc.com\/fr\/#\/schema\/logo\/image\/","url":"https:\/\/www.axesstmc.com\/wp-content\/uploads\/2019\/10\/Logo-AxessTMC-Z-Group.jpg","contentUrl":"https:\/\/www.axesstmc.com\/wp-content\/uploads\/2019\/10\/Logo-AxessTMC-Z-Group.jpg","width":185,"height":55,"caption":"AxessTMC"},"image":{"@id":"https:\/\/www.axesstmc.com\/fr\/#\/schema\/logo\/image\/"},"sameAs":["https:\/\/www.facebook.com\/zucchettiaxess\/","https:\/\/www.linkedin.com\/company\/zucchetti-axess-s-p-a-?trk=prof-following-company-logo","https:\/\/www.youtube.com\/results?q=axess tmc"]}]}},"_links":{"self":[{"href":"https:\/\/www.axesstmc.com\/fr\/wp-json\/wp\/v2\/pages\/42323","targetHints":{"allow":["GET"]}}],"collection":[{"href":"https:\/\/www.axesstmc.com\/fr\/wp-json\/wp\/v2\/pages"}],"about":[{"href":"https:\/\/www.axesstmc.com\/fr\/wp-json\/wp\/v2\/types\/page"}],"author":[{"embeddable":true,"href":"https:\/\/www.axesstmc.com\/fr\/wp-json\/wp\/v2\/users\/14"}],"replies":[{"embeddable":true,"href":"https:\/\/www.axesstmc.com\/fr\/wp-json\/wp\/v2\/comments?post=42323"}],"version-history":[{"count":26,"href":"https:\/\/www.axesstmc.com\/fr\/wp-json\/wp\/v2\/pages\/42323\/revisions"}],"predecessor-version":[{"id":44933,"href":"https:\/\/www.axesstmc.com\/fr\/wp-json\/wp\/v2\/pages\/42323\/revisions\/44933"}],"wp:attachment":[{"href":"https:\/\/www.axesstmc.com\/fr\/wp-json\/wp\/v2\/media?parent=42323"}],"curies":[{"name":"wp","href":"https:\/\/api.w.org\/{rel}","templated":true}]}}