{"id":40202,"date":"2021-06-10T12:51:35","date_gmt":"2021-06-10T12:51:35","guid":{"rendered":"https:\/\/www.axesstmc.com\/entry365-service-cloud\/"},"modified":"2026-01-22T16:56:48","modified_gmt":"2026-01-22T16:56:48","slug":"entry365-service-cloud","status":"publish","type":"page","link":"https:\/\/www.axesstmc.com\/fr\/entry365-service-cloud\/","title":{"rendered":"Entry365 Service Cloud"},"content":{"rendered":"<div class=\"wpb-content-wrapper\"><p>[vc_row css_animation=&#8221;&#8221; row_type=&#8221;row&#8221; use_row_as_full_screen_section=&#8221;no&#8221; type=&#8221;grid&#8221; angled_section=&#8221;no&#8221; text_align=&#8221;left&#8221; background_image_as_pattern=&#8221;without_pattern&#8221;][vc_column][vc_empty_space][vc_column_text]<\/p>\n<h1><strong>Entry365 : le nouveau service en nuage d\u2019AxessTMC<\/strong><\/h1>\n<p>[\/vc_column_text][vc_empty_space height=&#8221;40px&#8221;][vc_column_text]Entry365 est le service en nuage d&#8217;AxessTMC qui permet d&#8217;accorder \u00e0 des personnes externes l&#8217;acc\u00e8s \u00e0 l&#8217;entreprise. Il est tr\u00e8s utile pour g\u00e9rer les visiteurs, dans des contextes ordinaires (par exemple : r\u00e9unions) et extraordinaires (par exemple : \u00e9v\u00e9nements), de mani\u00e8re simple, rapide et s\u00e9curis\u00e9e.[\/vc_column_text][vc_empty_space height=&#8221;50px&#8221;][\/vc_column][\/vc_row][vc_row css_animation=&#8221;&#8221; row_type=&#8221;row&#8221; use_row_as_full_screen_section=&#8221;no&#8221; type=&#8221;grid&#8221; angled_section=&#8221;no&#8221; text_align=&#8221;left&#8221; background_image_as_pattern=&#8221;without_pattern&#8221; z_index=&#8221;&#8221;][vc_column][vc_column_text]<\/p>\n<h1>4 \u00e9tapes simples:<\/h1>\n<p>&nbsp;<\/p>\n<ol>\n<li style=\"list-style-type: none;\">\n<ol>\n<li style=\"list-style-type: none;\">\n<ol>\n<li>Le visiteur t\u00e9l\u00e9charge l&#8217;application Entry et s&#8217;inscrit gratuitement \u00e0 travers son e-mail.<\/li>\n<li>Le syst\u00e8me en nuage Entry365 attribue un identifiant unique au smartphone \u00e0 partir duquel le Sujet s&#8217;est enregistr\u00e9.<\/li>\n<li>Les syst\u00e8mes de contr\u00f4le d&#8217;acc\u00e8s obtiennent du service en nuage Entry365, \u00e0 travers un service web, l&#8217;identifiant associ\u00e9 \u00e0 l&#8217;e-mail de l&#8217;invit\u00e9 et autorisent l&#8217;acc\u00e8s quand et o\u00f9 cela est n\u00e9cessaire.<\/li>\n<li>Le visiteur confirme sa pr\u00e9sence et, le jour de la visite, se connecte de mani\u00e8re autonome en utilisant son smartphone comme un badge. Le smartphone enverra l\u2019identifiant au lecteur BLE (Bluetooth), qui aura \u00e9t\u00e9 pr\u00e9alablement activ\u00e9.<\/li>\n<\/ol>\n<\/li>\n<\/ol>\n<\/li>\n<\/ol>\n<p>[\/vc_column_text][vc_empty_space height=&#8221;70px&#8221;][\/vc_column][\/vc_row][vc_row css_animation=&#8221;&#8221; row_type=&#8221;row&#8221; use_row_as_full_screen_section=&#8221;no&#8221; type=&#8221;full_width&#8221; angled_section=&#8221;no&#8221; text_align=&#8221;left&#8221; background_image_as_pattern=&#8221;without_pattern&#8221; css=&#8221;.vc_custom_1521454494396{background-color: #0770b7 !important;}&#8221; z_index=&#8221;&#8221;][vc_column][vc_empty_space height=&#8221;40px&#8221;][vc_row_inner row_type=&#8221;row&#8221; type=&#8221;full_width&#8221; text_align=&#8221;left&#8221; css_animation=&#8221;&#8221;][vc_column_inner width=&#8221;1\/4&#8243;][\/vc_column_inner][vc_column_inner el_class=&#8221;sg-popup-id-35449&#8243; width=&#8221;1\/4&#8243;]<span data-type=\"normal\" data-hover-icon-color=\"#dd9933\" class=\"qode_icon_shortcode  q_font_awsome_icon fa-3x pull-center \" style=\" \"><i class=\"qode_icon_font_awesome fa fa-info qode_icon_element\" style=\"color: #ffffff;\" ><\/i><\/span>[vc_column_text]<\/p>\n<h2 style=\"text-align: center;\"><span style=\"color: #ffffff;\">En savoir plus<\/span><\/h2>\n<p>[\/vc_column_text][\/vc_column_inner][vc_column_inner width=&#8221;1\/4&#8243;]<span data-type=\"normal\" data-hover-icon-color=\"#dd9933\" class=\"qode_icon_shortcode  q_font_awsome_icon fa-2x pull-center \" style=\" \"><a  itemprop=\"url\" href=\"https:\/\/www.axesstmc.com\/wp-content\/uploads\/2022\/01\/ZA_PIMS_Entry365_ENG.pdf\" target=\"_blank\"><i class=\"qode_icon_font_awesome fa fa-file qode_icon_element\" style=\"color: #ffffff;\" ><\/i><\/a><\/span>[vc_empty_space height=&#8221;1rem&#8221;][vc_column_text css=&#8221;&#8221;]<\/p>\n<p style=\"text-align: center;\"><strong><span style=\"color: #ffffff;\">Registre de traitement &#8211; Entry365<\/span><\/strong><\/p>\n<p style=\"text-align: center;\"><span style=\"color: #ffffff;\">conform\u00e9ment \u00e0 l&#8217;article 30 du R\u00e8glement 679\/2016\/ (RGPD)<\/span><\/p>\n<p>[\/vc_column_text][\/vc_column_inner][vc_column_inner width=&#8221;1\/4&#8243;][\/vc_column_inner][\/vc_row_inner][vc_empty_space height=&#8221;40px&#8221;][\/vc_column][\/vc_row]<\/p>\n<\/div>","protected":false},"excerpt":{"rendered":"<p>[vc_row css_animation=&#8221;&#8221; row_type=&#8221;row&#8221; use_row_as_full_screen_section=&#8221;no&#8221; type=&#8221;grid&#8221; angled_section=&#8221;no&#8221; text_align=&#8221;left&#8221; background_image_as_pattern=&#8221;without_pattern&#8221;][vc_column][vc_empty_space][vc_column_text] Entry365 : le nouveau service en nuage d\u2019AxessTMC [\/vc_column_text][vc_empty_space height=&#8221;40px&#8221;][vc_column_text]Entry365 est le service en nuage d&#8217;AxessTMC qui permet d&#8217;accorder \u00e0 des personnes externes l&#8217;acc\u00e8s \u00e0 l&#8217;entreprise. Il est tr\u00e8s utile pour g\u00e9rer les visiteurs, dans des contextes&#8230;<\/p>\n","protected":false},"author":19,"featured_media":0,"parent":0,"menu_order":0,"comment_status":"closed","ping_status":"closed","template":"full_width.php","meta":{"footnotes":""},"class_list":["post-40202","page","type-page","status-publish","hentry"],"yoast_head":"<!-- This site is optimized with the Yoast SEO plugin v27.4 - https:\/\/yoast.com\/product\/yoast-seo-wordpress\/ -->\n<title>Entry365 Service Cloud - AxessTMC<\/title>\n<meta name=\"description\" content=\"Entry365 est le service cloud qui permet d\u2019autoriser l\u2019acc\u00e8s \u00e0 l\u2019entreprise aux visiteurs externes, lors d\u2019\u00e9v\u00e9nements ordinaires et extraordinaires.\" \/>\n<meta name=\"robots\" content=\"index, follow, max-snippet:-1, max-image-preview:large, max-video-preview:-1\" \/>\n<link rel=\"canonical\" href=\"https:\/\/www.axesstmc.com\/fr\/entry365-service-cloud\/\" \/>\n<meta property=\"og:locale\" content=\"fr_FR\" \/>\n<meta property=\"og:type\" content=\"article\" \/>\n<meta property=\"og:title\" content=\"Entry365 Service Cloud - AxessTMC\" \/>\n<meta property=\"og:description\" content=\"Entry365 est le service cloud qui permet d\u2019autoriser l\u2019acc\u00e8s \u00e0 l\u2019entreprise aux visiteurs externes, lors d\u2019\u00e9v\u00e9nements ordinaires et extraordinaires.\" \/>\n<meta property=\"og:url\" content=\"https:\/\/www.axesstmc.com\/fr\/entry365-service-cloud\/\" \/>\n<meta property=\"og:site_name\" content=\"AxessTMC\" \/>\n<meta property=\"article:publisher\" content=\"https:\/\/www.facebook.com\/zucchettiaxess\/\" \/>\n<meta property=\"article:modified_time\" content=\"2026-01-22T16:56:48+00:00\" \/>\n<meta name=\"twitter:card\" content=\"summary_large_image\" \/>\n<meta name=\"twitter:label1\" content=\"Est. reading time\" \/>\n\t<meta name=\"twitter:data1\" content=\"2 minutes\" \/>\n<script type=\"application\/ld+json\" class=\"yoast-schema-graph\">{\"@context\":\"https:\\\/\\\/schema.org\",\"@graph\":[{\"@type\":\"WebPage\",\"@id\":\"https:\\\/\\\/www.axesstmc.com\\\/fr\\\/entry365-service-cloud\\\/\",\"url\":\"https:\\\/\\\/www.axesstmc.com\\\/fr\\\/entry365-service-cloud\\\/\",\"name\":\"Entry365 Service Cloud - AxessTMC\",\"isPartOf\":{\"@id\":\"https:\\\/\\\/www.axesstmc.com\\\/fr\\\/#website\"},\"datePublished\":\"2021-06-10T12:51:35+00:00\",\"dateModified\":\"2026-01-22T16:56:48+00:00\",\"description\":\"Entry365 est le service cloud qui permet d\u2019autoriser l\u2019acc\u00e8s \u00e0 l\u2019entreprise aux visiteurs externes, lors d\u2019\u00e9v\u00e9nements ordinaires et extraordinaires.\",\"inLanguage\":\"fr-FR\",\"potentialAction\":[{\"@type\":\"ReadAction\",\"target\":[\"https:\\\/\\\/www.axesstmc.com\\\/fr\\\/entry365-service-cloud\\\/\"]}]},{\"@type\":\"WebSite\",\"@id\":\"https:\\\/\\\/www.axesstmc.com\\\/fr\\\/#website\",\"url\":\"https:\\\/\\\/www.axesstmc.com\\\/fr\\\/\",\"name\":\"AxessTMC\",\"description\":\"Software and Hardware for access control, intrusion detection\",\"publisher\":{\"@id\":\"https:\\\/\\\/www.axesstmc.com\\\/fr\\\/#organization\"},\"potentialAction\":[{\"@type\":\"SearchAction\",\"target\":{\"@type\":\"EntryPoint\",\"urlTemplate\":\"https:\\\/\\\/www.axesstmc.com\\\/fr\\\/?s={search_term_string}\"},\"query-input\":{\"@type\":\"PropertyValueSpecification\",\"valueRequired\":true,\"valueName\":\"search_term_string\"}}],\"inLanguage\":\"fr-FR\"},{\"@type\":\"Organization\",\"@id\":\"https:\\\/\\\/www.axesstmc.com\\\/fr\\\/#organization\",\"name\":\"AxessTMC\",\"url\":\"https:\\\/\\\/www.axesstmc.com\\\/fr\\\/\",\"logo\":{\"@type\":\"ImageObject\",\"inLanguage\":\"fr-FR\",\"@id\":\"https:\\\/\\\/www.axesstmc.com\\\/fr\\\/#\\\/schema\\\/logo\\\/image\\\/\",\"url\":\"https:\\\/\\\/www.axesstmc.com\\\/wp-content\\\/uploads\\\/2019\\\/10\\\/Logo-AxessTMC-Z-Group.jpg\",\"contentUrl\":\"https:\\\/\\\/www.axesstmc.com\\\/wp-content\\\/uploads\\\/2019\\\/10\\\/Logo-AxessTMC-Z-Group.jpg\",\"width\":185,\"height\":55,\"caption\":\"AxessTMC\"},\"image\":{\"@id\":\"https:\\\/\\\/www.axesstmc.com\\\/fr\\\/#\\\/schema\\\/logo\\\/image\\\/\"},\"sameAs\":[\"https:\\\/\\\/www.facebook.com\\\/zucchettiaxess\\\/\",\"https:\\\/\\\/www.linkedin.com\\\/company\\\/zucchetti-axess-s-p-a-?trk=prof-following-company-logo\",\"https:\\\/\\\/www.youtube.com\\\/results?q=axess tmc\"]}]}<\/script>\n<!-- \/ Yoast SEO plugin. -->","yoast_head_json":{"title":"Entry365 Service Cloud - AxessTMC","description":"Entry365 est le service cloud qui permet d\u2019autoriser l\u2019acc\u00e8s \u00e0 l\u2019entreprise aux visiteurs externes, lors d\u2019\u00e9v\u00e9nements ordinaires et extraordinaires.","robots":{"index":"index","follow":"follow","max-snippet":"max-snippet:-1","max-image-preview":"max-image-preview:large","max-video-preview":"max-video-preview:-1"},"canonical":"https:\/\/www.axesstmc.com\/fr\/entry365-service-cloud\/","og_locale":"fr_FR","og_type":"article","og_title":"Entry365 Service Cloud - AxessTMC","og_description":"Entry365 est le service cloud qui permet d\u2019autoriser l\u2019acc\u00e8s \u00e0 l\u2019entreprise aux visiteurs externes, lors d\u2019\u00e9v\u00e9nements ordinaires et extraordinaires.","og_url":"https:\/\/www.axesstmc.com\/fr\/entry365-service-cloud\/","og_site_name":"AxessTMC","article_publisher":"https:\/\/www.facebook.com\/zucchettiaxess\/","article_modified_time":"2026-01-22T16:56:48+00:00","twitter_card":"summary_large_image","twitter_misc":{"Est. reading time":"2 minutes"},"schema":{"@context":"https:\/\/schema.org","@graph":[{"@type":"WebPage","@id":"https:\/\/www.axesstmc.com\/fr\/entry365-service-cloud\/","url":"https:\/\/www.axesstmc.com\/fr\/entry365-service-cloud\/","name":"Entry365 Service Cloud - AxessTMC","isPartOf":{"@id":"https:\/\/www.axesstmc.com\/fr\/#website"},"datePublished":"2021-06-10T12:51:35+00:00","dateModified":"2026-01-22T16:56:48+00:00","description":"Entry365 est le service cloud qui permet d\u2019autoriser l\u2019acc\u00e8s \u00e0 l\u2019entreprise aux visiteurs externes, lors d\u2019\u00e9v\u00e9nements ordinaires et extraordinaires.","inLanguage":"fr-FR","potentialAction":[{"@type":"ReadAction","target":["https:\/\/www.axesstmc.com\/fr\/entry365-service-cloud\/"]}]},{"@type":"WebSite","@id":"https:\/\/www.axesstmc.com\/fr\/#website","url":"https:\/\/www.axesstmc.com\/fr\/","name":"AxessTMC","description":"Software and Hardware for access control, intrusion detection","publisher":{"@id":"https:\/\/www.axesstmc.com\/fr\/#organization"},"potentialAction":[{"@type":"SearchAction","target":{"@type":"EntryPoint","urlTemplate":"https:\/\/www.axesstmc.com\/fr\/?s={search_term_string}"},"query-input":{"@type":"PropertyValueSpecification","valueRequired":true,"valueName":"search_term_string"}}],"inLanguage":"fr-FR"},{"@type":"Organization","@id":"https:\/\/www.axesstmc.com\/fr\/#organization","name":"AxessTMC","url":"https:\/\/www.axesstmc.com\/fr\/","logo":{"@type":"ImageObject","inLanguage":"fr-FR","@id":"https:\/\/www.axesstmc.com\/fr\/#\/schema\/logo\/image\/","url":"https:\/\/www.axesstmc.com\/wp-content\/uploads\/2019\/10\/Logo-AxessTMC-Z-Group.jpg","contentUrl":"https:\/\/www.axesstmc.com\/wp-content\/uploads\/2019\/10\/Logo-AxessTMC-Z-Group.jpg","width":185,"height":55,"caption":"AxessTMC"},"image":{"@id":"https:\/\/www.axesstmc.com\/fr\/#\/schema\/logo\/image\/"},"sameAs":["https:\/\/www.facebook.com\/zucchettiaxess\/","https:\/\/www.linkedin.com\/company\/zucchetti-axess-s-p-a-?trk=prof-following-company-logo","https:\/\/www.youtube.com\/results?q=axess tmc"]}]}},"_links":{"self":[{"href":"https:\/\/www.axesstmc.com\/fr\/wp-json\/wp\/v2\/pages\/40202","targetHints":{"allow":["GET"]}}],"collection":[{"href":"https:\/\/www.axesstmc.com\/fr\/wp-json\/wp\/v2\/pages"}],"about":[{"href":"https:\/\/www.axesstmc.com\/fr\/wp-json\/wp\/v2\/types\/page"}],"author":[{"embeddable":true,"href":"https:\/\/www.axesstmc.com\/fr\/wp-json\/wp\/v2\/users\/19"}],"replies":[{"embeddable":true,"href":"https:\/\/www.axesstmc.com\/fr\/wp-json\/wp\/v2\/comments?post=40202"}],"version-history":[{"count":8,"href":"https:\/\/www.axesstmc.com\/fr\/wp-json\/wp\/v2\/pages\/40202\/revisions"}],"predecessor-version":[{"id":46185,"href":"https:\/\/www.axesstmc.com\/fr\/wp-json\/wp\/v2\/pages\/40202\/revisions\/46185"}],"wp:attachment":[{"href":"https:\/\/www.axesstmc.com\/fr\/wp-json\/wp\/v2\/media?parent=40202"}],"curies":[{"name":"wp","href":"https:\/\/api.w.org\/{rel}","templated":true}]}}