{"id":37923,"date":"2020-04-21T11:28:52","date_gmt":"2020-04-21T11:28:52","guid":{"rendered":"https:\/\/www.axesstmc.com\/x7-glass-linux\/"},"modified":"2024-10-02T12:46:42","modified_gmt":"2024-10-02T12:46:42","slug":"xtrax-7-10","status":"publish","type":"page","link":"https:\/\/www.axesstmc.com\/fr\/xtrax-7-10\/","title":{"rendered":"XTrax Linux Family"},"content":{"rendered":"<div class=\"wpb-content-wrapper\"><p>[vc_row css_animation=&#8221;&#8221; row_type=&#8221;row&#8221; use_row_as_full_screen_section=&#8221;no&#8221; type=&#8221;grid&#8221; angled_section=&#8221;no&#8221; text_align=&#8221;left&#8221; background_image_as_pattern=&#8221;without_pattern&#8221;][vc_column width=&#8221;1\/2&#8243;][vc_empty_space height=&#8221;70px&#8221;][vc_single_image image=&#8221;43326&#8243; img_size=&#8221;full&#8221; alignment=&#8221;center&#8221; qode_css_animation=&#8221;&#8221;][\/vc_column][vc_column width=&#8221;1\/2&#8243;][vc_empty_space height=&#8221;70px&#8221;][vc_column_text]<\/p>\n<h1><strong>Famille XTrax Linux: <\/strong> terminaux de collecte de donn\u00e9es pour d\u00e9veloppeurs<\/h1>\n<p>[\/vc_column_text][vc_empty_space height=&#8221;2.5rem&#8221;]<div class=\"q_icon_list\"><i class=\"qode_icon_font_awesome fa fa-check qode-ili-icon-holder circle\" style=\"color: #ffffff;background-color: #0770b7;\" ><\/i><p style=\"font-size: 20px;font-weight: 700;\">Grand \u00e9cran 7&#039;&#039;ou 10``<\/p><\/div>[vc_empty_space height=&#8221;1.5rem&#8221;]<div class=\"q_icon_list\"><i class=\"qode_icon_font_awesome fa fa-check qode-ili-icon-holder circle\" style=\"color: #ffffff;background-color: #0770b7;\" ><\/i><p style=\"font-size: 20px;font-weight: 700;\">Syst\u00e8me d&#039;exploitation Raspbian<\/p><\/div>[vc_empty_space height=&#8221;1.5rem&#8221;]<div class=\"q_icon_list\"><i class=\"qode_icon_font_awesome fa fa-check qode-ili-icon-holder circle\" style=\"color: #ffffff;background-color: #0770b7;\" ><\/i><p style=\"font-size: 20px;font-weight: 700;\">Disponibles avec lecteurs incorpor\u00e9s<\/p><\/div>[\/vc_column][\/vc_row][vc_row css_animation=&#8221;&#8221; row_type=&#8221;row&#8221; use_row_as_full_screen_section=&#8221;yes&#8221; type=&#8221;full_width&#8221; angled_section=&#8221;no&#8221; text_align=&#8221;left&#8221; background_image_as_pattern=&#8221;without_pattern&#8221; z_index=&#8221;&#8221;][vc_column][vc_row_inner row_type=&#8221;row&#8221; type=&#8221;full_width&#8221; text_align=&#8221;left&#8221; css_animation=&#8221;&#8221; padding_top=&#8221;0&#8243; padding_bottom=&#8221;0&#8243;][vc_column_inner][vc_empty_space height=&#8221;20rem&#8221; css=&#8221;.vc_custom_1537884365091{margin-top: 2rem !important;margin-bottom: 2rem !important;padding-top: 5rem !important;padding-bottom: 5rem !important;background-image: url(https:\/\/www.axesstmc.com\/wp-content\/uploads\/2018\/05\/banner-blu-triangoli.png) !important;background-position: center !important;background-repeat: no-repeat !important;background-size: cover !important;}&#8221; el_class=&#8221;banner giallo-triangoli&#8221;][\/vc_column_inner][\/vc_row_inner][\/vc_column][\/vc_row][vc_row css_animation=&#8221;&#8221; row_type=&#8221;row&#8221; use_row_as_full_screen_section=&#8221;no&#8221; type=&#8221;grid&#8221; angled_section=&#8221;no&#8221; text_align=&#8221;left&#8221; background_image_as_pattern=&#8221;without_pattern&#8221;][vc_column][vc_column_text]<strong>XTrax 7 <\/strong>et\u00a0<strong>XTrax 10 <\/strong>sont terminaux high tech \u00e0 grand \u00e9cran tactile, con\u00e7us pour les d\u00e9veloppeurs, et appartenant \u00e0 la famille XTrax Linux.<\/p>\n<p>&nbsp;<\/p>\n<h2>Design moderne certifi\u00e9 IP55<\/h2>\n<p>Les terminaux sont certifi\u00e9s IP55 et leur design innovant et moderne leur permet de s&#8217;adapter \u00e0 tous les environnements, m\u00eame les plus prestigieux.<\/p>\n<p>&nbsp;<\/p>\n<h2>\u00c9cran tactile<\/h2>\n<p>Les terminaux ont une interface \u00e0 \u00e9cran tactile qui rend leur utilisation plus intuitive.<\/p>\n<p>&nbsp;<\/p>\n<h2>Syst\u00e8me d&#8217;exploitation Linux system<\/h2>\n<p>Ces terminaux sont bas\u00e9s sur Raspberry et fonctionnent sur le syst\u00e8me d&#8217;exploitation Raspbian (Linux Debian).<\/p>\n<p>&nbsp;<\/p>\n<h2>Int\u00e9gration avec lecteurs internes ou externes<\/h2>\n<p>Les terminaux peuvent \u00eatre int\u00e9gr\u00e9s \u00e0 des dispositifs s\u00e9rie et \u00e0 des lecteurs internes et externes.<\/p>\n<p>&nbsp;<\/p>\n<h2>Lecture de fichiers multim\u00e9dia<\/h2>\n<p>XTrax 7 et XTrax 10 permettent la lecture de fichiers multim\u00e9dia gr\u00e2ce leur haut-parleur.[\/vc_column_text][vc_empty_space height=&#8221;50px&#8221;][\/vc_column][\/vc_row][vc_row css_animation=&#8221;&#8221; row_type=&#8221;row&#8221; use_row_as_full_screen_section=&#8221;no&#8221; type=&#8221;full_width&#8221; angled_section=&#8221;no&#8221; text_align=&#8221;left&#8221; background_image_as_pattern=&#8221;without_pattern&#8221;][vc_column][vc_empty_space height=&#8221;100px&#8221;][\/vc_column][\/vc_row][vc_row css_animation=&#8221;&#8221; row_type=&#8221;row&#8221; use_row_as_full_screen_section=&#8221;no&#8221; type=&#8221;full_width&#8221; angled_section=&#8221;no&#8221; text_align=&#8221;left&#8221; background_image_as_pattern=&#8221;without_pattern&#8221; css=&#8221;.vc_custom_1521454494396{background-color: #0770b7 !important;}&#8221; z_index=&#8221;&#8221;][vc_column][vc_empty_space height=&#8221;40px&#8221;][vc_row_inner row_type=&#8221;row&#8221; type=&#8221;full_width&#8221; text_align=&#8221;left&#8221; css_animation=&#8221;&#8221;][vc_column_inner width=&#8221;1\/4&#8243;][\/vc_column_inner][vc_column_inner width=&#8221;1\/4&#8243;]<span data-type=\"normal\" data-hover-icon-color=\"#dd9933\" class=\"qode_icon_shortcode  q_font_awsome_icon fa-3x pull-center \" style=\" \"><a  itemprop=\"url\" href=\"https:\/\/www.axesstmc.com\/wp-content\/uploads\/2023\/03\/Scheda-Famiglia_XTrax_Linux_FRA.pdf\" target=\"_blank\"><i class=\"qode_icon_font_awesome fa fa-download qode_icon_element\" style=\"color: #ffffff;\" ><\/i><\/a><\/span>[vc_column_text]<\/p>\n<h2 style=\"text-align: center;\"><span style=\"color: #ffffff;\">Fiche produit<\/span><\/h2>\n<p>[\/vc_column_text][vc_empty_space height=&#8221;1rem&#8221;][\/vc_column_inner][vc_column_inner el_class=&#8221;sg-popup-id-35449&#8243; width=&#8221;1\/4&#8243;]<span data-type=\"normal\" data-hover-icon-color=\"#dd9933\" class=\"qode_icon_shortcode  q_font_awsome_icon fa-3x pull-center \" style=\" \"><i class=\"qode_icon_font_awesome fa fa-info qode_icon_element\" style=\"color: #ffffff;\" ><\/i><\/span>[vc_column_text]<\/p>\n<h2 style=\"text-align: center;\"><span style=\"color: #ffffff;\">En savoir plus<\/span><\/h2>\n<p>[\/vc_column_text][\/vc_column_inner][vc_column_inner width=&#8221;1\/4&#8243;][\/vc_column_inner][\/vc_row_inner][vc_empty_space height=&#8221;40px&#8221;][\/vc_column][\/vc_row]<\/p>\n<\/div>","protected":false},"excerpt":{"rendered":"<p>[vc_row css_animation=&#8221;&#8221; row_type=&#8221;row&#8221; use_row_as_full_screen_section=&#8221;no&#8221; type=&#8221;grid&#8221; angled_section=&#8221;no&#8221; text_align=&#8221;left&#8221; background_image_as_pattern=&#8221;without_pattern&#8221;][vc_column width=&#8221;1\/2&#8243;][vc_empty_space height=&#8221;70px&#8221;][vc_single_image image=&#8221;43326&#8243; img_size=&#8221;full&#8221; alignment=&#8221;center&#8221; qode_css_animation=&#8221;&#8221;][\/vc_column][vc_column width=&#8221;1\/2&#8243;][vc_empty_space height=&#8221;70px&#8221;][vc_column_text] Famille XTrax Linux: terminaux de collecte de donn\u00e9es pour d\u00e9veloppeurs [\/vc_column_text][vc_empty_space height=&#8221;2.5rem&#8221;][vc_empty_space height=&#8221;1.5rem&#8221;][vc_empty_space height=&#8221;1.5rem&#8221;][\/vc_column][\/vc_row][vc_row css_animation=&#8221;&#8221; row_type=&#8221;row&#8221; use_row_as_full_screen_section=&#8221;yes&#8221; type=&#8221;full_width&#8221; angled_section=&#8221;no&#8221; text_align=&#8221;left&#8221; background_image_as_pattern=&#8221;without_pattern&#8221; z_index=&#8221;&#8221;][vc_column][vc_row_inner row_type=&#8221;row&#8221; type=&#8221;full_width&#8221; text_align=&#8221;left&#8221; css_animation=&#8221;&#8221; padding_top=&#8221;0&#8243; padding_bottom=&#8221;0&#8243;][vc_column_inner][vc_empty_space height=&#8221;20rem&#8221;&#8230;<\/p>\n","protected":false},"author":14,"featured_media":0,"parent":0,"menu_order":0,"comment_status":"closed","ping_status":"closed","template":"full_width.php","meta":{"footnotes":""},"class_list":["post-37923","page","type-page","status-publish","hentry"],"yoast_head":"<!-- This site is optimized with the Yoast SEO plugin v27.5 - https:\/\/yoast.com\/product\/yoast-seo-wordpress\/ -->\n<title>Famille XTrax Linux: terminaux de collecte de donn\u00e9es pour d\u00e9veloppeurs<\/title>\n<meta name=\"description\" content=\"XTrax 7 et\u00a0XTrax 10 sont terminaux high tech \u00e0 grand \u00e9cran tactile, con\u00e7us pour les d\u00e9veloppeurs, et appartenant \u00e0 la famille XTrax Linux.\" \/>\n<meta name=\"robots\" content=\"index, follow, max-snippet:-1, max-image-preview:large, max-video-preview:-1\" \/>\n<link rel=\"canonical\" href=\"https:\/\/www.axesstmc.com\/fr\/xtrax-7-10\/\" \/>\n<meta property=\"og:locale\" content=\"fr_FR\" \/>\n<meta property=\"og:type\" content=\"article\" \/>\n<meta property=\"og:title\" content=\"Famille XTrax Linux: terminaux de collecte de donn\u00e9es pour d\u00e9veloppeurs\" \/>\n<meta property=\"og:description\" content=\"XTrax 7 et\u00a0XTrax 10 sont terminaux high tech \u00e0 grand \u00e9cran tactile, con\u00e7us pour les d\u00e9veloppeurs, et appartenant \u00e0 la famille XTrax Linux.\" \/>\n<meta property=\"og:url\" content=\"https:\/\/www.axesstmc.com\/fr\/xtrax-7-10\/\" \/>\n<meta property=\"og:site_name\" content=\"AxessTMC\" \/>\n<meta property=\"article:publisher\" content=\"https:\/\/www.facebook.com\/zucchettiaxess\/\" \/>\n<meta property=\"article:modified_time\" content=\"2024-10-02T12:46:42+00:00\" \/>\n<meta name=\"twitter:card\" content=\"summary_large_image\" \/>\n<meta name=\"twitter:label1\" content=\"Est. reading time\" \/>\n\t<meta name=\"twitter:data1\" content=\"2 minutes\" \/>\n<script type=\"application\/ld+json\" class=\"yoast-schema-graph\">{\"@context\":\"https:\\\/\\\/schema.org\",\"@graph\":[{\"@type\":\"WebPage\",\"@id\":\"https:\\\/\\\/www.axesstmc.com\\\/fr\\\/xtrax-7-10\\\/\",\"url\":\"https:\\\/\\\/www.axesstmc.com\\\/fr\\\/xtrax-7-10\\\/\",\"name\":\"Famille XTrax Linux: terminaux de collecte de donn\u00e9es pour d\u00e9veloppeurs\",\"isPartOf\":{\"@id\":\"https:\\\/\\\/www.axesstmc.com\\\/fr\\\/#website\"},\"datePublished\":\"2020-04-21T11:28:52+00:00\",\"dateModified\":\"2024-10-02T12:46:42+00:00\",\"description\":\"XTrax 7 et\u00a0XTrax 10 sont terminaux high tech \u00e0 grand \u00e9cran tactile, con\u00e7us pour les d\u00e9veloppeurs, et appartenant \u00e0 la famille XTrax Linux.\",\"inLanguage\":\"fr-FR\",\"potentialAction\":[{\"@type\":\"ReadAction\",\"target\":[\"https:\\\/\\\/www.axesstmc.com\\\/fr\\\/xtrax-7-10\\\/\"]}]},{\"@type\":\"WebSite\",\"@id\":\"https:\\\/\\\/www.axesstmc.com\\\/fr\\\/#website\",\"url\":\"https:\\\/\\\/www.axesstmc.com\\\/fr\\\/\",\"name\":\"AxessTMC\",\"description\":\"Software and Hardware for access control, intrusion detection\",\"publisher\":{\"@id\":\"https:\\\/\\\/www.axesstmc.com\\\/fr\\\/#organization\"},\"potentialAction\":[{\"@type\":\"SearchAction\",\"target\":{\"@type\":\"EntryPoint\",\"urlTemplate\":\"https:\\\/\\\/www.axesstmc.com\\\/fr\\\/?s={search_term_string}\"},\"query-input\":{\"@type\":\"PropertyValueSpecification\",\"valueRequired\":true,\"valueName\":\"search_term_string\"}}],\"inLanguage\":\"fr-FR\"},{\"@type\":\"Organization\",\"@id\":\"https:\\\/\\\/www.axesstmc.com\\\/fr\\\/#organization\",\"name\":\"AxessTMC\",\"url\":\"https:\\\/\\\/www.axesstmc.com\\\/fr\\\/\",\"logo\":{\"@type\":\"ImageObject\",\"inLanguage\":\"fr-FR\",\"@id\":\"https:\\\/\\\/www.axesstmc.com\\\/fr\\\/#\\\/schema\\\/logo\\\/image\\\/\",\"url\":\"https:\\\/\\\/www.axesstmc.com\\\/wp-content\\\/uploads\\\/2019\\\/10\\\/Logo-AxessTMC-Z-Group.jpg\",\"contentUrl\":\"https:\\\/\\\/www.axesstmc.com\\\/wp-content\\\/uploads\\\/2019\\\/10\\\/Logo-AxessTMC-Z-Group.jpg\",\"width\":185,\"height\":55,\"caption\":\"AxessTMC\"},\"image\":{\"@id\":\"https:\\\/\\\/www.axesstmc.com\\\/fr\\\/#\\\/schema\\\/logo\\\/image\\\/\"},\"sameAs\":[\"https:\\\/\\\/www.facebook.com\\\/zucchettiaxess\\\/\",\"https:\\\/\\\/www.linkedin.com\\\/company\\\/zucchetti-axess-s-p-a-?trk=prof-following-company-logo\",\"https:\\\/\\\/www.youtube.com\\\/results?q=axess tmc\"]}]}<\/script>\n<!-- \/ Yoast SEO plugin. -->","yoast_head_json":{"title":"Famille XTrax Linux: terminaux de collecte de donn\u00e9es pour d\u00e9veloppeurs","description":"XTrax 7 et\u00a0XTrax 10 sont terminaux high tech \u00e0 grand \u00e9cran tactile, con\u00e7us pour les d\u00e9veloppeurs, et appartenant \u00e0 la famille XTrax Linux.","robots":{"index":"index","follow":"follow","max-snippet":"max-snippet:-1","max-image-preview":"max-image-preview:large","max-video-preview":"max-video-preview:-1"},"canonical":"https:\/\/www.axesstmc.com\/fr\/xtrax-7-10\/","og_locale":"fr_FR","og_type":"article","og_title":"Famille XTrax Linux: terminaux de collecte de donn\u00e9es pour d\u00e9veloppeurs","og_description":"XTrax 7 et\u00a0XTrax 10 sont terminaux high tech \u00e0 grand \u00e9cran tactile, con\u00e7us pour les d\u00e9veloppeurs, et appartenant \u00e0 la famille XTrax Linux.","og_url":"https:\/\/www.axesstmc.com\/fr\/xtrax-7-10\/","og_site_name":"AxessTMC","article_publisher":"https:\/\/www.facebook.com\/zucchettiaxess\/","article_modified_time":"2024-10-02T12:46:42+00:00","twitter_card":"summary_large_image","twitter_misc":{"Est. reading time":"2 minutes"},"schema":{"@context":"https:\/\/schema.org","@graph":[{"@type":"WebPage","@id":"https:\/\/www.axesstmc.com\/fr\/xtrax-7-10\/","url":"https:\/\/www.axesstmc.com\/fr\/xtrax-7-10\/","name":"Famille XTrax Linux: terminaux de collecte de donn\u00e9es pour d\u00e9veloppeurs","isPartOf":{"@id":"https:\/\/www.axesstmc.com\/fr\/#website"},"datePublished":"2020-04-21T11:28:52+00:00","dateModified":"2024-10-02T12:46:42+00:00","description":"XTrax 7 et\u00a0XTrax 10 sont terminaux high tech \u00e0 grand \u00e9cran tactile, con\u00e7us pour les d\u00e9veloppeurs, et appartenant \u00e0 la famille XTrax Linux.","inLanguage":"fr-FR","potentialAction":[{"@type":"ReadAction","target":["https:\/\/www.axesstmc.com\/fr\/xtrax-7-10\/"]}]},{"@type":"WebSite","@id":"https:\/\/www.axesstmc.com\/fr\/#website","url":"https:\/\/www.axesstmc.com\/fr\/","name":"AxessTMC","description":"Software and Hardware for access control, intrusion detection","publisher":{"@id":"https:\/\/www.axesstmc.com\/fr\/#organization"},"potentialAction":[{"@type":"SearchAction","target":{"@type":"EntryPoint","urlTemplate":"https:\/\/www.axesstmc.com\/fr\/?s={search_term_string}"},"query-input":{"@type":"PropertyValueSpecification","valueRequired":true,"valueName":"search_term_string"}}],"inLanguage":"fr-FR"},{"@type":"Organization","@id":"https:\/\/www.axesstmc.com\/fr\/#organization","name":"AxessTMC","url":"https:\/\/www.axesstmc.com\/fr\/","logo":{"@type":"ImageObject","inLanguage":"fr-FR","@id":"https:\/\/www.axesstmc.com\/fr\/#\/schema\/logo\/image\/","url":"https:\/\/www.axesstmc.com\/wp-content\/uploads\/2019\/10\/Logo-AxessTMC-Z-Group.jpg","contentUrl":"https:\/\/www.axesstmc.com\/wp-content\/uploads\/2019\/10\/Logo-AxessTMC-Z-Group.jpg","width":185,"height":55,"caption":"AxessTMC"},"image":{"@id":"https:\/\/www.axesstmc.com\/fr\/#\/schema\/logo\/image\/"},"sameAs":["https:\/\/www.facebook.com\/zucchettiaxess\/","https:\/\/www.linkedin.com\/company\/zucchetti-axess-s-p-a-?trk=prof-following-company-logo","https:\/\/www.youtube.com\/results?q=axess tmc"]}]}},"_links":{"self":[{"href":"https:\/\/www.axesstmc.com\/fr\/wp-json\/wp\/v2\/pages\/37923","targetHints":{"allow":["GET"]}}],"collection":[{"href":"https:\/\/www.axesstmc.com\/fr\/wp-json\/wp\/v2\/pages"}],"about":[{"href":"https:\/\/www.axesstmc.com\/fr\/wp-json\/wp\/v2\/types\/page"}],"author":[{"embeddable":true,"href":"https:\/\/www.axesstmc.com\/fr\/wp-json\/wp\/v2\/users\/14"}],"replies":[{"embeddable":true,"href":"https:\/\/www.axesstmc.com\/fr\/wp-json\/wp\/v2\/comments?post=37923"}],"version-history":[{"count":13,"href":"https:\/\/www.axesstmc.com\/fr\/wp-json\/wp\/v2\/pages\/37923\/revisions"}],"predecessor-version":[{"id":43364,"href":"https:\/\/www.axesstmc.com\/fr\/wp-json\/wp\/v2\/pages\/37923\/revisions\/43364"}],"wp:attachment":[{"href":"https:\/\/www.axesstmc.com\/fr\/wp-json\/wp\/v2\/media?parent=37923"}],"curies":[{"name":"wp","href":"https:\/\/api.w.org\/{rel}","templated":true}]}}