{"id":36710,"date":"2019-10-18T14:50:03","date_gmt":"2019-10-18T14:50:03","guid":{"rendered":"https:\/\/www.axesstmc.com\/systeme-de-releve-de-presence-des-operateurs-a-leur-poste-de-travail\/"},"modified":"2022-02-22T07:52:25","modified_gmt":"2022-02-22T07:52:25","slug":"systeme-de-releve-de-presence-des-operateurs-a-leur-poste-de-travail","status":"publish","type":"page","link":"https:\/\/www.axesstmc.com\/fr\/systeme-de-releve-de-presence-des-operateurs-a-leur-poste-de-travail\/","title":{"rendered":"Relev\u00e9 de pr\u00e9sence des op\u00e9rateurs"},"content":{"rendered":"<div class=\"wpb-content-wrapper\"><p>[vc_row css_animation=&#8221;&#8221; row_type=&#8221;row&#8221; use_row_as_full_screen_section=&#8221;no&#8221; type=&#8221;grid&#8221; angled_section=&#8221;no&#8221; text_align=&#8221;left&#8221; background_image_as_pattern=&#8221;without_pattern&#8221;][vc_column width=&#8221;5\/6&#8243;][vc_empty_space height=&#8221;50px&#8221;][vc_column_text]<\/p>\n<h1><strong>Syst\u00e8me de relev\u00e9 de pr\u00e9sence des op\u00e9rateurs \u00e0 leur poste de travail<\/strong><\/h1>\n<p>[\/vc_column_text][vc_empty_space][vc_column_text]Pouvoir relever la pr\u00e9sence d\u2019un op\u00e9rateur \u00e0 son poste de travail permet \u00e0 l\u2019entreprise de <strong>superviser et de v\u00e9rifier les processus de production mais aussi de r\u00e9duire les risques li\u00e9s \u00e0 son absence<\/strong>, surtout sur les postes dangereux comme les engins de travaux publics, les tours, les ponts roulants, les grues, etc.<\/p>\n<p>&nbsp;<\/p>\n<p>Pour r\u00e9pondre \u00e0 ce besoin, <strong>un nouveau syst\u00e8me rel\u00e8ve constammentla pr\u00e9sence de l\u2019op\u00e9rateur <\/strong>affect\u00e9 \u00e0 la machine et la d\u00e9sactive quand il est absent ou qu\u2019il s\u2019\u00e9loigne pour \u00e9viter qu\u2019elle ne soit utilis\u00e9e par des personnes non autoris\u00e9es.<\/p>\n<p>&nbsp;<\/p>\n<p>Ce syst\u00e8me peut \u00eatre install\u00e9 dans <strong>les entreprises du b\u00e2timent, la m\u00e9tallurgie, l\u2019industrie et le transport<\/strong>, o\u00f9 les principales machines n\u00e9cessitent l\u2019autorisation et la reconnaissance d\u2019un op\u00e9rateur agr\u00e9\u00e9.<\/p>\n<p>&nbsp;<\/p>\n<p>Le lecteur peut \u00eatre reli\u00e9 \u00e0 un PC ou, dans les domaines industriels, \u00e0 une des unit\u00e9s de contr\u00f4le AXESS TMC qui active ou d\u00e9sactive un relais: une configuration sp\u00e9cifique garantit une reconnaissance constante en g\u00e9n\u00e9rant une lecture d\u2019entr\u00e9e quand on s\u2019approche avec les dispositifs de reconnaissance et une lecture de sortie quand on s\u2019\u00e9loigne[\/vc_column_text][\/vc_column][vc_column width=&#8221;1\/6&#8243;][vc_empty_space height=&#8221;25px&#8221;][\/vc_column][\/vc_row][vc_row css_animation=&#8221;&#8221; row_type=&#8221;row&#8221; use_row_as_full_screen_section=&#8221;yes&#8221; type=&#8221;full_width&#8221; angled_section=&#8221;no&#8221; text_align=&#8221;left&#8221; background_image_as_pattern=&#8221;without_pattern&#8221; z_index=&#8221;&#8221;][vc_column][vc_row_inner row_type=&#8221;row&#8221; type=&#8221;full_width&#8221; text_align=&#8221;left&#8221; css_animation=&#8221;&#8221; padding_top=&#8221;0&#8243; padding_bottom=&#8221;0&#8243;][vc_column_inner][vc_empty_space height=&#8221;20rem&#8221; css=&#8221;.vc_custom_1537884365091{margin-top: 2rem !important;margin-bottom: 2rem !important;padding-top: 5rem !important;padding-bottom: 5rem !important;background-image: url(https:\/\/www.axesstmc.com\/wp-content\/uploads\/2018\/05\/DEF-banner-giallo-triangoli.png) !important;background-position: center !important;background-repeat: no-repeat !important;background-size: cover !important;}&#8221; el_class=&#8221;banner giallo-triangoli&#8221;][\/vc_column_inner][\/vc_row_inner][\/vc_column][\/vc_row][vc_row css_animation=&#8221;&#8221; row_type=&#8221;row&#8221; use_row_as_full_screen_section=&#8221;no&#8221; type=&#8221;grid&#8221; angled_section=&#8221;no&#8221; text_align=&#8221;left&#8221; background_image_as_pattern=&#8221;without_pattern&#8221;][vc_column width=&#8221;1\/3&#8243;][vc_column_text]<\/p>\n<h1><strong>Solution bas\u00e9e sur les badges<\/strong><\/h1>\n<p>[\/vc_column_text][vc_empty_space][vc_column_text]En installant la poche porte-badge, fournie en option avec les lecteurs de la s\u00e9rie RFID4\/K et RFID5\/K,\u00a0 le salari\u00e9 a la possibilit\u00e9 di garder son propre badge ins\u00e9r\u00e9.<\/p>\n<p>Le lecteur envoie le code du badge une fois introduit et quand il est enlev\u00e9, en garantissant une d\u00e9tection constante de l\u2019operateur.[\/vc_column_text][\/vc_column][vc_column width=&#8221;1\/3&#8243;][vc_single_image image=&#8221;36574&#8243; img_size=&#8221;medium&#8221; alignment=&#8221;right&#8221; qode_css_animation=&#8221;&#8221;][vc_empty_space height=&#8221;100px&#8221;][\/vc_column][vc_column width=&#8221;1\/3&#8243;][vc_single_image image=&#8221;36577&#8243; img_size=&#8221;medium&#8221; qode_css_animation=&#8221;&#8221;][vc_empty_space height=&#8221;100px&#8221;][\/vc_column][\/vc_row][vc_row css_animation=&#8221;&#8221; row_type=&#8221;row&#8221; use_row_as_full_screen_section=&#8221;no&#8221; type=&#8221;grid&#8221; angled_section=&#8221;no&#8221; text_align=&#8221;left&#8221; background_image_as_pattern=&#8221;without_pattern&#8221;][vc_column width=&#8221;1\/3&#8243;][vc_column_text]<\/p>\n<h1><strong>Solution bas\u00e9e sur les TAG<\/strong><\/h1>\n<p>[\/vc_column_text][vc_empty_space][vc_column_text]La d\u00e9tection est fait \u00e0 l\u2019aide d\u2019un tag sans fil, gr\u00e2ce \u00e0 les avantages de la technologie BLE.<\/p>\n<p>On \u00e9quipe l\u2019op\u00e9rateur d\u2019un tag de poche ou portable qu\u2019il peut garder aupr\u00e8s de lui-m\u00eame.<\/p>\n<p>Un lecteur BLE est install\u00e9 \u00e0 son poste de travail, qui couvre une zone de la dimension param\u00e9trable de 1 \u00e0 10 m\u00e8tres.<\/p>\n<p>Le lecteur d\u00e9tecte la pr\u00e9sence du tag et permet le d\u00e9marrage de la machine, en la d\u00e9sactivant lorsque l\u2019op\u00e9rateur se d\u00e9place plus loin que la distance \u00e9tablie.[\/vc_column_text][\/vc_column][vc_column width=&#8221;1\/3&#8243;][vc_single_image image=&#8221;36614&#8243; img_size=&#8221;medium&#8221; alignment=&#8221;right&#8221; qode_css_animation=&#8221;&#8221;][vc_empty_space height=&#8221;100px&#8221;][\/vc_column][vc_column width=&#8221;1\/3&#8243;][vc_empty_space height=&#8221;100px&#8221;][vc_single_image image=&#8221;36638&#8243; img_size=&#8221;200&#215;120&#8243; qode_css_animation=&#8221;&#8221;][\/vc_column][\/vc_row][vc_row css_animation=&#8221;&#8221; row_type=&#8221;row&#8221; use_row_as_full_screen_section=&#8221;no&#8221; type=&#8221;full_width&#8221; angled_section=&#8221;no&#8221; text_align=&#8221;left&#8221; background_image_as_pattern=&#8221;without_pattern&#8221; css=&#8221;.vc_custom_1521454494396{background-color: #0770b7 !important;}&#8221; z_index=&#8221;&#8221;][vc_column][vc_empty_space height=&#8221;40px&#8221;][vc_row_inner row_type=&#8221;row&#8221; type=&#8221;full_width&#8221; text_align=&#8221;left&#8221; css_animation=&#8221;&#8221;][vc_column_inner width=&#8221;1\/3&#8243;][\/vc_column_inner][vc_column_inner el_class=&#8221;sg-popup-id-35449&#8243; width=&#8221;1\/3&#8243;]<span data-type=\"normal\" data-hover-icon-color=\"#dd9933\" class=\"qode_icon_shortcode  q_font_awsome_icon fa-3x pull-center \" style=\" \"><i class=\"qode_icon_font_awesome fa fa-info qode_icon_element\" style=\"color: #ffffff;\" ><\/i><\/span>[vc_column_text]<\/p>\n<h2 style=\"text-align: center;\"><span style=\"color: #ffffff;\">En savoir plus<\/span><\/h2>\n<p>[\/vc_column_text][\/vc_column_inner][vc_column_inner width=&#8221;1\/3&#8243;][\/vc_column_inner][\/vc_row_inner][vc_empty_space height=&#8221;40px&#8221;][\/vc_column][\/vc_row]<\/p>\n<\/div>","protected":false},"excerpt":{"rendered":"<p>[vc_row css_animation=&#8221;&#8221; row_type=&#8221;row&#8221; use_row_as_full_screen_section=&#8221;no&#8221; type=&#8221;grid&#8221; angled_section=&#8221;no&#8221; text_align=&#8221;left&#8221; background_image_as_pattern=&#8221;without_pattern&#8221;][vc_column width=&#8221;5\/6&#8243;][vc_empty_space height=&#8221;50px&#8221;][vc_column_text] Syst\u00e8me de relev\u00e9 de pr\u00e9sence des op\u00e9rateurs \u00e0 leur poste de travail [\/vc_column_text][vc_empty_space][vc_column_text]Pouvoir relever la pr\u00e9sence d\u2019un op\u00e9rateur \u00e0 son poste de travail permet \u00e0 l\u2019entreprise de superviser et de v\u00e9rifier les processus de production&#8230;<\/p>\n","protected":false},"author":14,"featured_media":0,"parent":0,"menu_order":0,"comment_status":"closed","ping_status":"closed","template":"full_width.php","meta":{"footnotes":""},"class_list":["post-36710","page","type-page","status-publish","hentry"],"yoast_head":"<!-- This site is optimized with the Yoast SEO plugin v27.4 - https:\/\/yoast.com\/product\/yoast-seo-wordpress\/ -->\n<title>Relev\u00e9 de pr\u00e9sence des op\u00e9rateurs - AxessTMC<\/title>\n<meta name=\"robots\" content=\"index, follow, max-snippet:-1, max-image-preview:large, max-video-preview:-1\" \/>\n<link rel=\"canonical\" href=\"https:\/\/www.axesstmc.com\/fr\/systeme-de-releve-de-presence-des-operateurs-a-leur-poste-de-travail\/\" \/>\n<meta property=\"og:locale\" content=\"fr_FR\" \/>\n<meta property=\"og:type\" content=\"article\" \/>\n<meta property=\"og:title\" content=\"Relev\u00e9 de pr\u00e9sence des op\u00e9rateurs - AxessTMC\" \/>\n<meta property=\"og:description\" content=\"[vc_row css_animation=&#8221;&#8221; row_type=&#8221;row&#8221; use_row_as_full_screen_section=&#8221;no&#8221; type=&#8221;grid&#8221; angled_section=&#8221;no&#8221; text_align=&#8221;left&#8221; background_image_as_pattern=&#8221;without_pattern&#8221;][vc_column width=&#8221;5\/6&#8243;][vc_empty_space height=&#8221;50px&#8221;][vc_column_text] Syst\u00e8me de relev\u00e9 de pr\u00e9sence des op\u00e9rateurs \u00e0 leur poste de travail [\/vc_column_text][vc_empty_space][vc_column_text]Pouvoir relever la pr\u00e9sence d\u2019un op\u00e9rateur \u00e0 son poste de travail permet \u00e0 l\u2019entreprise de superviser et de v\u00e9rifier les processus de production...\" \/>\n<meta property=\"og:url\" content=\"https:\/\/www.axesstmc.com\/fr\/systeme-de-releve-de-presence-des-operateurs-a-leur-poste-de-travail\/\" \/>\n<meta property=\"og:site_name\" content=\"AxessTMC\" \/>\n<meta property=\"article:publisher\" content=\"https:\/\/www.facebook.com\/zucchettiaxess\/\" \/>\n<meta property=\"article:modified_time\" content=\"2022-02-22T07:52:25+00:00\" \/>\n<meta name=\"twitter:card\" content=\"summary_large_image\" \/>\n<meta name=\"twitter:label1\" content=\"Est. reading time\" \/>\n\t<meta name=\"twitter:data1\" content=\"2 minutes\" \/>\n<script type=\"application\/ld+json\" class=\"yoast-schema-graph\">{\"@context\":\"https:\\\/\\\/schema.org\",\"@graph\":[{\"@type\":\"WebPage\",\"@id\":\"https:\\\/\\\/www.axesstmc.com\\\/fr\\\/systeme-de-releve-de-presence-des-operateurs-a-leur-poste-de-travail\\\/\",\"url\":\"https:\\\/\\\/www.axesstmc.com\\\/fr\\\/systeme-de-releve-de-presence-des-operateurs-a-leur-poste-de-travail\\\/\",\"name\":\"Relev\u00e9 de pr\u00e9sence des op\u00e9rateurs - AxessTMC\",\"isPartOf\":{\"@id\":\"https:\\\/\\\/www.axesstmc.com\\\/fr\\\/#website\"},\"datePublished\":\"2019-10-18T14:50:03+00:00\",\"dateModified\":\"2022-02-22T07:52:25+00:00\",\"inLanguage\":\"fr-FR\",\"potentialAction\":[{\"@type\":\"ReadAction\",\"target\":[\"https:\\\/\\\/www.axesstmc.com\\\/fr\\\/systeme-de-releve-de-presence-des-operateurs-a-leur-poste-de-travail\\\/\"]}]},{\"@type\":\"WebSite\",\"@id\":\"https:\\\/\\\/www.axesstmc.com\\\/fr\\\/#website\",\"url\":\"https:\\\/\\\/www.axesstmc.com\\\/fr\\\/\",\"name\":\"AxessTMC\",\"description\":\"Software and Hardware for access control, intrusion detection\",\"publisher\":{\"@id\":\"https:\\\/\\\/www.axesstmc.com\\\/fr\\\/#organization\"},\"potentialAction\":[{\"@type\":\"SearchAction\",\"target\":{\"@type\":\"EntryPoint\",\"urlTemplate\":\"https:\\\/\\\/www.axesstmc.com\\\/fr\\\/?s={search_term_string}\"},\"query-input\":{\"@type\":\"PropertyValueSpecification\",\"valueRequired\":true,\"valueName\":\"search_term_string\"}}],\"inLanguage\":\"fr-FR\"},{\"@type\":\"Organization\",\"@id\":\"https:\\\/\\\/www.axesstmc.com\\\/fr\\\/#organization\",\"name\":\"AxessTMC\",\"url\":\"https:\\\/\\\/www.axesstmc.com\\\/fr\\\/\",\"logo\":{\"@type\":\"ImageObject\",\"inLanguage\":\"fr-FR\",\"@id\":\"https:\\\/\\\/www.axesstmc.com\\\/fr\\\/#\\\/schema\\\/logo\\\/image\\\/\",\"url\":\"https:\\\/\\\/www.axesstmc.com\\\/wp-content\\\/uploads\\\/2019\\\/10\\\/Logo-AxessTMC-Z-Group.jpg\",\"contentUrl\":\"https:\\\/\\\/www.axesstmc.com\\\/wp-content\\\/uploads\\\/2019\\\/10\\\/Logo-AxessTMC-Z-Group.jpg\",\"width\":185,\"height\":55,\"caption\":\"AxessTMC\"},\"image\":{\"@id\":\"https:\\\/\\\/www.axesstmc.com\\\/fr\\\/#\\\/schema\\\/logo\\\/image\\\/\"},\"sameAs\":[\"https:\\\/\\\/www.facebook.com\\\/zucchettiaxess\\\/\",\"https:\\\/\\\/www.linkedin.com\\\/company\\\/zucchetti-axess-s-p-a-?trk=prof-following-company-logo\",\"https:\\\/\\\/www.youtube.com\\\/results?q=axess tmc\"]}]}<\/script>\n<!-- \/ Yoast SEO plugin. -->","yoast_head_json":{"title":"Relev\u00e9 de pr\u00e9sence des op\u00e9rateurs - AxessTMC","robots":{"index":"index","follow":"follow","max-snippet":"max-snippet:-1","max-image-preview":"max-image-preview:large","max-video-preview":"max-video-preview:-1"},"canonical":"https:\/\/www.axesstmc.com\/fr\/systeme-de-releve-de-presence-des-operateurs-a-leur-poste-de-travail\/","og_locale":"fr_FR","og_type":"article","og_title":"Relev\u00e9 de pr\u00e9sence des op\u00e9rateurs - AxessTMC","og_description":"[vc_row css_animation=&#8221;&#8221; row_type=&#8221;row&#8221; use_row_as_full_screen_section=&#8221;no&#8221; type=&#8221;grid&#8221; angled_section=&#8221;no&#8221; text_align=&#8221;left&#8221; background_image_as_pattern=&#8221;without_pattern&#8221;][vc_column width=&#8221;5\/6&#8243;][vc_empty_space height=&#8221;50px&#8221;][vc_column_text] Syst\u00e8me de relev\u00e9 de pr\u00e9sence des op\u00e9rateurs \u00e0 leur poste de travail [\/vc_column_text][vc_empty_space][vc_column_text]Pouvoir relever la pr\u00e9sence d\u2019un op\u00e9rateur \u00e0 son poste de travail permet \u00e0 l\u2019entreprise de superviser et de v\u00e9rifier les processus de production...","og_url":"https:\/\/www.axesstmc.com\/fr\/systeme-de-releve-de-presence-des-operateurs-a-leur-poste-de-travail\/","og_site_name":"AxessTMC","article_publisher":"https:\/\/www.facebook.com\/zucchettiaxess\/","article_modified_time":"2022-02-22T07:52:25+00:00","twitter_card":"summary_large_image","twitter_misc":{"Est. reading time":"2 minutes"},"schema":{"@context":"https:\/\/schema.org","@graph":[{"@type":"WebPage","@id":"https:\/\/www.axesstmc.com\/fr\/systeme-de-releve-de-presence-des-operateurs-a-leur-poste-de-travail\/","url":"https:\/\/www.axesstmc.com\/fr\/systeme-de-releve-de-presence-des-operateurs-a-leur-poste-de-travail\/","name":"Relev\u00e9 de pr\u00e9sence des op\u00e9rateurs - AxessTMC","isPartOf":{"@id":"https:\/\/www.axesstmc.com\/fr\/#website"},"datePublished":"2019-10-18T14:50:03+00:00","dateModified":"2022-02-22T07:52:25+00:00","inLanguage":"fr-FR","potentialAction":[{"@type":"ReadAction","target":["https:\/\/www.axesstmc.com\/fr\/systeme-de-releve-de-presence-des-operateurs-a-leur-poste-de-travail\/"]}]},{"@type":"WebSite","@id":"https:\/\/www.axesstmc.com\/fr\/#website","url":"https:\/\/www.axesstmc.com\/fr\/","name":"AxessTMC","description":"Software and Hardware for access control, intrusion detection","publisher":{"@id":"https:\/\/www.axesstmc.com\/fr\/#organization"},"potentialAction":[{"@type":"SearchAction","target":{"@type":"EntryPoint","urlTemplate":"https:\/\/www.axesstmc.com\/fr\/?s={search_term_string}"},"query-input":{"@type":"PropertyValueSpecification","valueRequired":true,"valueName":"search_term_string"}}],"inLanguage":"fr-FR"},{"@type":"Organization","@id":"https:\/\/www.axesstmc.com\/fr\/#organization","name":"AxessTMC","url":"https:\/\/www.axesstmc.com\/fr\/","logo":{"@type":"ImageObject","inLanguage":"fr-FR","@id":"https:\/\/www.axesstmc.com\/fr\/#\/schema\/logo\/image\/","url":"https:\/\/www.axesstmc.com\/wp-content\/uploads\/2019\/10\/Logo-AxessTMC-Z-Group.jpg","contentUrl":"https:\/\/www.axesstmc.com\/wp-content\/uploads\/2019\/10\/Logo-AxessTMC-Z-Group.jpg","width":185,"height":55,"caption":"AxessTMC"},"image":{"@id":"https:\/\/www.axesstmc.com\/fr\/#\/schema\/logo\/image\/"},"sameAs":["https:\/\/www.facebook.com\/zucchettiaxess\/","https:\/\/www.linkedin.com\/company\/zucchetti-axess-s-p-a-?trk=prof-following-company-logo","https:\/\/www.youtube.com\/results?q=axess tmc"]}]}},"_links":{"self":[{"href":"https:\/\/www.axesstmc.com\/fr\/wp-json\/wp\/v2\/pages\/36710","targetHints":{"allow":["GET"]}}],"collection":[{"href":"https:\/\/www.axesstmc.com\/fr\/wp-json\/wp\/v2\/pages"}],"about":[{"href":"https:\/\/www.axesstmc.com\/fr\/wp-json\/wp\/v2\/types\/page"}],"author":[{"embeddable":true,"href":"https:\/\/www.axesstmc.com\/fr\/wp-json\/wp\/v2\/users\/14"}],"replies":[{"embeddable":true,"href":"https:\/\/www.axesstmc.com\/fr\/wp-json\/wp\/v2\/comments?post=36710"}],"version-history":[{"count":6,"href":"https:\/\/www.axesstmc.com\/fr\/wp-json\/wp\/v2\/pages\/36710\/revisions"}],"predecessor-version":[{"id":41884,"href":"https:\/\/www.axesstmc.com\/fr\/wp-json\/wp\/v2\/pages\/36710\/revisions\/41884"}],"wp:attachment":[{"href":"https:\/\/www.axesstmc.com\/fr\/wp-json\/wp\/v2\/media?parent=36710"}],"curies":[{"name":"wp","href":"https:\/\/api.w.org\/{rel}","templated":true}]}}