{"id":34034,"date":"2018-09-19T10:01:58","date_gmt":"2018-09-19T10:01:58","guid":{"rendered":"https:\/\/www.axesstmc.com\/?page_id=34034"},"modified":"2021-12-22T10:50:08","modified_gmt":"2021-12-22T10:50:08","slug":"gestion_des_visiteurs","status":"publish","type":"page","link":"https:\/\/www.axesstmc.com\/fr\/gestion_des_visiteurs\/","title":{"rendered":"Gestion des Visiteurs"},"content":{"rendered":"<div class=\"wpb-content-wrapper\"><p>[vc_row css_animation=&#8221;&#8221; row_type=&#8221;row&#8221; use_row_as_full_screen_section=&#8221;no&#8221; type=&#8221;grid&#8221; angled_section=&#8221;no&#8221; text_align=&#8221;left&#8221; background_image_as_pattern=&#8221;without_pattern&#8221;][vc_column width=&#8221;2\/3&#8243;][vc_empty_space height=&#8221;50px&#8221;][vc_column_text]<\/p>\n<h1 style=\"text-align: left;\">Visiteurs 4.0\u00a0pour la gestion des visiteurs de votre entreprise!<\/h1>\n<p>[\/vc_column_text][vc_empty_space][vc_column_text]<\/p>\n<p><strong>Visiteurs 4.0\u00a0<\/strong>est un module suppl\u00e9mentaire de XAtlas, int\u00e9gr\u00e9 dans le syst\u00e8me du contr\u00f4le d&#8217;acc\u00e8s pour la <strong>gestion des visiteurs par le web<\/strong>, en toute s\u00e9curit\u00e9 et efficace.<\/p>\n<p><strong>Visiteurs 4.0<\/strong>\u00a0vous donne un <strong>contr\u00f4le complet<\/strong> de vos visiteurs, enregistre tous les passages pendant leur s\u00e9jour, de mani\u00e8re transparente et d\u00e9taill\u00e9e.<\/p>\n<p>&nbsp;<\/p>\n<p><strong>Avec Visiteurs 4.0, vous pouvez<\/strong>:<\/p>\n<ul>\n<li>G\u00e9rer le flux des visiteurs efficacement et en pleine s\u00e9curit\u00e9;<\/li>\n<li>Optimiser les op\u00e9rations de cr\u00e9dit;<\/li>\n<li>Diff\u00e9rencier les modes de fonctionnement;<\/li>\n<li>Contenir les co\u00fbts de gestion;<\/li>\n<li>Utiliser les nouvelles technologies pour l&#8217;enregistrement et l&#8217;identification;<\/li>\n<li>Surveiller, en fa\u00e7on constante, la pr\u00e9sence de visiteurs dans votre entreprise;<\/li>\n<li>D\u00e9mat\u00e9rialiser la documentation concernant le s\u00e9jour.<\/li>\n<\/ul>\n<p>[\/vc_column_text][vc_empty_space height=&#8221;50px&#8221;][vc_raw_html]JTNDaWZyYW1lJTIwd2lkdGglM0QlMjIxMDAlMjUlMjIlMjBoZWlnaHQlM0QlMjIzMTUlMjIlMjBzcmMlM0QlMjJodHRwcyUzQSUyRiUyRnd3dy55b3V0dWJlLW5vY29va2llLmNvbSUyRmVtYmVkJTJGZFlkNE92YlQzaFUlMjIlMjB0aXRsZSUzRCUyMllvdVR1YmUlMjB2aWRlbyUyMHBsYXllciUyMiUyMGZyYW1lYm9yZGVyJTNEJTIyMCUyMiUyMGFsbG93JTNEJTIyYWNjZWxlcm9tZXRlciUzQiUyMGF1dG9wbGF5JTNCJTIwY2xpcGJvYXJkLXdyaXRlJTNCJTIwZW5jcnlwdGVkLW1lZGlhJTNCJTIwZ3lyb3Njb3BlJTNCJTIwcGljdHVyZS1pbi1waWN0dXJlJTIyJTIwYWxsb3dmdWxsc2NyZWVuJTNFJTNDJTJGaWZyYW1lJTNF[\/vc_raw_html][\/vc_column][vc_column width=&#8221;1\/3&#8243;][vc_empty_space height=&#8221;50px&#8221;][vc_single_image image=&#8221;27221&#8243; img_size=&#8221;medium&#8221; alignment=&#8221;center&#8221; qode_css_animation=&#8221;&#8221;][\/vc_column][\/vc_row][vc_row css_animation=&#8221;&#8221; row_type=&#8221;row&#8221; use_row_as_full_screen_section=&#8221;yes&#8221; type=&#8221;full_width&#8221; angled_section=&#8221;no&#8221; text_align=&#8221;left&#8221; background_image_as_pattern=&#8221;without_pattern&#8221; z_index=&#8221;&#8221;][vc_column][vc_row_inner row_type=&#8221;row&#8221; type=&#8221;full_width&#8221; text_align=&#8221;left&#8221; css_animation=&#8221;&#8221; padding_top=&#8221;0&#8243; padding_bottom=&#8221;0&#8243;][vc_column_inner][vc_empty_space height=&#8221;20rem&#8221; css=&#8221;.vc_custom_1537884365091{margin-top: 2rem !important;margin-bottom: 2rem !important;padding-top: 5rem !important;padding-bottom: 5rem !important;background-image: url(https:\/\/www.axesstmc.com\/wp-content\/uploads\/2018\/05\/DEF-banner-giallo-triangoli.png) !important;background-position: center !important;background-repeat: no-repeat !important;background-size: cover !important;}&#8221; el_class=&#8221;banner giallo-triangoli&#8221;][\/vc_column_inner][\/vc_row_inner][\/vc_column][\/vc_row][vc_row css_animation=&#8221;&#8221; row_type=&#8221;row&#8221; use_row_as_full_screen_section=&#8221;no&#8221; type=&#8221;grid&#8221; angled_section=&#8221;no&#8221; text_align=&#8221;left&#8221; background_image_as_pattern=&#8221;without_pattern&#8221; z_index=&#8221;&#8221;][vc_column][vc_column_text]<\/p>\n<h1>Deux modes pour g\u00e9rer vos visiteurs:<\/h1>\n<p>&nbsp;<\/p>\n<p><strong>Visiteurs 4.0<\/strong> offre la possibilit\u00e9 de choisir le mode d&#8217;enregistrement. Vos visiteurs recevront une invitation par mail, les identifiants d&#8217;acc\u00e8s et les formulaires d&#8217;acceptation de la politique de confidentialit\u00e9.<br \/>\nLe m\u00eame jour \u00a0que l&#8217;\u00e9v\u00e9nement, on peut choisir le moyen d&#8217;enregistrement\u00a0: chez la r\u00e9ception ou de mani\u00e8re autonome.<\/p>\n<p>&nbsp;<\/p>\n<p>A <strong>la r\u00e9ception<\/strong>, l&#8217;op\u00e9rateur peut effectuer les t\u00e2ches suivantes:<\/p>\n<ul>\n<li>Scanner le document d&#8217;identit\u00e9;<\/li>\n<li>Modifier les autorisations;<\/li>\n<li>Prolonger la dur\u00e9e de la visite;<\/li>\n<li>S\u00e9lectionner le badge ou la pr\u00e9-inscription par le dispositif de lecture;<\/li>\n<li>Imprimer les identifiants jetables\u00a0;<\/li>\n<li>Photographier l\u2019invit\u00e9 et imprimer la photo sur son badge.<\/li>\n<\/ul>\n<p>&nbsp;<\/p>\n<p>Apr\u00e8s l&#8217;enregistrement:<\/p>\n<ul>\n<li>Le syst\u00e8me alerte le contact de l&#8217;entreprise;<\/li>\n<li>L&#8217;op\u00e9rateur donne le badge avec les autorisations pr\u00e9\u00e9tablis;<\/li>\n<li>Le visiteur peut participer \u00e0 l&#8217;\u00e9v\u00e9nement.<\/li>\n<\/ul>\n<p>&nbsp;<\/p>\n<p>&nbsp;<\/p>\n<p><strong>Self Check-in<\/strong>, le moyen autonome avec lequel le visteur s\u2019occupe de l\u2019enrigistrement juste avant l\u2019evenement\u00a0en utilisant les identifiants d\u2019acc\u00e8s re\u00e7us par mail:<\/p>\n<ul>\n<li>Code QR;<\/li>\n<li>Code PIN;<\/li>\n<li>Entro APPLI<\/li>\n<\/ul>\n<p>&nbsp;<\/p>\n<p>Avec le Self-Check-in, la proc\u00e9dure est plus rapide et plus pratique. Le visiteur a acc\u00e8s seulement aux zones saisis dans l\u2019autorisation d\u00e9finis et vous pouvez suivre tout le temps ses mouvements dans l&#8217;entreprise.[\/vc_column_text][vc_empty_space height=&#8221;70px&#8221;][\/vc_column][\/vc_row][vc_row css_animation=&#8221;&#8221; row_type=&#8221;row&#8221; use_row_as_full_screen_section=&#8221;no&#8221; type=&#8221;full_width&#8221; angled_section=&#8221;no&#8221; text_align=&#8221;left&#8221; background_image_as_pattern=&#8221;without_pattern&#8221; css=&#8221;.vc_custom_1521454494396{background-color: #0770b7 !important;}&#8221; z_index=&#8221;&#8221;][vc_column][vc_empty_space height=&#8221;40px&#8221;][vc_row_inner row_type=&#8221;row&#8221; type=&#8221;full_width&#8221; text_align=&#8221;left&#8221; css_animation=&#8221;&#8221;][vc_column_inner width=&#8221;1\/4&#8243;][\/vc_column_inner][vc_column_inner width=&#8221;1\/4&#8243;]<span data-type=\"normal\" data-hover-icon-color=\"#dd9933\" class=\"qode_icon_shortcode  q_font_awsome_icon fa-3x pull-center \" style=\" \"><a  itemprop=\"url\" href=\"https:\/\/www.axesstmc.com\/wp-content\/uploads\/2020\/11\/SistemaGestioneVisitatori_FRA.pdf\" target=\"_blank\"><i class=\"qode_icon_font_awesome fa fa-download qode_icon_element\" style=\"color: #ffffff;\" ><\/i><\/a><\/span>[vc_column_text]<\/p>\n<h2 style=\"text-align: center;\"><span style=\"color: #ffffff;\">Fiche produit<\/span><\/h2>\n<p>[\/vc_column_text][vc_empty_space height=&#8221;1rem&#8221;][\/vc_column_inner][vc_column_inner el_class=&#8221;sg-popup-id-35449&#8243; width=&#8221;1\/4&#8243;]<span data-type=\"normal\" data-hover-icon-color=\"#dd9933\" class=\"qode_icon_shortcode  q_font_awsome_icon fa-3x pull-center \" style=\" \"><i class=\"qode_icon_font_awesome fa fa-info qode_icon_element\" style=\"color: #ffffff;\" ><\/i><\/span>[vc_column_text]<\/p>\n<h2 style=\"text-align: center;\"><span style=\"color: #ffffff;\">En savoir plus<\/span><\/h2>\n<p>[\/vc_column_text][\/vc_column_inner][vc_column_inner width=&#8221;1\/4&#8243;][\/vc_column_inner][\/vc_row_inner][vc_empty_space height=&#8221;40px&#8221;][\/vc_column][\/vc_row]<\/p>\n<\/div>","protected":false},"excerpt":{"rendered":"<p>[vc_row css_animation=&#8221;&#8221; row_type=&#8221;row&#8221; use_row_as_full_screen_section=&#8221;no&#8221; type=&#8221;grid&#8221; angled_section=&#8221;no&#8221; text_align=&#8221;left&#8221; background_image_as_pattern=&#8221;without_pattern&#8221;][vc_column width=&#8221;2\/3&#8243;][vc_empty_space height=&#8221;50px&#8221;][vc_column_text] Visiteurs 4.0\u00a0pour la gestion des visiteurs de votre entreprise! [\/vc_column_text][vc_empty_space][vc_column_text] Visiteurs 4.0\u00a0est un module suppl\u00e9mentaire de XAtlas, int\u00e9gr\u00e9 dans le syst\u00e8me du contr\u00f4le d&#8217;acc\u00e8s pour la gestion des visiteurs par le web, en toute s\u00e9curit\u00e9&#8230;<\/p>\n","protected":false},"author":14,"featured_media":0,"parent":0,"menu_order":0,"comment_status":"closed","ping_status":"closed","template":"full_width.php","meta":{"footnotes":""},"class_list":["post-34034","page","type-page","status-publish","hentry"],"yoast_head":"<!-- This site is optimized with the Yoast SEO plugin v27.4 - https:\/\/yoast.com\/product\/yoast-seo-wordpress\/ -->\n<title>Gestion des Visiteurs - AxessTMC<\/title>\n<meta name=\"robots\" content=\"index, follow, max-snippet:-1, max-image-preview:large, max-video-preview:-1\" \/>\n<link rel=\"canonical\" href=\"https:\/\/www.axesstmc.com\/fr\/gestion_des_visiteurs\/\" \/>\n<meta property=\"og:locale\" content=\"fr_FR\" \/>\n<meta property=\"og:type\" content=\"article\" \/>\n<meta property=\"og:title\" content=\"Gestion des Visiteurs - AxessTMC\" \/>\n<meta property=\"og:description\" content=\"[vc_row css_animation=&#8221;&#8221; row_type=&#8221;row&#8221; use_row_as_full_screen_section=&#8221;no&#8221; type=&#8221;grid&#8221; angled_section=&#8221;no&#8221; text_align=&#8221;left&#8221; background_image_as_pattern=&#8221;without_pattern&#8221;][vc_column width=&#8221;2\/3&#8243;][vc_empty_space height=&#8221;50px&#8221;][vc_column_text] Visiteurs 4.0\u00a0pour la gestion des visiteurs de votre entreprise! [\/vc_column_text][vc_empty_space][vc_column_text] Visiteurs 4.0\u00a0est un module suppl\u00e9mentaire de XAtlas, int\u00e9gr\u00e9 dans le syst\u00e8me du contr\u00f4le d&#8217;acc\u00e8s pour la gestion des visiteurs par le web, en toute s\u00e9curit\u00e9...\" \/>\n<meta property=\"og:url\" content=\"https:\/\/www.axesstmc.com\/fr\/gestion_des_visiteurs\/\" \/>\n<meta property=\"og:site_name\" content=\"AxessTMC\" \/>\n<meta property=\"article:publisher\" content=\"https:\/\/www.facebook.com\/zucchettiaxess\/\" \/>\n<meta property=\"article:modified_time\" content=\"2021-12-22T10:50:08+00:00\" \/>\n<meta name=\"twitter:card\" content=\"summary_large_image\" \/>\n<meta name=\"twitter:label1\" content=\"Est. reading time\" \/>\n\t<meta name=\"twitter:data1\" content=\"4 minutes\" \/>\n<script type=\"application\/ld+json\" class=\"yoast-schema-graph\">{\"@context\":\"https:\\\/\\\/schema.org\",\"@graph\":[{\"@type\":\"WebPage\",\"@id\":\"https:\\\/\\\/www.axesstmc.com\\\/fr\\\/gestion_des_visiteurs\\\/\",\"url\":\"https:\\\/\\\/www.axesstmc.com\\\/fr\\\/gestion_des_visiteurs\\\/\",\"name\":\"Gestion des Visiteurs - AxessTMC\",\"isPartOf\":{\"@id\":\"https:\\\/\\\/www.axesstmc.com\\\/fr\\\/#website\"},\"datePublished\":\"2018-09-19T10:01:58+00:00\",\"dateModified\":\"2021-12-22T10:50:08+00:00\",\"inLanguage\":\"fr-FR\",\"potentialAction\":[{\"@type\":\"ReadAction\",\"target\":[\"https:\\\/\\\/www.axesstmc.com\\\/fr\\\/gestion_des_visiteurs\\\/\"]}]},{\"@type\":\"WebSite\",\"@id\":\"https:\\\/\\\/www.axesstmc.com\\\/fr\\\/#website\",\"url\":\"https:\\\/\\\/www.axesstmc.com\\\/fr\\\/\",\"name\":\"AxessTMC\",\"description\":\"Software and Hardware for access control, intrusion detection\",\"publisher\":{\"@id\":\"https:\\\/\\\/www.axesstmc.com\\\/fr\\\/#organization\"},\"potentialAction\":[{\"@type\":\"SearchAction\",\"target\":{\"@type\":\"EntryPoint\",\"urlTemplate\":\"https:\\\/\\\/www.axesstmc.com\\\/fr\\\/?s={search_term_string}\"},\"query-input\":{\"@type\":\"PropertyValueSpecification\",\"valueRequired\":true,\"valueName\":\"search_term_string\"}}],\"inLanguage\":\"fr-FR\"},{\"@type\":\"Organization\",\"@id\":\"https:\\\/\\\/www.axesstmc.com\\\/fr\\\/#organization\",\"name\":\"AxessTMC\",\"url\":\"https:\\\/\\\/www.axesstmc.com\\\/fr\\\/\",\"logo\":{\"@type\":\"ImageObject\",\"inLanguage\":\"fr-FR\",\"@id\":\"https:\\\/\\\/www.axesstmc.com\\\/fr\\\/#\\\/schema\\\/logo\\\/image\\\/\",\"url\":\"https:\\\/\\\/www.axesstmc.com\\\/wp-content\\\/uploads\\\/2019\\\/10\\\/Logo-AxessTMC-Z-Group.jpg\",\"contentUrl\":\"https:\\\/\\\/www.axesstmc.com\\\/wp-content\\\/uploads\\\/2019\\\/10\\\/Logo-AxessTMC-Z-Group.jpg\",\"width\":185,\"height\":55,\"caption\":\"AxessTMC\"},\"image\":{\"@id\":\"https:\\\/\\\/www.axesstmc.com\\\/fr\\\/#\\\/schema\\\/logo\\\/image\\\/\"},\"sameAs\":[\"https:\\\/\\\/www.facebook.com\\\/zucchettiaxess\\\/\",\"https:\\\/\\\/www.linkedin.com\\\/company\\\/zucchetti-axess-s-p-a-?trk=prof-following-company-logo\",\"https:\\\/\\\/www.youtube.com\\\/results?q=axess tmc\"]}]}<\/script>\n<!-- \/ Yoast SEO plugin. -->","yoast_head_json":{"title":"Gestion des Visiteurs - AxessTMC","robots":{"index":"index","follow":"follow","max-snippet":"max-snippet:-1","max-image-preview":"max-image-preview:large","max-video-preview":"max-video-preview:-1"},"canonical":"https:\/\/www.axesstmc.com\/fr\/gestion_des_visiteurs\/","og_locale":"fr_FR","og_type":"article","og_title":"Gestion des Visiteurs - AxessTMC","og_description":"[vc_row css_animation=&#8221;&#8221; row_type=&#8221;row&#8221; use_row_as_full_screen_section=&#8221;no&#8221; type=&#8221;grid&#8221; angled_section=&#8221;no&#8221; text_align=&#8221;left&#8221; background_image_as_pattern=&#8221;without_pattern&#8221;][vc_column width=&#8221;2\/3&#8243;][vc_empty_space height=&#8221;50px&#8221;][vc_column_text] Visiteurs 4.0\u00a0pour la gestion des visiteurs de votre entreprise! [\/vc_column_text][vc_empty_space][vc_column_text] Visiteurs 4.0\u00a0est un module suppl\u00e9mentaire de XAtlas, int\u00e9gr\u00e9 dans le syst\u00e8me du contr\u00f4le d&#8217;acc\u00e8s pour la gestion des visiteurs par le web, en toute s\u00e9curit\u00e9...","og_url":"https:\/\/www.axesstmc.com\/fr\/gestion_des_visiteurs\/","og_site_name":"AxessTMC","article_publisher":"https:\/\/www.facebook.com\/zucchettiaxess\/","article_modified_time":"2021-12-22T10:50:08+00:00","twitter_card":"summary_large_image","twitter_misc":{"Est. reading time":"4 minutes"},"schema":{"@context":"https:\/\/schema.org","@graph":[{"@type":"WebPage","@id":"https:\/\/www.axesstmc.com\/fr\/gestion_des_visiteurs\/","url":"https:\/\/www.axesstmc.com\/fr\/gestion_des_visiteurs\/","name":"Gestion des Visiteurs - AxessTMC","isPartOf":{"@id":"https:\/\/www.axesstmc.com\/fr\/#website"},"datePublished":"2018-09-19T10:01:58+00:00","dateModified":"2021-12-22T10:50:08+00:00","inLanguage":"fr-FR","potentialAction":[{"@type":"ReadAction","target":["https:\/\/www.axesstmc.com\/fr\/gestion_des_visiteurs\/"]}]},{"@type":"WebSite","@id":"https:\/\/www.axesstmc.com\/fr\/#website","url":"https:\/\/www.axesstmc.com\/fr\/","name":"AxessTMC","description":"Software and Hardware for access control, intrusion detection","publisher":{"@id":"https:\/\/www.axesstmc.com\/fr\/#organization"},"potentialAction":[{"@type":"SearchAction","target":{"@type":"EntryPoint","urlTemplate":"https:\/\/www.axesstmc.com\/fr\/?s={search_term_string}"},"query-input":{"@type":"PropertyValueSpecification","valueRequired":true,"valueName":"search_term_string"}}],"inLanguage":"fr-FR"},{"@type":"Organization","@id":"https:\/\/www.axesstmc.com\/fr\/#organization","name":"AxessTMC","url":"https:\/\/www.axesstmc.com\/fr\/","logo":{"@type":"ImageObject","inLanguage":"fr-FR","@id":"https:\/\/www.axesstmc.com\/fr\/#\/schema\/logo\/image\/","url":"https:\/\/www.axesstmc.com\/wp-content\/uploads\/2019\/10\/Logo-AxessTMC-Z-Group.jpg","contentUrl":"https:\/\/www.axesstmc.com\/wp-content\/uploads\/2019\/10\/Logo-AxessTMC-Z-Group.jpg","width":185,"height":55,"caption":"AxessTMC"},"image":{"@id":"https:\/\/www.axesstmc.com\/fr\/#\/schema\/logo\/image\/"},"sameAs":["https:\/\/www.facebook.com\/zucchettiaxess\/","https:\/\/www.linkedin.com\/company\/zucchetti-axess-s-p-a-?trk=prof-following-company-logo","https:\/\/www.youtube.com\/results?q=axess tmc"]}]}},"_links":{"self":[{"href":"https:\/\/www.axesstmc.com\/fr\/wp-json\/wp\/v2\/pages\/34034","targetHints":{"allow":["GET"]}}],"collection":[{"href":"https:\/\/www.axesstmc.com\/fr\/wp-json\/wp\/v2\/pages"}],"about":[{"href":"https:\/\/www.axesstmc.com\/fr\/wp-json\/wp\/v2\/types\/page"}],"author":[{"embeddable":true,"href":"https:\/\/www.axesstmc.com\/fr\/wp-json\/wp\/v2\/users\/14"}],"replies":[{"embeddable":true,"href":"https:\/\/www.axesstmc.com\/fr\/wp-json\/wp\/v2\/comments?post=34034"}],"version-history":[{"count":4,"href":"https:\/\/www.axesstmc.com\/fr\/wp-json\/wp\/v2\/pages\/34034\/revisions"}],"predecessor-version":[{"id":41105,"href":"https:\/\/www.axesstmc.com\/fr\/wp-json\/wp\/v2\/pages\/34034\/revisions\/41105"}],"wp:attachment":[{"href":"https:\/\/www.axesstmc.com\/fr\/wp-json\/wp\/v2\/media?parent=34034"}],"curies":[{"name":"wp","href":"https:\/\/api.w.org\/{rel}","templated":true}]}}