{"id":31653,"date":"2018-06-22T12:31:41","date_gmt":"2018-06-22T12:31:41","guid":{"rendered":"https:\/\/www.axesstmc.com\/?page_id=31653"},"modified":"2021-07-19T11:55:53","modified_gmt":"2021-07-19T11:55:53","slug":"petrole-gaz","status":"publish","type":"page","link":"https:\/\/www.axesstmc.com\/fr\/petrole-gaz\/","title":{"rendered":"P\u00e9trole et Gaz"},"content":{"rendered":"<div class=\"wpb-content-wrapper\"><p>[vc_row css_animation=&#8221;&#8221; row_type=&#8221;row&#8221; use_row_as_full_screen_section=&#8221;no&#8221; type=&#8221;grid&#8221; angled_section=&#8221;no&#8221; text_align=&#8221;left&#8221; background_image_as_pattern=&#8221;without_pattern&#8221;][vc_column width=&#8221;10\/12&#8243;][vc_empty_space height=&#8221;50px&#8221;][vc_column_text]<\/p>\n<h1>Le syst\u00e8me int\u00e9gr\u00e9 de Security Management garantit s\u00e9curit\u00e9 et contr\u00f4le aux entreprises du secteur du p\u00e9trole et du gaz \u00e0 tout moment et dans toutes les conditions.<\/h1>\n<p>[\/vc_column_text][vc_empty_space height=&#8221;50px&#8221;][vc_column_text]Le secteur du p\u00e9trole et gaz est un march\u00e9 tr\u00e8s important. Les structures p\u00e9trochimiques affrontent des d\u00e9fis sp\u00e9cifiques de s\u00e9curit\u00e9, \u00e0 haut risque, et doivent respecter des normes s\u00e9v\u00e8res.<\/p>\n<p>Les syst\u00e8mes Zucchetti\u00a0Axess ont \u00e9t\u00e9 con\u00e7us pour faire face aux d\u00e9fis de s\u00e9curit\u00e9 les plus difficiles. Ils int\u00e8grent la d\u00e9tection de pr\u00e9sence, le contr\u00f4le d\u2019acc\u00e8s, la vid\u00e9osurveillance et l\u2019anti-intrusion.<\/p>\n<p>Dans des sites de plus en plus vastes et reli\u00e9s entre eux, qui s\u2019\u00e9tendent sur de nombreux kilom\u00e8tres, l\u2019<strong>int\u00e9gration entre les diff\u00e9rents syst\u00e8mes de s\u00e9curit\u00e9<\/strong> est n\u00e9cessaire et fondamentale.<\/p>\n<p>Tout comme est fondamentale l\u2019adoption de <strong>syst\u00e8mes de plus en plus durables et robustes pour op\u00e9rer dans des milieux aux conditions extr\u00eames, afin de garantir Safety et Security.<\/strong><\/p>\n<p>&nbsp;<\/p>\n<p>Zucchetti Axess offre un\u00a0<strong>contr\u00f4le d\u2019acc\u00e8s personnalis\u00e9<\/strong>\u00a0sp\u00e9cifique pour ce secteur.<\/p>\n<p>Un\u00a0contr\u00f4le d\u2019acc\u00e8s\u00a0<strong>int\u00e9gr\u00e9 avec la vid\u00e9osurveillance<\/strong>\u00a0est important pour contr\u00f4ler le p\u00e9rim\u00e8tre et l\u2019int\u00e9rieur des sites et permettre l\u2019acc\u00e8s uniquement au personnel autoris\u00e9. Une combinaison de cam\u00e9ras standards et de cam\u00e9ras thermiques pour pr\u00e9venir les incendies ou la perte de substances inflammables.<\/p>\n<p>&nbsp;<\/p>\n<p><strong>Nous d\u00e9veloppons et installons des syst\u00e8mes de s\u00e9curit\u00e9<\/strong>, de la phase initiale \u00e0 l\u2019installation, en garantissant un support continu et l\u2019entretien.\u00a0Nos solutions ont une port\u00e9e globale et une pr\u00e9sence locale, elles sont hautement <strong>personnalisables<\/strong>\u00a0gr\u00e2ce \u00e0 notre vaste offre et \u00e0 notre riche portefeuille de produits mat\u00e9riels et logiciels dans lequel il est possible de choisir son syst\u00e8me de s\u00e9curit\u00e9.[\/vc_column_text][vc_empty_space height=&#8221;50px&#8221;][\/vc_column][vc_column width=&#8221;2\/12&#8243;][vc_empty_space height=&#8221;50px&#8221;][vc_single_image image=&#8221;34646&#8243; alignment=&#8221;center&#8221; qode_css_animation=&#8221;&#8221;][\/vc_column][\/vc_row][vc_row css_animation=&#8221;&#8221; row_type=&#8221;row&#8221; use_row_as_full_screen_section=&#8221;no&#8221; type=&#8221;grid&#8221; angled_section=&#8221;no&#8221; text_align=&#8221;left&#8221; background_image_as_pattern=&#8221;without_pattern&#8221;][vc_column][vc_column_text]<\/p>\n<h2>Vos besoins, notre solution!<\/h2>\n<p>[\/vc_column_text][\/vc_column][\/vc_row][vc_row css_animation=&#8221;&#8221; row_type=&#8221;row&#8221; use_row_as_full_screen_section=&#8221;no&#8221; type=&#8221;grid&#8221; angled_section=&#8221;no&#8221; text_align=&#8221;left&#8221; background_image_as_pattern=&#8221;without_pattern&#8221; css=&#8221;.vc_custom_1460971218793{margin-bottom: 100px !important;}&#8221;][vc_column width=&#8221;1\/2&#8243;][vc_empty_space height=&#8221;50px&#8221;][vc_raw_html]JTNDcCUzRSUwQSUzQ2RpdiUzRSUwQSUzQ2ElMjBocmVmJTNEJTIyamF2YXNjcmlwdCUzQXRvZ2dsZURpdiUyOCUyN215Q29udGVudDIlMjclMjklM0IlMjIlMjBjbGFzcyUzRCUyMnFidXR0b24lMjBjZW50ZXIlMjBidG4tc3BlY2lhbCUyMiUzRVN5c3QlQzMlQThtZSUyMGRlJTIwY29udHIlQzMlQjRsZSUyMGQlRTIlODAlOTlhY2MlQzMlQThzJTNDJTJGYSUzRSUwQSUzQyUyRmRpdiUzRSUwQSUzQ2RpdiUzRSUwQSUzQ2ElMjBocmVmJTNEJTIyamF2YXNjcmlwdCUzQXRvZ2dsZURpdiUyOCUyN215Q29udGVudCUyNyUyOSUzQiUyMiUyMGNsYXNzJTNEJTIycWJ1dHRvbiUyMGNlbnRlciUyMGJ0bi1zcGVjaWFsJTIyJTNFQ29udHIlQzMlQjRsZSUyMGVuJTIwdGVtcHMlMjByJUMzJUE5ZWwlMjBkZXMlMjB6b25lcyUzQyUyRmElM0UlMEElM0MlMkZkaXYlM0UlMEElM0NkaXYlM0UlMEElM0NhJTIwaHJlZiUzRCUyMmphdmFzY3JpcHQlM0F0b2dnbGVEaXYlMjglMjdteUNvbnRlbnQxJTI3JTI5JTNCJTIyJTIwY2xhc3MlM0QlMjJxYnV0dG9uJTIwY2VudGVyJTIwYnRuLXNwZWNpYWwlMjIlM0VTeXN0JUMzJUE4bWUlMjBhbnRpLWludHJ1c2lvbiUzQyUyRmElM0UlMEElM0MlMkZkaXYlM0UlMEElM0NkaXYlM0UlMEElM0NhJTIwaHJlZiUzRCUyMmphdmFzY3JpcHQlM0F0b2dnbGVEaXYlMjglMjdteUNvbnRlbnQzJTI3JTI5JTNCJTIyJTIwY2xhc3MlM0QlMjJxYnV0dG9uJTIwY2VudGVyJTIwYnRuLXNwZWNpYWwlMjIlM0VTJUMzJUE5Y3VyaXQlQzMlQTklMjBhbnRpLWluY2VuZGllJTNDJTJGYSUzRSUwQSUzQyUyRmRpdiUzRSUwQSUzQyUyRnAlM0U=[\/vc_raw_html][vc_raw_js]JTNDc2NyaXB0JTIwdHlwZSUzRCUyMnRleHQlMkZqYXZhc2NyaXB0JTIyJTNFJTBBZnVuY3Rpb24lMjB0b2dnbGVEaXYlMjhkaXZJZCUyOSUyMCU3QiUwQSUyMCUyMCUyMCUyNGolMjglMjIlMjMlMjIlMkJkaXZJZCUyOS5mYWRlVG9nZ2xlJTI4MTAwMCUyOSUzQiUwQSU3RCUwQSUzQyUyRnNjcmlwdCUzRQ==[\/vc_raw_js][\/vc_column][vc_column width=&#8221;1\/2&#8243;][vc_raw_html]JTNDZGl2JTIwc3R5bGUlM0QlMjJoZWlnaHQlM0FhdXRvJTNCJTIwZmxvYXQlM0FsZWZ0JTNCbWluLWhlaWdodCUzQTQwMHB4JTNCJTIyJTNFJTBBJTNDZGl2JTIwaWQlM0QlMjJzdGFydCUyMiUyMHN0eWxlJTNEJTIycG9zaXRpb24lM0FhYnNvbHV0ZSUzQiUyMHotaW5kZXglM0E0OSUzQiUyMHRvcCUzQTBweCUzQiUyMGZsb2F0JTNBbGVmdCUzQiUyMiUzRSUwQSUyMCUyMCUyMCUyMCUzQ2ltZyUyMCUyMHNyYyUzRCUyMmh0dHBzJTNBJTJGJTJGd3d3LmF4ZXNzdG1jLmNvbSUyRndwLWNvbnRlbnQlMkZ1cGxvYWRzJTJGMjAxNiUyRjA2JTJGb2lsZ2FzLmpwZyUyMiUzRSUwQSUzQyUyRmRpdiUzRSUwQSUzQ2RpdiUyMGlkJTNEJTIybXlDb250ZW50JTIyJTIwc3R5bGUlM0QlMjJwb3NpdGlvbiUzQWFic29sdXRlJTNCJTIwei1pbmRleCUzQTUwJTNCJTIwdG9wJTNBMHB4JTNCJTIwZmxvYXQlM0FsZWZ0JTNCJTIwZGlzcGxheSUzQSUyMG5vbmUlM0IlMjIlM0UlMEElMjAlMjAlMjAlMjAlM0NpbWclMjBzcmMlM0QlMjJodHRwcyUzQSUyRiUyRnd3dy5heGVzc3RtYy5jb20lMkZ3cC1jb250ZW50JTJGdXBsb2FkcyUyRjIwMTYlMkYwNSUyRmlsbHUtb2lsLTQucG5nJTIyJTNFJTBBJTNDJTJGZGl2JTNFJTBBJTNDZGl2JTIwaWQlM0QlMjJteUNvbnRlbnQxJTIyJTIwc3R5bGUlM0QlMjJwb3NpdGlvbiUzQWFic29sdXRlJTNCJTIwei1pbmRleCUzQTUxJTNCJTIwdG9wJTNBMHB4JTNCJTIwZmxvYXQlM0FsZWZ0JTNCJTIwZGlzcGxheSUzQSUyMG5vbmUlM0IlMjIlM0UlMEElMjAlMjAlMjAlMjAlM0NpbWclMjBzcmMlM0QlMjJodHRwcyUzQSUyRiUyRnd3dy5heGVzc3RtYy5jb20lMkZ3cC1jb250ZW50JTJGdXBsb2FkcyUyRjIwMTYlMkYwNSUyRmlsbHUtb2lsLTMucG5nJTIyJTNFJTBBJTNDJTJGZGl2JTNFJTBBJTNDZGl2JTIwaWQlM0QlMjJteUNvbnRlbnQyJTIyJTIwc3R5bGUlM0QlMjJwb3NpdGlvbiUzQWFic29sdXRlJTNCJTIwei1pbmRleCUzQTUxJTNCJTIwdG9wJTNBMHB4JTNCJTIwZmxvYXQlM0FsZWZ0JTNCJTIwZGlzcGxheSUzQSUyMG5vbmUlM0IlMjIlM0UlMEElMjAlMjAlMjAlMjAlM0NpbWclMjBzcmMlM0QlMjJodHRwcyUzQSUyRiUyRnd3dy5heGVzc3RtYy5jb20lMkZ3cC1jb250ZW50JTJGdXBsb2FkcyUyRjIwMTYlMkYwNSUyRmlsbHUtb2lsLTIucG5nJTIyJTNFJTBBJTNDJTJGZGl2JTNFJTBBJTNDZGl2JTIwaWQlM0QlMjJteUNvbnRlbnQzJTIyJTIwc3R5bGUlM0QlMjJwb3NpdGlvbiUzQWFic29sdXRlJTNCJTIwei1pbmRleCUzQTUxJTNCJTIwdG9wJTNBMHB4JTNCJTIwZmxvYXQlM0FsZWZ0JTNCJTIwZGlzcGxheSUzQSUyMG5vbmUlM0IlMjIlM0UlMEElMjAlMjAlMjAlMjAlM0NpbWclMjBzcmMlM0QlMjJodHRwcyUzQSUyRiUyRnd3dy5heGVzc3RtYy5jb20lMkZ3cC1jb250ZW50JTJGdXBsb2FkcyUyRjIwMTYlMkYwNSUyRmlsbHUtb2lsLTEucG5nJTIyJTNFJTBBJTNDJTJGZGl2JTNFJTBBJTNDJTJGZGl2JTNFJTBB[\/vc_raw_html][\/vc_column][\/vc_row][vc_row css_animation=&#8221;&#8221; row_type=&#8221;row&#8221; use_row_as_full_screen_section=&#8221;no&#8221; type=&#8221;full_width&#8221; angled_section=&#8221;no&#8221; text_align=&#8221;left&#8221; background_image_as_pattern=&#8221;without_pattern&#8221; css=&#8221;.vc_custom_1525336654537{padding-top: 32px !important;padding-bottom: 50px !important;background-color: #f4f4f4 !important;}&#8221; z_index=&#8221;&#8221;][vc_column][vc_column_text]<\/p>\n<h1 style=\"text-align: center;\">En savoir plus sur nos solutions&#8230;<\/h1>\n<p>[\/vc_column_text][\/vc_column][\/vc_row][vc_row css_animation=&#8221;&#8221; row_type=&#8221;row&#8221; use_row_as_full_screen_section=&#8221;no&#8221; type=&#8221;full_width&#8221; angled_section=&#8221;no&#8221; text_align=&#8221;left&#8221; background_image_as_pattern=&#8221;without_pattern&#8221; css=&#8221;.vc_custom_1461306942408{background-color: #f4f4f4 !important;}&#8221;][vc_column width=&#8221;1\/6&#8243;][\/vc_column][vc_column width=&#8221;1\/6&#8243;][vc_single_image image=&#8221;25412&#8243; alignment=&#8221;center&#8221; onclick=&#8221;custom_link&#8221; qode_css_animation=&#8221;element_from_bottom&#8221; link=&#8221;\/fr\/controle-acces\/&#8221;][vc_column_text]<\/p>\n<h1 class=\"icon-markets\" style=\"text-align: center;\">Contr\u00f4le d\u2019acc\u00e8s<\/h1>\n<p>[\/vc_column_text][\/vc_column][vc_column width=&#8221;1\/6&#8243;][vc_single_image image=&#8221;25405&#8243; alignment=&#8221;center&#8221; onclick=&#8221;custom_link&#8221; qode_css_animation=&#8221;element_from_bottom&#8221; link=&#8221;\/fr\/videosurveillance\/&#8221;][vc_column_text]<\/p>\n<h1 class=\"icon-markets\" style=\"text-align: center;\">Vid\u00e9osurveillance<\/h1>\n<p>[\/vc_column_text][\/vc_column][vc_column width=&#8221;1\/6&#8243;][vc_single_image image=&#8221;25779&#8243; alignment=&#8221;center&#8221; onclick=&#8221;custom_link&#8221; qode_css_animation=&#8221;element_from_bottom&#8221; link=&#8221;\/fr\/systeme-anti-intrusion\/&#8221;][vc_column_text]<\/p>\n<h1 class=\"icon-markets\" style=\"text-align: center;\">Syst\u00e8me Anti-intrusion<\/h1>\n<h1 class=\"icon-markets\" style=\"text-align: center;\"><\/h1>\n<p>[\/vc_column_text][\/vc_column][vc_column width=&#8221;1\/6&#8243;][vc_single_image image=&#8221;25391&#8243; alignment=&#8221;center&#8221; onclick=&#8221;custom_link&#8221; qode_css_animation=&#8221;element_from_bottom&#8221; link=&#8221;\/fr\/systeme-anti-incendie\/&#8221;][vc_column_text]<\/p>\n<h1 class=\"icon-markets\" style=\"text-align: center;\">Syst\u00e8me Anti-incendie<\/h1>\n<p>[\/vc_column_text][\/vc_column][vc_column width=&#8221;1\/6&#8243;][\/vc_column][\/vc_row][vc_row css_animation=&#8221;&#8221; row_type=&#8221;row&#8221; use_row_as_full_screen_section=&#8221;no&#8221; type=&#8221;full_width&#8221; angled_section=&#8221;no&#8221; text_align=&#8221;left&#8221; background_image_as_pattern=&#8221;without_pattern&#8221; css=&#8221;.vc_custom_1461306922138{background-color: #f4f4f4 !important;}&#8221;][vc_column][vc_empty_space][\/vc_column][\/vc_row][vc_row css_animation=&#8221;&#8221; row_type=&#8221;row&#8221; use_row_as_full_screen_section=&#8221;no&#8221; type=&#8221;full_width&#8221; angled_section=&#8221;no&#8221; text_align=&#8221;left&#8221; background_image_as_pattern=&#8221;without_pattern&#8221; css=&#8221;.vc_custom_1521454494396{background-color: #0770b7 !important;}&#8221; z_index=&#8221;&#8221;][vc_column][vc_empty_space height=&#8221;40px&#8221;][vc_row_inner row_type=&#8221;row&#8221; type=&#8221;full_width&#8221; text_align=&#8221;left&#8221; css_animation=&#8221;&#8221;][vc_column_inner width=&#8221;1\/4&#8243;][\/vc_column_inner][vc_column_inner width=&#8221;1\/4&#8243;]<span data-type=\"normal\" data-hover-icon-color=\"#dd9933\" class=\"qode_icon_shortcode  q_font_awsome_icon fa-3x pull-center \" style=\" \"><a  itemprop=\"url\" href=\"\/fr\/temoignages-clients\/\" target=\"_blank\"><i class=\"qode_icon_font_awesome fa fa-cubes qode_icon_element\" style=\"color: #ffffff;\" ><\/i><\/a><\/span>[vc_column_text]<\/p>\n<h2 style=\"text-align: center;\"><span style=\"color: #ffffff;\">Temoignages Clients<\/span><\/h2>\n<p>[\/vc_column_text][vc_empty_space height=&#8221;1rem&#8221;][\/vc_column_inner][vc_column_inner el_class=&#8221;sg-popup-id-35449&#8243; width=&#8221;1\/4&#8243;]<span data-type=\"normal\" data-hover-icon-color=\"#dd9933\" class=\"qode_icon_shortcode  q_font_awsome_icon fa-3x pull-center \" style=\" \"><i class=\"qode_icon_font_awesome fa fa-info qode_icon_element\" style=\"color: #ffffff;\" ><\/i><\/span>[vc_column_text]<\/p>\n<h2 style=\"text-align: center;\"><span style=\"color: #ffffff;\">En savoir plus<\/span><\/h2>\n<p>[\/vc_column_text][\/vc_column_inner][vc_column_inner width=&#8221;1\/4&#8243;][\/vc_column_inner][\/vc_row_inner][vc_empty_space height=&#8221;40px&#8221;][\/vc_column][\/vc_row]<\/p>\n<\/div>","protected":false},"excerpt":{"rendered":"<p>[vc_row css_animation=&#8221;&#8221; row_type=&#8221;row&#8221; use_row_as_full_screen_section=&#8221;no&#8221; type=&#8221;grid&#8221; angled_section=&#8221;no&#8221; text_align=&#8221;left&#8221; background_image_as_pattern=&#8221;without_pattern&#8221;][vc_column width=&#8221;10\/12&#8243;][vc_empty_space height=&#8221;50px&#8221;][vc_column_text] Le syst\u00e8me int\u00e9gr\u00e9 de Security Management garantit s\u00e9curit\u00e9 et contr\u00f4le aux entreprises du secteur du p\u00e9trole et du gaz \u00e0 tout moment et dans toutes les conditions. [\/vc_column_text][vc_empty_space height=&#8221;50px&#8221;][vc_column_text]Le secteur du p\u00e9trole et gaz est&#8230;<\/p>\n","protected":false},"author":14,"featured_media":0,"parent":0,"menu_order":0,"comment_status":"closed","ping_status":"closed","template":"full_width.php","meta":{"footnotes":""},"class_list":["post-31653","page","type-page","status-publish","hentry"],"yoast_head":"<!-- This site is optimized with the Yoast SEO plugin v27.4 - https:\/\/yoast.com\/product\/yoast-seo-wordpress\/ -->\n<title>P\u00e9trole et Gaz - AxessTMC<\/title>\n<meta name=\"robots\" content=\"index, follow, max-snippet:-1, max-image-preview:large, max-video-preview:-1\" \/>\n<link rel=\"canonical\" href=\"https:\/\/www.axesstmc.com\/fr\/petrole-gaz\/\" \/>\n<meta property=\"og:locale\" content=\"fr_FR\" \/>\n<meta property=\"og:type\" content=\"article\" \/>\n<meta property=\"og:title\" content=\"P\u00e9trole et Gaz - AxessTMC\" \/>\n<meta property=\"og:description\" content=\"[vc_row css_animation=&#8221;&#8221; row_type=&#8221;row&#8221; use_row_as_full_screen_section=&#8221;no&#8221; type=&#8221;grid&#8221; angled_section=&#8221;no&#8221; text_align=&#8221;left&#8221; background_image_as_pattern=&#8221;without_pattern&#8221;][vc_column width=&#8221;10\/12&#8243;][vc_empty_space height=&#8221;50px&#8221;][vc_column_text] Le syst\u00e8me int\u00e9gr\u00e9 de Security Management garantit s\u00e9curit\u00e9 et contr\u00f4le aux entreprises du secteur du p\u00e9trole et du gaz \u00e0 tout moment et dans toutes les conditions. [\/vc_column_text][vc_empty_space height=&#8221;50px&#8221;][vc_column_text]Le secteur du p\u00e9trole et gaz est...\" \/>\n<meta property=\"og:url\" content=\"https:\/\/www.axesstmc.com\/fr\/petrole-gaz\/\" \/>\n<meta property=\"og:site_name\" content=\"AxessTMC\" \/>\n<meta property=\"article:publisher\" content=\"https:\/\/www.facebook.com\/zucchettiaxess\/\" \/>\n<meta property=\"article:modified_time\" content=\"2021-07-19T11:55:53+00:00\" \/>\n<meta name=\"twitter:card\" content=\"summary_large_image\" \/>\n<meta name=\"twitter:label1\" content=\"Est. reading time\" \/>\n\t<meta name=\"twitter:data1\" content=\"2 minutes\" \/>\n<script type=\"application\/ld+json\" class=\"yoast-schema-graph\">{\"@context\":\"https:\\\/\\\/schema.org\",\"@graph\":[{\"@type\":\"WebPage\",\"@id\":\"https:\\\/\\\/www.axesstmc.com\\\/fr\\\/petrole-gaz\\\/\",\"url\":\"https:\\\/\\\/www.axesstmc.com\\\/fr\\\/petrole-gaz\\\/\",\"name\":\"P\u00e9trole et Gaz - AxessTMC\",\"isPartOf\":{\"@id\":\"https:\\\/\\\/www.axesstmc.com\\\/fr\\\/#website\"},\"datePublished\":\"2018-06-22T12:31:41+00:00\",\"dateModified\":\"2021-07-19T11:55:53+00:00\",\"inLanguage\":\"fr-FR\",\"potentialAction\":[{\"@type\":\"ReadAction\",\"target\":[\"https:\\\/\\\/www.axesstmc.com\\\/fr\\\/petrole-gaz\\\/\"]}]},{\"@type\":\"WebSite\",\"@id\":\"https:\\\/\\\/www.axesstmc.com\\\/fr\\\/#website\",\"url\":\"https:\\\/\\\/www.axesstmc.com\\\/fr\\\/\",\"name\":\"AxessTMC\",\"description\":\"Software and Hardware for access control, intrusion detection\",\"publisher\":{\"@id\":\"https:\\\/\\\/www.axesstmc.com\\\/fr\\\/#organization\"},\"potentialAction\":[{\"@type\":\"SearchAction\",\"target\":{\"@type\":\"EntryPoint\",\"urlTemplate\":\"https:\\\/\\\/www.axesstmc.com\\\/fr\\\/?s={search_term_string}\"},\"query-input\":{\"@type\":\"PropertyValueSpecification\",\"valueRequired\":true,\"valueName\":\"search_term_string\"}}],\"inLanguage\":\"fr-FR\"},{\"@type\":\"Organization\",\"@id\":\"https:\\\/\\\/www.axesstmc.com\\\/fr\\\/#organization\",\"name\":\"AxessTMC\",\"url\":\"https:\\\/\\\/www.axesstmc.com\\\/fr\\\/\",\"logo\":{\"@type\":\"ImageObject\",\"inLanguage\":\"fr-FR\",\"@id\":\"https:\\\/\\\/www.axesstmc.com\\\/fr\\\/#\\\/schema\\\/logo\\\/image\\\/\",\"url\":\"https:\\\/\\\/www.axesstmc.com\\\/wp-content\\\/uploads\\\/2019\\\/10\\\/Logo-AxessTMC-Z-Group.jpg\",\"contentUrl\":\"https:\\\/\\\/www.axesstmc.com\\\/wp-content\\\/uploads\\\/2019\\\/10\\\/Logo-AxessTMC-Z-Group.jpg\",\"width\":185,\"height\":55,\"caption\":\"AxessTMC\"},\"image\":{\"@id\":\"https:\\\/\\\/www.axesstmc.com\\\/fr\\\/#\\\/schema\\\/logo\\\/image\\\/\"},\"sameAs\":[\"https:\\\/\\\/www.facebook.com\\\/zucchettiaxess\\\/\",\"https:\\\/\\\/www.linkedin.com\\\/company\\\/zucchetti-axess-s-p-a-?trk=prof-following-company-logo\",\"https:\\\/\\\/www.youtube.com\\\/results?q=axess tmc\"]}]}<\/script>\n<!-- \/ Yoast SEO plugin. -->","yoast_head_json":{"title":"P\u00e9trole et Gaz - AxessTMC","robots":{"index":"index","follow":"follow","max-snippet":"max-snippet:-1","max-image-preview":"max-image-preview:large","max-video-preview":"max-video-preview:-1"},"canonical":"https:\/\/www.axesstmc.com\/fr\/petrole-gaz\/","og_locale":"fr_FR","og_type":"article","og_title":"P\u00e9trole et Gaz - AxessTMC","og_description":"[vc_row css_animation=&#8221;&#8221; row_type=&#8221;row&#8221; use_row_as_full_screen_section=&#8221;no&#8221; type=&#8221;grid&#8221; angled_section=&#8221;no&#8221; text_align=&#8221;left&#8221; background_image_as_pattern=&#8221;without_pattern&#8221;][vc_column width=&#8221;10\/12&#8243;][vc_empty_space height=&#8221;50px&#8221;][vc_column_text] Le syst\u00e8me int\u00e9gr\u00e9 de Security Management garantit s\u00e9curit\u00e9 et contr\u00f4le aux entreprises du secteur du p\u00e9trole et du gaz \u00e0 tout moment et dans toutes les conditions. [\/vc_column_text][vc_empty_space height=&#8221;50px&#8221;][vc_column_text]Le secteur du p\u00e9trole et gaz est...","og_url":"https:\/\/www.axesstmc.com\/fr\/petrole-gaz\/","og_site_name":"AxessTMC","article_publisher":"https:\/\/www.facebook.com\/zucchettiaxess\/","article_modified_time":"2021-07-19T11:55:53+00:00","twitter_card":"summary_large_image","twitter_misc":{"Est. reading time":"2 minutes"},"schema":{"@context":"https:\/\/schema.org","@graph":[{"@type":"WebPage","@id":"https:\/\/www.axesstmc.com\/fr\/petrole-gaz\/","url":"https:\/\/www.axesstmc.com\/fr\/petrole-gaz\/","name":"P\u00e9trole et Gaz - AxessTMC","isPartOf":{"@id":"https:\/\/www.axesstmc.com\/fr\/#website"},"datePublished":"2018-06-22T12:31:41+00:00","dateModified":"2021-07-19T11:55:53+00:00","inLanguage":"fr-FR","potentialAction":[{"@type":"ReadAction","target":["https:\/\/www.axesstmc.com\/fr\/petrole-gaz\/"]}]},{"@type":"WebSite","@id":"https:\/\/www.axesstmc.com\/fr\/#website","url":"https:\/\/www.axesstmc.com\/fr\/","name":"AxessTMC","description":"Software and Hardware for access control, intrusion detection","publisher":{"@id":"https:\/\/www.axesstmc.com\/fr\/#organization"},"potentialAction":[{"@type":"SearchAction","target":{"@type":"EntryPoint","urlTemplate":"https:\/\/www.axesstmc.com\/fr\/?s={search_term_string}"},"query-input":{"@type":"PropertyValueSpecification","valueRequired":true,"valueName":"search_term_string"}}],"inLanguage":"fr-FR"},{"@type":"Organization","@id":"https:\/\/www.axesstmc.com\/fr\/#organization","name":"AxessTMC","url":"https:\/\/www.axesstmc.com\/fr\/","logo":{"@type":"ImageObject","inLanguage":"fr-FR","@id":"https:\/\/www.axesstmc.com\/fr\/#\/schema\/logo\/image\/","url":"https:\/\/www.axesstmc.com\/wp-content\/uploads\/2019\/10\/Logo-AxessTMC-Z-Group.jpg","contentUrl":"https:\/\/www.axesstmc.com\/wp-content\/uploads\/2019\/10\/Logo-AxessTMC-Z-Group.jpg","width":185,"height":55,"caption":"AxessTMC"},"image":{"@id":"https:\/\/www.axesstmc.com\/fr\/#\/schema\/logo\/image\/"},"sameAs":["https:\/\/www.facebook.com\/zucchettiaxess\/","https:\/\/www.linkedin.com\/company\/zucchetti-axess-s-p-a-?trk=prof-following-company-logo","https:\/\/www.youtube.com\/results?q=axess tmc"]}]}},"_links":{"self":[{"href":"https:\/\/www.axesstmc.com\/fr\/wp-json\/wp\/v2\/pages\/31653","targetHints":{"allow":["GET"]}}],"collection":[{"href":"https:\/\/www.axesstmc.com\/fr\/wp-json\/wp\/v2\/pages"}],"about":[{"href":"https:\/\/www.axesstmc.com\/fr\/wp-json\/wp\/v2\/types\/page"}],"author":[{"embeddable":true,"href":"https:\/\/www.axesstmc.com\/fr\/wp-json\/wp\/v2\/users\/14"}],"replies":[{"embeddable":true,"href":"https:\/\/www.axesstmc.com\/fr\/wp-json\/wp\/v2\/comments?post=31653"}],"version-history":[{"count":2,"href":"https:\/\/www.axesstmc.com\/fr\/wp-json\/wp\/v2\/pages\/31653\/revisions"}],"predecessor-version":[{"id":40400,"href":"https:\/\/www.axesstmc.com\/fr\/wp-json\/wp\/v2\/pages\/31653\/revisions\/40400"}],"wp:attachment":[{"href":"https:\/\/www.axesstmc.com\/fr\/wp-json\/wp\/v2\/media?parent=31653"}],"curies":[{"name":"wp","href":"https:\/\/api.w.org\/{rel}","templated":true}]}}