{"id":31650,"date":"2018-06-22T12:30:59","date_gmt":"2018-06-22T12:30:59","guid":{"rendered":"https:\/\/www.axesstmc.com\/?page_id=31650"},"modified":"2018-10-23T07:28:05","modified_gmt":"2018-10-23T07:28:05","slug":"industries","status":"publish","type":"page","link":"https:\/\/www.axesstmc.com\/fr\/industries\/","title":{"rendered":"March\u00e9s"},"content":{"rendered":"<div class=\"wpb-content-wrapper\"><p>[vc_row css_animation=&#8221;&#8221; row_type=&#8221;row&#8221; use_row_as_full_screen_section=&#8221;no&#8221; type=&#8221;grid&#8221; angled_section=&#8221;no&#8221; text_align=&#8221;left&#8221; background_image_as_pattern=&#8221;without_pattern&#8221;][vc_column][vc_empty_space height=&#8221;70px&#8221;][vc_column_text]<\/p>\n<h1>Les solutions pour la s\u00e9curit\u00e9 des entreprises Zucchetti Axess sont distribu\u00e9es dans le monde entier.<\/h1>\n<p>&nbsp;<\/p>\n<p>Elles sont toujours adapt\u00e9es \u00e0 des besoins en \u00e9volution constante et sont conformes aux exigences de s\u00e9curit\u00e9 et de protection les plus s\u00e9v\u00e8res.<\/p>\n<p>&nbsp;<\/p>\n<p>Nous concevons des syst\u00e8mes de s\u00e9curit\u00e9 en alliant innovation et exp\u00e9rience pour satisfaire les diff\u00e9rentes exigences de s\u00e9curit\u00e9 des entreprises modernes. Nos syst\u00e8mes sont modulables, faciles \u00e0 installer et \u00e0 utiliser, ils offrent de nombreuses fonctions et vous feront \u00e9conomiser du temps et de l&#8217;argent.[\/vc_column_text][vc_empty_space height=&#8221;60px&#8221;][\/vc_column][\/vc_row][vc_row css_animation=&#8221;&#8221; row_type=&#8221;row&#8221; use_row_as_full_screen_section=&#8221;no&#8221; type=&#8221;grid&#8221; angled_section=&#8221;no&#8221; text_align=&#8221;left&#8221; background_image_as_pattern=&#8221;without_pattern&#8221;][vc_column width=&#8221;1\/12&#8243;][\/vc_column][vc_column width=&#8221;2\/12&#8243;][vc_single_image image=&#8221;34628&#8243; img_size=&#8221;80&#215;80&#8243; alignment=&#8221;center&#8221; onclick=&#8221;custom_link&#8221; qode_css_animation=&#8221;&#8221; qode_hover_animation=&#8221;zoom_in&#8221; link=&#8221;\/fr\/banques-instituts-financiers\/&#8221;]<div class=\"custom_font_holder \" style=\" font-style: normal; font-weight: 300; text-decoration: none; text-align: center; --qode-cf-font-size: 19px; --qode-cf-line-height: 26px; --qode-cf-font-size-1440: 19px; --qode-cf-line-height-1440: 26px; --qode-cf-font-size-1366: 19px; --qode-cf-line-height-1366: 26px; --qode-cf-font-size-1280: 19px; --qode-cf-line-height-1280: 26px; --qode-cf-font-size-1024: 19px; --qode-cf-line-height-1024: 26px; --qode-cf-font-size-768: 19px; --qode-cf-line-height-768: 26px; --qode-cf-font-size-680: 19px; --qode-cf-line-height-680: 26px; --qode-cf-font-size-480: 19px; --qode-cf-line-height-480: 26px;\">Banques et Instituts Financiers<\/div>[vc_empty_space height=&#8221;50px&#8221;][\/vc_column][vc_column width=&#8221;2\/12&#8243;][vc_single_image image=&#8221;34651&#8243; img_size=&#8221;80&#215;80&#8243; alignment=&#8221;center&#8221; onclick=&#8221;custom_link&#8221; qode_css_animation=&#8221;&#8221; qode_hover_animation=&#8221;zoom_in&#8221; link=&#8221;\/fr\/chantiers\/&#8221;]<div class=\"custom_font_holder \" style=\" font-style: normal; font-weight: 300; text-decoration: none; text-align: center; --qode-cf-font-size: 19px; --qode-cf-line-height: 26px; --qode-cf-font-size-1440: 19px; --qode-cf-line-height-1440: 26px; --qode-cf-font-size-1366: 19px; --qode-cf-line-height-1366: 26px; --qode-cf-font-size-1280: 19px; --qode-cf-line-height-1280: 26px; --qode-cf-font-size-1024: 19px; --qode-cf-line-height-1024: 26px; --qode-cf-font-size-768: 19px; --qode-cf-line-height-768: 26px; --qode-cf-font-size-680: 19px; --qode-cf-line-height-680: 26px; --qode-cf-font-size-480: 19px; --qode-cf-line-height-480: 26px;\">Chantiers<\/div>[vc_empty_space height=&#8221;50px&#8221;][\/vc_column][vc_column width=&#8221;2\/12&#8243;][vc_single_image image=&#8221;34636&#8243; img_size=&#8221;80&#215;80&#8243; alignment=&#8221;center&#8221; onclick=&#8221;custom_link&#8221; qode_css_animation=&#8221;&#8221; qode_hover_animation=&#8221;zoom_in&#8221; link=&#8221;\/fr\/enseignement\/&#8221;]<div class=\"custom_font_holder \" style=\" font-style: normal; font-weight: 300; text-decoration: none; text-align: center; --qode-cf-font-size: 19px; --qode-cf-line-height: 26px; --qode-cf-font-size-1440: 19px; --qode-cf-line-height-1440: 26px; --qode-cf-font-size-1366: 19px; --qode-cf-line-height-1366: 26px; --qode-cf-font-size-1280: 19px; --qode-cf-line-height-1280: 26px; --qode-cf-font-size-1024: 19px; --qode-cf-line-height-1024: 26px; --qode-cf-font-size-768: 19px; --qode-cf-line-height-768: 26px; --qode-cf-font-size-680: 19px; --qode-cf-line-height-680: 26px; --qode-cf-font-size-480: 19px; --qode-cf-line-height-480: 26px;\">Enseignement<\/div>[vc_empty_space height=&#8221;50px&#8221;][\/vc_column][vc_column width=&#8221;2\/12&#8243;][vc_single_image image=&#8221;34639&#8243; img_size=&#8221;80&#215;80&#8243; alignment=&#8221;center&#8221; onclick=&#8221;custom_link&#8221; qode_css_animation=&#8221;&#8221; qode_hover_animation=&#8221;zoom_in&#8221; link=&#8221;\/fr\/entreprises\/&#8221;]<div class=\"custom_font_holder \" style=\" font-style: normal; font-weight: 300; text-decoration: none; text-align: center; --qode-cf-font-size: 19px; --qode-cf-line-height: 26px; --qode-cf-font-size-1440: 19px; --qode-cf-line-height-1440: 26px; --qode-cf-font-size-1366: 19px; --qode-cf-line-height-1366: 26px; --qode-cf-font-size-1280: 19px; --qode-cf-line-height-1280: 26px; --qode-cf-font-size-1024: 19px; --qode-cf-line-height-1024: 26px; --qode-cf-font-size-768: 19px; --qode-cf-line-height-768: 26px; --qode-cf-font-size-680: 19px; --qode-cf-line-height-680: 26px; --qode-cf-font-size-480: 19px; --qode-cf-line-height-480: 26px;\">Entreprises<\/div>[vc_empty_space height=&#8221;50px&#8221;][\/vc_column][vc_column width=&#8221;2\/12&#8243;][vc_single_image image=&#8221;34648&#8243; img_size=&#8221;80&#215;80&#8243; alignment=&#8221;center&#8221; onclick=&#8221;custom_link&#8221; qode_css_animation=&#8221;&#8221; qode_hover_animation=&#8221;zoom_in&#8221; link=&#8221;\/fr\/organismes-autorites-publiques\/&#8221;]<div class=\"custom_font_holder \" style=\" font-style: normal; font-weight: 300; text-decoration: none; text-align: center; --qode-cf-font-size: 19px; --qode-cf-line-height: 26px; --qode-cf-font-size-1440: 19px; --qode-cf-line-height-1440: 26px; --qode-cf-font-size-1366: 19px; --qode-cf-line-height-1366: 26px; --qode-cf-font-size-1280: 19px; --qode-cf-line-height-1280: 26px; --qode-cf-font-size-1024: 19px; --qode-cf-line-height-1024: 26px; --qode-cf-font-size-768: 19px; --qode-cf-line-height-768: 26px; --qode-cf-font-size-680: 19px; --qode-cf-line-height-680: 26px; --qode-cf-font-size-480: 19px; --qode-cf-line-height-480: 26px;\">Organismes et Autorit\u00e9s Publiques<\/div>[vc_empty_space height=&#8221;50px&#8221;][\/vc_column][vc_column width=&#8221;1\/12&#8243;][\/vc_column][\/vc_row][vc_row css_animation=&#8221;&#8221; row_type=&#8221;row&#8221; use_row_as_full_screen_section=&#8221;no&#8221; type=&#8221;grid&#8221; angled_section=&#8221;no&#8221; text_align=&#8221;left&#8221; background_image_as_pattern=&#8221;without_pattern&#8221;][vc_column width=&#8221;1\/12&#8243;][\/vc_column][vc_column width=&#8221;2\/12&#8243;][vc_single_image image=&#8221;34642&#8243; img_size=&#8221;80&#215;80&#8243; alignment=&#8221;center&#8221; onclick=&#8221;custom_link&#8221; qode_css_animation=&#8221;&#8221; qode_hover_animation=&#8221;zoom_in&#8221; link=&#8221;\/fr\/hopitaux-cliniques-sanitaires\/&#8221;]<div class=\"custom_font_holder \" style=\" font-style: normal; font-weight: 300; text-decoration: none; text-align: center; --qode-cf-font-size: 19px; --qode-cf-line-height: 26px; --qode-cf-font-size-1440: 19px; --qode-cf-line-height-1440: 26px; --qode-cf-font-size-1366: 19px; --qode-cf-line-height-1366: 26px; --qode-cf-font-size-1280: 19px; --qode-cf-line-height-1280: 26px; --qode-cf-font-size-1024: 19px; --qode-cf-line-height-1024: 26px; --qode-cf-font-size-768: 19px; --qode-cf-line-height-768: 26px; --qode-cf-font-size-680: 19px; --qode-cf-line-height-680: 26px; --qode-cf-font-size-480: 19px; --qode-cf-line-height-480: 26px;\">H\u00f4pitaux et Cliniques Sanitaires<\/div>[\/vc_column][vc_column width=&#8221;2\/12&#8243;][vc_single_image image=&#8221;34645&#8243; img_size=&#8221;80&#215;80&#8243; alignment=&#8221;center&#8221; onclick=&#8221;custom_link&#8221; qode_css_animation=&#8221;&#8221; qode_hover_animation=&#8221;zoom_in&#8221; link=&#8221;\/fr\/petrole-gaz\/&#8221;]<div class=\"custom_font_holder \" style=\" font-style: normal; font-weight: 300; text-decoration: none; text-align: center; --qode-cf-font-size: 19px; --qode-cf-line-height: 26px; --qode-cf-font-size-1440: 19px; --qode-cf-line-height-1440: 26px; --qode-cf-font-size-1366: 19px; --qode-cf-line-height-1366: 26px; --qode-cf-font-size-1280: 19px; --qode-cf-line-height-1280: 26px; --qode-cf-font-size-1024: 19px; --qode-cf-line-height-1024: 26px; --qode-cf-font-size-768: 19px; --qode-cf-line-height-768: 26px; --qode-cf-font-size-680: 19px; --qode-cf-line-height-680: 26px; --qode-cf-font-size-480: 19px; --qode-cf-line-height-480: 26px;\">P\u00e9trole et Gaz<\/div>[\/vc_column][vc_column width=&#8221;2\/12&#8243;][vc_single_image image=&#8221;34654&#8243; img_size=&#8221;80&#215;80&#8243; alignment=&#8221;center&#8221; onclick=&#8221;custom_link&#8221; qode_css_animation=&#8221;&#8221; qode_hover_animation=&#8221;zoom_in&#8221; link=&#8221;\/fr\/points-de-vente\/&#8221;]<div class=\"custom_font_holder \" style=\" font-style: normal; font-weight: 300; text-decoration: none; text-align: center; --qode-cf-font-size: 19px; --qode-cf-line-height: 26px; --qode-cf-font-size-1440: 19px; --qode-cf-line-height-1440: 26px; --qode-cf-font-size-1366: 19px; --qode-cf-line-height-1366: 26px; --qode-cf-font-size-1280: 19px; --qode-cf-line-height-1280: 26px; --qode-cf-font-size-1024: 19px; --qode-cf-line-height-1024: 26px; --qode-cf-font-size-768: 19px; --qode-cf-line-height-768: 26px; --qode-cf-font-size-680: 19px; --qode-cf-line-height-680: 26px; --qode-cf-font-size-480: 19px; --qode-cf-line-height-480: 26px;\">Points de Vente<\/div>[\/vc_column][vc_column width=&#8221;2\/12&#8243;][vc_single_image image=&#8221;34657&#8243; img_size=&#8221;80&#215;80&#8243; alignment=&#8221;center&#8221; onclick=&#8221;custom_link&#8221; qode_css_animation=&#8221;&#8221; qode_hover_animation=&#8221;zoom_in&#8221; link=&#8221;\/fr\/stades\/&#8221;]<div class=\"custom_font_holder \" style=\" font-style: normal; font-weight: 300; text-decoration: none; text-align: center; --qode-cf-font-size: 19px; --qode-cf-line-height: 26px; --qode-cf-font-size-1440: 19px; --qode-cf-line-height-1440: 26px; --qode-cf-font-size-1366: 19px; --qode-cf-line-height-1366: 26px; --qode-cf-font-size-1280: 19px; --qode-cf-line-height-1280: 26px; --qode-cf-font-size-1024: 19px; --qode-cf-line-height-1024: 26px; --qode-cf-font-size-768: 19px; --qode-cf-line-height-768: 26px; --qode-cf-font-size-680: 19px; --qode-cf-line-height-680: 26px; --qode-cf-font-size-480: 19px; --qode-cf-line-height-480: 26px;\">Stades<\/div>[\/vc_column][vc_column width=&#8221;2\/12&#8243;][vc_single_image image=&#8221;34660&#8243; img_size=&#8221;80&#215;80&#8243; alignment=&#8221;center&#8221; onclick=&#8221;custom_link&#8221; qode_css_animation=&#8221;&#8221; qode_hover_animation=&#8221;zoom_in&#8221; link=&#8221;\/fr\/transports\/&#8221;]<div class=\"custom_font_holder \" style=\" font-style: normal; font-weight: 300; text-decoration: none; text-align: center; --qode-cf-font-size: 19px; --qode-cf-line-height: 26px; --qode-cf-font-size-1440: 19px; --qode-cf-line-height-1440: 26px; --qode-cf-font-size-1366: 19px; --qode-cf-line-height-1366: 26px; --qode-cf-font-size-1280: 19px; --qode-cf-line-height-1280: 26px; --qode-cf-font-size-1024: 19px; --qode-cf-line-height-1024: 26px; --qode-cf-font-size-768: 19px; --qode-cf-line-height-768: 26px; --qode-cf-font-size-680: 19px; --qode-cf-line-height-680: 26px; --qode-cf-font-size-480: 19px; --qode-cf-line-height-480: 26px;\">Transports<\/div>[\/vc_column][vc_column width=&#8221;1\/12&#8243;][\/vc_column][\/vc_row][vc_row css_animation=&#8221;&#8221; row_type=&#8221;row&#8221; use_row_as_full_screen_section=&#8221;no&#8221; type=&#8221;grid&#8221; angled_section=&#8221;no&#8221; text_align=&#8221;left&#8221; background_image_as_pattern=&#8221;without_pattern&#8221;][vc_column][vc_empty_space height=&#8221;80px&#8221;][vc_column_text]<\/p>\n<h1 style=\"text-align: right;\">Une gamme compl\u00e8te de solutions pour la s\u00e9curit\u00e9 des entreprises de nombreux secteurs et applications.<\/h1>\n<p>[\/vc_column_text][vc_empty_space height=&#8221;80px&#8221;][\/vc_column][\/vc_row][vc_row css_animation=&#8221;&#8221; row_type=&#8221;row&#8221; use_row_as_full_screen_section=&#8221;no&#8221; type=&#8221;full_width&#8221; angled_section=&#8221;no&#8221; text_align=&#8221;left&#8221; background_image_as_pattern=&#8221;without_pattern&#8221;][vc_column][vc_column_text]<\/p>\n<p>[\/vc_column_text][\/vc_column][\/vc_row][vc_row css_animation=&#8221;&#8221; row_type=&#8221;row&#8221; use_row_as_full_screen_section=&#8221;no&#8221; type=&#8221;full_width&#8221; angled_section=&#8221;no&#8221; text_align=&#8221;left&#8221; background_image_as_pattern=&#8221;without_pattern&#8221;][vc_column][vc_empty_space height=&#8221;50px&#8221;][\/vc_column][\/vc_row][vc_row css_animation=&#8221;&#8221; row_type=&#8221;row&#8221; use_row_as_full_screen_section=&#8221;yes&#8221; type=&#8221;full_width&#8221; angled_section=&#8221;no&#8221; text_align=&#8221;left&#8221; background_image_as_pattern=&#8221;without_pattern&#8221; padding_top=&#8221;0&#8243; padding_bottom=&#8221;0&#8243; z_index=&#8221;&#8221;][vc_column css=&#8221;.vc_custom_1537879609854{background-position: 0 0 !important;background-repeat: no-repeat !important;}&#8221;][vc_empty_space height=&#8221;10rem&#8221; css=&#8221;.vc_custom_1537885400923{padding-top: 2.5rem !important;padding-right: 2.5rem !important;padding-bottom: 2.5rem !important;padding-left: 2.5rem !important;background-image: url(https:\/\/www.axesstmc.com\/wp-content\/uploads\/2018\/05\/banner_solutions-markets_2000x270.png?id=31222) !important;background-position: 0 0 !important;background-repeat: repeat !important;}&#8221; el_class=&#8221;banner page-bottom&#8221;][\/vc_column][\/vc_row][vc_row css_animation=&#8221;&#8221; row_type=&#8221;row&#8221; use_row_as_full_screen_section=&#8221;no&#8221; type=&#8221;full_width&#8221; angled_section=&#8221;no&#8221; text_align=&#8221;left&#8221; background_image_as_pattern=&#8221;without_pattern&#8221; css=&#8221;.vc_custom_1521454494396{background-color: #0770b7 !important;}&#8221; z_index=&#8221;&#8221;][vc_column][vc_empty_space height=&#8221;40px&#8221;][vc_row_inner row_type=&#8221;row&#8221; type=&#8221;full_width&#8221; text_align=&#8221;left&#8221; css_animation=&#8221;&#8221;][vc_column_inner width=&#8221;1\/4&#8243;][\/vc_column_inner][vc_column_inner width=&#8221;1\/4&#8243;]<span data-type=\"normal\" data-hover-icon-color=\"#dd9933\" class=\"qode_icon_shortcode  q_font_awsome_icon fa-3x pull-center \" style=\" \"><a  itemprop=\"url\" href=\"\/fr\/temoignages-clients\/\" target=\"_blank\"><i class=\"qode_icon_font_awesome fa fa-cubes qode_icon_element\" style=\"color: #ffffff;\" ><\/i><\/a><\/span>[vc_column_text]<\/p>\n<h2 style=\"text-align: center;\"><span style=\"color: #ffffff;\">Temoignages Clients<\/span><\/h2>\n<p>[\/vc_column_text][vc_empty_space height=&#8221;1rem&#8221;][\/vc_column_inner][vc_column_inner el_class=&#8221;sg-popup-id-35449&#8243; width=&#8221;1\/4&#8243;]<span data-type=\"normal\" data-hover-icon-color=\"#dd9933\" class=\"qode_icon_shortcode  q_font_awsome_icon fa-3x pull-center \" style=\" \"><i class=\"qode_icon_font_awesome fa fa-info qode_icon_element\" style=\"color: #ffffff;\" ><\/i><\/span>[vc_column_text]<\/p>\n<h2 style=\"text-align: center;\"><span style=\"color: #ffffff;\">En savoir plus<\/span><\/h2>\n<p>[\/vc_column_text][\/vc_column_inner][vc_column_inner width=&#8221;1\/4&#8243;][\/vc_column_inner][\/vc_row_inner][vc_empty_space height=&#8221;40px&#8221;][\/vc_column][\/vc_row]<\/p>\n<\/div>","protected":false},"excerpt":{"rendered":"<p>[vc_row css_animation=&#8221;&#8221; row_type=&#8221;row&#8221; use_row_as_full_screen_section=&#8221;no&#8221; type=&#8221;grid&#8221; angled_section=&#8221;no&#8221; text_align=&#8221;left&#8221; background_image_as_pattern=&#8221;without_pattern&#8221;][vc_column][vc_empty_space height=&#8221;70px&#8221;][vc_column_text] Les solutions pour la s\u00e9curit\u00e9 des entreprises Zucchetti Axess sont distribu\u00e9es dans le monde entier. &nbsp; Elles sont toujours adapt\u00e9es \u00e0 des besoins en \u00e9volution constante et sont conformes aux exigences de s\u00e9curit\u00e9 et de protection&#8230;<\/p>\n","protected":false},"author":14,"featured_media":0,"parent":0,"menu_order":0,"comment_status":"closed","ping_status":"closed","template":"full_width.php","meta":{"footnotes":""},"class_list":["post-31650","page","type-page","status-publish","hentry"],"yoast_head":"<!-- This site is optimized with the Yoast SEO plugin v27.4 - https:\/\/yoast.com\/product\/yoast-seo-wordpress\/ -->\n<title>March\u00e9s - AxessTMC<\/title>\n<meta name=\"robots\" content=\"index, follow, max-snippet:-1, max-image-preview:large, max-video-preview:-1\" \/>\n<link rel=\"canonical\" href=\"https:\/\/www.axesstmc.com\/fr\/industries\/\" \/>\n<meta property=\"og:locale\" content=\"fr_FR\" \/>\n<meta property=\"og:type\" content=\"article\" \/>\n<meta property=\"og:title\" content=\"March\u00e9s - AxessTMC\" \/>\n<meta property=\"og:description\" content=\"[vc_row css_animation=&#8221;&#8221; row_type=&#8221;row&#8221; use_row_as_full_screen_section=&#8221;no&#8221; type=&#8221;grid&#8221; angled_section=&#8221;no&#8221; text_align=&#8221;left&#8221; background_image_as_pattern=&#8221;without_pattern&#8221;][vc_column][vc_empty_space height=&#8221;70px&#8221;][vc_column_text] Les solutions pour la s\u00e9curit\u00e9 des entreprises Zucchetti Axess sont distribu\u00e9es dans le monde entier. &nbsp; Elles sont toujours adapt\u00e9es \u00e0 des besoins en \u00e9volution constante et sont conformes aux exigences de s\u00e9curit\u00e9 et de protection...\" \/>\n<meta property=\"og:url\" content=\"https:\/\/www.axesstmc.com\/fr\/industries\/\" \/>\n<meta property=\"og:site_name\" content=\"AxessTMC\" \/>\n<meta property=\"article:publisher\" content=\"https:\/\/www.facebook.com\/zucchettiaxess\/\" \/>\n<meta property=\"article:modified_time\" content=\"2018-10-23T07:28:05+00:00\" \/>\n<meta name=\"twitter:card\" content=\"summary_large_image\" \/>\n<meta name=\"twitter:label1\" content=\"Est. reading time\" \/>\n\t<meta name=\"twitter:data1\" content=\"6 minutes\" \/>\n<script type=\"application\/ld+json\" class=\"yoast-schema-graph\">{\"@context\":\"https:\\\/\\\/schema.org\",\"@graph\":[{\"@type\":\"WebPage\",\"@id\":\"https:\\\/\\\/www.axesstmc.com\\\/fr\\\/industries\\\/\",\"url\":\"https:\\\/\\\/www.axesstmc.com\\\/fr\\\/industries\\\/\",\"name\":\"March\u00e9s - AxessTMC\",\"isPartOf\":{\"@id\":\"https:\\\/\\\/www.axesstmc.com\\\/fr\\\/#website\"},\"datePublished\":\"2018-06-22T12:30:59+00:00\",\"dateModified\":\"2018-10-23T07:28:05+00:00\",\"inLanguage\":\"fr-FR\",\"potentialAction\":[{\"@type\":\"ReadAction\",\"target\":[\"https:\\\/\\\/www.axesstmc.com\\\/fr\\\/industries\\\/\"]}]},{\"@type\":\"WebSite\",\"@id\":\"https:\\\/\\\/www.axesstmc.com\\\/fr\\\/#website\",\"url\":\"https:\\\/\\\/www.axesstmc.com\\\/fr\\\/\",\"name\":\"AxessTMC\",\"description\":\"Software and Hardware for access control, intrusion detection\",\"publisher\":{\"@id\":\"https:\\\/\\\/www.axesstmc.com\\\/fr\\\/#organization\"},\"potentialAction\":[{\"@type\":\"SearchAction\",\"target\":{\"@type\":\"EntryPoint\",\"urlTemplate\":\"https:\\\/\\\/www.axesstmc.com\\\/fr\\\/?s={search_term_string}\"},\"query-input\":{\"@type\":\"PropertyValueSpecification\",\"valueRequired\":true,\"valueName\":\"search_term_string\"}}],\"inLanguage\":\"fr-FR\"},{\"@type\":\"Organization\",\"@id\":\"https:\\\/\\\/www.axesstmc.com\\\/fr\\\/#organization\",\"name\":\"AxessTMC\",\"url\":\"https:\\\/\\\/www.axesstmc.com\\\/fr\\\/\",\"logo\":{\"@type\":\"ImageObject\",\"inLanguage\":\"fr-FR\",\"@id\":\"https:\\\/\\\/www.axesstmc.com\\\/fr\\\/#\\\/schema\\\/logo\\\/image\\\/\",\"url\":\"https:\\\/\\\/www.axesstmc.com\\\/wp-content\\\/uploads\\\/2019\\\/10\\\/Logo-AxessTMC-Z-Group.jpg\",\"contentUrl\":\"https:\\\/\\\/www.axesstmc.com\\\/wp-content\\\/uploads\\\/2019\\\/10\\\/Logo-AxessTMC-Z-Group.jpg\",\"width\":185,\"height\":55,\"caption\":\"AxessTMC\"},\"image\":{\"@id\":\"https:\\\/\\\/www.axesstmc.com\\\/fr\\\/#\\\/schema\\\/logo\\\/image\\\/\"},\"sameAs\":[\"https:\\\/\\\/www.facebook.com\\\/zucchettiaxess\\\/\",\"https:\\\/\\\/www.linkedin.com\\\/company\\\/zucchetti-axess-s-p-a-?trk=prof-following-company-logo\",\"https:\\\/\\\/www.youtube.com\\\/results?q=axess tmc\"]}]}<\/script>\n<!-- \/ Yoast SEO plugin. -->","yoast_head_json":{"title":"March\u00e9s - AxessTMC","robots":{"index":"index","follow":"follow","max-snippet":"max-snippet:-1","max-image-preview":"max-image-preview:large","max-video-preview":"max-video-preview:-1"},"canonical":"https:\/\/www.axesstmc.com\/fr\/industries\/","og_locale":"fr_FR","og_type":"article","og_title":"March\u00e9s - AxessTMC","og_description":"[vc_row css_animation=&#8221;&#8221; row_type=&#8221;row&#8221; use_row_as_full_screen_section=&#8221;no&#8221; type=&#8221;grid&#8221; angled_section=&#8221;no&#8221; text_align=&#8221;left&#8221; background_image_as_pattern=&#8221;without_pattern&#8221;][vc_column][vc_empty_space height=&#8221;70px&#8221;][vc_column_text] Les solutions pour la s\u00e9curit\u00e9 des entreprises Zucchetti Axess sont distribu\u00e9es dans le monde entier. &nbsp; Elles sont toujours adapt\u00e9es \u00e0 des besoins en \u00e9volution constante et sont conformes aux exigences de s\u00e9curit\u00e9 et de protection...","og_url":"https:\/\/www.axesstmc.com\/fr\/industries\/","og_site_name":"AxessTMC","article_publisher":"https:\/\/www.facebook.com\/zucchettiaxess\/","article_modified_time":"2018-10-23T07:28:05+00:00","twitter_card":"summary_large_image","twitter_misc":{"Est. reading time":"6 minutes"},"schema":{"@context":"https:\/\/schema.org","@graph":[{"@type":"WebPage","@id":"https:\/\/www.axesstmc.com\/fr\/industries\/","url":"https:\/\/www.axesstmc.com\/fr\/industries\/","name":"March\u00e9s - AxessTMC","isPartOf":{"@id":"https:\/\/www.axesstmc.com\/fr\/#website"},"datePublished":"2018-06-22T12:30:59+00:00","dateModified":"2018-10-23T07:28:05+00:00","inLanguage":"fr-FR","potentialAction":[{"@type":"ReadAction","target":["https:\/\/www.axesstmc.com\/fr\/industries\/"]}]},{"@type":"WebSite","@id":"https:\/\/www.axesstmc.com\/fr\/#website","url":"https:\/\/www.axesstmc.com\/fr\/","name":"AxessTMC","description":"Software and Hardware for access control, intrusion detection","publisher":{"@id":"https:\/\/www.axesstmc.com\/fr\/#organization"},"potentialAction":[{"@type":"SearchAction","target":{"@type":"EntryPoint","urlTemplate":"https:\/\/www.axesstmc.com\/fr\/?s={search_term_string}"},"query-input":{"@type":"PropertyValueSpecification","valueRequired":true,"valueName":"search_term_string"}}],"inLanguage":"fr-FR"},{"@type":"Organization","@id":"https:\/\/www.axesstmc.com\/fr\/#organization","name":"AxessTMC","url":"https:\/\/www.axesstmc.com\/fr\/","logo":{"@type":"ImageObject","inLanguage":"fr-FR","@id":"https:\/\/www.axesstmc.com\/fr\/#\/schema\/logo\/image\/","url":"https:\/\/www.axesstmc.com\/wp-content\/uploads\/2019\/10\/Logo-AxessTMC-Z-Group.jpg","contentUrl":"https:\/\/www.axesstmc.com\/wp-content\/uploads\/2019\/10\/Logo-AxessTMC-Z-Group.jpg","width":185,"height":55,"caption":"AxessTMC"},"image":{"@id":"https:\/\/www.axesstmc.com\/fr\/#\/schema\/logo\/image\/"},"sameAs":["https:\/\/www.facebook.com\/zucchettiaxess\/","https:\/\/www.linkedin.com\/company\/zucchetti-axess-s-p-a-?trk=prof-following-company-logo","https:\/\/www.youtube.com\/results?q=axess tmc"]}]}},"_links":{"self":[{"href":"https:\/\/www.axesstmc.com\/fr\/wp-json\/wp\/v2\/pages\/31650","targetHints":{"allow":["GET"]}}],"collection":[{"href":"https:\/\/www.axesstmc.com\/fr\/wp-json\/wp\/v2\/pages"}],"about":[{"href":"https:\/\/www.axesstmc.com\/fr\/wp-json\/wp\/v2\/types\/page"}],"author":[{"embeddable":true,"href":"https:\/\/www.axesstmc.com\/fr\/wp-json\/wp\/v2\/users\/14"}],"replies":[{"embeddable":true,"href":"https:\/\/www.axesstmc.com\/fr\/wp-json\/wp\/v2\/comments?post=31650"}],"version-history":[{"count":0,"href":"https:\/\/www.axesstmc.com\/fr\/wp-json\/wp\/v2\/pages\/31650\/revisions"}],"wp:attachment":[{"href":"https:\/\/www.axesstmc.com\/fr\/wp-json\/wp\/v2\/media?parent=31650"}],"curies":[{"name":"wp","href":"https:\/\/api.w.org\/{rel}","templated":true}]}}