{"id":31647,"date":"2018-06-22T12:30:27","date_gmt":"2018-06-22T12:30:27","guid":{"rendered":"https:\/\/www.axesstmc.com\/?page_id=31647"},"modified":"2021-07-19T11:52:33","modified_gmt":"2021-07-19T11:52:33","slug":"hopitaux-cliniques-sanitaires","status":"publish","type":"page","link":"https:\/\/www.axesstmc.com\/fr\/hopitaux-cliniques-sanitaires\/","title":{"rendered":"H\u00f4pitaux et Cliniques Sanitaires"},"content":{"rendered":"<div class=\"wpb-content-wrapper\"><p>[vc_row css_animation=&#8221;&#8221; row_type=&#8221;row&#8221; use_row_as_full_screen_section=&#8221;no&#8221; type=&#8221;grid&#8221; angled_section=&#8221;no&#8221; text_align=&#8221;left&#8221; background_image_as_pattern=&#8221;without_pattern&#8221;][vc_column width=&#8221;10\/12&#8243;][vc_empty_space height=&#8221;50px&#8221;][vc_column_text]<\/p>\n<h1>La solution pour satisfaire et prot\u00e9ger les exigences des patients, des visiteurs et du personnel m\u00e9dical des h\u00f4pitaux et cliniques sanitaires.<\/h1>\n<p>[\/vc_column_text][vc_empty_space height=&#8221;50px&#8221;][vc_column_text]La\u00a0s\u00e9curit\u00e9 dans le secteur sanitaire concerne non seulement les travailleurs, mais aussi les patients et les visiteurs. Les h\u00f4pitaux, cliniques, structures d\u2019hospitalisation et de soin sont des lieux de travail h\u00e9t\u00e9rog\u00e8nes et complexes. Les visiteurs et les employ\u00e9s devraient b\u00e9n\u00e9ficier d\u2019un bon niveau de libert\u00e9 mais il est n\u00e9cessaire d\u2019interdire l\u2019acc\u00e8s \u00e0 certaines zones au personnel non autoris\u00e9 afin d\u2019\u00e9viter de mettre en danger la s\u00e9curit\u00e9 des personnes et de la structure.<\/p>\n<p>&nbsp;<\/p>\n<p>Les activit\u00e9s \u00e9tendues 24H\/24, 365 jours par an, requi\u00e8rent un <strong>contr\u00f4le continu et flexible des acc\u00e8s<\/strong>, pour garantir l\u2019accessibilit\u00e9 des usagers, visiteurs et employ\u00e9s aux diff\u00e9rents points d\u2019entr\u00e9e et pour permettre, ou interdire, l\u2019acc\u00e8s aux milliers de personnes qui transitent.<\/p>\n<p>&nbsp;<\/p>\n<p>Fournir s\u00e9curit\u00e9 et assistance m\u00e9dicale de grande qualit\u00e9 requiert des <strong>solutions<\/strong> de gestion et de contr\u00f4le de la s\u00e9curit\u00e9 non seulement <strong>intelligentes, discr\u00e8tes et efficaces<\/strong>, mais aussi <strong>flexibles<\/strong> pour pouvoir satisfaire les diff\u00e9rentes exigences des patients, du personnel m\u00e9dical et des visiteurs. Les syst\u00e8mes de contr\u00f4le d\u2019acc\u00e8s Zucchetti Axess\u00a0garantissent les niveaux n\u00e9cessaires de s\u00e9curit\u00e9 dans toute la structure. Nous offrons des <strong>solutions personnalisables, compl\u00e8tes, int\u00e9gr\u00e9es et modulaires<\/strong> parmi un vaste choix de <strong>produits logiciels et mat\u00e9riels<\/strong> pour prot\u00e9ger les personnes et les \u00e9quipements, gr\u00e2ce \u00e0 une combinaison de contr\u00f4le d\u2019acc\u00e8s, d\u00e9tection de pr\u00e9sences, vid\u00e9osurveillance, lecture de plaques et anti-intrusion pour garantir le maximum de s\u00e9curit\u00e9. Le tout peut avoir lieu dans une seule structure, mais aussi dans des ensembles hospitaliers dot\u00e9s de syst\u00e8mes centralis\u00e9s de gestion et de suivi.<\/p>\n<p>&nbsp;<\/p>\n<p>Nos syst\u00e8mes de s\u00e9curit\u00e9 permettent de\u00a0:<\/p>\n<ul>\n<li>r\u00e9duire les co\u00fbts de gestion, les vols, les intrusions de personnel non autoris\u00e9<\/li>\n<li>prot\u00e9ger les patients, les visiteurs et le personnel d\u2019une fa\u00e7on fiable<\/li>\n<li>contr\u00f4ler efficacement les zones critiques comme les urgences et les zones r\u00e9serv\u00e9es<\/li>\n<li>limiter et contr\u00f4ler l\u2019acc\u00e8s \u00e0 certaines zones<\/li>\n<\/ul>\n<p>[\/vc_column_text][vc_empty_space height=&#8221;50px&#8221;][\/vc_column][vc_column width=&#8221;2\/12&#8243;][vc_empty_space height=&#8221;50px&#8221;][vc_single_image image=&#8221;34643&#8243; alignment=&#8221;center&#8221; qode_css_animation=&#8221;&#8221;][\/vc_column][\/vc_row][vc_row css_animation=&#8221;&#8221; row_type=&#8221;row&#8221; use_row_as_full_screen_section=&#8221;no&#8221; type=&#8221;grid&#8221; angled_section=&#8221;no&#8221; text_align=&#8221;left&#8221; background_image_as_pattern=&#8221;without_pattern&#8221;][vc_column][vc_column_text]<\/p>\n<h2>Vos besoins, notre solution!<\/h2>\n<p>[\/vc_column_text][\/vc_column][\/vc_row][vc_row css_animation=&#8221;&#8221; row_type=&#8221;row&#8221; use_row_as_full_screen_section=&#8221;no&#8221; type=&#8221;grid&#8221; angled_section=&#8221;no&#8221; text_align=&#8221;left&#8221; background_image_as_pattern=&#8221;without_pattern&#8221; css=&#8221;.vc_custom_1460971218793{margin-bottom: 100px !important;}&#8221;][vc_column width=&#8221;1\/2&#8243;][vc_empty_space height=&#8221;50px&#8221;][vc_raw_html]JTNDcCUzRSUwQSUzQ2RpdiUzRSUwQSUzQ2ElMjBocmVmJTNEJTIyamF2YXNjcmlwdCUzQXRvZ2dsZURpdiUyOCUyN215Q29udGVudDIlMjclMjklM0IlMjIlMjBjbGFzcyUzRCUyMnFidXR0b24lMjBjZW50ZXIlMjBidG4tc3BlY2lhbCUyMiUzRVN5c3QlQzMlQThtZSUyMGRlJTIwY29udHIlQzMlQjRsZSUyMGQlRTIlODAlOTlhY2MlQzMlQThzJTNDJTJGYSUzRSUwQSUzQyUyRmRpdiUzRSUwQSUzQ2RpdiUzRSUwQSUzQ2ElMjBocmVmJTNEJTIyamF2YXNjcmlwdCUzQXRvZ2dsZURpdiUyOCUyN215Q29udGVudCUyNyUyOSUzQiUyMiUyMGNsYXNzJTNEJTIycWJ1dHRvbiUyMGNlbnRlciUyMGJ0bi1zcGVjaWFsJTIyJTNFU3lzdCVDMyVBOG0lMjBkZSUyMGQlQzMlQTl0ZWN0aW9uJTIwZGUlMjBwciVDMyVBOXNlbmNlJTNDJTJGYSUzRSUwQSUzQyUyRmRpdiUzRSUwQSUzQ2RpdiUzRSUwQSUzQ2ElMjBocmVmJTNEJTIyamF2YXNjcmlwdCUzQXRvZ2dsZURpdiUyOCUyN215Q29udGVudDQlMjclMjklM0IlMjIlMjBjbGFzcyUzRCUyMnFidXR0b24lMjBjZW50ZXIlMjBidG4tc3BlY2lhbCUyMiUzRUNvbnRyJUMzJUI0bGUlMjBlbiUyMHRlbXBzJTIwciVDMyVBOWVsJTIwZGVzJTIwem9uZXMlM0MlMkZhJTNFJTBBJTNDJTJGZGl2JTNFJTBBJTNDZGl2JTNFJTBBJTNDYSUyMGhyZWYlM0QlMjJqYXZhc2NyaXB0JTNBdG9nZ2xlRGl2JTI4JTI3bXlDb250ZW50MSUyNyUyOSUzQiUyMiUyMGNsYXNzJTNEJTIycWJ1dHRvbiUyMGNlbnRlciUyMGJ0bi1zcGVjaWFsJTIyJTNFQ29udHIlQzMlQjRsZSUyMGQlRTIlODAlOTlhY2MlQzMlQThzJTIwJUMzJUEwJTIwZGVzJTIwem9uZXMlMjByJUMzJUE5c2VydiVDMyVBOWVzJTNDJTJGYSUzRSUwQSUzQyUyRmRpdiUzRSUwQSUzQ2RpdiUzRSUwQSUzQ2ElMjBocmVmJTNEJTIyamF2YXNjcmlwdCUzQXRvZ2dsZURpdiUyOCUyN215Q29udGVudDMlMjclMjklM0IlMjIlMjBjbGFzcyUzRCUyMnFidXR0b24lMjBjZW50ZXIlMjBidG4tc3BlY2lhbCUyMiUzRVN5c3QlQzMlQThtZSUyMGFudGktaW50cnVzaW9uJTNDJTJGYSUzRSUwQSUzQyUyRmRpdiUzRSUwQSUzQ2RpdiUzRSUwQSUzQ2ElMjBocmVmJTNEJTIyamF2YXNjcmlwdCUzQXRvZ2dsZURpdiUyOCUyN215Q29udGVudDUlMjclMjklM0IlMjIlMjBjbGFzcyUzRCUyMnFidXR0b24lMjBjZW50ZXIlMjBidG4tc3BlY2lhbCUyMiUzRVMlQzMlQTljdXJpdCVDMyVBOSUyMGFudGktaW5jZW5kaWUlM0MlMkZhJTNFJTBBJTNDJTJGZGl2JTNFJTBBJTNDJTJGcCUzRQ==[\/vc_raw_html][vc_raw_js]JTNDc2NyaXB0JTIwdHlwZSUzRCUyMnRleHQlMkZqYXZhc2NyaXB0JTIyJTNFJTBBZnVuY3Rpb24lMjB0b2dnbGVEaXYlMjhkaXZJZCUyOSUyMCU3QiUwQSUyMCUyMCUyMCUyNGolMjglMjIlMjMlMjIlMkJkaXZJZCUyOS5mYWRlVG9nZ2xlJTI4MTAwMCUyOSUzQiUwQSU3RCUwQSUzQyUyRnNjcmlwdCUzRQ==[\/vc_raw_js][\/vc_column][vc_column width=&#8221;1\/2&#8243;][vc_raw_html]JTNDZGl2JTIwc3R5bGUlM0QlMjJoZWlnaHQlM0FhdXRvJTNCJTIwZmxvYXQlM0FsZWZ0JTNCJTIwbWluLWhlaWdodCUzQTM2MHB4JTNCJTIyJTNFJTBBJTNDZGl2JTIwaWQlM0QlMjJzdGFydCUyMiUyMHN0eWxlJTNEJTIycG9zaXRpb24lM0FhYnNvbHV0ZSUzQiUyMHotaW5kZXglM0E0OSUzQiUyMHRvcCUzQTBweCUzQiUyMGZsb2F0JTNBbGVmdCUzQiUyMiUzRSUwQSUyMCUyMCUyMCUyMCUzQ2ltZyUyMCUyMHNyYyUzRCUyMmh0dHBzJTNBJTJGJTJGd3d3LmF4ZXNzdG1jLmNvbSUyRndwLWNvbnRlbnQlMkZ1cGxvYWRzJTJGMjAxNiUyRjA2JTJGaGVhbHRoY2FyZS5qcGclMjIlM0UlMEElM0MlMkZkaXYlM0UlMEElM0NkaXYlMjBpZCUzRCUyMm15Q29udGVudCUyMiUyMHN0eWxlJTNEJTIycG9zaXRpb24lM0FhYnNvbHV0ZSUzQiUyMHotaW5kZXglM0E1MCUzQiUyMHRvcCUzQTBweCUzQiUyMGZsb2F0JTNBbGVmdCUzQiUyMGRpc3BsYXklM0ElMjBub25lJTNCJTIyJTNFJTBBJTIwJTIwJTIwJTIwJTNDaW1nJTIwc3JjJTNEJTIyaHR0cHMlM0ElMkYlMkZ3d3cuYXhlc3N0bWMuY29tJTJGd3AtY29udGVudCUyRnVwbG9hZHMlMkYyMDE2JTJGMDUlMkZpbGx1LWhlYWx0aGNhcmUtMWEucG5nJTIyJTNFJTBBJTNDJTJGZGl2JTNFJTBBJTNDZGl2JTIwaWQlM0QlMjJteUNvbnRlbnQxJTIyJTIwc3R5bGUlM0QlMjJwb3NpdGlvbiUzQWFic29sdXRlJTNCJTIwei1pbmRleCUzQTUxJTNCJTIwdG9wJTNBMHB4JTNCJTIwZmxvYXQlM0FsZWZ0JTNCJTIwZGlzcGxheSUzQSUyMG5vbmUlM0IlMjIlM0UlMEElMjAlMjAlMjAlMjAlM0NpbWclMjBzcmMlM0QlMjJodHRwcyUzQSUyRiUyRnd3dy5heGVzc3RtYy5jb20lMkZ3cC1jb250ZW50JTJGdXBsb2FkcyUyRjIwMTYlMkYwNSUyRmlsbHUtaGVhbHRoY2FyZS0zLnBuZyUyMiUzRSUwQSUzQyUyRmRpdiUzRSUwQSUzQ2RpdiUyMGlkJTNEJTIybXlDb250ZW50MiUyMiUyMHN0eWxlJTNEJTIycG9zaXRpb24lM0FhYnNvbHV0ZSUzQiUyMHotaW5kZXglM0E1MSUzQiUyMHRvcCUzQTBweCUzQiUyMGZsb2F0JTNBbGVmdCUzQiUyMGRpc3BsYXklM0ElMjBub25lJTNCJTIyJTNFJTBBJTIwJTIwJTIwJTIwJTNDaW1nJTIwc3JjJTNEJTIyaHR0cHMlM0ElMkYlMkZ3d3cuYXhlc3N0bWMuY29tJTJGd3AtY29udGVudCUyRnVwbG9hZHMlMkYyMDE2JTJGMDUlMkZpbGx1LWhlYWx0aGNhcmUtMS5wbmclMjIlM0UlMEElM0MlMkZkaXYlM0UlMEElM0NkaXYlMjBpZCUzRCUyMm15Q29udGVudDMlMjIlMjBzdHlsZSUzRCUyMnBvc2l0aW9uJTNBYWJzb2x1dGUlM0IlMjB6LWluZGV4JTNBNTElM0IlMjB0b3AlM0EwcHglM0IlMjBmbG9hdCUzQWxlZnQlM0IlMjBkaXNwbGF5JTNBJTIwbm9uZSUzQiUyMiUzRSUwQSUyMCUyMCUyMCUyMCUzQ2ltZyUyMHNyYyUzRCUyMmh0dHBzJTNBJTJGJTJGd3d3LmF4ZXNzdG1jLmNvbSUyRndwLWNvbnRlbnQlMkZ1cGxvYWRzJTJGMjAxNiUyRjA1JTJGaWxsdS1oZWFsdGhjYXJlLTQucG5nJTIyJTNFJTBBJTNDJTJGZGl2JTNFJTBBJTNDJTJGZGl2JTNFJTBBJTNDZGl2JTIwaWQlM0QlMjJteUNvbnRlbnQ0JTIyJTIwc3R5bGUlM0QlMjJwb3NpdGlvbiUzQWFic29sdXRlJTNCJTIwei1pbmRleCUzQTUxJTNCJTIwdG9wJTNBMHB4JTNCJTIwZmxvYXQlM0FsZWZ0JTNCJTIwZGlzcGxheSUzQSUyMG5vbmUlM0IlMjIlM0UlMEElMjAlMjAlMjAlMjAlM0NpbWclMjBzcmMlM0QlMjJodHRwcyUzQSUyRiUyRnd3dy5heGVzc3RtYy5jb20lMkZ3cC1jb250ZW50JTJGdXBsb2FkcyUyRjIwMTYlMkYwNSUyRmlsbHUtaGVhbHRoY2FyZS0yLnBuZyUyMiUzRSUwQSUzQyUyRmRpdiUzRSUwQSUzQ2RpdiUyMGlkJTNEJTIybXlDb250ZW50NSUyMiUyMHN0eWxlJTNEJTIycG9zaXRpb24lM0FhYnNvbHV0ZSUzQiUyMHotaW5kZXglM0E1MSUzQiUyMHRvcCUzQTBweCUzQiUyMGZsb2F0JTNBbGVmdCUzQiUyMGRpc3BsYXklM0ElMjBub25lJTNCJTIyJTNFJTBBJTIwJTIwJTIwJTIwJTNDaW1nJTIwc3JjJTNEJTIyaHR0cHMlM0ElMkYlMkZ3d3cuYXhlc3N0bWMuY29tJTJGd3AtY29udGVudCUyRnVwbG9hZHMlMkYyMDE2JTJGMDUlMkZpbGx1LWhlYWx0aGNhcmUtNS5wbmclMjIlM0UlMEElM0MlMkZkaXYlM0UlMEElM0MlMkZkaXYlM0U=[\/vc_raw_html][\/vc_column][\/vc_row][vc_row css_animation=&#8221;&#8221; row_type=&#8221;row&#8221; use_row_as_full_screen_section=&#8221;no&#8221; type=&#8221;full_width&#8221; angled_section=&#8221;no&#8221; text_align=&#8221;left&#8221; background_image_as_pattern=&#8221;without_pattern&#8221; css=&#8221;.vc_custom_1528878098535{padding-top: 32px !important;padding-bottom: 50px !important;background-color: #f4f4f4 !important;}&#8221; z_index=&#8221;&#8221;][vc_column][vc_column_text]<\/p>\n<h1 style=\"text-align: center;\">En savoir plus sur nos solutions&#8230;<\/h1>\n<p>[\/vc_column_text][\/vc_column][\/vc_row][vc_row css_animation=&#8221;&#8221; row_type=&#8221;row&#8221; use_row_as_full_screen_section=&#8221;no&#8221; type=&#8221;full_width&#8221; angled_section=&#8221;no&#8221; text_align=&#8221;left&#8221; background_image_as_pattern=&#8221;without_pattern&#8221; css=&#8221;.vc_custom_1461306942408{background-color: #f4f4f4 !important;}&#8221;][vc_column width=&#8221;1\/6&#8243;][vc_single_image image=&#8221;25412&#8243; alignment=&#8221;center&#8221; onclick=&#8221;custom_link&#8221; qode_css_animation=&#8221;element_from_bottom&#8221; link=&#8221;\/fr\/controle-acces\/&#8221;][vc_column_text]<\/p>\n<h1 class=\"icon-markets\" style=\"text-align: center;\">Contr\u00f4le d\u2019acc\u00e8s<\/h1>\n<p>[\/vc_column_text][\/vc_column][vc_column width=&#8221;1\/6&#8243;][vc_single_image image=&#8221;25413&#8243; alignment=&#8221;center&#8221; onclick=&#8221;custom_link&#8221; qode_css_animation=&#8221;element_from_bottom&#8221; link=&#8221;\/fr\/gestion_de_temps_des_presences\/&#8221;][vc_column_text]<\/p>\n<h1 class=\"icon-markets\" style=\"text-align: center;\">Temps des Pr\u00e9sences<\/h1>\n<p>[\/vc_column_text][\/vc_column][vc_column width=&#8221;1\/6&#8243;][vc_single_image image=&#8221;25405&#8243; alignment=&#8221;center&#8221; onclick=&#8221;custom_link&#8221; qode_css_animation=&#8221;element_from_bottom&#8221; link=&#8221;\/fr\/videosurveillance\/&#8221;][vc_column_text]<\/p>\n<h1 class=\"icon-markets\" style=\"text-align: center;\">Vid\u00e9osurveillance<\/h1>\n<p>[\/vc_column_text][\/vc_column][vc_column width=&#8221;1\/6&#8243;][vc_single_image image=&#8221;25415&#8243; alignment=&#8221;center&#8221; onclick=&#8221;custom_link&#8221; qode_css_animation=&#8221;element_from_bottom&#8221; link=&#8221;\/fr\/wireless-lock\/&#8221;][vc_column_text]<\/p>\n<h1 class=\"icon-markets\" style=\"text-align: center;\">Wireless Lock<\/h1>\n<p>[\/vc_column_text][\/vc_column][vc_column width=&#8221;1\/6&#8243;][vc_single_image image=&#8221;25779&#8243; alignment=&#8221;center&#8221; onclick=&#8221;custom_link&#8221; qode_css_animation=&#8221;element_from_bottom&#8221; link=&#8221;\/fr\/systeme-anti-intrusion\/&#8221;][vc_column_text]<\/p>\n<h1 class=\"icon-markets\" style=\"text-align: center;\">Syst\u00e8me Anti-intrusion<\/h1>\n<h1 class=\"icon-markets\" style=\"text-align: center;\"><\/h1>\n<p>[\/vc_column_text][\/vc_column][vc_column width=&#8221;1\/6&#8243;][vc_single_image image=&#8221;25391&#8243; alignment=&#8221;center&#8221; onclick=&#8221;custom_link&#8221; qode_css_animation=&#8221;element_from_bottom&#8221; link=&#8221;\/fr\/systeme-anti-incendie\/&#8221;][vc_column_text]<\/p>\n<h1 class=\"icon-markets\" style=\"text-align: center;\">Syst\u00e8me Anti-incendie<\/h1>\n<p>[\/vc_column_text][\/vc_column][\/vc_row][vc_row css_animation=&#8221;&#8221; row_type=&#8221;row&#8221; use_row_as_full_screen_section=&#8221;no&#8221; type=&#8221;full_width&#8221; angled_section=&#8221;no&#8221; text_align=&#8221;left&#8221; background_image_as_pattern=&#8221;without_pattern&#8221; css=&#8221;.vc_custom_1461306922138{background-color: #f4f4f4 !important;}&#8221;][vc_column][vc_empty_space][\/vc_column][\/vc_row][vc_row css_animation=&#8221;&#8221; row_type=&#8221;row&#8221; use_row_as_full_screen_section=&#8221;no&#8221; type=&#8221;full_width&#8221; angled_section=&#8221;no&#8221; text_align=&#8221;left&#8221; background_image_as_pattern=&#8221;without_pattern&#8221; css=&#8221;.vc_custom_1521454494396{background-color: #0770b7 !important;}&#8221; z_index=&#8221;&#8221;][vc_column][vc_empty_space height=&#8221;40px&#8221;][vc_row_inner row_type=&#8221;row&#8221; type=&#8221;full_width&#8221; text_align=&#8221;left&#8221; css_animation=&#8221;&#8221;][vc_column_inner width=&#8221;1\/4&#8243;][\/vc_column_inner][vc_column_inner width=&#8221;1\/4&#8243;]<span data-type=\"normal\" data-hover-icon-color=\"#dd9933\" class=\"qode_icon_shortcode  q_font_awsome_icon fa-3x pull-center \" style=\" \"><a  itemprop=\"url\" href=\"\/fr\/temoignages-clients\/\" target=\"_blank\"><i class=\"qode_icon_font_awesome fa fa-cubes qode_icon_element\" style=\"color: #ffffff;\" ><\/i><\/a><\/span>[vc_column_text]<\/p>\n<h2 style=\"text-align: center;\"><span style=\"color: #ffffff;\">Temoignages Clients<\/span><\/h2>\n<p>[\/vc_column_text][vc_empty_space height=&#8221;1rem&#8221;][\/vc_column_inner][vc_column_inner el_class=&#8221;sg-popup-id-35449&#8243; width=&#8221;1\/4&#8243;]<span data-type=\"normal\" data-hover-icon-color=\"#dd9933\" class=\"qode_icon_shortcode  q_font_awsome_icon fa-3x pull-center \" style=\" \"><i class=\"qode_icon_font_awesome fa fa-info qode_icon_element\" style=\"color: #ffffff;\" ><\/i><\/span>[vc_column_text]<\/p>\n<h2 style=\"text-align: center;\"><span style=\"color: #ffffff;\">En savoir plus<\/span><\/h2>\n<p>[\/vc_column_text][\/vc_column_inner][vc_column_inner width=&#8221;1\/4&#8243;][\/vc_column_inner][\/vc_row_inner][vc_empty_space height=&#8221;40px&#8221;][\/vc_column][\/vc_row]<\/p>\n<\/div>","protected":false},"excerpt":{"rendered":"<p>[vc_row css_animation=&#8221;&#8221; row_type=&#8221;row&#8221; use_row_as_full_screen_section=&#8221;no&#8221; type=&#8221;grid&#8221; angled_section=&#8221;no&#8221; text_align=&#8221;left&#8221; background_image_as_pattern=&#8221;without_pattern&#8221;][vc_column width=&#8221;10\/12&#8243;][vc_empty_space height=&#8221;50px&#8221;][vc_column_text] La solution pour satisfaire et prot\u00e9ger les exigences des patients, des visiteurs et du personnel m\u00e9dical des h\u00f4pitaux et cliniques sanitaires. [\/vc_column_text][vc_empty_space height=&#8221;50px&#8221;][vc_column_text]La\u00a0s\u00e9curit\u00e9 dans le secteur sanitaire concerne non seulement les travailleurs, mais aussi les&#8230;<\/p>\n","protected":false},"author":14,"featured_media":0,"parent":0,"menu_order":0,"comment_status":"closed","ping_status":"closed","template":"full_width.php","meta":{"footnotes":""},"class_list":["post-31647","page","type-page","status-publish","hentry"],"yoast_head":"<!-- This site is optimized with the Yoast SEO plugin v27.4 - https:\/\/yoast.com\/product\/yoast-seo-wordpress\/ -->\n<title>H\u00f4pitaux et Cliniques Sanitaires - AxessTMC<\/title>\n<meta name=\"robots\" content=\"index, follow, max-snippet:-1, max-image-preview:large, max-video-preview:-1\" \/>\n<link rel=\"canonical\" href=\"https:\/\/www.axesstmc.com\/fr\/hopitaux-cliniques-sanitaires\/\" \/>\n<meta property=\"og:locale\" content=\"fr_FR\" \/>\n<meta property=\"og:type\" content=\"article\" \/>\n<meta property=\"og:title\" content=\"H\u00f4pitaux et Cliniques Sanitaires - AxessTMC\" \/>\n<meta property=\"og:description\" content=\"[vc_row css_animation=&#8221;&#8221; row_type=&#8221;row&#8221; use_row_as_full_screen_section=&#8221;no&#8221; type=&#8221;grid&#8221; angled_section=&#8221;no&#8221; text_align=&#8221;left&#8221; background_image_as_pattern=&#8221;without_pattern&#8221;][vc_column width=&#8221;10\/12&#8243;][vc_empty_space height=&#8221;50px&#8221;][vc_column_text] La solution pour satisfaire et prot\u00e9ger les exigences des patients, des visiteurs et du personnel m\u00e9dical des h\u00f4pitaux et cliniques sanitaires. [\/vc_column_text][vc_empty_space height=&#8221;50px&#8221;][vc_column_text]La\u00a0s\u00e9curit\u00e9 dans le secteur sanitaire concerne non seulement les travailleurs, mais aussi les...\" \/>\n<meta property=\"og:url\" content=\"https:\/\/www.axesstmc.com\/fr\/hopitaux-cliniques-sanitaires\/\" \/>\n<meta property=\"og:site_name\" content=\"AxessTMC\" \/>\n<meta property=\"article:publisher\" content=\"https:\/\/www.facebook.com\/zucchettiaxess\/\" \/>\n<meta property=\"article:modified_time\" content=\"2021-07-19T11:52:33+00:00\" \/>\n<meta name=\"twitter:card\" content=\"summary_large_image\" \/>\n<meta name=\"twitter:label1\" content=\"Est. reading time\" \/>\n\t<meta name=\"twitter:data1\" content=\"3 minutes\" \/>\n<script type=\"application\/ld+json\" class=\"yoast-schema-graph\">{\"@context\":\"https:\\\/\\\/schema.org\",\"@graph\":[{\"@type\":\"WebPage\",\"@id\":\"https:\\\/\\\/www.axesstmc.com\\\/fr\\\/hopitaux-cliniques-sanitaires\\\/\",\"url\":\"https:\\\/\\\/www.axesstmc.com\\\/fr\\\/hopitaux-cliniques-sanitaires\\\/\",\"name\":\"H\u00f4pitaux et Cliniques Sanitaires - AxessTMC\",\"isPartOf\":{\"@id\":\"https:\\\/\\\/www.axesstmc.com\\\/fr\\\/#website\"},\"datePublished\":\"2018-06-22T12:30:27+00:00\",\"dateModified\":\"2021-07-19T11:52:33+00:00\",\"inLanguage\":\"fr-FR\",\"potentialAction\":[{\"@type\":\"ReadAction\",\"target\":[\"https:\\\/\\\/www.axesstmc.com\\\/fr\\\/hopitaux-cliniques-sanitaires\\\/\"]}]},{\"@type\":\"WebSite\",\"@id\":\"https:\\\/\\\/www.axesstmc.com\\\/fr\\\/#website\",\"url\":\"https:\\\/\\\/www.axesstmc.com\\\/fr\\\/\",\"name\":\"AxessTMC\",\"description\":\"Software and Hardware for access control, intrusion detection\",\"publisher\":{\"@id\":\"https:\\\/\\\/www.axesstmc.com\\\/fr\\\/#organization\"},\"potentialAction\":[{\"@type\":\"SearchAction\",\"target\":{\"@type\":\"EntryPoint\",\"urlTemplate\":\"https:\\\/\\\/www.axesstmc.com\\\/fr\\\/?s={search_term_string}\"},\"query-input\":{\"@type\":\"PropertyValueSpecification\",\"valueRequired\":true,\"valueName\":\"search_term_string\"}}],\"inLanguage\":\"fr-FR\"},{\"@type\":\"Organization\",\"@id\":\"https:\\\/\\\/www.axesstmc.com\\\/fr\\\/#organization\",\"name\":\"AxessTMC\",\"url\":\"https:\\\/\\\/www.axesstmc.com\\\/fr\\\/\",\"logo\":{\"@type\":\"ImageObject\",\"inLanguage\":\"fr-FR\",\"@id\":\"https:\\\/\\\/www.axesstmc.com\\\/fr\\\/#\\\/schema\\\/logo\\\/image\\\/\",\"url\":\"https:\\\/\\\/www.axesstmc.com\\\/wp-content\\\/uploads\\\/2019\\\/10\\\/Logo-AxessTMC-Z-Group.jpg\",\"contentUrl\":\"https:\\\/\\\/www.axesstmc.com\\\/wp-content\\\/uploads\\\/2019\\\/10\\\/Logo-AxessTMC-Z-Group.jpg\",\"width\":185,\"height\":55,\"caption\":\"AxessTMC\"},\"image\":{\"@id\":\"https:\\\/\\\/www.axesstmc.com\\\/fr\\\/#\\\/schema\\\/logo\\\/image\\\/\"},\"sameAs\":[\"https:\\\/\\\/www.facebook.com\\\/zucchettiaxess\\\/\",\"https:\\\/\\\/www.linkedin.com\\\/company\\\/zucchetti-axess-s-p-a-?trk=prof-following-company-logo\",\"https:\\\/\\\/www.youtube.com\\\/results?q=axess tmc\"]}]}<\/script>\n<!-- \/ Yoast SEO plugin. -->","yoast_head_json":{"title":"H\u00f4pitaux et Cliniques Sanitaires - AxessTMC","robots":{"index":"index","follow":"follow","max-snippet":"max-snippet:-1","max-image-preview":"max-image-preview:large","max-video-preview":"max-video-preview:-1"},"canonical":"https:\/\/www.axesstmc.com\/fr\/hopitaux-cliniques-sanitaires\/","og_locale":"fr_FR","og_type":"article","og_title":"H\u00f4pitaux et Cliniques Sanitaires - AxessTMC","og_description":"[vc_row css_animation=&#8221;&#8221; row_type=&#8221;row&#8221; use_row_as_full_screen_section=&#8221;no&#8221; type=&#8221;grid&#8221; angled_section=&#8221;no&#8221; text_align=&#8221;left&#8221; background_image_as_pattern=&#8221;without_pattern&#8221;][vc_column width=&#8221;10\/12&#8243;][vc_empty_space height=&#8221;50px&#8221;][vc_column_text] La solution pour satisfaire et prot\u00e9ger les exigences des patients, des visiteurs et du personnel m\u00e9dical des h\u00f4pitaux et cliniques sanitaires. [\/vc_column_text][vc_empty_space height=&#8221;50px&#8221;][vc_column_text]La\u00a0s\u00e9curit\u00e9 dans le secteur sanitaire concerne non seulement les travailleurs, mais aussi les...","og_url":"https:\/\/www.axesstmc.com\/fr\/hopitaux-cliniques-sanitaires\/","og_site_name":"AxessTMC","article_publisher":"https:\/\/www.facebook.com\/zucchettiaxess\/","article_modified_time":"2021-07-19T11:52:33+00:00","twitter_card":"summary_large_image","twitter_misc":{"Est. reading time":"3 minutes"},"schema":{"@context":"https:\/\/schema.org","@graph":[{"@type":"WebPage","@id":"https:\/\/www.axesstmc.com\/fr\/hopitaux-cliniques-sanitaires\/","url":"https:\/\/www.axesstmc.com\/fr\/hopitaux-cliniques-sanitaires\/","name":"H\u00f4pitaux et Cliniques Sanitaires - AxessTMC","isPartOf":{"@id":"https:\/\/www.axesstmc.com\/fr\/#website"},"datePublished":"2018-06-22T12:30:27+00:00","dateModified":"2021-07-19T11:52:33+00:00","inLanguage":"fr-FR","potentialAction":[{"@type":"ReadAction","target":["https:\/\/www.axesstmc.com\/fr\/hopitaux-cliniques-sanitaires\/"]}]},{"@type":"WebSite","@id":"https:\/\/www.axesstmc.com\/fr\/#website","url":"https:\/\/www.axesstmc.com\/fr\/","name":"AxessTMC","description":"Software and Hardware for access control, intrusion detection","publisher":{"@id":"https:\/\/www.axesstmc.com\/fr\/#organization"},"potentialAction":[{"@type":"SearchAction","target":{"@type":"EntryPoint","urlTemplate":"https:\/\/www.axesstmc.com\/fr\/?s={search_term_string}"},"query-input":{"@type":"PropertyValueSpecification","valueRequired":true,"valueName":"search_term_string"}}],"inLanguage":"fr-FR"},{"@type":"Organization","@id":"https:\/\/www.axesstmc.com\/fr\/#organization","name":"AxessTMC","url":"https:\/\/www.axesstmc.com\/fr\/","logo":{"@type":"ImageObject","inLanguage":"fr-FR","@id":"https:\/\/www.axesstmc.com\/fr\/#\/schema\/logo\/image\/","url":"https:\/\/www.axesstmc.com\/wp-content\/uploads\/2019\/10\/Logo-AxessTMC-Z-Group.jpg","contentUrl":"https:\/\/www.axesstmc.com\/wp-content\/uploads\/2019\/10\/Logo-AxessTMC-Z-Group.jpg","width":185,"height":55,"caption":"AxessTMC"},"image":{"@id":"https:\/\/www.axesstmc.com\/fr\/#\/schema\/logo\/image\/"},"sameAs":["https:\/\/www.facebook.com\/zucchettiaxess\/","https:\/\/www.linkedin.com\/company\/zucchetti-axess-s-p-a-?trk=prof-following-company-logo","https:\/\/www.youtube.com\/results?q=axess tmc"]}]}},"_links":{"self":[{"href":"https:\/\/www.axesstmc.com\/fr\/wp-json\/wp\/v2\/pages\/31647","targetHints":{"allow":["GET"]}}],"collection":[{"href":"https:\/\/www.axesstmc.com\/fr\/wp-json\/wp\/v2\/pages"}],"about":[{"href":"https:\/\/www.axesstmc.com\/fr\/wp-json\/wp\/v2\/types\/page"}],"author":[{"embeddable":true,"href":"https:\/\/www.axesstmc.com\/fr\/wp-json\/wp\/v2\/users\/14"}],"replies":[{"embeddable":true,"href":"https:\/\/www.axesstmc.com\/fr\/wp-json\/wp\/v2\/comments?post=31647"}],"version-history":[{"count":1,"href":"https:\/\/www.axesstmc.com\/fr\/wp-json\/wp\/v2\/pages\/31647\/revisions"}],"predecessor-version":[{"id":40398,"href":"https:\/\/www.axesstmc.com\/fr\/wp-json\/wp\/v2\/pages\/31647\/revisions\/40398"}],"wp:attachment":[{"href":"https:\/\/www.axesstmc.com\/fr\/wp-json\/wp\/v2\/media?parent=31647"}],"curies":[{"name":"wp","href":"https:\/\/api.w.org\/{rel}","templated":true}]}}