{"id":31635,"date":"2018-06-22T12:27:41","date_gmt":"2018-06-22T12:27:41","guid":{"rendered":"https:\/\/www.axesstmc.com\/?page_id=31635"},"modified":"2021-07-19T09:21:28","modified_gmt":"2021-07-19T09:21:28","slug":"transports","status":"publish","type":"page","link":"https:\/\/www.axesstmc.com\/fr\/transports\/","title":{"rendered":"Transports"},"content":{"rendered":"<div class=\"wpb-content-wrapper\"><p>[vc_row css_animation=&#8221;&#8221; row_type=&#8221;row&#8221; use_row_as_full_screen_section=&#8221;no&#8221; type=&#8221;grid&#8221; angled_section=&#8221;no&#8221; text_align=&#8221;left&#8221; background_image_as_pattern=&#8221;without_pattern&#8221;][vc_column width=&#8221;10\/12&#8243;][vc_empty_space height=&#8221;50px&#8221;][vc_column_text]<\/p>\n<h1>Une solution int\u00e9gr\u00e9e de gestion de la s\u00e9curit\u00e9 pour contr\u00f4ler et g\u00e9rer depuis une seule plateforme ouverte, modulable et s\u00fbre tout le syst\u00e8me de s\u00e9curit\u00e9 pour le secteur des transports.<\/h1>\n<p>[\/vc_column_text][vc_empty_space height=&#8221;50px&#8221;][vc_column_text]Les syst\u00e8mes de s\u00e9curit\u00e9 Zucchetti Axess n\u00e9cessaires pour atteindre le niveau de s\u00e9curit\u00e9 souhait\u00e9 dans le secteur des transports sont compos\u00e9 d\u2019un <strong>syst\u00e8me int\u00e9gr\u00e9<\/strong> qui comprend le contr\u00f4le d\u2019acc\u00e8s avec tourniquets, des lecteurs biom\u00e9triques d\u2019empreinte digitale, la vid\u00e9osurveillance avec des cam\u00e9ras haute r\u00e9solution, la lecture de plaques et de codes container, des barri\u00e8res automatiques, plac\u00e9es pour contr\u00f4ler et prot\u00e9ger les diff\u00e9rentes zones (p\u00e9rim\u00e8tre, acc\u00e8s v\u00e9hicules et pi\u00e9tons, parkings, quais, etc.).<\/p>\n<p>&nbsp;<\/p>\n<p>Le syst\u00e8me Zucchetti Axess pr\u00e9voit l\u2019utilisation d\u2019une<strong> plateforme int\u00e9gr\u00e9e de gestion de la s\u00e9curit\u00e9<\/strong> dans le but\u00a0:<\/p>\n<ul>\n<li><strong>d\u2019augmenter l\u2019efficacit\u00e9 des contr\u00f4les<\/strong> de personnes, v\u00e9hicules et marchandises qui transitent chaque jour dans ces structures<\/li>\n<li><strong>de prot\u00e9ger les investissements<\/strong> effectu\u00e9s pour mettre en place le syst\u00e8me de s\u00e9curit\u00e9<\/li>\n<li><strong>d\u2019augmenter l\u2019efficacit\u00e9 de la d\u00e9tection du risque<\/strong><\/li>\n<li><strong>d\u2019augmenter le niveau de s\u00e9curit\u00e9<\/strong> et de gestion des urgences<\/li>\n<li>de transmettre aux utilisateurs la perception de <strong>s\u00e9curit\u00e9 de l\u2019infrastructure<\/strong><\/li>\n<\/ul>\n<p>&nbsp;<\/p>\n<p>Une technologie moderne, innovante, qui int\u00e8gre tous les syst\u00e8mes et qui permet de contr\u00f4ler et de coordonner, depuis une <strong>seule plateforme logicielle ouverte, modulable, fiable et s\u00fbre, tout le syst\u00e8me de s\u00e9curit\u00e9 d\u2019une entreprise de transports.<\/strong> La plateforme XAtlas int\u00e8gre et met \u00e0 disposition, via une seule interface, toutes les informations provenant des syst\u00e8mes de s\u00e9curit\u00e9\u00a0: vid\u00e9osurveillance, anti-intrusion, contr\u00f4le d\u2019acc\u00e8s, d\u00e9tection d\u2019incendies.[\/vc_column_text][vc_empty_space height=&#8221;50px&#8221;][\/vc_column][vc_column width=&#8221;2\/12&#8243;][vc_empty_space height=&#8221;50px&#8221;][vc_single_image image=&#8221;34661&#8243; alignment=&#8221;center&#8221; qode_css_animation=&#8221;&#8221;][\/vc_column][\/vc_row][vc_row css_animation=&#8221;&#8221; row_type=&#8221;row&#8221; use_row_as_full_screen_section=&#8221;no&#8221; type=&#8221;grid&#8221; angled_section=&#8221;no&#8221; text_align=&#8221;left&#8221; background_image_as_pattern=&#8221;without_pattern&#8221;][vc_column][vc_column_text]<\/p>\n<h2>Vos besoins, notre solution!<\/h2>\n<p>[\/vc_column_text][\/vc_column][\/vc_row][vc_row css_animation=&#8221;&#8221; row_type=&#8221;row&#8221; use_row_as_full_screen_section=&#8221;no&#8221; type=&#8221;grid&#8221; angled_section=&#8221;no&#8221; text_align=&#8221;left&#8221; background_image_as_pattern=&#8221;without_pattern&#8221; css=&#8221;.vc_custom_1460971218793{margin-bottom: 100px !important;}&#8221;][vc_column width=&#8221;1\/2&#8243;][vc_empty_space height=&#8221;50px&#8221;][vc_raw_html]JTNDcCUzRSUwQSUzQ2RpdiUzRSUwQSUzQ2ElMjBocmVmJTNEJTIyamF2YXNjcmlwdCUzQXRvZ2dsZURpdiUyOCUyN215Q29udGVudDIlMjclMjklM0IlMjIlMjBjbGFzcyUzRCUyMnFidXR0b24lMjBjZW50ZXIlMjBidG4tc3BlY2lhbCUyMiUzRVN5c3QlQzMlQThtZSUyMGRlJTIwY29udHIlQzMlQjRsZSUyMGQlRTIlODAlOTlhY2MlQzMlQThzJTNDJTJGYSUzRSUwQSUzQyUyRmRpdiUzRSUwQSUzQ2RpdiUzRSUwQSUzQ2ElMjBocmVmJTNEJTIyamF2YXNjcmlwdCUzQXRvZ2dsZURpdiUyOCUyN215Q29udGVudDUlMjclMjklM0IlMjIlMjBjbGFzcyUzRCUyMnFidXR0b24lMjBjZW50ZXIlMjBidG4tc3BlY2lhbCUyMiUzRUQlQzMlQTl0ZWN0aW9uJTIwZGUlMjBwciVDMyVBOXNlbmNlJTIwZGVzJTIwZW1wbG95JUMzJUE5cyUzQyUyRmElM0UlMEElM0MlMkZkaXYlM0UlMEElM0NkaXYlM0UlMEElM0NhJTIwaHJlZiUzRCUyMmphdmFzY3JpcHQlM0F0b2dnbGVEaXYlMjglMjdteUNvbnRlbnQlMjclMjklM0IlMjIlMjBjbGFzcyUzRCUyMnFidXR0b24lMjBjZW50ZXIlMjBidG4tc3BlY2lhbCUyMiUzRUNvbnRyJUMzJUI0bGUlMjBlbiUyMHRlbXBzJTIwciVDMyVBOWVsJTIwZGVzJTIwem9uZXMlM0MlMkZhJTNFJTBBJTNDJTJGZGl2JTNFJTBBJTNDZGl2JTNFJTBBJTNDYSUyMGhyZWYlM0QlMjJqYXZhc2NyaXB0JTNBdG9nZ2xlRGl2JTI4JTI3bXlDb250ZW50NCUyNyUyOSUzQiUyMiUyMGNsYXNzJTNEJTIycWJ1dHRvbiUyMGNlbnRlciUyMGJ0bi1zcGVjaWFsJTIyJTNFQ29udHIlQzMlQjRsZSUyMGQlRTIlODAlOTlhY2MlQzMlQThzJTIwJUMzJUEwJTIwZGVzJTIwem9uZXMlMjByJUMzJUE5c2VydiVDMyVBOWVzJTNDJTJGYSUzRSUwQSUzQyUyRmRpdiUzRSUwQSUzQ2RpdiUzRSUwQSUzQ2ElMjBocmVmJTNEJTIyamF2YXNjcmlwdCUzQXRvZ2dsZURpdiUyOCUyN215Q29udGVudDElMjclMjklM0IlMjIlMjBjbGFzcyUzRCUyMnFidXR0b24lMjBjZW50ZXIlMjBidG4tc3BlY2lhbCUyMiUzRVN5c3QlQzMlQThtZSUyMGFudGktaW50cnVzaW9uJTNDJTJGYSUzRSUwQSUzQyUyRmRpdiUzRSUwQSUzQ2RpdiUzRSUwQSUzQ2ElMjBocmVmJTNEJTIyamF2YXNjcmlwdCUzQXRvZ2dsZURpdiUyOCUyN215Q29udGVudDMlMjclMjklM0IlMjIlMjBjbGFzcyUzRCUyMnFidXR0b24lMjBjZW50ZXIlMjBidG4tc3BlY2lhbCUyMiUzRVMlQzMlQTljdXJpdCVDMyVBOSUyMGFudGktaW5jZW5kaWUlM0MlMkZhJTNFJTBBJTNDJTJGZGl2JTNFJTBBJTNDJTJGcCUzRQ==[\/vc_raw_html][vc_raw_js]JTNDc2NyaXB0JTIwdHlwZSUzRCUyMnRleHQlMkZqYXZhc2NyaXB0JTIyJTNFJTBBZnVuY3Rpb24lMjB0b2dnbGVEaXYlMjhkaXZJZCUyOSUyMCU3QiUwQSUyMCUyMCUyMCUyNGolMjglMjIlMjMlMjIlMkJkaXZJZCUyOS5mYWRlVG9nZ2xlJTI4MTAwMCUyOSUzQiUwQSU3RCUwQSUzQyUyRnNjcmlwdCUzRQ==[\/vc_raw_js][\/vc_column][vc_column width=&#8221;1\/2&#8243;][vc_raw_html]JTNDZGl2JTIwc3R5bGUlM0QlMjJoZWlnaHQlM0FhdXRvJTNCJTIwZmxvYXQlM0FsZWZ0JTNCJTIwbWluLWhlaWdodCUzQTM2MHB4JTNCJTIyJTNFJTBBJTNDZGl2JTIwaWQlM0QlMjJzdGFydCUyMiUyMHN0eWxlJTNEJTIycG9zaXRpb24lM0FhYnNvbHV0ZSUzQiUyMHotaW5kZXglM0E0OSUzQiUyMHRvcCUzQTBweCUzQiUyMGZsb2F0JTNBbGVmdCUzQiUyMiUzRSUwQSUyMCUyMCUyMCUyMCUzQ2ltZyUyMCUyMHNyYyUzRCUyMmh0dHBzJTNBJTJGJTJGd3d3LmF4ZXNzdG1jLmNvbSUyRndwLWNvbnRlbnQlMkZ1cGxvYWRzJTJGMjAxNiUyRjA2JTJGYWlycG9ydC5wbmclMjIlM0UlMEElM0MlMkZkaXYlM0UlMEElM0NkaXYlMjBpZCUzRCUyMm15Q29udGVudCUyMiUyMHN0eWxlJTNEJTIycG9zaXRpb24lM0FhYnNvbHV0ZSUzQiUyMHotaW5kZXglM0E1MCUzQiUyMHRvcCUzQTBweCUzQiUyMGZsb2F0JTNBbGVmdCUzQiUyMGRpc3BsYXklM0ElMjBub25lJTNCJTIyJTNFJTBBJTIwJTIwJTIwJTIwJTNDaW1nJTIwc3JjJTNEJTIyaHR0cHMlM0ElMkYlMkZ3d3cuYXhlc3N0bWMuY29tJTJGd3AtY29udGVudCUyRnVwbG9hZHMlMkYyMDE2JTJGMDQlMkZpbGx1LWFpcnBvcnQtMi5wbmclMjIlM0UlMEElM0MlMkZkaXYlM0UlMEElM0NkaXYlMjBpZCUzRCUyMm15Q29udGVudDElMjIlMjBzdHlsZSUzRCUyMnBvc2l0aW9uJTNBYWJzb2x1dGUlM0IlMjB6LWluZGV4JTNBNTElM0IlMjB0b3AlM0EwcHglM0IlMjBmbG9hdCUzQWxlZnQlM0IlMjBkaXNwbGF5JTNBJTIwbm9uZSUzQiUyMiUzRSUwQSUyMCUyMCUyMCUyMCUzQ2ltZyUyMHNyYyUzRCUyMmh0dHBzJTNBJTJGJTJGd3d3LmF4ZXNzdG1jLmNvbSUyRndwLWNvbnRlbnQlMkZ1cGxvYWRzJTJGMjAxNiUyRjA0JTJGaWxsdS1haXJwb3J0LTQucG5nJTIyJTNFJTBBJTNDJTJGZGl2JTNFJTBBJTNDZGl2JTIwaWQlM0QlMjJteUNvbnRlbnQyJTIyJTIwc3R5bGUlM0QlMjJwb3NpdGlvbiUzQWFic29sdXRlJTNCJTIwei1pbmRleCUzQTUxJTNCJTIwdG9wJTNBMHB4JTNCJTIwZmxvYXQlM0FsZWZ0JTNCJTIwZGlzcGxheSUzQSUyMG5vbmUlM0IlMjIlM0UlMEElMjAlMjAlMjAlMjAlM0NpbWclMjBzcmMlM0QlMjJodHRwcyUzQSUyRiUyRnd3dy5heGVzc3RtYy5jb20lMkZ3cC1jb250ZW50JTJGdXBsb2FkcyUyRjIwMTYlMkYwNCUyRmlsbHUtYWlycG9ydC0xLnBuZyUyMiUzRSUwQSUzQyUyRmRpdiUzRSUwQSUzQ2RpdiUyMGlkJTNEJTIybXlDb250ZW50MyUyMiUyMHN0eWxlJTNEJTIycG9zaXRpb24lM0FhYnNvbHV0ZSUzQiUyMHotaW5kZXglM0E1MSUzQiUyMHRvcCUzQTBweCUzQiUyMGZsb2F0JTNBbGVmdCUzQiUyMGRpc3BsYXklM0ElMjBub25lJTNCJTIyJTNFJTBBJTIwJTIwJTIwJTIwJTNDaW1nJTIwc3JjJTNEJTIyaHR0cHMlM0ElMkYlMkZ3d3cuYXhlc3N0bWMuY29tJTJGd3AtY29udGVudCUyRnVwbG9hZHMlMkYyMDE2JTJGMDQlMkZpbGx1LWFpcnBvcnQtNS5wbmclMjIlM0UlMEElM0MlMkZkaXYlM0UlMEElM0MlMkZkaXYlM0UlMEElM0NkaXYlMjBpZCUzRCUyMm15Q29udGVudDQlMjIlMjBzdHlsZSUzRCUyMnBvc2l0aW9uJTNBYWJzb2x1dGUlM0IlMjB6LWluZGV4JTNBNTElM0IlMjB0b3AlM0EwcHglM0IlMjBmbG9hdCUzQWxlZnQlM0IlMjBkaXNwbGF5JTNBJTIwbm9uZSUzQiUyMiUzRSUwQSUyMCUyMCUyMCUyMCUzQ2ltZyUyMHNyYyUzRCUyMmh0dHBzJTNBJTJGJTJGd3d3LmF4ZXNzdG1jLmNvbSUyRndwLWNvbnRlbnQlMkZ1cGxvYWRzJTJGMjAxNiUyRjA0JTJGaWxsdS1haXJwb3J0LTMucG5nJTIyJTNFJTBBJTNDJTJGZGl2JTNFJTBBJTNDZGl2JTIwaWQlM0QlMjJteUNvbnRlbnQ1JTIyJTIwc3R5bGUlM0QlMjJwb3NpdGlvbiUzQWFic29sdXRlJTNCJTIwei1pbmRleCUzQTUxJTNCJTIwdG9wJTNBMHB4JTNCJTIwZmxvYXQlM0FsZWZ0JTNCJTIwZGlzcGxheSUzQSUyMG5vbmUlM0IlMjIlM0UlMEElMjAlMjAlMjAlMjAlM0NpbWclMjBzcmMlM0QlMjJodHRwcyUzQSUyRiUyRnd3dy5heGVzc3RtYy5jb20lMkZ3cC1jb250ZW50JTJGdXBsb2FkcyUyRjIwMTYlMkYwNCUyRmlsbHUtYWlycG9ydC0xYS5wbmclMjIlM0UlMEElM0MlMkZkaXYlM0UlMEElM0MlMkZkaXYlM0U=[\/vc_raw_html][\/vc_column][\/vc_row][vc_row css_animation=&#8221;&#8221; row_type=&#8221;row&#8221; use_row_as_full_screen_section=&#8221;no&#8221; type=&#8221;full_width&#8221; angled_section=&#8221;no&#8221; text_align=&#8221;left&#8221; background_image_as_pattern=&#8221;without_pattern&#8221; css=&#8221;.vc_custom_1528878098535{padding-top: 32px !important;padding-bottom: 50px !important;background-color: #f4f4f4 !important;}&#8221; z_index=&#8221;&#8221;][vc_column][vc_column_text]<\/p>\n<h1 style=\"text-align: center;\">En savoir plus sur nos solutions&#8230;<\/h1>\n<p>[\/vc_column_text][\/vc_column][\/vc_row][vc_row css_animation=&#8221;&#8221; row_type=&#8221;row&#8221; use_row_as_full_screen_section=&#8221;no&#8221; type=&#8221;full_width&#8221; angled_section=&#8221;no&#8221; text_align=&#8221;left&#8221; background_image_as_pattern=&#8221;without_pattern&#8221; css=&#8221;.vc_custom_1461306942408{background-color: #f4f4f4 !important;}&#8221;][vc_column width=&#8221;1\/6&#8243;][vc_single_image image=&#8221;25412&#8243; alignment=&#8221;center&#8221; onclick=&#8221;custom_link&#8221; qode_css_animation=&#8221;element_from_bottom&#8221; link=&#8221;\/fr\/controle-acces\/&#8221;][vc_column_text]<\/p>\n<h1 class=\"icon-markets\" style=\"text-align: center;\">Contr\u00f4le d\u2019acc\u00e8s<\/h1>\n<p>[\/vc_column_text][\/vc_column][vc_column width=&#8221;1\/6&#8243;][vc_single_image image=&#8221;25413&#8243; alignment=&#8221;center&#8221; onclick=&#8221;custom_link&#8221; qode_css_animation=&#8221;element_from_bottom&#8221; link=&#8221;\/fr\/gestion_de_temps_des_presences\/&#8221;][vc_column_text]<\/p>\n<h1 class=\"icon-markets\" style=\"text-align: center;\">Temps des Pr\u00e9sences<\/h1>\n<p>[\/vc_column_text][\/vc_column][vc_column width=&#8221;1\/6&#8243;][vc_single_image image=&#8221;25405&#8243; alignment=&#8221;center&#8221; onclick=&#8221;custom_link&#8221; qode_css_animation=&#8221;element_from_bottom&#8221; link=&#8221;\/fr\/videosurveillance\/&#8221;][vc_column_text]<\/p>\n<h1 class=\"icon-markets\" style=\"text-align: center;\">Vid\u00e9osurveillance<\/h1>\n<p>[\/vc_column_text][\/vc_column][vc_column width=&#8221;1\/6&#8243;][vc_single_image image=&#8221;25415&#8243; alignment=&#8221;center&#8221; onclick=&#8221;custom_link&#8221; qode_css_animation=&#8221;element_from_bottom&#8221; link=&#8221;\/fr\/wireless-lock\/&#8221;][vc_column_text]<\/p>\n<h1 class=\"icon-markets\" style=\"text-align: center;\">Wireless Lock<\/h1>\n<p>[\/vc_column_text][\/vc_column][vc_column width=&#8221;1\/6&#8243;][vc_single_image image=&#8221;25779&#8243; alignment=&#8221;center&#8221; onclick=&#8221;custom_link&#8221; qode_css_animation=&#8221;element_from_bottom&#8221; link=&#8221;\/fr\/systeme-anti-intrusion\/&#8221;][vc_column_text]<\/p>\n<h1 class=\"icon-markets\" style=\"text-align: center;\">Syst\u00e8me Anti-intrusion<\/h1>\n<h1 class=\"icon-markets\" style=\"text-align: center;\"><\/h1>\n<p>[\/vc_column_text][\/vc_column][vc_column width=&#8221;1\/6&#8243;][vc_single_image image=&#8221;25391&#8243; alignment=&#8221;center&#8221; onclick=&#8221;custom_link&#8221; qode_css_animation=&#8221;element_from_bottom&#8221; link=&#8221;\/fr\/systeme-anti-incendie\/&#8221;][vc_column_text]<\/p>\n<h1 class=\"icon-markets\" style=\"text-align: center;\">Syst\u00e8me Anti-incendie<\/h1>\n<p>[\/vc_column_text][\/vc_column][\/vc_row][vc_row css_animation=&#8221;&#8221; row_type=&#8221;row&#8221; use_row_as_full_screen_section=&#8221;no&#8221; type=&#8221;full_width&#8221; angled_section=&#8221;no&#8221; text_align=&#8221;left&#8221; background_image_as_pattern=&#8221;without_pattern&#8221; css=&#8221;.vc_custom_1461306922138{background-color: #f4f4f4 !important;}&#8221;][vc_column][vc_empty_space][\/vc_column][\/vc_row][vc_row css_animation=&#8221;&#8221; row_type=&#8221;row&#8221; use_row_as_full_screen_section=&#8221;no&#8221; type=&#8221;full_width&#8221; angled_section=&#8221;no&#8221; text_align=&#8221;left&#8221; background_image_as_pattern=&#8221;without_pattern&#8221; css=&#8221;.vc_custom_1521454494396{background-color: #0770b7 !important;}&#8221; z_index=&#8221;&#8221;][vc_column][vc_empty_space height=&#8221;40px&#8221;][vc_row_inner row_type=&#8221;row&#8221; type=&#8221;full_width&#8221; text_align=&#8221;left&#8221; css_animation=&#8221;&#8221;][vc_column_inner width=&#8221;1\/4&#8243;][\/vc_column_inner][vc_column_inner width=&#8221;1\/4&#8243;]<span data-type=\"normal\" data-hover-icon-color=\"#dd9933\" class=\"qode_icon_shortcode  q_font_awsome_icon fa-3x pull-center \" style=\" \"><a  itemprop=\"url\" href=\"\/fr\/temoignages-clients\/\" target=\"_blank\"><i class=\"qode_icon_font_awesome fa fa-cubes qode_icon_element\" style=\"color: #ffffff;\" ><\/i><\/a><\/span>[vc_column_text]<\/p>\n<h2 style=\"text-align: center;\"><span style=\"color: #ffffff;\">Temoignages Clients<\/span><\/h2>\n<p>[\/vc_column_text][vc_empty_space height=&#8221;1rem&#8221;][\/vc_column_inner][vc_column_inner el_class=&#8221;sg-popup-id-35449&#8243; width=&#8221;1\/4&#8243;]<span data-type=\"normal\" data-hover-icon-color=\"#dd9933\" class=\"qode_icon_shortcode  q_font_awsome_icon fa-3x pull-center \" style=\" \"><i class=\"qode_icon_font_awesome fa fa-info qode_icon_element\" style=\"color: #ffffff;\" ><\/i><\/span>[vc_column_text]<\/p>\n<h2 style=\"text-align: center;\"><span style=\"color: #ffffff;\">En savoir plus<\/span><\/h2>\n<p>[\/vc_column_text][\/vc_column_inner][vc_column_inner width=&#8221;1\/4&#8243;][\/vc_column_inner][\/vc_row_inner][vc_empty_space height=&#8221;40px&#8221;][\/vc_column][\/vc_row]<\/p>\n<\/div>","protected":false},"excerpt":{"rendered":"<p>[vc_row css_animation=&#8221;&#8221; row_type=&#8221;row&#8221; use_row_as_full_screen_section=&#8221;no&#8221; type=&#8221;grid&#8221; angled_section=&#8221;no&#8221; text_align=&#8221;left&#8221; background_image_as_pattern=&#8221;without_pattern&#8221;][vc_column width=&#8221;10\/12&#8243;][vc_empty_space height=&#8221;50px&#8221;][vc_column_text] Une solution int\u00e9gr\u00e9e de gestion de la s\u00e9curit\u00e9 pour contr\u00f4ler et g\u00e9rer depuis une seule plateforme ouverte, modulable et s\u00fbre tout le syst\u00e8me de s\u00e9curit\u00e9 pour le secteur des transports. [\/vc_column_text][vc_empty_space height=&#8221;50px&#8221;][vc_column_text]Les syst\u00e8mes de s\u00e9curit\u00e9&#8230;<\/p>\n","protected":false},"author":14,"featured_media":0,"parent":0,"menu_order":0,"comment_status":"closed","ping_status":"closed","template":"full_width.php","meta":{"footnotes":""},"class_list":["post-31635","page","type-page","status-publish","hentry"],"yoast_head":"<!-- This site is optimized with the Yoast SEO plugin v27.4 - https:\/\/yoast.com\/product\/yoast-seo-wordpress\/ -->\n<title>Transports - AxessTMC<\/title>\n<meta name=\"robots\" content=\"index, follow, max-snippet:-1, max-image-preview:large, max-video-preview:-1\" \/>\n<link rel=\"canonical\" href=\"https:\/\/www.axesstmc.com\/fr\/transports\/\" \/>\n<meta property=\"og:locale\" content=\"fr_FR\" \/>\n<meta property=\"og:type\" content=\"article\" \/>\n<meta property=\"og:title\" content=\"Transports - AxessTMC\" \/>\n<meta property=\"og:description\" content=\"[vc_row css_animation=&#8221;&#8221; row_type=&#8221;row&#8221; use_row_as_full_screen_section=&#8221;no&#8221; type=&#8221;grid&#8221; angled_section=&#8221;no&#8221; text_align=&#8221;left&#8221; background_image_as_pattern=&#8221;without_pattern&#8221;][vc_column width=&#8221;10\/12&#8243;][vc_empty_space height=&#8221;50px&#8221;][vc_column_text] Une solution int\u00e9gr\u00e9e de gestion de la s\u00e9curit\u00e9 pour contr\u00f4ler et g\u00e9rer depuis une seule plateforme ouverte, modulable et s\u00fbre tout le syst\u00e8me de s\u00e9curit\u00e9 pour le secteur des transports. [\/vc_column_text][vc_empty_space height=&#8221;50px&#8221;][vc_column_text]Les syst\u00e8mes de s\u00e9curit\u00e9...\" \/>\n<meta property=\"og:url\" content=\"https:\/\/www.axesstmc.com\/fr\/transports\/\" \/>\n<meta property=\"og:site_name\" content=\"AxessTMC\" \/>\n<meta property=\"article:publisher\" content=\"https:\/\/www.facebook.com\/zucchettiaxess\/\" \/>\n<meta property=\"article:modified_time\" content=\"2021-07-19T09:21:28+00:00\" \/>\n<meta name=\"twitter:card\" content=\"summary_large_image\" \/>\n<meta name=\"twitter:label1\" content=\"Est. reading time\" \/>\n\t<meta name=\"twitter:data1\" content=\"2 minutes\" \/>\n<script type=\"application\/ld+json\" class=\"yoast-schema-graph\">{\"@context\":\"https:\\\/\\\/schema.org\",\"@graph\":[{\"@type\":\"WebPage\",\"@id\":\"https:\\\/\\\/www.axesstmc.com\\\/fr\\\/transports\\\/\",\"url\":\"https:\\\/\\\/www.axesstmc.com\\\/fr\\\/transports\\\/\",\"name\":\"Transports - AxessTMC\",\"isPartOf\":{\"@id\":\"https:\\\/\\\/www.axesstmc.com\\\/fr\\\/#website\"},\"datePublished\":\"2018-06-22T12:27:41+00:00\",\"dateModified\":\"2021-07-19T09:21:28+00:00\",\"inLanguage\":\"fr-FR\",\"potentialAction\":[{\"@type\":\"ReadAction\",\"target\":[\"https:\\\/\\\/www.axesstmc.com\\\/fr\\\/transports\\\/\"]}]},{\"@type\":\"WebSite\",\"@id\":\"https:\\\/\\\/www.axesstmc.com\\\/fr\\\/#website\",\"url\":\"https:\\\/\\\/www.axesstmc.com\\\/fr\\\/\",\"name\":\"AxessTMC\",\"description\":\"Software and Hardware for access control, intrusion detection\",\"publisher\":{\"@id\":\"https:\\\/\\\/www.axesstmc.com\\\/fr\\\/#organization\"},\"potentialAction\":[{\"@type\":\"SearchAction\",\"target\":{\"@type\":\"EntryPoint\",\"urlTemplate\":\"https:\\\/\\\/www.axesstmc.com\\\/fr\\\/?s={search_term_string}\"},\"query-input\":{\"@type\":\"PropertyValueSpecification\",\"valueRequired\":true,\"valueName\":\"search_term_string\"}}],\"inLanguage\":\"fr-FR\"},{\"@type\":\"Organization\",\"@id\":\"https:\\\/\\\/www.axesstmc.com\\\/fr\\\/#organization\",\"name\":\"AxessTMC\",\"url\":\"https:\\\/\\\/www.axesstmc.com\\\/fr\\\/\",\"logo\":{\"@type\":\"ImageObject\",\"inLanguage\":\"fr-FR\",\"@id\":\"https:\\\/\\\/www.axesstmc.com\\\/fr\\\/#\\\/schema\\\/logo\\\/image\\\/\",\"url\":\"https:\\\/\\\/www.axesstmc.com\\\/wp-content\\\/uploads\\\/2019\\\/10\\\/Logo-AxessTMC-Z-Group.jpg\",\"contentUrl\":\"https:\\\/\\\/www.axesstmc.com\\\/wp-content\\\/uploads\\\/2019\\\/10\\\/Logo-AxessTMC-Z-Group.jpg\",\"width\":185,\"height\":55,\"caption\":\"AxessTMC\"},\"image\":{\"@id\":\"https:\\\/\\\/www.axesstmc.com\\\/fr\\\/#\\\/schema\\\/logo\\\/image\\\/\"},\"sameAs\":[\"https:\\\/\\\/www.facebook.com\\\/zucchettiaxess\\\/\",\"https:\\\/\\\/www.linkedin.com\\\/company\\\/zucchetti-axess-s-p-a-?trk=prof-following-company-logo\",\"https:\\\/\\\/www.youtube.com\\\/results?q=axess tmc\"]}]}<\/script>\n<!-- \/ Yoast SEO plugin. -->","yoast_head_json":{"title":"Transports - AxessTMC","robots":{"index":"index","follow":"follow","max-snippet":"max-snippet:-1","max-image-preview":"max-image-preview:large","max-video-preview":"max-video-preview:-1"},"canonical":"https:\/\/www.axesstmc.com\/fr\/transports\/","og_locale":"fr_FR","og_type":"article","og_title":"Transports - AxessTMC","og_description":"[vc_row css_animation=&#8221;&#8221; row_type=&#8221;row&#8221; use_row_as_full_screen_section=&#8221;no&#8221; type=&#8221;grid&#8221; angled_section=&#8221;no&#8221; text_align=&#8221;left&#8221; background_image_as_pattern=&#8221;without_pattern&#8221;][vc_column width=&#8221;10\/12&#8243;][vc_empty_space height=&#8221;50px&#8221;][vc_column_text] Une solution int\u00e9gr\u00e9e de gestion de la s\u00e9curit\u00e9 pour contr\u00f4ler et g\u00e9rer depuis une seule plateforme ouverte, modulable et s\u00fbre tout le syst\u00e8me de s\u00e9curit\u00e9 pour le secteur des transports. [\/vc_column_text][vc_empty_space height=&#8221;50px&#8221;][vc_column_text]Les syst\u00e8mes de s\u00e9curit\u00e9...","og_url":"https:\/\/www.axesstmc.com\/fr\/transports\/","og_site_name":"AxessTMC","article_publisher":"https:\/\/www.facebook.com\/zucchettiaxess\/","article_modified_time":"2021-07-19T09:21:28+00:00","twitter_card":"summary_large_image","twitter_misc":{"Est. reading time":"2 minutes"},"schema":{"@context":"https:\/\/schema.org","@graph":[{"@type":"WebPage","@id":"https:\/\/www.axesstmc.com\/fr\/transports\/","url":"https:\/\/www.axesstmc.com\/fr\/transports\/","name":"Transports - AxessTMC","isPartOf":{"@id":"https:\/\/www.axesstmc.com\/fr\/#website"},"datePublished":"2018-06-22T12:27:41+00:00","dateModified":"2021-07-19T09:21:28+00:00","inLanguage":"fr-FR","potentialAction":[{"@type":"ReadAction","target":["https:\/\/www.axesstmc.com\/fr\/transports\/"]}]},{"@type":"WebSite","@id":"https:\/\/www.axesstmc.com\/fr\/#website","url":"https:\/\/www.axesstmc.com\/fr\/","name":"AxessTMC","description":"Software and Hardware for access control, intrusion detection","publisher":{"@id":"https:\/\/www.axesstmc.com\/fr\/#organization"},"potentialAction":[{"@type":"SearchAction","target":{"@type":"EntryPoint","urlTemplate":"https:\/\/www.axesstmc.com\/fr\/?s={search_term_string}"},"query-input":{"@type":"PropertyValueSpecification","valueRequired":true,"valueName":"search_term_string"}}],"inLanguage":"fr-FR"},{"@type":"Organization","@id":"https:\/\/www.axesstmc.com\/fr\/#organization","name":"AxessTMC","url":"https:\/\/www.axesstmc.com\/fr\/","logo":{"@type":"ImageObject","inLanguage":"fr-FR","@id":"https:\/\/www.axesstmc.com\/fr\/#\/schema\/logo\/image\/","url":"https:\/\/www.axesstmc.com\/wp-content\/uploads\/2019\/10\/Logo-AxessTMC-Z-Group.jpg","contentUrl":"https:\/\/www.axesstmc.com\/wp-content\/uploads\/2019\/10\/Logo-AxessTMC-Z-Group.jpg","width":185,"height":55,"caption":"AxessTMC"},"image":{"@id":"https:\/\/www.axesstmc.com\/fr\/#\/schema\/logo\/image\/"},"sameAs":["https:\/\/www.facebook.com\/zucchettiaxess\/","https:\/\/www.linkedin.com\/company\/zucchetti-axess-s-p-a-?trk=prof-following-company-logo","https:\/\/www.youtube.com\/results?q=axess tmc"]}]}},"_links":{"self":[{"href":"https:\/\/www.axesstmc.com\/fr\/wp-json\/wp\/v2\/pages\/31635","targetHints":{"allow":["GET"]}}],"collection":[{"href":"https:\/\/www.axesstmc.com\/fr\/wp-json\/wp\/v2\/pages"}],"about":[{"href":"https:\/\/www.axesstmc.com\/fr\/wp-json\/wp\/v2\/types\/page"}],"author":[{"embeddable":true,"href":"https:\/\/www.axesstmc.com\/fr\/wp-json\/wp\/v2\/users\/14"}],"replies":[{"embeddable":true,"href":"https:\/\/www.axesstmc.com\/fr\/wp-json\/wp\/v2\/comments?post=31635"}],"version-history":[{"count":1,"href":"https:\/\/www.axesstmc.com\/fr\/wp-json\/wp\/v2\/pages\/31635\/revisions"}],"predecessor-version":[{"id":40390,"href":"https:\/\/www.axesstmc.com\/fr\/wp-json\/wp\/v2\/pages\/31635\/revisions\/40390"}],"wp:attachment":[{"href":"https:\/\/www.axesstmc.com\/fr\/wp-json\/wp\/v2\/media?parent=31635"}],"curies":[{"name":"wp","href":"https:\/\/api.w.org\/{rel}","templated":true}]}}