{"id":31603,"date":"2018-06-22T12:09:54","date_gmt":"2018-06-22T12:09:54","guid":{"rendered":"https:\/\/www.axesstmc.com\/?page_id=31603"},"modified":"2024-09-26T13:22:01","modified_gmt":"2024-09-26T13:22:01","slug":"mesh-box","status":"publish","type":"page","link":"https:\/\/www.axesstmc.com\/fr\/mesh-box\/","title":{"rendered":"MESH BOX"},"content":{"rendered":"<div class=\"wpb-content-wrapper\"><p>[vc_row css_animation=&#8221;&#8221; row_type=&#8221;row&#8221; use_row_as_full_screen_section=&#8221;no&#8221; type=&#8221;grid&#8221; angled_section=&#8221;no&#8221; text_align=&#8221;left&#8221; background_image_as_pattern=&#8221;without_pattern&#8221;][vc_column width=&#8221;1\/2&#8243;][vc_single_image image=&#8221;31088&#8243; img_size=&#8221;full&#8221; alignment=&#8221;center&#8221; qode_css_animation=&#8221;&#8221;][\/vc_column][vc_column width=&#8221;1\/2&#8243;][vc_empty_space height=&#8221;70px&#8221;][vc_column_text]<\/p>\n<h1>Gr\u00e2ce \u00e0 <strong>MESH BOX <\/strong>nos terminaux et contr\u00f4leurs peuvent g\u00e9rer les lecteurs et les cartes E\/S suppl\u00e9mentaires\u00a0sans avoir besoin d\u2019effectuer le c\u00e2blage.<\/h1>\n<p>&nbsp;<\/p>\n<p>Cr\u00e9ez votre solution mat\u00e9rielle en choisissant au sein de la vaste gamme de terminaux et de lecteurs Zucchetti Axess sans vous inqui\u00e9ter des c\u00e2blages.[\/vc_column_text][vc_empty_space height=&#8221;2.5rem&#8221;]<div class=\"q_icon_list\"><i class=\"qode_icon_font_awesome fa fa-check qode-ili-icon-holder circle\" style=\"color: #ffffff;background-color: #0770b7;\" ><\/i><p style=\"font-size: 20px;font-weight: 700;\">Technologie MESH<\/p><\/div>[vc_empty_space height=&#8221;1.5rem&#8221;]<div class=\"q_icon_list\"><i class=\"qode_icon_font_awesome fa fa-check qode-ili-icon-holder circle\" style=\"color: #ffffff;background-color: #0770b7;\" ><\/i><p style=\"font-size: 20px;font-weight: 700;\">R\u00e9seaux RS485<\/p><\/div>[vc_empty_space height=&#8221;1.5rem&#8221;]<div class=\"q_icon_list\"><i class=\"qode_icon_font_awesome fa fa-check qode-ili-icon-holder circle\" style=\"color: #ffffff;background-color: #0770b7;\" ><\/i><p style=\"font-size: 20px;font-weight: 700;\">\u00c9volutif<\/p><\/div>[\/vc_column][\/vc_row][vc_row css_animation=&#8221;&#8221; row_type=&#8221;row&#8221; use_row_as_full_screen_section=&#8221;yes&#8221; type=&#8221;full_width&#8221; angled_section=&#8221;no&#8221; text_align=&#8221;left&#8221; background_image_as_pattern=&#8221;without_pattern&#8221; z_index=&#8221;&#8221;][vc_column][vc_row_inner row_type=&#8221;row&#8221; type=&#8221;full_width&#8221; text_align=&#8221;left&#8221; css_animation=&#8221;&#8221; padding_top=&#8221;0&#8243; padding_bottom=&#8221;0&#8243;][vc_column_inner][vc_empty_space height=&#8221;20rem&#8221; css=&#8221;.vc_custom_1537884365091{margin-top: 2rem !important;margin-bottom: 2rem !important;padding-top: 5rem !important;padding-bottom: 5rem !important;background-image: url(https:\/\/www.axesstmc.com\/wp-content\/uploads\/2018\/05\/banner-blu-triangoli.png) !important;background-position: center !important;background-repeat: no-repeat !important;background-size: cover !important;}&#8221; el_class=&#8221;banner giallo-triangoli&#8221;][\/vc_column_inner][\/vc_row_inner][\/vc_column][\/vc_row][vc_row css_animation=&#8221;&#8221; row_type=&#8221;row&#8221; use_row_as_full_screen_section=&#8221;no&#8221; type=&#8221;grid&#8221; angled_section=&#8221;no&#8221; text_align=&#8221;left&#8221; background_image_as_pattern=&#8221;without_pattern&#8221;][vc_column][vc_column_text]<\/p>\n<div class=\"wpb_text_column wpb_content_element \">\n<div class=\"wpb_wrapper\">\n<p>MESH BOX se base sur la technologie Mesh \u00e0 2,4 GHz qui cr\u00e9e des r\u00e9seaux sans fil extr\u00eamement fiables gr\u00e2ce au fait que chaque noeud fonctionne simultan\u00e9ment tant comme ma\u00eetre de modules RS485 que comme r\u00e9p\u00e9teur de signaux d\u2019autres MESH en relan\u00e7ant le signal.<\/p>\n<p>&nbsp;<\/p>\n<p>Ce type d\u2019architecture permet d\u2019obtenir un r\u00e9seau tr\u00e8s flexible et robuste, car chaque noeud est connect\u00e9 \u00e0 de nombreux autres noeuds.<\/p>\n<p>&nbsp;<\/p>\n<p>Avec MESH BOX, par exemple, le terminal du b\u00e2timent central peut \u00e9galement contr\u00f4ler les lecteurs et les E\/S du portail pour v\u00e9hicules dans le parking sans branchements physiques mais enti\u00e8rement sans fil.<\/p>\n<p>&nbsp;<\/p>\n<p>Les avantages d\u2019un r\u00e9seau Mesh:<\/p>\n<ul>\n<li>Extr\u00eamement fiable;<\/li>\n<li>Adaptable et r\u00e9sistant;<\/li>\n<li>Vous \u00e9vitez les c\u00e2blages parfois tr\u00e8s co\u00fbteux;<\/li>\n<li>Facile \u00e0 installer.<\/li>\n<\/ul>\n<p>&nbsp;<\/p>\n<\/div>\n<\/div>\n<p>[\/vc_column_text][vc_empty_space height=&#8221;50px&#8221;][\/vc_column][\/vc_row][vc_row css_animation=&#8221;&#8221; row_type=&#8221;row&#8221; use_row_as_full_screen_section=&#8221;no&#8221; type=&#8221;full_width&#8221; angled_section=&#8221;no&#8221; text_align=&#8221;left&#8221; background_image_as_pattern=&#8221;without_pattern&#8221;][vc_column][vc_empty_space height=&#8221;100px&#8221;][\/vc_column][\/vc_row][vc_row css_animation=&#8221;&#8221; row_type=&#8221;row&#8221; use_row_as_full_screen_section=&#8221;no&#8221; type=&#8221;full_width&#8221; angled_section=&#8221;no&#8221; text_align=&#8221;left&#8221; background_image_as_pattern=&#8221;without_pattern&#8221; css=&#8221;.vc_custom_1521454494396{background-color: #0770b7 !important;}&#8221; z_index=&#8221;&#8221;][vc_column][vc_empty_space height=&#8221;40px&#8221;][vc_row_inner row_type=&#8221;row&#8221; type=&#8221;full_width&#8221; text_align=&#8221;left&#8221; css_animation=&#8221;&#8221;][vc_column_inner width=&#8221;1\/4&#8243;][\/vc_column_inner][vc_column_inner width=&#8221;1\/4&#8243;]<span data-type=\"normal\" data-hover-icon-color=\"#dd9933\" class=\"qode_icon_shortcode  q_font_awsome_icon fa-3x pull-center \" style=\" \"><a  itemprop=\"url\" href=\"https:\/\/www.axesstmc.com\/wp-content\/uploads\/2020\/01\/Mesh_FRA.pdf\" target=\"_blank\"><i class=\"qode_icon_font_awesome fa fa-download qode_icon_element\" style=\"color: #ffffff;\" ><\/i><\/a><\/span>[vc_column_text]<\/p>\n<h2 style=\"text-align: center;\"><span style=\"color: #ffffff;\">Fiche produit<\/span><\/h2>\n<p>[\/vc_column_text][vc_empty_space height=&#8221;1rem&#8221;][\/vc_column_inner][vc_column_inner el_class=&#8221;sg-popup-id-35449&#8243; width=&#8221;1\/4&#8243;]<span data-type=\"normal\" data-hover-icon-color=\"#dd9933\" class=\"qode_icon_shortcode  q_font_awsome_icon fa-3x pull-center \" style=\" \"><i class=\"qode_icon_font_awesome fa fa-info qode_icon_element\" style=\"color: #ffffff;\" ><\/i><\/span>[vc_column_text]<\/p>\n<h2 style=\"text-align: center;\"><span style=\"color: #ffffff;\">En savoir plus<\/span><\/h2>\n<p>[\/vc_column_text][\/vc_column_inner][vc_column_inner width=&#8221;1\/4&#8243;][\/vc_column_inner][\/vc_row_inner][vc_empty_space height=&#8221;40px&#8221;][\/vc_column][\/vc_row]<\/p>\n<\/div>","protected":false},"excerpt":{"rendered":"<p>[vc_row css_animation=&#8221;&#8221; row_type=&#8221;row&#8221; use_row_as_full_screen_section=&#8221;no&#8221; type=&#8221;grid&#8221; angled_section=&#8221;no&#8221; text_align=&#8221;left&#8221; background_image_as_pattern=&#8221;without_pattern&#8221;][vc_column width=&#8221;1\/2&#8243;][vc_single_image image=&#8221;31088&#8243; img_size=&#8221;full&#8221; alignment=&#8221;center&#8221; qode_css_animation=&#8221;&#8221;][\/vc_column][vc_column width=&#8221;1\/2&#8243;][vc_empty_space height=&#8221;70px&#8221;][vc_column_text] Gr\u00e2ce \u00e0 MESH BOX nos terminaux et contr\u00f4leurs peuvent g\u00e9rer les lecteurs et les cartes E\/S suppl\u00e9mentaires\u00a0sans avoir besoin d\u2019effectuer le c\u00e2blage. &nbsp; Cr\u00e9ez votre solution mat\u00e9rielle en choisissant au&#8230;<\/p>\n","protected":false},"author":14,"featured_media":0,"parent":0,"menu_order":0,"comment_status":"closed","ping_status":"closed","template":"full_width.php","meta":{"footnotes":""},"class_list":["post-31603","page","type-page","status-publish","hentry"],"yoast_head":"<!-- This site is optimized with the Yoast SEO plugin v27.4 - https:\/\/yoast.com\/product\/yoast-seo-wordpress\/ -->\n<title>MESH BOX - AxessTMC<\/title>\n<meta name=\"description\" content=\"Gr\u00e2ce \u00e0 MESH BOX, nos terminaux et contr\u00f4leurs peuvent g\u00e9rer des lecteurs et cartes E\/S suppl\u00e9mentaires sans avoir \u00e0 c\u00e2bler. Cr\u00e9ez votre propre solution mat\u00e9rielle.\" \/>\n<meta name=\"robots\" content=\"index, follow, max-snippet:-1, max-image-preview:large, max-video-preview:-1\" \/>\n<link rel=\"canonical\" href=\"https:\/\/www.axesstmc.com\/fr\/mesh-box\/\" \/>\n<meta property=\"og:locale\" content=\"fr_FR\" \/>\n<meta property=\"og:type\" content=\"article\" \/>\n<meta property=\"og:title\" content=\"MESH BOX - AxessTMC\" \/>\n<meta property=\"og:description\" content=\"Gr\u00e2ce \u00e0 MESH BOX, nos terminaux et contr\u00f4leurs peuvent g\u00e9rer des lecteurs et cartes E\/S suppl\u00e9mentaires sans avoir \u00e0 c\u00e2bler. Cr\u00e9ez votre propre solution mat\u00e9rielle.\" \/>\n<meta property=\"og:url\" content=\"https:\/\/www.axesstmc.com\/fr\/mesh-box\/\" \/>\n<meta property=\"og:site_name\" content=\"AxessTMC\" \/>\n<meta property=\"article:publisher\" content=\"https:\/\/www.facebook.com\/zucchettiaxess\/\" \/>\n<meta property=\"article:modified_time\" content=\"2024-09-26T13:22:01+00:00\" \/>\n<meta name=\"twitter:card\" content=\"summary_large_image\" \/>\n<meta name=\"twitter:label1\" content=\"Est. reading time\" \/>\n\t<meta name=\"twitter:data1\" content=\"2 minutes\" \/>\n<script type=\"application\/ld+json\" class=\"yoast-schema-graph\">{\"@context\":\"https:\\\/\\\/schema.org\",\"@graph\":[{\"@type\":\"WebPage\",\"@id\":\"https:\\\/\\\/www.axesstmc.com\\\/fr\\\/mesh-box\\\/\",\"url\":\"https:\\\/\\\/www.axesstmc.com\\\/fr\\\/mesh-box\\\/\",\"name\":\"MESH BOX - AxessTMC\",\"isPartOf\":{\"@id\":\"https:\\\/\\\/www.axesstmc.com\\\/fr\\\/#website\"},\"datePublished\":\"2018-06-22T12:09:54+00:00\",\"dateModified\":\"2024-09-26T13:22:01+00:00\",\"description\":\"Gr\u00e2ce \u00e0 MESH BOX, nos terminaux et contr\u00f4leurs peuvent g\u00e9rer des lecteurs et cartes E\\\/S suppl\u00e9mentaires sans avoir \u00e0 c\u00e2bler. Cr\u00e9ez votre propre solution mat\u00e9rielle.\",\"inLanguage\":\"fr-FR\",\"potentialAction\":[{\"@type\":\"ReadAction\",\"target\":[\"https:\\\/\\\/www.axesstmc.com\\\/fr\\\/mesh-box\\\/\"]}]},{\"@type\":\"WebSite\",\"@id\":\"https:\\\/\\\/www.axesstmc.com\\\/fr\\\/#website\",\"url\":\"https:\\\/\\\/www.axesstmc.com\\\/fr\\\/\",\"name\":\"AxessTMC\",\"description\":\"Software and Hardware for access control, intrusion detection\",\"publisher\":{\"@id\":\"https:\\\/\\\/www.axesstmc.com\\\/fr\\\/#organization\"},\"potentialAction\":[{\"@type\":\"SearchAction\",\"target\":{\"@type\":\"EntryPoint\",\"urlTemplate\":\"https:\\\/\\\/www.axesstmc.com\\\/fr\\\/?s={search_term_string}\"},\"query-input\":{\"@type\":\"PropertyValueSpecification\",\"valueRequired\":true,\"valueName\":\"search_term_string\"}}],\"inLanguage\":\"fr-FR\"},{\"@type\":\"Organization\",\"@id\":\"https:\\\/\\\/www.axesstmc.com\\\/fr\\\/#organization\",\"name\":\"AxessTMC\",\"url\":\"https:\\\/\\\/www.axesstmc.com\\\/fr\\\/\",\"logo\":{\"@type\":\"ImageObject\",\"inLanguage\":\"fr-FR\",\"@id\":\"https:\\\/\\\/www.axesstmc.com\\\/fr\\\/#\\\/schema\\\/logo\\\/image\\\/\",\"url\":\"https:\\\/\\\/www.axesstmc.com\\\/wp-content\\\/uploads\\\/2019\\\/10\\\/Logo-AxessTMC-Z-Group.jpg\",\"contentUrl\":\"https:\\\/\\\/www.axesstmc.com\\\/wp-content\\\/uploads\\\/2019\\\/10\\\/Logo-AxessTMC-Z-Group.jpg\",\"width\":185,\"height\":55,\"caption\":\"AxessTMC\"},\"image\":{\"@id\":\"https:\\\/\\\/www.axesstmc.com\\\/fr\\\/#\\\/schema\\\/logo\\\/image\\\/\"},\"sameAs\":[\"https:\\\/\\\/www.facebook.com\\\/zucchettiaxess\\\/\",\"https:\\\/\\\/www.linkedin.com\\\/company\\\/zucchetti-axess-s-p-a-?trk=prof-following-company-logo\",\"https:\\\/\\\/www.youtube.com\\\/results?q=axess tmc\"]}]}<\/script>\n<!-- \/ Yoast SEO plugin. -->","yoast_head_json":{"title":"MESH BOX - AxessTMC","description":"Gr\u00e2ce \u00e0 MESH BOX, nos terminaux et contr\u00f4leurs peuvent g\u00e9rer des lecteurs et cartes E\/S suppl\u00e9mentaires sans avoir \u00e0 c\u00e2bler. Cr\u00e9ez votre propre solution mat\u00e9rielle.","robots":{"index":"index","follow":"follow","max-snippet":"max-snippet:-1","max-image-preview":"max-image-preview:large","max-video-preview":"max-video-preview:-1"},"canonical":"https:\/\/www.axesstmc.com\/fr\/mesh-box\/","og_locale":"fr_FR","og_type":"article","og_title":"MESH BOX - AxessTMC","og_description":"Gr\u00e2ce \u00e0 MESH BOX, nos terminaux et contr\u00f4leurs peuvent g\u00e9rer des lecteurs et cartes E\/S suppl\u00e9mentaires sans avoir \u00e0 c\u00e2bler. Cr\u00e9ez votre propre solution mat\u00e9rielle.","og_url":"https:\/\/www.axesstmc.com\/fr\/mesh-box\/","og_site_name":"AxessTMC","article_publisher":"https:\/\/www.facebook.com\/zucchettiaxess\/","article_modified_time":"2024-09-26T13:22:01+00:00","twitter_card":"summary_large_image","twitter_misc":{"Est. reading time":"2 minutes"},"schema":{"@context":"https:\/\/schema.org","@graph":[{"@type":"WebPage","@id":"https:\/\/www.axesstmc.com\/fr\/mesh-box\/","url":"https:\/\/www.axesstmc.com\/fr\/mesh-box\/","name":"MESH BOX - AxessTMC","isPartOf":{"@id":"https:\/\/www.axesstmc.com\/fr\/#website"},"datePublished":"2018-06-22T12:09:54+00:00","dateModified":"2024-09-26T13:22:01+00:00","description":"Gr\u00e2ce \u00e0 MESH BOX, nos terminaux et contr\u00f4leurs peuvent g\u00e9rer des lecteurs et cartes E\/S suppl\u00e9mentaires sans avoir \u00e0 c\u00e2bler. Cr\u00e9ez votre propre solution mat\u00e9rielle.","inLanguage":"fr-FR","potentialAction":[{"@type":"ReadAction","target":["https:\/\/www.axesstmc.com\/fr\/mesh-box\/"]}]},{"@type":"WebSite","@id":"https:\/\/www.axesstmc.com\/fr\/#website","url":"https:\/\/www.axesstmc.com\/fr\/","name":"AxessTMC","description":"Software and Hardware for access control, intrusion detection","publisher":{"@id":"https:\/\/www.axesstmc.com\/fr\/#organization"},"potentialAction":[{"@type":"SearchAction","target":{"@type":"EntryPoint","urlTemplate":"https:\/\/www.axesstmc.com\/fr\/?s={search_term_string}"},"query-input":{"@type":"PropertyValueSpecification","valueRequired":true,"valueName":"search_term_string"}}],"inLanguage":"fr-FR"},{"@type":"Organization","@id":"https:\/\/www.axesstmc.com\/fr\/#organization","name":"AxessTMC","url":"https:\/\/www.axesstmc.com\/fr\/","logo":{"@type":"ImageObject","inLanguage":"fr-FR","@id":"https:\/\/www.axesstmc.com\/fr\/#\/schema\/logo\/image\/","url":"https:\/\/www.axesstmc.com\/wp-content\/uploads\/2019\/10\/Logo-AxessTMC-Z-Group.jpg","contentUrl":"https:\/\/www.axesstmc.com\/wp-content\/uploads\/2019\/10\/Logo-AxessTMC-Z-Group.jpg","width":185,"height":55,"caption":"AxessTMC"},"image":{"@id":"https:\/\/www.axesstmc.com\/fr\/#\/schema\/logo\/image\/"},"sameAs":["https:\/\/www.facebook.com\/zucchettiaxess\/","https:\/\/www.linkedin.com\/company\/zucchetti-axess-s-p-a-?trk=prof-following-company-logo","https:\/\/www.youtube.com\/results?q=axess tmc"]}]}},"_links":{"self":[{"href":"https:\/\/www.axesstmc.com\/fr\/wp-json\/wp\/v2\/pages\/31603","targetHints":{"allow":["GET"]}}],"collection":[{"href":"https:\/\/www.axesstmc.com\/fr\/wp-json\/wp\/v2\/pages"}],"about":[{"href":"https:\/\/www.axesstmc.com\/fr\/wp-json\/wp\/v2\/types\/page"}],"author":[{"embeddable":true,"href":"https:\/\/www.axesstmc.com\/fr\/wp-json\/wp\/v2\/users\/14"}],"replies":[{"embeddable":true,"href":"https:\/\/www.axesstmc.com\/fr\/wp-json\/wp\/v2\/comments?post=31603"}],"version-history":[{"count":5,"href":"https:\/\/www.axesstmc.com\/fr\/wp-json\/wp\/v2\/pages\/31603\/revisions"}],"predecessor-version":[{"id":45057,"href":"https:\/\/www.axesstmc.com\/fr\/wp-json\/wp\/v2\/pages\/31603\/revisions\/45057"}],"wp:attachment":[{"href":"https:\/\/www.axesstmc.com\/fr\/wp-json\/wp\/v2\/media?parent=31603"}],"curies":[{"name":"wp","href":"https:\/\/api.w.org\/{rel}","templated":true}]}}