{"id":31602,"date":"2018-06-22T12:09:42","date_gmt":"2018-06-22T12:09:42","guid":{"rendered":"https:\/\/www.axesstmc.com\/?page_id=31602"},"modified":"2021-02-18T13:52:57","modified_gmt":"2021-02-18T13:52:57","slug":"indoor-localization","status":"publish","type":"page","link":"https:\/\/www.axesstmc.com\/fr\/indoor-localization\/","title":{"rendered":"Localisation int\u00e9rieure"},"content":{"rendered":"<div class=\"wpb-content-wrapper\"><p>[vc_row css_animation=&#8221;&#8221; row_type=&#8221;row&#8221; use_row_as_full_screen_section=&#8221;no&#8221; type=&#8221;grid&#8221; angled_section=&#8221;no&#8221; text_align=&#8221;left&#8221; background_image_as_pattern=&#8221;without_pattern&#8221;][vc_column width=&#8221;10\/12&#8243;][vc_empty_space height=&#8221;50px&#8221;][vc_column_text]<\/p>\n<h1>Le syst\u00e8me de localisation int\u00e9rieure des personnes et des biens des entreprises.<\/h1>\n<p>[\/vc_column_text][vc_empty_space][vc_column_text]La localisation de personnes et d&#8217;objets dans une zone permet aux entreprises et aux organisations de r\u00e9soudre des probl\u00e8mes de toutes sortes tels que : la s\u00e9curit\u00e9, l&#8217;antivol, le transport, le contr\u00f4le des personnes \u00e2g\u00e9es&#8230;<\/p>\n<p>Conna\u00eetre en temps r\u00e9el l&#8217;\u00e9tat et la localisation des objets \/ personnes est important en termes de s\u00e9curit\u00e9 et d&#8217;optimisation des processus.<\/p>\n<p>&nbsp;<\/p>\n<p><strong>Comment fonctionne-t-il ?<\/strong><\/p>\n<p>&nbsp;<\/p>\n<p>Le principe de fonctionnement de notre syst\u00e8me de localisation int\u00e9rieure est bas\u00e9 sur l&#8217;utilisation de .<\/p>\n<ul>\n<li><strong>LECTEURS BLE:<\/strong> lecteurs RFID pour les applications d&#8217;identification automatique.<\/li>\n<li><strong>BADGES BLE:<\/strong> ce sont des appareils de poche, dont la pr\u00e9sence est automatiquement d\u00e9tect\u00e9e par des lecteurs BLE sp\u00e9cialement configur\u00e9s, capables de transmettre leur position \u00e0 des antennes via Bluetooth 4.0 Low Energy (BLE). La dur\u00e9e de vie des piles est d&#8217;au moins un an, elle peut \u00eatre augment\u00e9e en r\u00e9duisant la fr\u00e9quence de transmission et en utilisant l&#8217;acc\u00e9l\u00e9rom\u00e8tre interne.<\/li>\n<li><strong>CONTR\u00d4LEURS OU TERMINAUX:<\/strong> les lecteurs BLE sont connect\u00e9s (en interne ou via RS485) \u00e0 nos terminaux ou contr\u00f4leurs. Ils peuvent g\u00e9n\u00e9rer une transaction \u00e0 chaque fois que le badge BLE entre et \/ ou quitte leur champ.<\/li>\n<\/ul>\n<p>&nbsp;<\/p>\n<p>Les <strong>diff\u00e9rents domaines<\/strong> dans lesquels il est possible d&#8217;appliquer un syst\u00e8me de localisation int\u00e9rieure sont les suivants :<\/p>\n<ul>\n<li><strong>Industriel<\/strong> (localisation de personnes \/ objets dans le but d&#8217;assurer une s\u00e9curit\u00e9 maximale)<\/li>\n<li><strong>Soins de sant\u00e9<\/strong> (localisation des \u00e9quipements m\u00e9dicaux, des employ\u00e9s et des patients)<\/li>\n<\/ul>\n<p>[\/vc_column_text][\/vc_column][vc_column width=&#8221;2\/12&#8243;][vc_empty_space height=&#8221;50px&#8221;][vc_single_image image=&#8221;34699&#8243; img_size=&#8221;medium&#8221; alignment=&#8221;center&#8221; qode_css_animation=&#8221;&#8221;][\/vc_column][\/vc_row][vc_row css_animation=&#8221;&#8221; row_type=&#8221;row&#8221; use_row_as_full_screen_section=&#8221;yes&#8221; type=&#8221;full_width&#8221; angled_section=&#8221;no&#8221; text_align=&#8221;left&#8221; background_image_as_pattern=&#8221;without_pattern&#8221; z_index=&#8221;&#8221;][vc_column][vc_row_inner row_type=&#8221;row&#8221; type=&#8221;full_width&#8221; text_align=&#8221;left&#8221; css_animation=&#8221;&#8221; padding_top=&#8221;0&#8243; padding_bottom=&#8221;0&#8243;][vc_column_inner][vc_empty_space height=&#8221;20rem&#8221; css=&#8221;.vc_custom_1537884365091{margin-top: 2rem !important;margin-bottom: 2rem !important;padding-top: 5rem !important;padding-bottom: 5rem !important;background-image: url(https:\/\/www.axesstmc.com\/wp-content\/uploads\/2018\/05\/DEF-banner-giallo-triangoli.png) !important;background-position: center !important;background-repeat: no-repeat !important;background-size: cover !important;}&#8221; el_class=&#8221;banner giallo-triangoli&#8221;][\/vc_column_inner][\/vc_row_inner][\/vc_column][\/vc_row][vc_row css_animation=&#8221;&#8221; row_type=&#8221;row&#8221; use_row_as_full_screen_section=&#8221;no&#8221; type=&#8221;grid&#8221; angled_section=&#8221;no&#8221; text_align=&#8221;left&#8221; background_image_as_pattern=&#8221;without_pattern&#8221;][vc_column width=&#8221;2\/3&#8243;][vc_column_text]<\/p>\n<h1>Que faire?<\/h1>\n<p>[\/vc_column_text][vc_empty_space][vc_column_text]Il existe <strong>plusieurs champs d&#8217;application<\/strong> pour ce syst\u00e8me, par exemple :<\/p>\n<ul>\n<li>Localiser des personnes \/ objets en temps r\u00e9el<\/li>\n<li>V\u00e9rifier les personnes dans la zone<\/li>\n<li>D\u00e9tecter le retrait de personnes \/ objets des zones concern\u00e9es (par exemple, les patients d&#8217;une maison de retraite quittant le p\u00e9rim\u00e8tre)<\/li>\n<li>V\u00e9rifier la position des personnes \/ objets si n\u00e9cessaire<\/li>\n<li>Surveiller le temps pass\u00e9 sur place d&#8217;une personne \/ objet dans une certaine zone<\/li>\n<li>G\u00e9rer le contr\u00f4le d&#8217;acc\u00e8s en contr\u00f4lant le personnel non autoris\u00e9.<\/li>\n<\/ul>\n<p>&nbsp;<\/p>\n<p><strong>Les avantages<\/strong><\/p>\n<p>&nbsp;<\/p>\n<ul>\n<li><strong>Renforcer<\/strong> la s\u00e9curit\u00e9 pour vous et vos employ\u00e9s<\/li>\n<li><strong>Garder une trace<\/strong> de tous les \u00e9v\u00e9nements<\/li>\n<li>G\u00e9rer le syst\u00e8me en<strong> mains libres.<\/strong><\/li>\n<\/ul>\n<p>[\/vc_column_text][\/vc_column][vc_column width=&#8221;1\/3&#8243;][vc_single_image image=&#8221;35712&#8243; img_size=&#8221;full&#8221; alignment=&#8221;center&#8221; qode_css_animation=&#8221;&#8221;][vc_empty_space height=&#8221;100px&#8221;][\/vc_column][\/vc_row][vc_row css_animation=&#8221;&#8221; row_type=&#8221;row&#8221; use_row_as_full_screen_section=&#8221;no&#8221; type=&#8221;grid&#8221; angled_section=&#8221;no&#8221; text_align=&#8221;left&#8221; background_image_as_pattern=&#8221;without_pattern&#8221;][vc_column][vc_empty_space][vc_column_text]<\/p>\n<h2>Choisissez votre solution:<\/h2>\n<p>[\/vc_column_text][vc_empty_space][\/vc_column][\/vc_row][vc_row css_animation=&#8221;&#8221; row_type=&#8221;row&#8221; use_row_as_full_screen_section=&#8221;no&#8221; type=&#8221;grid&#8221; angled_section=&#8221;no&#8221; text_align=&#8221;left&#8221; background_image_as_pattern=&#8221;without_pattern&#8221;][vc_column][vc_row_inner row_type=&#8221;row&#8221; type=&#8221;full_width&#8221; text_align=&#8221;left&#8221; css_animation=&#8221;&#8221;][vc_column_inner width=&#8221;1\/6&#8243;][vc_single_image image=&#8221;30558&#8243; img_size=&#8221;full&#8221; alignment=&#8221;center&#8221; qode_css_animation=&#8221;&#8221;][\/vc_column_inner][vc_column_inner width=&#8221;1\/6&#8243;][vc_single_image image=&#8221;25872&#8243; img_size=&#8221;80&#215;80&#8243; alignment=&#8221;center&#8221; onclick=&#8221;custom_link&#8221; qode_css_animation=&#8221;&#8221; link=&#8221;https:\/\/www.axesstmc.com\/bletag\/&#8221;][vc_separator type=&#8221;transparent&#8221;][vc_column_text]<\/p>\n<h2 style=\"text-align: center;\">BADGES BLE<\/h2>\n<p>[\/vc_column_text][\/vc_column_inner][vc_column_inner width=&#8221;1\/6&#8243;][vc_single_image image=&#8221;25872&#8243; img_size=&#8221;80&#215;80&#8243; alignment=&#8221;center&#8221; onclick=&#8221;custom_link&#8221; qode_css_animation=&#8221;&#8221; link=&#8221;https:\/\/www.axesstmc.com\/wireless-cable-meshbox\/&#8221;][vc_separator type=&#8221;transparent&#8221;][vc_column_text]<\/p>\n<h2 style=\"text-align: center;\">MESH BOX<\/h2>\n<p>[\/vc_column_text][\/vc_column_inner][vc_column_inner width=&#8221;1\/6&#8243;][vc_single_image image=&#8221;25872&#8243; img_size=&#8221;80&#215;80&#8243; alignment=&#8221;center&#8221; onclick=&#8221;custom_link&#8221; qode_css_animation=&#8221;&#8221; link=&#8221;https:\/\/www.axesstmc.com\/readers-access-control\/&#8221;][vc_separator type=&#8221;transparent&#8221;][vc_column_text]<\/p>\n<h2 style=\"text-align: center;\">Lecteurs<\/h2>\n<p>[\/vc_column_text][\/vc_column_inner][vc_column_inner width=&#8221;1\/6&#8243;][vc_single_image image=&#8221;34988&#8243; img_size=&#8221;80&#215;80&#8243; alignment=&#8221;center&#8221; onclick=&#8221;custom_link&#8221; qode_css_animation=&#8221;&#8221; link=&#8221;https:\/\/www.axesstmc.com\/xatlas-device\/&#8221;][vc_separator type=&#8221;transparent&#8221;][vc_column_text]<\/p>\n<h2 style=\"text-align: center;\">Dispositifs XAtlas<\/h2>\n<p>[\/vc_column_text][\/vc_column_inner][vc_column_inner width=&#8221;1\/6&#8243;][\/vc_column_inner][\/vc_row_inner][vc_empty_space height=&#8221;50px&#8221;][\/vc_column][\/vc_row][vc_row css_animation=&#8221;&#8221; row_type=&#8221;row&#8221; use_row_as_full_screen_section=&#8221;no&#8221; type=&#8221;full_width&#8221; angled_section=&#8221;no&#8221; text_align=&#8221;left&#8221; background_image_as_pattern=&#8221;without_pattern&#8221; css=&#8221;.vc_custom_1521454494396{background-color: #0770b7 !important;}&#8221; z_index=&#8221;&#8221;][vc_column][vc_empty_space height=&#8221;40px&#8221;][vc_row_inner row_type=&#8221;row&#8221; type=&#8221;full_width&#8221; text_align=&#8221;left&#8221; css_animation=&#8221;&#8221;][vc_column_inner width=&#8221;1\/3&#8243;][\/vc_column_inner][vc_column_inner el_class=&#8221;sg-popup-id-33969&#8243; width=&#8221;1\/3&#8243;]<span data-type=\"normal\" data-hover-icon-color=\"#dd9933\" class=\"qode_icon_shortcode  q_font_awsome_icon fa-3x pull-center \" style=\" \"><i class=\"qode_icon_font_awesome fa fa-info qode_icon_element\" style=\"color: #ffffff;\" ><\/i><\/span>[vc_column_text]<\/p>\n<h2 style=\"text-align: center;\"><span style=\"color: #ffffff;\">En savoir plus<\/span><\/h2>\n<p>[\/vc_column_text][\/vc_column_inner][vc_column_inner width=&#8221;1\/3&#8243;][\/vc_column_inner][\/vc_row_inner][vc_empty_space height=&#8221;40px&#8221;][\/vc_column][\/vc_row]<\/p>\n<\/div>","protected":false},"excerpt":{"rendered":"<p>[vc_row css_animation=&#8221;&#8221; row_type=&#8221;row&#8221; use_row_as_full_screen_section=&#8221;no&#8221; type=&#8221;grid&#8221; angled_section=&#8221;no&#8221; text_align=&#8221;left&#8221; background_image_as_pattern=&#8221;without_pattern&#8221;][vc_column width=&#8221;10\/12&#8243;][vc_empty_space height=&#8221;50px&#8221;][vc_column_text] Le syst\u00e8me de localisation int\u00e9rieure des personnes et des biens des entreprises. [\/vc_column_text][vc_empty_space][vc_column_text]La localisation de personnes et d&#8217;objets dans une zone permet aux entreprises et aux organisations de r\u00e9soudre des probl\u00e8mes de toutes sortes tels&#8230;<\/p>\n","protected":false},"author":14,"featured_media":0,"parent":0,"menu_order":0,"comment_status":"closed","ping_status":"closed","template":"full_width.php","meta":{"footnotes":""},"class_list":["post-31602","page","type-page","status-publish","hentry"],"yoast_head":"<!-- This site is optimized with the Yoast SEO plugin v27.4 - https:\/\/yoast.com\/product\/yoast-seo-wordpress\/ -->\n<title>Localisation int\u00e9rieure - AxessTMC<\/title>\n<meta name=\"robots\" content=\"index, follow, max-snippet:-1, max-image-preview:large, max-video-preview:-1\" \/>\n<link rel=\"canonical\" href=\"https:\/\/www.axesstmc.com\/fr\/indoor-localization\/\" \/>\n<meta property=\"og:locale\" content=\"fr_FR\" \/>\n<meta property=\"og:type\" content=\"article\" \/>\n<meta property=\"og:title\" content=\"Localisation int\u00e9rieure - AxessTMC\" \/>\n<meta property=\"og:description\" content=\"[vc_row css_animation=&#8221;&#8221; row_type=&#8221;row&#8221; use_row_as_full_screen_section=&#8221;no&#8221; type=&#8221;grid&#8221; angled_section=&#8221;no&#8221; text_align=&#8221;left&#8221; background_image_as_pattern=&#8221;without_pattern&#8221;][vc_column width=&#8221;10\/12&#8243;][vc_empty_space height=&#8221;50px&#8221;][vc_column_text] Le syst\u00e8me de localisation int\u00e9rieure des personnes et des biens des entreprises. [\/vc_column_text][vc_empty_space][vc_column_text]La localisation de personnes et d&#8217;objets dans une zone permet aux entreprises et aux organisations de r\u00e9soudre des probl\u00e8mes de toutes sortes tels...\" \/>\n<meta property=\"og:url\" content=\"https:\/\/www.axesstmc.com\/fr\/indoor-localization\/\" \/>\n<meta property=\"og:site_name\" content=\"AxessTMC\" \/>\n<meta property=\"article:publisher\" content=\"https:\/\/www.facebook.com\/zucchettiaxess\/\" \/>\n<meta property=\"article:modified_time\" content=\"2021-02-18T13:52:57+00:00\" \/>\n<meta name=\"twitter:card\" content=\"summary_large_image\" \/>\n<meta name=\"twitter:label1\" content=\"Est. reading time\" \/>\n\t<meta name=\"twitter:data1\" content=\"5 minutes\" \/>\n<script type=\"application\/ld+json\" class=\"yoast-schema-graph\">{\"@context\":\"https:\\\/\\\/schema.org\",\"@graph\":[{\"@type\":\"WebPage\",\"@id\":\"https:\\\/\\\/www.axesstmc.com\\\/fr\\\/indoor-localization\\\/\",\"url\":\"https:\\\/\\\/www.axesstmc.com\\\/fr\\\/indoor-localization\\\/\",\"name\":\"Localisation int\u00e9rieure - AxessTMC\",\"isPartOf\":{\"@id\":\"https:\\\/\\\/www.axesstmc.com\\\/fr\\\/#website\"},\"datePublished\":\"2018-06-22T12:09:42+00:00\",\"dateModified\":\"2021-02-18T13:52:57+00:00\",\"inLanguage\":\"fr-FR\",\"potentialAction\":[{\"@type\":\"ReadAction\",\"target\":[\"https:\\\/\\\/www.axesstmc.com\\\/fr\\\/indoor-localization\\\/\"]}]},{\"@type\":\"WebSite\",\"@id\":\"https:\\\/\\\/www.axesstmc.com\\\/fr\\\/#website\",\"url\":\"https:\\\/\\\/www.axesstmc.com\\\/fr\\\/\",\"name\":\"AxessTMC\",\"description\":\"Software and Hardware for access control, intrusion detection\",\"publisher\":{\"@id\":\"https:\\\/\\\/www.axesstmc.com\\\/fr\\\/#organization\"},\"potentialAction\":[{\"@type\":\"SearchAction\",\"target\":{\"@type\":\"EntryPoint\",\"urlTemplate\":\"https:\\\/\\\/www.axesstmc.com\\\/fr\\\/?s={search_term_string}\"},\"query-input\":{\"@type\":\"PropertyValueSpecification\",\"valueRequired\":true,\"valueName\":\"search_term_string\"}}],\"inLanguage\":\"fr-FR\"},{\"@type\":\"Organization\",\"@id\":\"https:\\\/\\\/www.axesstmc.com\\\/fr\\\/#organization\",\"name\":\"AxessTMC\",\"url\":\"https:\\\/\\\/www.axesstmc.com\\\/fr\\\/\",\"logo\":{\"@type\":\"ImageObject\",\"inLanguage\":\"fr-FR\",\"@id\":\"https:\\\/\\\/www.axesstmc.com\\\/fr\\\/#\\\/schema\\\/logo\\\/image\\\/\",\"url\":\"https:\\\/\\\/www.axesstmc.com\\\/wp-content\\\/uploads\\\/2019\\\/10\\\/Logo-AxessTMC-Z-Group.jpg\",\"contentUrl\":\"https:\\\/\\\/www.axesstmc.com\\\/wp-content\\\/uploads\\\/2019\\\/10\\\/Logo-AxessTMC-Z-Group.jpg\",\"width\":185,\"height\":55,\"caption\":\"AxessTMC\"},\"image\":{\"@id\":\"https:\\\/\\\/www.axesstmc.com\\\/fr\\\/#\\\/schema\\\/logo\\\/image\\\/\"},\"sameAs\":[\"https:\\\/\\\/www.facebook.com\\\/zucchettiaxess\\\/\",\"https:\\\/\\\/www.linkedin.com\\\/company\\\/zucchetti-axess-s-p-a-?trk=prof-following-company-logo\",\"https:\\\/\\\/www.youtube.com\\\/results?q=axess tmc\"]}]}<\/script>\n<!-- \/ Yoast SEO plugin. -->","yoast_head_json":{"title":"Localisation int\u00e9rieure - AxessTMC","robots":{"index":"index","follow":"follow","max-snippet":"max-snippet:-1","max-image-preview":"max-image-preview:large","max-video-preview":"max-video-preview:-1"},"canonical":"https:\/\/www.axesstmc.com\/fr\/indoor-localization\/","og_locale":"fr_FR","og_type":"article","og_title":"Localisation int\u00e9rieure - AxessTMC","og_description":"[vc_row css_animation=&#8221;&#8221; row_type=&#8221;row&#8221; use_row_as_full_screen_section=&#8221;no&#8221; type=&#8221;grid&#8221; angled_section=&#8221;no&#8221; text_align=&#8221;left&#8221; background_image_as_pattern=&#8221;without_pattern&#8221;][vc_column width=&#8221;10\/12&#8243;][vc_empty_space height=&#8221;50px&#8221;][vc_column_text] Le syst\u00e8me de localisation int\u00e9rieure des personnes et des biens des entreprises. [\/vc_column_text][vc_empty_space][vc_column_text]La localisation de personnes et d&#8217;objets dans une zone permet aux entreprises et aux organisations de r\u00e9soudre des probl\u00e8mes de toutes sortes tels...","og_url":"https:\/\/www.axesstmc.com\/fr\/indoor-localization\/","og_site_name":"AxessTMC","article_publisher":"https:\/\/www.facebook.com\/zucchettiaxess\/","article_modified_time":"2021-02-18T13:52:57+00:00","twitter_card":"summary_large_image","twitter_misc":{"Est. reading time":"5 minutes"},"schema":{"@context":"https:\/\/schema.org","@graph":[{"@type":"WebPage","@id":"https:\/\/www.axesstmc.com\/fr\/indoor-localization\/","url":"https:\/\/www.axesstmc.com\/fr\/indoor-localization\/","name":"Localisation int\u00e9rieure - AxessTMC","isPartOf":{"@id":"https:\/\/www.axesstmc.com\/fr\/#website"},"datePublished":"2018-06-22T12:09:42+00:00","dateModified":"2021-02-18T13:52:57+00:00","inLanguage":"fr-FR","potentialAction":[{"@type":"ReadAction","target":["https:\/\/www.axesstmc.com\/fr\/indoor-localization\/"]}]},{"@type":"WebSite","@id":"https:\/\/www.axesstmc.com\/fr\/#website","url":"https:\/\/www.axesstmc.com\/fr\/","name":"AxessTMC","description":"Software and Hardware for access control, intrusion detection","publisher":{"@id":"https:\/\/www.axesstmc.com\/fr\/#organization"},"potentialAction":[{"@type":"SearchAction","target":{"@type":"EntryPoint","urlTemplate":"https:\/\/www.axesstmc.com\/fr\/?s={search_term_string}"},"query-input":{"@type":"PropertyValueSpecification","valueRequired":true,"valueName":"search_term_string"}}],"inLanguage":"fr-FR"},{"@type":"Organization","@id":"https:\/\/www.axesstmc.com\/fr\/#organization","name":"AxessTMC","url":"https:\/\/www.axesstmc.com\/fr\/","logo":{"@type":"ImageObject","inLanguage":"fr-FR","@id":"https:\/\/www.axesstmc.com\/fr\/#\/schema\/logo\/image\/","url":"https:\/\/www.axesstmc.com\/wp-content\/uploads\/2019\/10\/Logo-AxessTMC-Z-Group.jpg","contentUrl":"https:\/\/www.axesstmc.com\/wp-content\/uploads\/2019\/10\/Logo-AxessTMC-Z-Group.jpg","width":185,"height":55,"caption":"AxessTMC"},"image":{"@id":"https:\/\/www.axesstmc.com\/fr\/#\/schema\/logo\/image\/"},"sameAs":["https:\/\/www.facebook.com\/zucchettiaxess\/","https:\/\/www.linkedin.com\/company\/zucchetti-axess-s-p-a-?trk=prof-following-company-logo","https:\/\/www.youtube.com\/results?q=axess tmc"]}]}},"_links":{"self":[{"href":"https:\/\/www.axesstmc.com\/fr\/wp-json\/wp\/v2\/pages\/31602","targetHints":{"allow":["GET"]}}],"collection":[{"href":"https:\/\/www.axesstmc.com\/fr\/wp-json\/wp\/v2\/pages"}],"about":[{"href":"https:\/\/www.axesstmc.com\/fr\/wp-json\/wp\/v2\/types\/page"}],"author":[{"embeddable":true,"href":"https:\/\/www.axesstmc.com\/fr\/wp-json\/wp\/v2\/users\/14"}],"replies":[{"embeddable":true,"href":"https:\/\/www.axesstmc.com\/fr\/wp-json\/wp\/v2\/comments?post=31602"}],"version-history":[{"count":8,"href":"https:\/\/www.axesstmc.com\/fr\/wp-json\/wp\/v2\/pages\/31602\/revisions"}],"predecessor-version":[{"id":39934,"href":"https:\/\/www.axesstmc.com\/fr\/wp-json\/wp\/v2\/pages\/31602\/revisions\/39934"}],"wp:attachment":[{"href":"https:\/\/www.axesstmc.com\/fr\/wp-json\/wp\/v2\/media?parent=31602"}],"curies":[{"name":"wp","href":"https:\/\/api.w.org\/{rel}","templated":true}]}}