{"id":29217,"date":"2016-01-08T15:44:29","date_gmt":"2016-01-08T15:44:29","guid":{"rendered":"https:\/\/www.axesstmc.com\/?page_id=29217"},"modified":"2025-04-07T15:06:28","modified_gmt":"2025-04-07T15:06:28","slug":"collecte-des-donnees","status":"publish","type":"page","link":"https:\/\/www.axesstmc.com\/fr\/collecte-des-donnees\/","title":{"rendered":"Collecte des donnees"},"content":{"rendered":"<div class=\"wpb-content-wrapper\"><p>[vc_row css_animation=&#8221;&#8221; row_type=&#8221;row&#8221; use_row_as_full_screen_section=&#8221;no&#8221; type=&#8221;grid&#8221; angled_section=&#8221;no&#8221; text_align=&#8221;left&#8221; background_image_as_pattern=&#8221;without_pattern&#8221;][vc_column width=&#8221;10\/12&#8243;][vc_empty_space height=&#8221;50px&#8221;][vc_column_text]<\/p>\n<h1>L\u2019interface certifi\u00e9e pour l\u2019\u00e9change d\u2019informations entre le module Time Management SAP et les syst\u00e8mes de collecte de donn\u00e9es de pr\u00e9sence de Zucchetti Axess qui comprennent une vaste gamme de terminaux multifonctions.<\/h1>\n<p>[\/vc_column_text][vc_empty_space height=&#8221;50px&#8221;][vc_column_text]SAP Connector 2.0 utilise la technologie ALE (Application Link Enabling) qui exploit les biblioth\u00e8ques JCo (Java Connector) de SAP pour l\u2019<strong>\u00e9change<\/strong> d\u2019informations et il est constitu\u00e9 de deux composants :<\/p>\n<ul>\n<li>le \u00ab<strong>connecteur<\/strong>\u00bb qui r\u00e9side sur le serveur et s\u2019occupe d\u2019\u00e9changer les donn\u00e9es avec SAP (\u00e9tat civil, motifs, pointages, etc.);<\/li>\n<li>le \u00ab<strong>validateur<\/strong>\u00bb qui r\u00e9side sur les terminaux et applique tous les contr\u00f4les pr\u00e9vus par SAP sur les donn\u00e9es introduites par les utilisateurs (white-list, pointages, motifs, frais, etc).<\/li>\n<\/ul>\n<p>&nbsp;<\/p>\n<p>Sap Connector 2.0 permet d\u2019activer facilement des connexions aux syst\u00e8mes SAP et, en m\u00eame temps,\u00a0 \u00e0 d\u2019autres syst\u00e8mes diff\u00e9rents. Cette possibilit\u00e9 peut \u00eatre utilis\u00e9e par exemple pendant la p\u00e9riode de migration d\u2019un syst\u00e8me pr\u00e9existant vers SAP ou pour alimenter des applications diff\u00e9rentes, comme le contr\u00f4le de production.[\/vc_column_text][vc_empty_space height=&#8221;50px&#8221;][vc_column_text]SAP Connector 2.0 permet d\u2019utiliser les terminaux pour la collecte des donn\u00e9es de Zucchetti Axess avec le module Time Management de SAP R\/3 4.5 o ECC 6.0 afin de support\u00e9es les fonctionnalit\u00e9s suivantes:<\/p>\n<ul>\n<li>l\u2019importation automatique de la liste des salari\u00e9s (tableau DNPERSO);<\/li>\n<li>l\u2019exportation des transactions de pr\u00e9sence (tableau UPTEVEN).<\/li>\n<\/ul>\n<p>[\/vc_column_text][vc_empty_space height=&#8221;70px&#8221;][\/vc_column][vc_column width=&#8221;2\/12&#8243;][vc_empty_space height=&#8221;50px&#8221;][vc_single_image image=&#8221;25411&#8243; img_size=&#8221;medium&#8221; alignment=&#8221;center&#8221; qode_css_animation=&#8221;&#8221;][\/vc_column][\/vc_row][vc_row css_animation=&#8221;&#8221; row_type=&#8221;row&#8221; use_row_as_full_screen_section=&#8221;yes&#8221; type=&#8221;full_width&#8221; angled_section=&#8221;no&#8221; text_align=&#8221;left&#8221; background_image_as_pattern=&#8221;without_pattern&#8221; z_index=&#8221;&#8221;][vc_column][vc_row_inner row_type=&#8221;row&#8221; type=&#8221;full_width&#8221; text_align=&#8221;left&#8221; css_animation=&#8221;&#8221; padding_top=&#8221;0&#8243; padding_bottom=&#8221;0&#8243;][vc_column_inner][vc_empty_space height=&#8221;20rem&#8221; css=&#8221;.vc_custom_1537884365091{margin-top: 2rem !important;margin-bottom: 2rem !important;padding-top: 5rem !important;padding-bottom: 5rem !important;background-image: url(https:\/\/www.axesstmc.com\/wp-content\/uploads\/2018\/05\/DEF-banner-giallo-triangoli.png) !important;background-position: center !important;background-repeat: no-repeat !important;background-size: cover !important;}&#8221; el_class=&#8221;banner giallo-triangoli&#8221;][\/vc_column_inner][\/vc_row_inner][\/vc_column][\/vc_row][vc_row css_animation=&#8221;&#8221; row_type=&#8221;row&#8221; use_row_as_full_screen_section=&#8221;no&#8221; type=&#8221;grid&#8221; angled_section=&#8221;no&#8221; text_align=&#8221;left&#8221; background_image_as_pattern=&#8221;without_pattern&#8221;][vc_column][vc_separator type=&#8221;transparent&#8221;][vc_column_text]SAP Connector 2.0, enti\u00e8rement d\u00e9velopp\u00e9 par Zucchetti Axess, permet la r\u00e9alisation des interfaces personnalis\u00e9es, quand les exigences du syst\u00e8me sont diff\u00e9rentes des fonctions standards pr\u00e9vues par HR-PDC.<\/p>\n<p>Ceci, avec la large gamme de terminaux multifonctions connectables au SAP Connector 2.0, est un syst\u00e8me unique qui garantit un rapport qualit\u00e9\/ prix optimal.[\/vc_column_text][vc_empty_space height=&#8221;50px&#8221;][vc_column_text]<\/p>\n<h6>TYPES DE TRANSACTIONS DE HR-PDC<\/h6>\n<p>[\/vc_column_text][vc_separator type=&#8221;transparent&#8221;][vc_column_text]P01 Clock-in or Clock-out<\/p>\n<p>P02 Start or end of break<\/p>\n<p>P03 Star or end of off -site work<\/p>\n<p>P04 Star or end of off -site work at home<\/p>\n<p>P05 Interim entry<\/p>\n<p>P11 Change<\/p>\n<p>P10\/P20 Clock-in\/ Clock-out<\/p>\n<p>P15\/P25 Start\/end of break<\/p>\n<p>P30 \/P40 Start\/end off -site work<\/p>\n<p>P35\/P45 Start\/end off -site work at home<\/p>\n<p>P60 Info entry<\/p>\n<p>P50 Employee expenditures[\/vc_column_text][vc_empty_space height=&#8221;70px&#8221;][\/vc_column][\/vc_row][vc_row css_animation=&#8221;&#8221; row_type=&#8221;row&#8221; use_row_as_full_screen_section=&#8221;no&#8221; type=&#8221;full_width&#8221; angled_section=&#8221;no&#8221; text_align=&#8221;left&#8221; background_image_as_pattern=&#8221;without_pattern&#8221; css=&#8221;.vc_custom_1521454494396{background-color: #0770b7 !important;}&#8221; z_index=&#8221;&#8221;][vc_column][vc_empty_space height=&#8221;40px&#8221;][vc_row_inner row_type=&#8221;row&#8221; type=&#8221;full_width&#8221; text_align=&#8221;left&#8221; css_animation=&#8221;&#8221;][vc_column_inner width=&#8221;1\/4&#8243;][\/vc_column_inner][vc_column_inner width=&#8221;1\/4&#8243;]<span data-type=\"normal\" data-hover-icon-color=\"#dd9933\" class=\"qode_icon_shortcode  q_font_awsome_icon fa-3x pull-center \" style=\" \"><a  itemprop=\"url\" href=\"https:\/\/www.axesstmc.com\/wp-content\/uploads\/2025\/04\/SAP-Connector_FRA.pdf\" target=\"_blank\"><i class=\"qode_icon_font_awesome fa fa-download qode_icon_element\" style=\"color: #ffffff;\" ><\/i><\/a><\/span>[vc_column_text]<\/p>\n<h2 style=\"text-align: center;\"><span style=\"color: #ffffff;\">Fiche produit<\/span><\/h2>\n<p>[\/vc_column_text][vc_empty_space height=&#8221;1rem&#8221;][\/vc_column_inner][vc_column_inner el_class=&#8221;sg-popup-id-35449&#8243; width=&#8221;1\/4&#8243;]<span data-type=\"normal\" data-hover-icon-color=\"#dd9933\" class=\"qode_icon_shortcode  q_font_awsome_icon fa-3x pull-center \" style=\" \"><i class=\"qode_icon_font_awesome fa fa-info qode_icon_element\" style=\"color: #ffffff;\" ><\/i><\/span>[vc_column_text]<\/p>\n<h2 style=\"text-align: center;\"><span style=\"color: #ffffff;\">En savoir plus<\/span><\/h2>\n<p>[\/vc_column_text][\/vc_column_inner][vc_column_inner width=&#8221;1\/4&#8243;][\/vc_column_inner][\/vc_row_inner][vc_empty_space height=&#8221;40px&#8221;][\/vc_column][\/vc_row]<\/p>\n<\/div>","protected":false},"excerpt":{"rendered":"<p>[vc_row css_animation=&#8221;&#8221; row_type=&#8221;row&#8221; use_row_as_full_screen_section=&#8221;no&#8221; type=&#8221;grid&#8221; angled_section=&#8221;no&#8221; text_align=&#8221;left&#8221; background_image_as_pattern=&#8221;without_pattern&#8221;][vc_column width=&#8221;10\/12&#8243;][vc_empty_space height=&#8221;50px&#8221;][vc_column_text] L\u2019interface certifi\u00e9e pour l\u2019\u00e9change d\u2019informations entre le module Time Management SAP et les syst\u00e8mes de collecte de donn\u00e9es de pr\u00e9sence de Zucchetti Axess qui comprennent une vaste gamme de terminaux multifonctions. [\/vc_column_text][vc_empty_space height=&#8221;50px&#8221;][vc_column_text]SAP Connector 2.0&#8230;<\/p>\n","protected":false},"author":14,"featured_media":0,"parent":0,"menu_order":0,"comment_status":"closed","ping_status":"closed","template":"full_width.php","meta":{"footnotes":""},"class_list":["post-29217","page","type-page","status-publish","hentry"],"yoast_head":"<!-- This site is optimized with the Yoast SEO plugin v27.4 - https:\/\/yoast.com\/product\/yoast-seo-wordpress\/ -->\n<title>SAP Data Collection Solution - Zucchetti Axess<\/title>\n<meta name=\"description\" content=\"SAP Data Collection: Integration with SAP for data exchange between the SAP Time Management module and the attendance data collection subsystems\" \/>\n<meta name=\"robots\" content=\"index, follow, max-snippet:-1, max-image-preview:large, max-video-preview:-1\" \/>\n<link rel=\"canonical\" href=\"https:\/\/www.axesstmc.com\/fr\/collecte-des-donnees\/\" \/>\n<meta property=\"og:locale\" content=\"fr_FR\" \/>\n<meta property=\"og:type\" content=\"article\" \/>\n<meta property=\"og:title\" content=\"SAP Data Collection Solution - Zucchetti Axess\" \/>\n<meta property=\"og:description\" content=\"SAP Data Collection: Integration with SAP for data exchange between the SAP Time Management module and the attendance data collection subsystems\" \/>\n<meta property=\"og:url\" content=\"https:\/\/www.axesstmc.com\/fr\/collecte-des-donnees\/\" \/>\n<meta property=\"og:site_name\" content=\"AxessTMC\" \/>\n<meta property=\"article:publisher\" content=\"https:\/\/www.facebook.com\/zucchettiaxess\/\" \/>\n<meta property=\"article:modified_time\" content=\"2025-04-07T15:06:28+00:00\" \/>\n<meta name=\"twitter:card\" content=\"summary_large_image\" \/>\n<meta name=\"twitter:label1\" content=\"Est. reading time\" \/>\n\t<meta name=\"twitter:data1\" content=\"3 minutes\" \/>\n<script type=\"application\/ld+json\" class=\"yoast-schema-graph\">{\"@context\":\"https:\\\/\\\/schema.org\",\"@graph\":[{\"@type\":\"WebPage\",\"@id\":\"https:\\\/\\\/www.axesstmc.com\\\/fr\\\/collecte-des-donnees\\\/\",\"url\":\"https:\\\/\\\/www.axesstmc.com\\\/fr\\\/collecte-des-donnees\\\/\",\"name\":\"SAP Data Collection Solution - Zucchetti Axess\",\"isPartOf\":{\"@id\":\"https:\\\/\\\/www.axesstmc.com\\\/fr\\\/#website\"},\"datePublished\":\"2016-01-08T15:44:29+00:00\",\"dateModified\":\"2025-04-07T15:06:28+00:00\",\"description\":\"SAP Data Collection: Integration with SAP for data exchange between the SAP Time Management module and the attendance data collection subsystems\",\"inLanguage\":\"fr-FR\",\"potentialAction\":[{\"@type\":\"ReadAction\",\"target\":[\"https:\\\/\\\/www.axesstmc.com\\\/fr\\\/collecte-des-donnees\\\/\"]}]},{\"@type\":\"WebSite\",\"@id\":\"https:\\\/\\\/www.axesstmc.com\\\/fr\\\/#website\",\"url\":\"https:\\\/\\\/www.axesstmc.com\\\/fr\\\/\",\"name\":\"AxessTMC\",\"description\":\"Software and Hardware for access control, intrusion detection\",\"publisher\":{\"@id\":\"https:\\\/\\\/www.axesstmc.com\\\/fr\\\/#organization\"},\"potentialAction\":[{\"@type\":\"SearchAction\",\"target\":{\"@type\":\"EntryPoint\",\"urlTemplate\":\"https:\\\/\\\/www.axesstmc.com\\\/fr\\\/?s={search_term_string}\"},\"query-input\":{\"@type\":\"PropertyValueSpecification\",\"valueRequired\":true,\"valueName\":\"search_term_string\"}}],\"inLanguage\":\"fr-FR\"},{\"@type\":\"Organization\",\"@id\":\"https:\\\/\\\/www.axesstmc.com\\\/fr\\\/#organization\",\"name\":\"AxessTMC\",\"url\":\"https:\\\/\\\/www.axesstmc.com\\\/fr\\\/\",\"logo\":{\"@type\":\"ImageObject\",\"inLanguage\":\"fr-FR\",\"@id\":\"https:\\\/\\\/www.axesstmc.com\\\/fr\\\/#\\\/schema\\\/logo\\\/image\\\/\",\"url\":\"https:\\\/\\\/www.axesstmc.com\\\/wp-content\\\/uploads\\\/2019\\\/10\\\/Logo-AxessTMC-Z-Group.jpg\",\"contentUrl\":\"https:\\\/\\\/www.axesstmc.com\\\/wp-content\\\/uploads\\\/2019\\\/10\\\/Logo-AxessTMC-Z-Group.jpg\",\"width\":185,\"height\":55,\"caption\":\"AxessTMC\"},\"image\":{\"@id\":\"https:\\\/\\\/www.axesstmc.com\\\/fr\\\/#\\\/schema\\\/logo\\\/image\\\/\"},\"sameAs\":[\"https:\\\/\\\/www.facebook.com\\\/zucchettiaxess\\\/\",\"https:\\\/\\\/www.linkedin.com\\\/company\\\/zucchetti-axess-s-p-a-?trk=prof-following-company-logo\",\"https:\\\/\\\/www.youtube.com\\\/results?q=axess tmc\"]}]}<\/script>\n<!-- \/ Yoast SEO plugin. -->","yoast_head_json":{"title":"SAP Data Collection Solution - Zucchetti Axess","description":"SAP Data Collection: Integration with SAP for data exchange between the SAP Time Management module and the attendance data collection subsystems","robots":{"index":"index","follow":"follow","max-snippet":"max-snippet:-1","max-image-preview":"max-image-preview:large","max-video-preview":"max-video-preview:-1"},"canonical":"https:\/\/www.axesstmc.com\/fr\/collecte-des-donnees\/","og_locale":"fr_FR","og_type":"article","og_title":"SAP Data Collection Solution - Zucchetti Axess","og_description":"SAP Data Collection: Integration with SAP for data exchange between the SAP Time Management module and the attendance data collection subsystems","og_url":"https:\/\/www.axesstmc.com\/fr\/collecte-des-donnees\/","og_site_name":"AxessTMC","article_publisher":"https:\/\/www.facebook.com\/zucchettiaxess\/","article_modified_time":"2025-04-07T15:06:28+00:00","twitter_card":"summary_large_image","twitter_misc":{"Est. reading time":"3 minutes"},"schema":{"@context":"https:\/\/schema.org","@graph":[{"@type":"WebPage","@id":"https:\/\/www.axesstmc.com\/fr\/collecte-des-donnees\/","url":"https:\/\/www.axesstmc.com\/fr\/collecte-des-donnees\/","name":"SAP Data Collection Solution - Zucchetti Axess","isPartOf":{"@id":"https:\/\/www.axesstmc.com\/fr\/#website"},"datePublished":"2016-01-08T15:44:29+00:00","dateModified":"2025-04-07T15:06:28+00:00","description":"SAP Data Collection: Integration with SAP for data exchange between the SAP Time Management module and the attendance data collection subsystems","inLanguage":"fr-FR","potentialAction":[{"@type":"ReadAction","target":["https:\/\/www.axesstmc.com\/fr\/collecte-des-donnees\/"]}]},{"@type":"WebSite","@id":"https:\/\/www.axesstmc.com\/fr\/#website","url":"https:\/\/www.axesstmc.com\/fr\/","name":"AxessTMC","description":"Software and Hardware for access control, intrusion detection","publisher":{"@id":"https:\/\/www.axesstmc.com\/fr\/#organization"},"potentialAction":[{"@type":"SearchAction","target":{"@type":"EntryPoint","urlTemplate":"https:\/\/www.axesstmc.com\/fr\/?s={search_term_string}"},"query-input":{"@type":"PropertyValueSpecification","valueRequired":true,"valueName":"search_term_string"}}],"inLanguage":"fr-FR"},{"@type":"Organization","@id":"https:\/\/www.axesstmc.com\/fr\/#organization","name":"AxessTMC","url":"https:\/\/www.axesstmc.com\/fr\/","logo":{"@type":"ImageObject","inLanguage":"fr-FR","@id":"https:\/\/www.axesstmc.com\/fr\/#\/schema\/logo\/image\/","url":"https:\/\/www.axesstmc.com\/wp-content\/uploads\/2019\/10\/Logo-AxessTMC-Z-Group.jpg","contentUrl":"https:\/\/www.axesstmc.com\/wp-content\/uploads\/2019\/10\/Logo-AxessTMC-Z-Group.jpg","width":185,"height":55,"caption":"AxessTMC"},"image":{"@id":"https:\/\/www.axesstmc.com\/fr\/#\/schema\/logo\/image\/"},"sameAs":["https:\/\/www.facebook.com\/zucchettiaxess\/","https:\/\/www.linkedin.com\/company\/zucchetti-axess-s-p-a-?trk=prof-following-company-logo","https:\/\/www.youtube.com\/results?q=axess tmc"]}]}},"_links":{"self":[{"href":"https:\/\/www.axesstmc.com\/fr\/wp-json\/wp\/v2\/pages\/29217","targetHints":{"allow":["GET"]}}],"collection":[{"href":"https:\/\/www.axesstmc.com\/fr\/wp-json\/wp\/v2\/pages"}],"about":[{"href":"https:\/\/www.axesstmc.com\/fr\/wp-json\/wp\/v2\/types\/page"}],"author":[{"embeddable":true,"href":"https:\/\/www.axesstmc.com\/fr\/wp-json\/wp\/v2\/users\/14"}],"replies":[{"embeddable":true,"href":"https:\/\/www.axesstmc.com\/fr\/wp-json\/wp\/v2\/comments?post=29217"}],"version-history":[{"count":2,"href":"https:\/\/www.axesstmc.com\/fr\/wp-json\/wp\/v2\/pages\/29217\/revisions"}],"predecessor-version":[{"id":45670,"href":"https:\/\/www.axesstmc.com\/fr\/wp-json\/wp\/v2\/pages\/29217\/revisions\/45670"}],"wp:attachment":[{"href":"https:\/\/www.axesstmc.com\/fr\/wp-json\/wp\/v2\/media?parent=29217"}],"curies":[{"name":"wp","href":"https:\/\/api.w.org\/{rel}","templated":true}]}}