{"id":29144,"date":"2015-12-28T13:08:44","date_gmt":"2015-12-28T13:08:44","guid":{"rendered":"https:\/\/www.axesstmc.com\/?page_id=29144"},"modified":"2026-01-22T16:54:01","modified_gmt":"2026-01-22T16:54:01","slug":"xatlas","status":"publish","type":"page","link":"https:\/\/www.axesstmc.com\/fr\/xatlas\/","title":{"rendered":"XAtlas"},"content":{"rendered":"<div class=\"wpb-content-wrapper\"><p>[vc_row css_animation=&#8221;&#8221; row_type=&#8221;row&#8221; use_row_as_full_screen_section=&#8221;no&#8221; type=&#8221;grid&#8221; angled_section=&#8221;no&#8221; text_align=&#8221;left&#8221; background_image_as_pattern=&#8221;without_pattern&#8221;][vc_column][vc_empty_space height=&#8221;50px&#8221;][vc_row_inner row_type=&#8221;row&#8221; type=&#8221;full_width&#8221; text_align=&#8221;left&#8221; css_animation=&#8221;&#8221;][vc_column_inner width=&#8221;10\/12&#8243;][vc_column_text]<strong>XAtlas<\/strong>: la plateforme de gestion de la s\u00e9curit\u00e9 qui g\u00e8re le contr\u00f4le des acc\u00e8s, la s\u00e9curit\u00e9 des personnes, le syst\u00e8me anti-intrusion, le syst\u00e8me anti-incendie, la vid\u00e9o surveillance et bien plus encore.[\/vc_column_text][vc_empty_space][vc_column_text]<strong>XAtlas<\/strong> est le logiciel de gestion de la s\u00e9curit\u00e9 d&#8217;entreprise, modulaire, \u00e9volutif, multi-entreprise et multi-site, avec une intelligence distribu\u00e9e, adaptable \u00e0 tout moment au changement des exigences de l\u2019entreprise.<\/p>\n<p>XAtlas est un syst\u00e8me de s\u00e9curit\u00e9 int\u00e9gr\u00e9 qui supervise constamment tous les appareils et les sous-syst\u00e8mes connect\u00e9s, permet de les configurer \u00e0 distance en \u00e9vitant ainsi des interventions co\u00fbteuses sur place. Gr\u00e2ce \u00e0 la fonctionnalit\u00e9 des r\u00e8gles de relation automatiques, le syst\u00e8me applique automatiquement la meilleure r\u00e8gle d&#8217;intervention en fonction du type de situation qui se pr\u00e9sente.<\/p>\n<p>&nbsp;<\/p>\n<p>XAtlas g\u00e8re un nombre illimit\u00e9 d\u2019entreprises, si\u00e8ges et usagers. Ces caract\u00e9ristiques, associ\u00e9es \u00e0 l\u2019\u00e9volutivit\u00e9 et \u00e0 l&#8217;exhaustivit\u00e9 fonctionnelle, rendent ce produit adapt\u00e9 \u00e0 des soci\u00e9t\u00e9s de n\u2019importe quel type, taille et secteur.<\/p>\n<p>&nbsp;<\/p>\n<p>XAtlas garantit la confidentialit\u00e9 totale des donn\u00e9es. L\u2019acc\u00e8s au logiciel et \u00e0 toutes les informations est g\u00e9r\u00e9 de mani\u00e8re s\u00e9curis\u00e9e gr\u00e2ce \u00e0 la tra\u00e7abilit\u00e9 de toutes les op\u00e9rations effectu\u00e9es par les op\u00e9rateurs. C\u2019est la raison pour laquelle les donn\u00e9es sont soumises \u00e0 des r\u00e8gles strictes de visibilit\u00e9 pour garantir la confidentialit\u00e9 en respectant les normes.[\/vc_column_text][vc_empty_space][vc_column_text]XAtlas r\u00e9pond \u00e0 toutes les exigences de s\u00e9curit\u00e9, d\u2019efficacit\u00e9 et de protection strat\u00e9gique.[\/vc_column_text][\/vc_column_inner][vc_column_inner width=&#8221;2\/12&#8243;][vc_single_image image=&#8221;25882&#8243; img_size=&#8221;full&#8221; alignment=&#8221;center&#8221; qode_css_animation=&#8221;&#8221;][\/vc_column_inner][\/vc_row_inner][vc_empty_space height=&#8221;50px&#8221;][\/vc_column][\/vc_row][vc_row css_animation=&#8221;&#8221; row_type=&#8221;row&#8221; use_row_as_full_screen_section=&#8221;no&#8221; type=&#8221;grid&#8221; angled_section=&#8221;no&#8221; text_align=&#8221;left&#8221; background_image_as_pattern=&#8221;without_pattern&#8221; z_index=&#8221;&#8221;][vc_column width=&#8221;2\/3&#8243;][vc_accordion active_tab=&#8221;false&#8221; style=&#8221;accordion&#8221;][vc_accordion_tab title=&#8221;Polyvalent&#8221; title_tag=&#8221;h2&#8243; title_color=&#8221;#0770b7&#8243;][vc_column_text]Les acc\u00e8s sont supervis\u00e9s en fonction des exigences de l\u2019entreprise.[\/vc_column_text][\/vc_accordion_tab][vc_accordion_tab title=&#8221;Simple&#8221; title_tag=&#8221;h2&#8243; title_color=&#8221;#0770b7&#8243;][vc_column_text]L\u2019interface WEB permet de personnaliser les fonctions n\u00e9cessaires selon le type d&#8217;op\u00e9rateur.[\/vc_column_text][\/vc_accordion_tab][vc_accordion_tab title=&#8221;S\u00fbr&#8221; title_tag=&#8221;h2&#8243; title_color=&#8221;#0770b7&#8243;][vc_column_text]Un contr\u00f4le constant du fonctionnement de tous les syst\u00e8mes g\u00e9r\u00e9s, garantit des r\u00e9actions automatiques rapides au moment que des \u00e9v\u00e9nements sp\u00e9cifiques ont lieu.[\/vc_column_text][\/vc_accordion_tab][vc_accordion_tab title=&#8221;Pr\u00e9cis&#8221; title_tag=&#8221;h2&#8243; title_color=&#8221;#0770b7&#8243;][vc_column_text]Mise \u00e0 jour en temps r\u00e9el de la liste des employ\u00e9s, comme des visiteurs, pr\u00e9sents dedans l\u2019entreprise. Les informations sont fournies aux operateurs nomm\u00e9s, aussi par mail, SMS ou APPLI.<br \/>\nEn outre, vous pouvez faire l\u2019exploitation des donn\u00e9es de fa\u00e7on automatique ou bien programm\u00e9e.[\/vc_column_text][\/vc_accordion_tab][vc_accordion_tab title=&#8221;Integrable et adaptable&#8221; title_tag=&#8221;h2&#8243; title_color=&#8221;#0770b7&#8243;][vc_column_text]Les diff\u00e9rents modules d\u2019XAtlas permettent l\u2019int\u00e9gration avec solutions tiers (logiciles et mat\u00e9riel).[\/vc_column_text][\/vc_accordion_tab][vc_accordion_tab title=&#8221;Complet&#8221; title_tag=&#8221;h2&#8243; title_color=&#8221;#0770b7&#8243;][vc_column_text]XAtlas ex\u00e9cute de mani\u00e8re totalement autonome et pr\u00e9cise toutes les fonctions programm\u00e9es.[\/vc_column_text][\/vc_accordion_tab][\/vc_accordion][\/vc_column][vc_column width=&#8221;1\/3&#8243;][\/vc_column][\/vc_row][vc_row css_animation=&#8221;&#8221; row_type=&#8221;row&#8221; use_row_as_full_screen_section=&#8221;no&#8221; type=&#8221;grid&#8221; angled_section=&#8221;no&#8221; text_align=&#8221;left&#8221; background_image_as_pattern=&#8221;without_pattern&#8221;][vc_column][vc_empty_space height=&#8221;70px&#8221;][vc_column_text]<\/p>\n<h1><strong>XAtlas, la solution supr\u00eame au niveau de la s\u00e9curit\u00e9!<\/strong><\/h1>\n<p>[\/vc_column_text][vc_empty_space height=&#8221;70px&#8221;][\/vc_column][\/vc_row][vc_row css_animation=&#8221;&#8221; row_type=&#8221;row&#8221; use_row_as_full_screen_section=&#8221;no&#8221; type=&#8221;grid&#8221; angled_section=&#8221;no&#8221; text_align=&#8221;left&#8221; background_image_as_pattern=&#8221;without_pattern&#8221; z_index=&#8221;&#8221;][vc_column width=&#8221;1\/6&#8243;][vc_single_image image=&#8221;30559&#8243; img_size=&#8221;full&#8221; alignment=&#8221;center&#8221; qode_css_animation=&#8221;&#8221;][\/vc_column][vc_column width=&#8221;1\/6&#8243;][vc_single_image image=&#8221;25412&#8243; img_size=&#8221;80X80&#8243; alignment=&#8221;center&#8221; onclick=&#8221;custom_link&#8221; qode_css_animation=&#8221;&#8221; link=&#8221;\/fr\/controle-acces\/&#8221;][vc_separator type=&#8221;transparent&#8221;][vc_column_text]<\/p>\n<p style=\"text-align: center;\">Contr\u00f4le d&#8217;acc\u00e8s<\/p>\n<p>[\/vc_column_text][\/vc_column][vc_column width=&#8221;1\/6&#8243;][vc_single_image image=&#8221;25413&#8243; img_size=&#8221;80&#215;80&#8243; alignment=&#8221;center&#8221; onclick=&#8221;custom_link&#8221; qode_css_animation=&#8221;&#8221; link=&#8221;\/fr\/gestion_de_temps_des_presences\/&#8221;][vc_separator type=&#8221;transparent&#8221;][vc_column_text]<\/p>\n<p style=\"text-align: center;\">Temps de pr\u00e9sence<\/p>\n<p>[\/vc_column_text][\/vc_column][vc_column width=&#8221;1\/6&#8243;][vc_single_image image=&#8221;25415&#8243; img_size=&#8221;80&#215;80&#8243; alignment=&#8221;center&#8221; onclick=&#8221;custom_link&#8221; qode_css_animation=&#8221;&#8221; link=&#8221;\/fr\/wireless-lock\/&#8221;][vc_separator type=&#8221;transparent&#8221;][vc_column_text]<\/p>\n<p style=\"text-align: center;\">Wireless Lock<\/p>\n<p>[\/vc_column_text][\/vc_column][vc_column width=&#8221;1\/6&#8243;][vc_single_image image=&#8221;25405&#8243; img_size=&#8221;80&#215;80&#8243; alignment=&#8221;center&#8221; onclick=&#8221;custom_link&#8221; qode_css_animation=&#8221;&#8221; link=&#8221;\/fr\/videosurveillance\/&#8221;][vc_separator type=&#8221;transparent&#8221;][vc_column_text]<\/p>\n<p style=\"text-align: center;\">Vid\u00e9o surveillance<\/p>\n<p>[\/vc_column_text][\/vc_column][vc_column width=&#8221;1\/6&#8243;][vc_single_image image=&#8221;27221&#8243; img_size=&#8221;80&#215;80&#8243; alignment=&#8221;center&#8221; onclick=&#8221;custom_link&#8221; qode_css_animation=&#8221;&#8221; link=&#8221;\/fr\/gestion_des_visiteurs\/&#8221;][vc_separator type=&#8221;transparent&#8221;][vc_column_text]<\/p>\n<p style=\"text-align: center;\">Gestion R\u00e9ception<\/p>\n<p>[\/vc_column_text][\/vc_column][\/vc_row][vc_row css_animation=&#8221;&#8221; row_type=&#8221;row&#8221; use_row_as_full_screen_section=&#8221;no&#8221; type=&#8221;full_width&#8221; angled_section=&#8221;no&#8221; text_align=&#8221;left&#8221; background_image_as_pattern=&#8221;without_pattern&#8221;][vc_column][vc_empty_space height=&#8221;40px&#8221;][\/vc_column][\/vc_row][vc_row css_animation=&#8221;&#8221; row_type=&#8221;row&#8221; use_row_as_full_screen_section=&#8221;no&#8221; type=&#8221;grid&#8221; angled_section=&#8221;no&#8221; text_align=&#8221;left&#8221; background_image_as_pattern=&#8221;without_pattern&#8221; z_index=&#8221;&#8221;][vc_column width=&#8221;1\/6&#8243;][\/vc_column][vc_column width=&#8221;1\/6&#8243;][vc_single_image image=&#8221;25391&#8243; img_size=&#8221;80&#215;80&#8243; alignment=&#8221;center&#8221; onclick=&#8221;custom_link&#8221; qode_css_animation=&#8221;&#8221; link=&#8221;\/fr\/systeme-anti-incendie\/&#8221;][vc_separator type=&#8221;transparent&#8221;][vc_column_text]<\/p>\n<p style=\"text-align: center;\">Syst\u00e8me anti-incendie<\/p>\n<p>[\/vc_column_text][\/vc_column][vc_column width=&#8221;1\/6&#8243;][vc_single_image image=&#8221;25779&#8243; img_size=&#8221;80&#215;80&#8243; alignment=&#8221;center&#8221; onclick=&#8221;custom_link&#8221; qode_css_animation=&#8221;&#8221; link=&#8221;\/fr\/systeme-anti-intrusion\/&#8221;][vc_separator type=&#8221;transparent&#8221;][vc_column_text]<\/p>\n<p style=\"text-align: center;\">Syst\u00e8me anti-intrusion<\/p>\n<p>[\/vc_column_text][\/vc_column][vc_column width=&#8221;1\/6&#8243;][vc_single_image image=&#8221;25414&#8243; img_size=&#8221;80&#215;80&#8243; alignment=&#8221;center&#8221; onclick=&#8221;custom_link&#8221; qode_css_animation=&#8221;&#8221; link=&#8221;\/fr\/securite\/&#8221;][vc_separator type=&#8221;transparent&#8221;][vc_column_text]<\/p>\n<p style=\"text-align: center;\">Securit\u00e9<\/p>\n<p>[\/vc_column_text][\/vc_column][vc_column width=&#8221;1\/6&#8243;][vc_single_image image=&#8221;25389&#8243; img_size=&#8221;80&#215;80&#8243; alignment=&#8221;center&#8221; onclick=&#8221;custom_link&#8221; qode_css_animation=&#8221;&#8221; link=&#8221;\/fr\/lecture-des-plaques\/&#8221;][vc_separator type=&#8221;transparent&#8221;][vc_column_text]<\/p>\n<p style=\"text-align: center;\">Lecture des plaques<\/p>\n<p>[\/vc_column_text][\/vc_column][vc_column width=&#8221;1\/6&#8243;][vc_single_image image=&#8221;25411&#8243; img_size=&#8221;80&#215;80&#8243; alignment=&#8221;center&#8221; onclick=&#8221;custom_link&#8221; qode_css_animation=&#8221;&#8221; link=&#8221;\/fr\/collecte-des-donnees\/&#8221;][vc_separator type=&#8221;transparent&#8221;][vc_column_text]<\/p>\n<p style=\"text-align: center;\">Collecte de donn\u00e9es<\/p>\n<p>[\/vc_column_text][\/vc_column][\/vc_row][vc_row css_animation=&#8221;&#8221; row_type=&#8221;row&#8221; use_row_as_full_screen_section=&#8221;no&#8221; type=&#8221;full_width&#8221; angled_section=&#8221;no&#8221; text_align=&#8221;left&#8221; background_image_as_pattern=&#8221;without_pattern&#8221;][vc_column][vc_empty_space height=&#8221;70px&#8221;][\/vc_column][\/vc_row][vc_row css_animation=&#8221;&#8221; row_type=&#8221;row&#8221; use_row_as_full_screen_section=&#8221;no&#8221; type=&#8221;full_width&#8221; angled_section=&#8221;no&#8221; text_align=&#8221;left&#8221; background_image_as_pattern=&#8221;without_pattern&#8221; css=&#8221;.vc_custom_1521454494396{background-color: #0770b7 !important;}&#8221; z_index=&#8221;&#8221;][vc_column][vc_empty_space height=&#8221;40px&#8221;][vc_row_inner row_type=&#8221;row&#8221; type=&#8221;full_width&#8221; text_align=&#8221;left&#8221; css_animation=&#8221;&#8221;][vc_column_inner width=&#8221;1\/5&#8243;][\/vc_column_inner][vc_column_inner width=&#8221;1\/5&#8243;]<span data-type=\"normal\" data-hover-icon-color=\"#dd9933\" class=\"qode_icon_shortcode  q_font_awsome_icon fa-3x pull-center \" style=\" \"><a  itemprop=\"url\" href=\"https:\/\/www.axesstmc.com\/wp-content\/uploads\/2025\/04\/XAtlas_FRA.pdf\" target=\"_blank\"><i class=\"qode_icon_font_awesome fa fa-download qode_icon_element\" style=\"color: #ffffff;\" ><\/i><\/a><\/span>[vc_column_text]<\/p>\n<h2 style=\"text-align: center;\"><span style=\"color: #ffffff;\">Fiche produit<\/span><\/h2>\n<p>[\/vc_column_text][vc_empty_space height=&#8221;1rem&#8221;][\/vc_column_inner][vc_column_inner el_class=&#8221;sg-popup-id-35449&#8243; width=&#8221;1\/5&#8243;]<span data-type=\"normal\" data-hover-icon-color=\"#dd9933\" class=\"qode_icon_shortcode  q_font_awsome_icon fa-3x pull-center \" style=\" \"><i class=\"qode_icon_font_awesome fa fa-info qode_icon_element\" style=\"color: #ffffff;\" ><\/i><\/span>[vc_column_text]<\/p>\n<h2 style=\"text-align: center;\"><span style=\"color: #ffffff;\">En savoir plus<\/span><\/h2>\n<p>[\/vc_column_text][\/vc_column_inner][vc_column_inner width=&#8221;1\/5&#8243;]<span data-type=\"normal\" data-hover-icon-color=\"#dd9933\" class=\"qode_icon_shortcode  q_font_awsome_icon fa-2x pull-center \" style=\" \"><a  itemprop=\"url\" href=\"https:\/\/www.axesstmc.com\/wp-content\/uploads\/2025\/12\/ZA_PIMS_Xatlas_v8_ENG.pdf\" target=\"_blank\"><i class=\"qode_icon_font_awesome fa fa-file qode_icon_element\" style=\"color: #ffffff;\" ><\/i><\/a><\/span>[vc_empty_space height=&#8221;1rem&#8221;][vc_column_text css=&#8221;&#8221;]<\/p>\n<p style=\"text-align: center;\"><strong><span style=\"color: #ffffff;\">Registre de traitement &#8211; XAtlas<\/span><\/strong><\/p>\n<p style=\"text-align: center;\"><span style=\"color: #ffffff;\">conform\u00e9ment \u00e0 l&#8217;article 30 du R\u00e8glement 679\/2016\/ (RGPD)<\/span><\/p>\n<p>[\/vc_column_text][\/vc_column_inner][vc_column_inner width=&#8221;1\/5&#8243;][\/vc_column_inner][\/vc_row_inner][vc_empty_space height=&#8221;40px&#8221;][\/vc_column][\/vc_row]<\/p>\n<\/div>","protected":false},"excerpt":{"rendered":"<p>[vc_row css_animation=&#8221;&#8221; row_type=&#8221;row&#8221; use_row_as_full_screen_section=&#8221;no&#8221; type=&#8221;grid&#8221; angled_section=&#8221;no&#8221; text_align=&#8221;left&#8221; background_image_as_pattern=&#8221;without_pattern&#8221;][vc_column][vc_empty_space height=&#8221;50px&#8221;][vc_row_inner row_type=&#8221;row&#8221; type=&#8221;full_width&#8221; text_align=&#8221;left&#8221; css_animation=&#8221;&#8221;][vc_column_inner width=&#8221;10\/12&#8243;][vc_column_text]XAtlas: la plateforme de gestion de la s\u00e9curit\u00e9 qui g\u00e8re le contr\u00f4le des acc\u00e8s, la s\u00e9curit\u00e9 des personnes, le syst\u00e8me anti-intrusion, le syst\u00e8me anti-incendie, la vid\u00e9o surveillance et bien plus encore.[\/vc_column_text][vc_empty_space][vc_column_text]XAtlas est&#8230;<\/p>\n","protected":false},"author":14,"featured_media":0,"parent":0,"menu_order":0,"comment_status":"closed","ping_status":"closed","template":"full_width.php","meta":{"footnotes":""},"class_list":["post-29144","page","type-page","status-publish","hentry"],"yoast_head":"<!-- This site is optimized with the Yoast SEO plugin v27.4 - https:\/\/yoast.com\/product\/yoast-seo-wordpress\/ -->\n<title>XAtlas - AxessTMC<\/title>\n<meta name=\"robots\" content=\"index, follow, max-snippet:-1, max-image-preview:large, max-video-preview:-1\" \/>\n<link rel=\"canonical\" href=\"https:\/\/www.axesstmc.com\/fr\/xatlas\/\" \/>\n<meta property=\"og:locale\" content=\"fr_FR\" \/>\n<meta property=\"og:type\" content=\"article\" \/>\n<meta property=\"og:title\" content=\"XAtlas - AxessTMC\" \/>\n<meta property=\"og:description\" content=\"[vc_row css_animation=&#8221;&#8221; row_type=&#8221;row&#8221; use_row_as_full_screen_section=&#8221;no&#8221; type=&#8221;grid&#8221; angled_section=&#8221;no&#8221; text_align=&#8221;left&#8221; background_image_as_pattern=&#8221;without_pattern&#8221;][vc_column][vc_empty_space height=&#8221;50px&#8221;][vc_row_inner row_type=&#8221;row&#8221; type=&#8221;full_width&#8221; text_align=&#8221;left&#8221; css_animation=&#8221;&#8221;][vc_column_inner width=&#8221;10\/12&#8243;][vc_column_text]XAtlas: la plateforme de gestion de la s\u00e9curit\u00e9 qui g\u00e8re le contr\u00f4le des acc\u00e8s, la s\u00e9curit\u00e9 des personnes, le syst\u00e8me anti-intrusion, le syst\u00e8me anti-incendie, la vid\u00e9o surveillance et bien plus encore.[\/vc_column_text][vc_empty_space][vc_column_text]XAtlas est...\" \/>\n<meta property=\"og:url\" content=\"https:\/\/www.axesstmc.com\/fr\/xatlas\/\" \/>\n<meta property=\"og:site_name\" content=\"AxessTMC\" \/>\n<meta property=\"article:publisher\" content=\"https:\/\/www.facebook.com\/zucchettiaxess\/\" \/>\n<meta property=\"article:modified_time\" content=\"2026-01-22T16:54:01+00:00\" \/>\n<meta name=\"twitter:card\" content=\"summary_large_image\" \/>\n<meta name=\"twitter:label1\" content=\"Est. reading time\" \/>\n\t<meta name=\"twitter:data1\" content=\"6 minutes\" \/>\n<script type=\"application\/ld+json\" class=\"yoast-schema-graph\">{\"@context\":\"https:\\\/\\\/schema.org\",\"@graph\":[{\"@type\":\"WebPage\",\"@id\":\"https:\\\/\\\/www.axesstmc.com\\\/fr\\\/xatlas\\\/\",\"url\":\"https:\\\/\\\/www.axesstmc.com\\\/fr\\\/xatlas\\\/\",\"name\":\"XAtlas - AxessTMC\",\"isPartOf\":{\"@id\":\"https:\\\/\\\/www.axesstmc.com\\\/fr\\\/#website\"},\"datePublished\":\"2015-12-28T13:08:44+00:00\",\"dateModified\":\"2026-01-22T16:54:01+00:00\",\"inLanguage\":\"fr-FR\",\"potentialAction\":[{\"@type\":\"ReadAction\",\"target\":[\"https:\\\/\\\/www.axesstmc.com\\\/fr\\\/xatlas\\\/\"]}]},{\"@type\":\"WebSite\",\"@id\":\"https:\\\/\\\/www.axesstmc.com\\\/fr\\\/#website\",\"url\":\"https:\\\/\\\/www.axesstmc.com\\\/fr\\\/\",\"name\":\"AxessTMC\",\"description\":\"Software and Hardware for access control, intrusion detection\",\"publisher\":{\"@id\":\"https:\\\/\\\/www.axesstmc.com\\\/fr\\\/#organization\"},\"potentialAction\":[{\"@type\":\"SearchAction\",\"target\":{\"@type\":\"EntryPoint\",\"urlTemplate\":\"https:\\\/\\\/www.axesstmc.com\\\/fr\\\/?s={search_term_string}\"},\"query-input\":{\"@type\":\"PropertyValueSpecification\",\"valueRequired\":true,\"valueName\":\"search_term_string\"}}],\"inLanguage\":\"fr-FR\"},{\"@type\":\"Organization\",\"@id\":\"https:\\\/\\\/www.axesstmc.com\\\/fr\\\/#organization\",\"name\":\"AxessTMC\",\"url\":\"https:\\\/\\\/www.axesstmc.com\\\/fr\\\/\",\"logo\":{\"@type\":\"ImageObject\",\"inLanguage\":\"fr-FR\",\"@id\":\"https:\\\/\\\/www.axesstmc.com\\\/fr\\\/#\\\/schema\\\/logo\\\/image\\\/\",\"url\":\"https:\\\/\\\/www.axesstmc.com\\\/wp-content\\\/uploads\\\/2019\\\/10\\\/Logo-AxessTMC-Z-Group.jpg\",\"contentUrl\":\"https:\\\/\\\/www.axesstmc.com\\\/wp-content\\\/uploads\\\/2019\\\/10\\\/Logo-AxessTMC-Z-Group.jpg\",\"width\":185,\"height\":55,\"caption\":\"AxessTMC\"},\"image\":{\"@id\":\"https:\\\/\\\/www.axesstmc.com\\\/fr\\\/#\\\/schema\\\/logo\\\/image\\\/\"},\"sameAs\":[\"https:\\\/\\\/www.facebook.com\\\/zucchettiaxess\\\/\",\"https:\\\/\\\/www.linkedin.com\\\/company\\\/zucchetti-axess-s-p-a-?trk=prof-following-company-logo\",\"https:\\\/\\\/www.youtube.com\\\/results?q=axess tmc\"]}]}<\/script>\n<!-- \/ Yoast SEO plugin. -->","yoast_head_json":{"title":"XAtlas - AxessTMC","robots":{"index":"index","follow":"follow","max-snippet":"max-snippet:-1","max-image-preview":"max-image-preview:large","max-video-preview":"max-video-preview:-1"},"canonical":"https:\/\/www.axesstmc.com\/fr\/xatlas\/","og_locale":"fr_FR","og_type":"article","og_title":"XAtlas - AxessTMC","og_description":"[vc_row css_animation=&#8221;&#8221; row_type=&#8221;row&#8221; use_row_as_full_screen_section=&#8221;no&#8221; type=&#8221;grid&#8221; angled_section=&#8221;no&#8221; text_align=&#8221;left&#8221; background_image_as_pattern=&#8221;without_pattern&#8221;][vc_column][vc_empty_space height=&#8221;50px&#8221;][vc_row_inner row_type=&#8221;row&#8221; type=&#8221;full_width&#8221; text_align=&#8221;left&#8221; css_animation=&#8221;&#8221;][vc_column_inner width=&#8221;10\/12&#8243;][vc_column_text]XAtlas: la plateforme de gestion de la s\u00e9curit\u00e9 qui g\u00e8re le contr\u00f4le des acc\u00e8s, la s\u00e9curit\u00e9 des personnes, le syst\u00e8me anti-intrusion, le syst\u00e8me anti-incendie, la vid\u00e9o surveillance et bien plus encore.[\/vc_column_text][vc_empty_space][vc_column_text]XAtlas est...","og_url":"https:\/\/www.axesstmc.com\/fr\/xatlas\/","og_site_name":"AxessTMC","article_publisher":"https:\/\/www.facebook.com\/zucchettiaxess\/","article_modified_time":"2026-01-22T16:54:01+00:00","twitter_card":"summary_large_image","twitter_misc":{"Est. reading time":"6 minutes"},"schema":{"@context":"https:\/\/schema.org","@graph":[{"@type":"WebPage","@id":"https:\/\/www.axesstmc.com\/fr\/xatlas\/","url":"https:\/\/www.axesstmc.com\/fr\/xatlas\/","name":"XAtlas - AxessTMC","isPartOf":{"@id":"https:\/\/www.axesstmc.com\/fr\/#website"},"datePublished":"2015-12-28T13:08:44+00:00","dateModified":"2026-01-22T16:54:01+00:00","inLanguage":"fr-FR","potentialAction":[{"@type":"ReadAction","target":["https:\/\/www.axesstmc.com\/fr\/xatlas\/"]}]},{"@type":"WebSite","@id":"https:\/\/www.axesstmc.com\/fr\/#website","url":"https:\/\/www.axesstmc.com\/fr\/","name":"AxessTMC","description":"Software and Hardware for access control, intrusion detection","publisher":{"@id":"https:\/\/www.axesstmc.com\/fr\/#organization"},"potentialAction":[{"@type":"SearchAction","target":{"@type":"EntryPoint","urlTemplate":"https:\/\/www.axesstmc.com\/fr\/?s={search_term_string}"},"query-input":{"@type":"PropertyValueSpecification","valueRequired":true,"valueName":"search_term_string"}}],"inLanguage":"fr-FR"},{"@type":"Organization","@id":"https:\/\/www.axesstmc.com\/fr\/#organization","name":"AxessTMC","url":"https:\/\/www.axesstmc.com\/fr\/","logo":{"@type":"ImageObject","inLanguage":"fr-FR","@id":"https:\/\/www.axesstmc.com\/fr\/#\/schema\/logo\/image\/","url":"https:\/\/www.axesstmc.com\/wp-content\/uploads\/2019\/10\/Logo-AxessTMC-Z-Group.jpg","contentUrl":"https:\/\/www.axesstmc.com\/wp-content\/uploads\/2019\/10\/Logo-AxessTMC-Z-Group.jpg","width":185,"height":55,"caption":"AxessTMC"},"image":{"@id":"https:\/\/www.axesstmc.com\/fr\/#\/schema\/logo\/image\/"},"sameAs":["https:\/\/www.facebook.com\/zucchettiaxess\/","https:\/\/www.linkedin.com\/company\/zucchetti-axess-s-p-a-?trk=prof-following-company-logo","https:\/\/www.youtube.com\/results?q=axess tmc"]}]}},"_links":{"self":[{"href":"https:\/\/www.axesstmc.com\/fr\/wp-json\/wp\/v2\/pages\/29144","targetHints":{"allow":["GET"]}}],"collection":[{"href":"https:\/\/www.axesstmc.com\/fr\/wp-json\/wp\/v2\/pages"}],"about":[{"href":"https:\/\/www.axesstmc.com\/fr\/wp-json\/wp\/v2\/types\/page"}],"author":[{"embeddable":true,"href":"https:\/\/www.axesstmc.com\/fr\/wp-json\/wp\/v2\/users\/14"}],"replies":[{"embeddable":true,"href":"https:\/\/www.axesstmc.com\/fr\/wp-json\/wp\/v2\/comments?post=29144"}],"version-history":[{"count":7,"href":"https:\/\/www.axesstmc.com\/fr\/wp-json\/wp\/v2\/pages\/29144\/revisions"}],"predecessor-version":[{"id":46182,"href":"https:\/\/www.axesstmc.com\/fr\/wp-json\/wp\/v2\/pages\/29144\/revisions\/46182"}],"wp:attachment":[{"href":"https:\/\/www.axesstmc.com\/fr\/wp-json\/wp\/v2\/media?parent=29144"}],"curies":[{"name":"wp","href":"https:\/\/api.w.org\/{rel}","templated":true}]}}