{"id":29125,"date":"2015-12-28T13:34:15","date_gmt":"2015-12-28T13:34:15","guid":{"rendered":"https:\/\/www.axesstmc.com\/?page_id=29125"},"modified":"2021-12-22T11:50:13","modified_gmt":"2021-12-22T11:50:13","slug":"videosurveillance","status":"publish","type":"page","link":"https:\/\/www.axesstmc.com\/fr\/videosurveillance\/","title":{"rendered":"Vid\u00e9osurveillance"},"content":{"rendered":"<div class=\"wpb-content-wrapper\"><p>[vc_row css_animation=&#8221;&#8221; row_type=&#8221;row&#8221; use_row_as_full_screen_section=&#8221;no&#8221; type=&#8221;grid&#8221; angled_section=&#8221;no&#8221; text_align=&#8221;left&#8221; background_image_as_pattern=&#8221;without_pattern&#8221;][vc_column width=&#8221;10\/12&#8243;][vc_empty_space height=&#8221;50px&#8221;][vc_column_text css=&#8221;.vc_custom_1536045999233{margin-top: 30px !important;}&#8221;]<\/p>\n<h1 style=\"text-align: left;\">XAtlas et XProtect\u00ae\u00a0Milestone: la vid\u00e9osurveillance alli\u00e9e au contr\u00f4le d\u2019acc\u00e8s.<\/h1>\n<p>[\/vc_column_text][vc_empty_space][vc_column_text]Le syst\u00e8me int\u00e9gr\u00e9, moderne et technologiquement \u00e9volu\u00e9 de vid\u00e9osurveillance, d\u00e9velopp\u00e9 \u00e0 l&#8217;aide de la technologie IP, comprend:<\/p>\n<p>&nbsp;<\/p>\n<ul>\n<li>Une<strong> plate-forme ouverte et int\u00e9gr\u00e9e<\/strong> pour une gestion compl\u00e8te de la vid\u00e9osurveillance;<\/li>\n<li>Une <strong>analyse Live et Playback simplifi\u00e9s<\/strong> ;<\/li>\n<li>Une <strong>analyse Vid\u00e9o comportementale<\/strong>.<\/li>\n<\/ul>\n<p>&nbsp;<\/p>\n<p>L\u2019int\u00e9gration de XAtlas avec XProtect de Milestone permet de g\u00e9rer l&#8217;int\u00e9gralit\u00e9 du syst\u00e8me au moyen d&#8217;une seule et unique interface qui peut \u00eatre choisie par le client en fonction de ses pr\u00e9f\u00e9rences et de ses exigences :<\/p>\n<ul>\n<li>Interface de XAtlas\u00a0: dans ce cas, il sera assez de d&#8217;installer simplement le module de surveillance de Zucchetti AXESS.<\/li>\n<li>Interface de XProtect\u00a0: dans ce cas, il sera n\u00e9cessaire d&#8217;installer le Milestone Plug-in c\u00f4t\u00e9 Xatlas et l\u2019ACM (Access Control Management) Plug-in de Milestone c\u00f4t\u00e9 XProtect.<\/li>\n<\/ul>\n<p>&nbsp;<\/p>\n<p>Depuis l&#8217;interface Smart Client \u00ae, il est possible de :<\/p>\n<ul>\n<li>Enregistrer une <strong>vid\u00e9o de la sc\u00e8ne en fonction des \u00e9v\u00e9nements g\u00e9n\u00e9r\u00e9s<\/strong> par le contr\u00f4le d&#8217;acc\u00e8s (par exemple, une tentative d&#8217;acc\u00e8s refus\u00e9) ;<\/li>\n<li><strong>Visualiser en temps r\u00e9el le transit des utilisateurs,<\/strong> leurs photos et les images enregistr\u00e9es en direct ;<\/li>\n<li><strong>G\u00e9rer les passages du contr\u00f4le d&#8217;acc\u00e8s<\/strong> \u00e0 l&#8217;aide de l&#8217;interface Xprotect.<\/li>\n<\/ul>\n<p><strong>\u00a0<\/strong><\/p>\n<p>XAtlas est un syst\u00e8me partag\u00e9, la gestion du contr\u00f4le des acc\u00e8s et de la vid\u00e9osurveillance est garantie m\u00eame en cas d&#8217;interruption de la communication de r\u00e9seau entre le site et le serveur central. Cette caract\u00e9ristique fait de XAtlas et XProtect, une int\u00e9gration id\u00e9ale pour les entreprises multisites.<\/p>\n<p>&nbsp;<\/p>\n<ul>\n<li>\u00c0 partir d&#8217;une <strong>seule interface<\/strong>, vous g\u00e9rez les fonctionnalit\u00e9s des deux syst\u00e8mes.<\/li>\n<li>Grace \u00e0 l\u2019int\u00e9gration vous profitez au mieux les <strong>fonctionnalit\u00e9s<\/strong> disponible dans les deux syst\u00e8mes.<\/li>\n<li>Puisque l\u2019int\u00e9gration entre les deux est d\u00e9j\u00e0 \u00e0 votre disposition, aucune perte de temps et d\u2019argent \u00e0 envisager.<\/li>\n<\/ul>\n<p>[\/vc_column_text][vc_empty_space][vc_column_text]<\/p>\n<h2 style=\"text-align: left;\">Beaucoup d\u2019avantages, une plate-forme unique!<\/h2>\n<p>[\/vc_column_text][\/vc_column][vc_column width=&#8221;2\/12&#8243;][vc_empty_space height=&#8221;50px&#8221;][vc_single_image image=&#8221;25405&#8243; img_size=&#8221;medium&#8221; alignment=&#8221;center&#8221; qode_css_animation=&#8221;&#8221;][vc_empty_space][vc_single_image image=&#8221;41144&#8243; img_size=&#8221;medium&#8221; alignment=&#8221;right&#8221; qode_css_animation=&#8221;&#8221;][vc_empty_space][vc_single_image image=&#8221;26296&#8243; img_size=&#8221;medium&#8221; qode_css_animation=&#8221;&#8221;][\/vc_column][\/vc_row][vc_row css_animation=&#8221;&#8221; row_type=&#8221;row&#8221; use_row_as_full_screen_section=&#8221;yes&#8221; type=&#8221;full_width&#8221; angled_section=&#8221;no&#8221; text_align=&#8221;left&#8221; background_image_as_pattern=&#8221;without_pattern&#8221; z_index=&#8221;&#8221;][vc_column][vc_row_inner row_type=&#8221;row&#8221; type=&#8221;full_width&#8221; text_align=&#8221;left&#8221; css_animation=&#8221;&#8221; padding_top=&#8221;0&#8243; padding_bottom=&#8221;0&#8243;][vc_column_inner][vc_empty_space height=&#8221;20rem&#8221; css=&#8221;.vc_custom_1537884365091{margin-top: 2rem !important;margin-bottom: 2rem !important;padding-top: 5rem !important;padding-bottom: 5rem !important;background-image: url(https:\/\/www.axesstmc.com\/wp-content\/uploads\/2018\/05\/DEF-banner-giallo-triangoli.png) !important;background-position: center !important;background-repeat: no-repeat !important;background-size: cover !important;}&#8221; el_class=&#8221;banner giallo-triangoli&#8221;][\/vc_column_inner][\/vc_row_inner][\/vc_column][\/vc_row][vc_row css_animation=&#8221;&#8221; row_type=&#8221;row&#8221; use_row_as_full_screen_section=&#8221;no&#8221; type=&#8221;grid&#8221; angled_section=&#8221;no&#8221; text_align=&#8221;left&#8221; background_image_as_pattern=&#8221;without_pattern&#8221;][vc_column width=&#8221;10\/12&#8243;][vc_column_text css=&#8221;.vc_custom_1531209430028{margin-top: 30px !important;}&#8221;]<\/p>\n<h1 style=\"text-align: left;\">XAtlas &amp; AXIS A1001 Network Door Controller: voir bien, contr\u00f4ler bien.. toujours en s\u00e9curit\u00e9!<\/h1>\n<p>[\/vc_column_text][vc_empty_space][vc_column_text]L\u2019int\u00e9gration de XAtlas avec AXIS A1001, la plateforme ouverte et int\u00e9gr\u00e9e pour la gestion des acc\u00e8s, r\u00e9pond aux exigences de tous les types d&#8217;installation, les plus petites comme les plus complexes.<\/p>\n<p>&nbsp;<\/p>\n<p>En int\u00e9grant et en g\u00e9rant directement les cam\u00e9ras vid\u00e9o AXIS, XAtlas permet de <strong>visualiser les sites surveill\u00e9s en direct<\/strong>, et autorise ou refuse les acc\u00e8s \u00e0 distance au moyen de la fonctionnalit\u00e9 semi-automatique fournie par le logiciel.<\/p>\n<p>&nbsp;<\/p>\n<p>Le syst\u00e8me XAtlas garantit des images nettes et d\u00e9taill\u00e9es. La <strong>qualit\u00e9<\/strong> obtenue par les <strong>images<\/strong> des cam\u00e9ras vid\u00e9o AXIS permet <strong>d&#8217;identifier des visages et de surveiller des comportements<\/strong> quelles que soient les conditions d&#8217;\u00e9clairage, m\u00eame de nuit.\u00a0L&#8217;int\u00e9gration du logiciel XAtlas aux cam\u00e9ras vid\u00e9o AXIS a permis la mise en place d&#8217;une solution sophistiqu\u00e9e en mesure de r\u00e9soudre tous les aspects li\u00e9s \u00e0 la s\u00e9curit\u00e9 et \u00e0 la vid\u00e9osurveillance.<\/p>\n<p>&nbsp;<\/p>\n<p><strong>Avantages<\/strong>:<\/p>\n<ul>\n<li>Tenir sous controle les transits au niveau des passages \u00e0 distance avec le support des images en direct.<\/li>\n<li>Actionner des popup suite \u00e0 des alarmes sp\u00e9cifiques.<\/li>\n<li>Obtenir en temps r\u00e9el des details concernant un alarme, un nom, un num\u00e9ro de badge.<\/li>\n<li>La solution permet de centraliser le contr\u00f4le des passages non gard\u00e9s \u00e0 partir d&#8217;un seul point<\/li>\n<li>\u00c0 certaines heures, le syst\u00e8me permet de demander une autorisation explicite lors de l&#8217;ouverture du passage, \u00e0 un surveillant, en lui montrant l&#8217;image de la cam\u00e9ra vid\u00e9o sur un PC apr\u00e8s la lecture du badge et en la comparant \u00e0 l&#8217;image du salari\u00e9 extraite de la base de donn\u00e9es.<\/li>\n<\/ul>\n<p>&nbsp;<\/p>\n<p>Solutions simples, fiables et qui demandent petit investissement\u00a0: cam\u00e9ras haute d\u00e9finition qui permettent l\u2019affichage en temps r\u00e9el (Control Room ou organisme de surveillance), facile \u00e0 l\u2019integration avec syst\u00e8me anti-intrusion, antivol ou contr\u00f4le d\u2019acc\u00e8s existants.[\/vc_column_text][vc_empty_space][vc_column_text]<\/p>\n<h2 style=\"text-align: left;\">Solutions evolues appropri\u00e9es aux plus amples exigences, toutes les tailles et tous les budgets.<\/h2>\n<p>[\/vc_column_text][\/vc_column][vc_column width=&#8221;2\/12&#8243;][vc_single_image image=&#8221;37053&#8243; img_size=&#8221;medium&#8221; alignment=&#8221;right&#8221; qode_css_animation=&#8221;&#8221;][vc_empty_space][vc_single_image image=&#8221;24397&#8243; img_size=&#8221;full&#8221; qode_css_animation=&#8221;&#8221;][\/vc_column][\/vc_row][vc_row css_animation=&#8221;&#8221; row_type=&#8221;row&#8221; use_row_as_full_screen_section=&#8221;no&#8221; type=&#8221;grid&#8221; angled_section=&#8221;no&#8221; text_align=&#8221;left&#8221; background_image_as_pattern=&#8221;without_pattern&#8221; z_index=&#8221;&#8221;][vc_column][vc_empty_space height=&#8221;70px&#8221;][vc_row_inner row_type=&#8221;row&#8221; type=&#8221;full_width&#8221; text_align=&#8221;left&#8221; css_animation=&#8221;&#8221;][vc_column_inner width=&#8221;1\/6&#8243;][vc_single_image image=&#8221;30557&#8243; img_size=&#8221;full&#8221; alignment=&#8221;center&#8221; qode_css_animation=&#8221;&#8221;][\/vc_column_inner][vc_column_inner width=&#8221;1\/6&#8243;][vc_single_image image=&#8221;25882&#8243; img_size=&#8221;80&#215;80&#8243; alignment=&#8221;center&#8221; onclick=&#8221;custom_link&#8221; qode_css_animation=&#8221;&#8221; link=&#8221;\/fr\/xatlas\/&#8221;][vc_separator type=&#8221;transparent&#8221;][vc_column_text]<\/p>\n<h2 style=\"text-align: center;\">XAtlas<\/h2>\n<p>[\/vc_column_text][\/vc_column_inner][vc_column_inner width=&#8221;1\/6&#8243;][\/vc_column_inner][vc_column_inner width=&#8221;1\/6&#8243;][\/vc_column_inner][vc_column_inner width=&#8221;1\/6&#8243;][\/vc_column_inner][vc_column_inner width=&#8221;1\/6&#8243;][\/vc_column_inner][\/vc_row_inner][vc_empty_space height=&#8221;70px&#8221;][\/vc_column][\/vc_row][vc_row css_animation=&#8221;&#8221; row_type=&#8221;row&#8221; use_row_as_full_screen_section=&#8221;no&#8221; type=&#8221;full_width&#8221; angled_section=&#8221;no&#8221; text_align=&#8221;left&#8221; background_image_as_pattern=&#8221;without_pattern&#8221; css=&#8221;.vc_custom_1521454494396{background-color: #0770b7 !important;}&#8221; z_index=&#8221;&#8221;][vc_column][vc_empty_space height=&#8221;40px&#8221;][vc_row_inner row_type=&#8221;row&#8221; type=&#8221;full_width&#8221; text_align=&#8221;left&#8221; css_animation=&#8221;&#8221;][vc_column_inner width=&#8221;1\/4&#8243;][\/vc_column_inner][vc_column_inner width=&#8221;1\/4&#8243;]<span data-type=\"normal\" data-hover-icon-color=\"#dd9933\" class=\"qode_icon_shortcode  q_font_awsome_icon fa-3x pull-center \" style=\" \"><a  itemprop=\"url\" href=\"https:\/\/www.axesstmc.com\/wp-content\/uploads\/2020\/11\/SistemaVideosorveglianza_FRA.pdf\" target=\"_blank\"><i class=\"qode_icon_font_awesome fa fa-download qode_icon_element\" style=\"color: #ffffff;\" ><\/i><\/a><\/span>[vc_column_text]<\/p>\n<h2 style=\"text-align: center;\"><span style=\"color: #ffffff;\">Fiche produit<\/span><\/h2>\n<p>[\/vc_column_text][vc_empty_space height=&#8221;1rem&#8221;][\/vc_column_inner][vc_column_inner el_class=&#8221;sg-popup-id-35449&#8243; width=&#8221;1\/4&#8243;]<span data-type=\"normal\" data-hover-icon-color=\"#dd9933\" class=\"qode_icon_shortcode  q_font_awsome_icon fa-3x pull-center \" style=\" \"><i class=\"qode_icon_font_awesome fa fa-info qode_icon_element\" style=\"color: #ffffff;\" ><\/i><\/span>[vc_column_text]<\/p>\n<h2 style=\"text-align: center;\"><span style=\"color: #ffffff;\">En savoir plus<\/span><\/h2>\n<p>[\/vc_column_text][\/vc_column_inner][vc_column_inner width=&#8221;1\/4&#8243;][\/vc_column_inner][\/vc_row_inner][vc_empty_space height=&#8221;40px&#8221;][\/vc_column][\/vc_row]<\/p>\n<\/div>","protected":false},"excerpt":{"rendered":"<p>[vc_row css_animation=&#8221;&#8221; row_type=&#8221;row&#8221; use_row_as_full_screen_section=&#8221;no&#8221; type=&#8221;grid&#8221; angled_section=&#8221;no&#8221; text_align=&#8221;left&#8221; background_image_as_pattern=&#8221;without_pattern&#8221;][vc_column width=&#8221;10\/12&#8243;][vc_empty_space height=&#8221;50px&#8221;][vc_column_text css=&#8221;.vc_custom_1536045999233{margin-top: 30px !important;}&#8221;] XAtlas et XProtect\u00ae\u00a0Milestone: la vid\u00e9osurveillance alli\u00e9e au contr\u00f4le d\u2019acc\u00e8s. [\/vc_column_text][vc_empty_space][vc_column_text]Le syst\u00e8me int\u00e9gr\u00e9, moderne et technologiquement \u00e9volu\u00e9 de vid\u00e9osurveillance, d\u00e9velopp\u00e9 \u00e0 l&#8217;aide de la technologie IP, comprend: &nbsp; Une plate-forme ouverte et int\u00e9gr\u00e9e&#8230;<\/p>\n","protected":false},"author":14,"featured_media":0,"parent":0,"menu_order":0,"comment_status":"closed","ping_status":"closed","template":"full_width.php","meta":{"footnotes":""},"class_list":["post-29125","page","type-page","status-publish","hentry"],"yoast_head":"<!-- This site is optimized with the Yoast SEO plugin v27.4 - https:\/\/yoast.com\/product\/yoast-seo-wordpress\/ -->\n<title>Video Surveillance System - access control &amp; video-surveillance<\/title>\n<meta name=\"description\" content=\"Video surveillance system and video management system integration are a flexible security solution for any company security requirements.\" \/>\n<meta name=\"robots\" content=\"index, follow, max-snippet:-1, max-image-preview:large, max-video-preview:-1\" \/>\n<link rel=\"canonical\" href=\"https:\/\/www.axesstmc.com\/fr\/videosurveillance\/\" \/>\n<meta property=\"og:locale\" content=\"fr_FR\" \/>\n<meta property=\"og:type\" content=\"article\" \/>\n<meta property=\"og:title\" content=\"Video Surveillance System - access control &amp; video-surveillance\" \/>\n<meta property=\"og:description\" content=\"Video surveillance system and video management system integration are a flexible security solution for any company security requirements.\" \/>\n<meta property=\"og:url\" content=\"https:\/\/www.axesstmc.com\/fr\/videosurveillance\/\" \/>\n<meta property=\"og:site_name\" content=\"AxessTMC\" \/>\n<meta property=\"article:publisher\" content=\"https:\/\/www.facebook.com\/zucchettiaxess\/\" \/>\n<meta property=\"article:modified_time\" content=\"2021-12-22T11:50:13+00:00\" \/>\n<meta name=\"twitter:card\" content=\"summary_large_image\" \/>\n<meta name=\"twitter:label1\" content=\"Est. reading time\" \/>\n\t<meta name=\"twitter:data1\" content=\"7 minutes\" \/>\n<script type=\"application\/ld+json\" class=\"yoast-schema-graph\">{\"@context\":\"https:\\\/\\\/schema.org\",\"@graph\":[{\"@type\":\"WebPage\",\"@id\":\"https:\\\/\\\/www.axesstmc.com\\\/fr\\\/videosurveillance\\\/\",\"url\":\"https:\\\/\\\/www.axesstmc.com\\\/fr\\\/videosurveillance\\\/\",\"name\":\"Video Surveillance System - access control & video-surveillance\",\"isPartOf\":{\"@id\":\"https:\\\/\\\/www.axesstmc.com\\\/fr\\\/#website\"},\"datePublished\":\"2015-12-28T13:34:15+00:00\",\"dateModified\":\"2021-12-22T11:50:13+00:00\",\"description\":\"Video surveillance system and video management system integration are a flexible security solution for any company security requirements.\",\"inLanguage\":\"fr-FR\",\"potentialAction\":[{\"@type\":\"ReadAction\",\"target\":[\"https:\\\/\\\/www.axesstmc.com\\\/fr\\\/videosurveillance\\\/\"]}]},{\"@type\":\"WebSite\",\"@id\":\"https:\\\/\\\/www.axesstmc.com\\\/fr\\\/#website\",\"url\":\"https:\\\/\\\/www.axesstmc.com\\\/fr\\\/\",\"name\":\"AxessTMC\",\"description\":\"Software and Hardware for access control, intrusion detection\",\"publisher\":{\"@id\":\"https:\\\/\\\/www.axesstmc.com\\\/fr\\\/#organization\"},\"potentialAction\":[{\"@type\":\"SearchAction\",\"target\":{\"@type\":\"EntryPoint\",\"urlTemplate\":\"https:\\\/\\\/www.axesstmc.com\\\/fr\\\/?s={search_term_string}\"},\"query-input\":{\"@type\":\"PropertyValueSpecification\",\"valueRequired\":true,\"valueName\":\"search_term_string\"}}],\"inLanguage\":\"fr-FR\"},{\"@type\":\"Organization\",\"@id\":\"https:\\\/\\\/www.axesstmc.com\\\/fr\\\/#organization\",\"name\":\"AxessTMC\",\"url\":\"https:\\\/\\\/www.axesstmc.com\\\/fr\\\/\",\"logo\":{\"@type\":\"ImageObject\",\"inLanguage\":\"fr-FR\",\"@id\":\"https:\\\/\\\/www.axesstmc.com\\\/fr\\\/#\\\/schema\\\/logo\\\/image\\\/\",\"url\":\"https:\\\/\\\/www.axesstmc.com\\\/wp-content\\\/uploads\\\/2019\\\/10\\\/Logo-AxessTMC-Z-Group.jpg\",\"contentUrl\":\"https:\\\/\\\/www.axesstmc.com\\\/wp-content\\\/uploads\\\/2019\\\/10\\\/Logo-AxessTMC-Z-Group.jpg\",\"width\":185,\"height\":55,\"caption\":\"AxessTMC\"},\"image\":{\"@id\":\"https:\\\/\\\/www.axesstmc.com\\\/fr\\\/#\\\/schema\\\/logo\\\/image\\\/\"},\"sameAs\":[\"https:\\\/\\\/www.facebook.com\\\/zucchettiaxess\\\/\",\"https:\\\/\\\/www.linkedin.com\\\/company\\\/zucchetti-axess-s-p-a-?trk=prof-following-company-logo\",\"https:\\\/\\\/www.youtube.com\\\/results?q=axess tmc\"]}]}<\/script>\n<!-- \/ Yoast SEO plugin. -->","yoast_head_json":{"title":"Video Surveillance System - access control & video-surveillance","description":"Video surveillance system and video management system integration are a flexible security solution for any company security requirements.","robots":{"index":"index","follow":"follow","max-snippet":"max-snippet:-1","max-image-preview":"max-image-preview:large","max-video-preview":"max-video-preview:-1"},"canonical":"https:\/\/www.axesstmc.com\/fr\/videosurveillance\/","og_locale":"fr_FR","og_type":"article","og_title":"Video Surveillance System - access control & video-surveillance","og_description":"Video surveillance system and video management system integration are a flexible security solution for any company security requirements.","og_url":"https:\/\/www.axesstmc.com\/fr\/videosurveillance\/","og_site_name":"AxessTMC","article_publisher":"https:\/\/www.facebook.com\/zucchettiaxess\/","article_modified_time":"2021-12-22T11:50:13+00:00","twitter_card":"summary_large_image","twitter_misc":{"Est. reading time":"7 minutes"},"schema":{"@context":"https:\/\/schema.org","@graph":[{"@type":"WebPage","@id":"https:\/\/www.axesstmc.com\/fr\/videosurveillance\/","url":"https:\/\/www.axesstmc.com\/fr\/videosurveillance\/","name":"Video Surveillance System - access control & video-surveillance","isPartOf":{"@id":"https:\/\/www.axesstmc.com\/fr\/#website"},"datePublished":"2015-12-28T13:34:15+00:00","dateModified":"2021-12-22T11:50:13+00:00","description":"Video surveillance system and video management system integration are a flexible security solution for any company security requirements.","inLanguage":"fr-FR","potentialAction":[{"@type":"ReadAction","target":["https:\/\/www.axesstmc.com\/fr\/videosurveillance\/"]}]},{"@type":"WebSite","@id":"https:\/\/www.axesstmc.com\/fr\/#website","url":"https:\/\/www.axesstmc.com\/fr\/","name":"AxessTMC","description":"Software and Hardware for access control, intrusion detection","publisher":{"@id":"https:\/\/www.axesstmc.com\/fr\/#organization"},"potentialAction":[{"@type":"SearchAction","target":{"@type":"EntryPoint","urlTemplate":"https:\/\/www.axesstmc.com\/fr\/?s={search_term_string}"},"query-input":{"@type":"PropertyValueSpecification","valueRequired":true,"valueName":"search_term_string"}}],"inLanguage":"fr-FR"},{"@type":"Organization","@id":"https:\/\/www.axesstmc.com\/fr\/#organization","name":"AxessTMC","url":"https:\/\/www.axesstmc.com\/fr\/","logo":{"@type":"ImageObject","inLanguage":"fr-FR","@id":"https:\/\/www.axesstmc.com\/fr\/#\/schema\/logo\/image\/","url":"https:\/\/www.axesstmc.com\/wp-content\/uploads\/2019\/10\/Logo-AxessTMC-Z-Group.jpg","contentUrl":"https:\/\/www.axesstmc.com\/wp-content\/uploads\/2019\/10\/Logo-AxessTMC-Z-Group.jpg","width":185,"height":55,"caption":"AxessTMC"},"image":{"@id":"https:\/\/www.axesstmc.com\/fr\/#\/schema\/logo\/image\/"},"sameAs":["https:\/\/www.facebook.com\/zucchettiaxess\/","https:\/\/www.linkedin.com\/company\/zucchetti-axess-s-p-a-?trk=prof-following-company-logo","https:\/\/www.youtube.com\/results?q=axess tmc"]}]}},"_links":{"self":[{"href":"https:\/\/www.axesstmc.com\/fr\/wp-json\/wp\/v2\/pages\/29125","targetHints":{"allow":["GET"]}}],"collection":[{"href":"https:\/\/www.axesstmc.com\/fr\/wp-json\/wp\/v2\/pages"}],"about":[{"href":"https:\/\/www.axesstmc.com\/fr\/wp-json\/wp\/v2\/types\/page"}],"author":[{"embeddable":true,"href":"https:\/\/www.axesstmc.com\/fr\/wp-json\/wp\/v2\/users\/14"}],"replies":[{"embeddable":true,"href":"https:\/\/www.axesstmc.com\/fr\/wp-json\/wp\/v2\/comments?post=29125"}],"version-history":[{"count":4,"href":"https:\/\/www.axesstmc.com\/fr\/wp-json\/wp\/v2\/pages\/29125\/revisions"}],"predecessor-version":[{"id":41150,"href":"https:\/\/www.axesstmc.com\/fr\/wp-json\/wp\/v2\/pages\/29125\/revisions\/41150"}],"wp:attachment":[{"href":"https:\/\/www.axesstmc.com\/fr\/wp-json\/wp\/v2\/media?parent=29125"}],"curies":[{"name":"wp","href":"https:\/\/api.w.org\/{rel}","templated":true}]}}