{"id":29085,"date":"2015-12-28T13:33:00","date_gmt":"2015-12-28T13:33:00","guid":{"rendered":"https:\/\/www.axesstmc.com\/?page_id=29085"},"modified":"2020-11-19T09:18:19","modified_gmt":"2020-11-19T09:18:19","slug":"lecture-des-plaques","status":"publish","type":"page","link":"https:\/\/www.axesstmc.com\/fr\/lecture-des-plaques\/","title":{"rendered":"Lecture des plaques"},"content":{"rendered":"<div class=\"wpb-content-wrapper\"><p>[vc_row css_animation=&#8221;&#8221; row_type=&#8221;row&#8221; use_row_as_full_screen_section=&#8221;no&#8221; type=&#8221;grid&#8221; angled_section=&#8221;no&#8221; text_align=&#8221;left&#8221; background_image_as_pattern=&#8221;without_pattern&#8221;][vc_column width=&#8221;10\/12&#8243;][vc_empty_space height=&#8221;50px&#8221;][vc_column_text]<\/p>\n<h1>Syst\u00e8me complet de lecture et de reconnaissance des plaques pour applications de parking et de contr\u00f4le d&#8217;acc\u00e8s des v\u00e9hicules.<\/h1>\n<p>[\/vc_column_text][vc_empty_space][vc_column_text]Zucchetti Axess r\u00e9pond aux exigences de Contr\u00f4le d&#8217;Acc\u00e8s avec l&#8217;utilisation de cam\u00e9ras capables de fournir une image de haute qualit\u00e9 mettant en \u00e9vidence de fa\u00e7on optimale, la plaque du v\u00e9hicule qui s&#8217;affiche \u00e0 l&#8217;\u00e9cran, et d&#8217;extrapoler simultan\u00e9ment le num\u00e9ro de cette image (OCR). Les cam\u00e9ras pour la <strong>reconnaissance des plaques<\/strong> communiquent avec le logiciel sur un r\u00e9seau Ethernet au moyen de protocoles TCP\/IP.<\/p>\n<p>&nbsp;<\/p>\n<p>Pour utiliser L&#8217;<strong>ANPR<\/strong>, Automatic Number Plate Recognition, il est n\u00e9cessaire de poss\u00e9der des dispositifs hautement technologiques et professionnels capables d&#8217;effectuer la lecture et la reconnaissance des plaques des voitures, des motos et des diff\u00e9rents v\u00e9hicules en circulation, n\u2019importe quelle combination de chiffres et lettres (selon la zone g\u00e9ographiques).[\/vc_column_text][vc_empty_space][vc_column_text]La solution fournit un syst\u00e8me complet de lecture et de reconnaissance des plaques pour le contr\u00f4le des acc\u00e8s dans les parkings, dans les zones r\u00e9serv\u00e9es, dans les infrastructures critiques telles que les ports et les a\u00e9roports, et dans les zones r\u00e9sidentielles.<\/p>\n<p>&nbsp;<\/p>\n<p><strong>Avantages<\/strong>:<\/p>\n<ul>\n<li>Vous contr\u00f4lez les acc\u00e8s des v\u00e9hicules dans l&#8217;entreprise et l&#8217;acc\u00e8s aux zones de parking (ouverture\/fermeture des barri\u00e8res).<\/li>\n<li>Vous am\u00e9liorez la s\u00e9curit\u00e9 dans l&#8217;entreprise en maintenant les acc\u00e8s de toutes les zones sous surveillance.<\/li>\n<li>Vous simplifiez la gestion des listes sp\u00e9ciales de v\u00e9hicules autoris\u00e9s (white list) et non autoris\u00e9s (black list).<\/li>\n<li>Vous contr\u00f4lez les derniers acc\u00e8s en cas d&#8217;incendie et de vol.<\/li>\n<\/ul>\n<p>[\/vc_column_text][\/vc_column][vc_column width=&#8221;2\/12&#8243;][vc_empty_space height=&#8221;50px&#8221;][vc_single_image image=&#8221;25389&#8243; img_size=&#8221;medium&#8221; alignment=&#8221;center&#8221; qode_css_animation=&#8221;&#8221;][\/vc_column][\/vc_row][vc_row css_animation=&#8221;&#8221; row_type=&#8221;row&#8221; use_row_as_full_screen_section=&#8221;yes&#8221; type=&#8221;full_width&#8221; angled_section=&#8221;no&#8221; text_align=&#8221;left&#8221; background_image_as_pattern=&#8221;without_pattern&#8221; z_index=&#8221;&#8221;][vc_column][vc_row_inner row_type=&#8221;row&#8221; type=&#8221;full_width&#8221; text_align=&#8221;left&#8221; css_animation=&#8221;&#8221; padding_top=&#8221;0&#8243; padding_bottom=&#8221;0&#8243;][vc_column_inner][vc_empty_space height=&#8221;20rem&#8221; css=&#8221;.vc_custom_1537884365091{margin-top: 2rem !important;margin-bottom: 2rem !important;padding-top: 5rem !important;padding-bottom: 5rem !important;background-image: url(https:\/\/www.axesstmc.com\/wp-content\/uploads\/2018\/05\/DEF-banner-giallo-triangoli.png) !important;background-position: center !important;background-repeat: no-repeat !important;background-size: cover !important;}&#8221; el_class=&#8221;banner giallo-triangoli&#8221;][\/vc_column_inner][\/vc_row_inner][\/vc_column][\/vc_row][vc_row css_animation=&#8221;&#8221; row_type=&#8221;row&#8221; use_row_as_full_screen_section=&#8221;no&#8221; type=&#8221;grid&#8221; angled_section=&#8221;no&#8221; text_align=&#8221;left&#8221; background_image_as_pattern=&#8221;without_pattern&#8221; z_index=&#8221;&#8221;][vc_column][vc_column_text]<\/p>\n<h1>Caract\u00e9ristiques Hardware:<\/h1>\n<ul>\n<li>Cam\u00e9ra vid\u00e9o: Elle utilise la <strong>technologie OCR<\/strong>, d\u00e9tecte la direction en entr\u00e9e et en sortie, garantit la lecture des plaques d\u2019immatriculation jusqu&#8217;\u00e0 25 m\u00e8tres, classe de protection IP66, temp\u00e9rature de fonctionnement -30\u00b0 ~ +55\u00b0 et consommation d\u2019\u00e9nergie 6W.<\/li>\n<li>\u00c9clairage IR. La cam\u00e9ra vid\u00e9o est en mesure de d\u00e9tecter les plaques de jour comme de nuit.<\/li>\n<li>Le syst\u00e8me ne n\u00e9cessite aucune installation de modules de logiciel compl\u00e9mentaires de XAtlas, ni de composants hardware sp\u00e9cifiques tels que des photocellules, des boucles ou autres capteurs.<\/li>\n<li>Fonctionnement Online et E\/S int\u00e9gr\u00e9es. La cam\u00e9ra dispose de 2 relais int\u00e9gr\u00e9s qui peuvent \u00eatre attribu\u00e9s \u00e0 un passage et actionn\u00e9s par le controleur de champ FM.<\/li>\n<\/ul>\n<p>[\/vc_column_text][vc_empty_space][vc_column_text]<\/p>\n<h1>XAtlas:<\/h1>\n<ul>\n<li>L\u2019int\u00e9gration avec le logiciel XAtlas garantit une gestion compl\u00e8te de la solution de lecture de plaques; les informations collect\u00e9es par les cam\u00e9ras sont envoy\u00e9es au logiciel qui r\u00e9ponde en fonctionne des autorisations de contr\u00f4le d&#8217;acc\u00e8s, en d\u00e9bloquant ainsi les passages.<\/li>\n<li>Le syst\u00e8me peut garantir l\u2019<strong>acc\u00e8s uniquement<\/strong> aux plaques d\u2019immatriculations enregistr\u00e9es dans XAtlas, c\u2019est-\u00e0-dire que le passage sera permit seulement \u00e0 v\u00e9hicules autoris\u00e9s.<\/li>\n<li>Les informations sont archiv\u00e9es et il est possible d&#8217;<strong>exporter les donn\u00e9es \u00e0 tout moment<\/strong>. Vous pouvez \u00e9galement configurer les param\u00e8tres pour l&#8217;envoi automatique des images par mail, ou communiquer avec syst\u00e8mes de tiers.<\/li>\n<\/ul>\n<p>[\/vc_column_text][vc_empty_space height=&#8221;70px&#8221;][\/vc_column][\/vc_row][vc_row css_animation=&#8221;&#8221; row_type=&#8221;row&#8221; use_row_as_full_screen_section=&#8221;no&#8221; type=&#8221;grid&#8221; angled_section=&#8221;no&#8221; text_align=&#8221;left&#8221; background_image_as_pattern=&#8221;without_pattern&#8221; z_index=&#8221;&#8221;][vc_column][vc_row_inner row_type=&#8221;row&#8221; type=&#8221;full_width&#8221; text_align=&#8221;left&#8221; css_animation=&#8221;&#8221;][vc_column_inner width=&#8221;1\/6&#8243;][vc_single_image image=&#8221;30557&#8243; img_size=&#8221;full&#8221; alignment=&#8221;center&#8221; qode_css_animation=&#8221;&#8221;][\/vc_column_inner][vc_column_inner width=&#8221;1\/6&#8243;][vc_single_image image=&#8221;25882&#8243; img_size=&#8221;80&#215;80&#8243; alignment=&#8221;center&#8221; onclick=&#8221;custom_link&#8221; qode_css_animation=&#8221;&#8221; link=&#8221;\/fr\/xatlas\/&#8221;][vc_separator type=&#8221;transparent&#8221;][vc_column_text]<\/p>\n<h2 style=\"text-align: center;\">XAtlas<\/h2>\n<p>[\/vc_column_text][\/vc_column_inner][vc_column_inner width=&#8221;1\/6&#8243;][\/vc_column_inner][vc_column_inner width=&#8221;1\/6&#8243;][\/vc_column_inner][vc_column_inner width=&#8221;1\/6&#8243;][\/vc_column_inner][vc_column_inner width=&#8221;1\/6&#8243;][\/vc_column_inner][\/vc_row_inner][vc_empty_space height=&#8221;70px&#8221;][\/vc_column][\/vc_row][vc_row css_animation=&#8221;&#8221; row_type=&#8221;row&#8221; use_row_as_full_screen_section=&#8221;no&#8221; type=&#8221;full_width&#8221; angled_section=&#8221;no&#8221; text_align=&#8221;left&#8221; background_image_as_pattern=&#8221;without_pattern&#8221; css=&#8221;.vc_custom_1521454494396{background-color: #0770b7 !important;}&#8221; z_index=&#8221;&#8221;][vc_column][vc_empty_space height=&#8221;40px&#8221;][vc_row_inner row_type=&#8221;row&#8221; type=&#8221;full_width&#8221; text_align=&#8221;left&#8221; css_animation=&#8221;&#8221;][vc_column_inner width=&#8221;1\/4&#8243;][\/vc_column_inner][vc_column_inner width=&#8221;1\/4&#8243;]<span data-type=\"normal\" data-hover-icon-color=\"#dd9933\" class=\"qode_icon_shortcode  q_font_awsome_icon fa-3x pull-center \" style=\" \"><a  itemprop=\"url\" href=\"https:\/\/www.axesstmc.com\/wp-content\/uploads\/2020\/11\/SistemaLetturaTarghe_FRA.pdf\" target=\"_blank\"><i class=\"qode_icon_font_awesome fa fa-download qode_icon_element\" style=\"color: #ffffff;\" ><\/i><\/a><\/span>[vc_column_text]<\/p>\n<h2 style=\"text-align: center;\"><span style=\"color: #ffffff;\">Fiche produit<\/span><\/h2>\n<p>[\/vc_column_text][vc_empty_space height=&#8221;1rem&#8221;][\/vc_column_inner][vc_column_inner el_class=&#8221;sg-popup-id-35449&#8243; width=&#8221;1\/4&#8243;]<span data-type=\"normal\" data-hover-icon-color=\"#dd9933\" class=\"qode_icon_shortcode  q_font_awsome_icon fa-3x pull-center \" style=\" \"><i class=\"qode_icon_font_awesome fa fa-info qode_icon_element\" style=\"color: #ffffff;\" ><\/i><\/span>[vc_column_text]<\/p>\n<h2 style=\"text-align: center;\"><span style=\"color: #ffffff;\">En savoir plus<\/span><\/h2>\n<p>[\/vc_column_text][\/vc_column_inner][vc_column_inner width=&#8221;1\/4&#8243;][\/vc_column_inner][\/vc_row_inner][vc_empty_space height=&#8221;40px&#8221;][\/vc_column][\/vc_row]<\/p>\n<\/div>","protected":false},"excerpt":{"rendered":"<p>[vc_row css_animation=&#8221;&#8221; row_type=&#8221;row&#8221; use_row_as_full_screen_section=&#8221;no&#8221; type=&#8221;grid&#8221; angled_section=&#8221;no&#8221; text_align=&#8221;left&#8221; background_image_as_pattern=&#8221;without_pattern&#8221;][vc_column width=&#8221;10\/12&#8243;][vc_empty_space height=&#8221;50px&#8221;][vc_column_text] Syst\u00e8me complet de lecture et de reconnaissance des plaques pour applications de parking et de contr\u00f4le d&#8217;acc\u00e8s des v\u00e9hicules. [\/vc_column_text][vc_empty_space][vc_column_text]Zucchetti Axess r\u00e9pond aux exigences de Contr\u00f4le d&#8217;Acc\u00e8s avec l&#8217;utilisation de cam\u00e9ras capables de fournir une&#8230;<\/p>\n","protected":false},"author":14,"featured_media":0,"parent":0,"menu_order":0,"comment_status":"closed","ping_status":"closed","template":"full_width.php","meta":{"footnotes":""},"class_list":["post-29085","page","type-page","status-publish","hentry"],"yoast_head":"<!-- This site is optimized with the Yoast SEO plugin v27.4 - https:\/\/yoast.com\/product\/yoast-seo-wordpress\/ -->\n<title>Licence Plate Recognition System - vehicle access control<\/title>\n<meta name=\"description\" content=\"licence plate recognition: XAtlas software integrates a full number plate reading and recognition system for car parks and vehicle access control.\" \/>\n<meta name=\"robots\" content=\"index, follow, max-snippet:-1, max-image-preview:large, max-video-preview:-1\" \/>\n<link rel=\"canonical\" href=\"https:\/\/www.axesstmc.com\/fr\/lecture-des-plaques\/\" \/>\n<meta property=\"og:locale\" content=\"fr_FR\" \/>\n<meta property=\"og:type\" content=\"article\" \/>\n<meta property=\"og:title\" content=\"Licence Plate Recognition System - vehicle access control\" \/>\n<meta property=\"og:description\" content=\"licence plate recognition: XAtlas software integrates a full number plate reading and recognition system for car parks and vehicle access control.\" \/>\n<meta property=\"og:url\" content=\"https:\/\/www.axesstmc.com\/fr\/lecture-des-plaques\/\" \/>\n<meta property=\"og:site_name\" content=\"AxessTMC\" \/>\n<meta property=\"article:publisher\" content=\"https:\/\/www.facebook.com\/zucchettiaxess\/\" \/>\n<meta property=\"article:modified_time\" content=\"2020-11-19T09:18:19+00:00\" \/>\n<meta name=\"twitter:card\" content=\"summary_large_image\" \/>\n<meta name=\"twitter:label1\" content=\"Est. reading time\" \/>\n\t<meta name=\"twitter:data1\" content=\"5 minutes\" \/>\n<script type=\"application\/ld+json\" class=\"yoast-schema-graph\">{\"@context\":\"https:\\\/\\\/schema.org\",\"@graph\":[{\"@type\":\"WebPage\",\"@id\":\"https:\\\/\\\/www.axesstmc.com\\\/fr\\\/lecture-des-plaques\\\/\",\"url\":\"https:\\\/\\\/www.axesstmc.com\\\/fr\\\/lecture-des-plaques\\\/\",\"name\":\"Licence Plate Recognition System - vehicle access control\",\"isPartOf\":{\"@id\":\"https:\\\/\\\/www.axesstmc.com\\\/fr\\\/#website\"},\"datePublished\":\"2015-12-28T13:33:00+00:00\",\"dateModified\":\"2020-11-19T09:18:19+00:00\",\"description\":\"licence plate recognition: XAtlas software integrates a full number plate reading and recognition system for car parks and vehicle access control.\",\"inLanguage\":\"fr-FR\",\"potentialAction\":[{\"@type\":\"ReadAction\",\"target\":[\"https:\\\/\\\/www.axesstmc.com\\\/fr\\\/lecture-des-plaques\\\/\"]}]},{\"@type\":\"WebSite\",\"@id\":\"https:\\\/\\\/www.axesstmc.com\\\/fr\\\/#website\",\"url\":\"https:\\\/\\\/www.axesstmc.com\\\/fr\\\/\",\"name\":\"AxessTMC\",\"description\":\"Software and Hardware for access control, intrusion detection\",\"publisher\":{\"@id\":\"https:\\\/\\\/www.axesstmc.com\\\/fr\\\/#organization\"},\"potentialAction\":[{\"@type\":\"SearchAction\",\"target\":{\"@type\":\"EntryPoint\",\"urlTemplate\":\"https:\\\/\\\/www.axesstmc.com\\\/fr\\\/?s={search_term_string}\"},\"query-input\":{\"@type\":\"PropertyValueSpecification\",\"valueRequired\":true,\"valueName\":\"search_term_string\"}}],\"inLanguage\":\"fr-FR\"},{\"@type\":\"Organization\",\"@id\":\"https:\\\/\\\/www.axesstmc.com\\\/fr\\\/#organization\",\"name\":\"AxessTMC\",\"url\":\"https:\\\/\\\/www.axesstmc.com\\\/fr\\\/\",\"logo\":{\"@type\":\"ImageObject\",\"inLanguage\":\"fr-FR\",\"@id\":\"https:\\\/\\\/www.axesstmc.com\\\/fr\\\/#\\\/schema\\\/logo\\\/image\\\/\",\"url\":\"https:\\\/\\\/www.axesstmc.com\\\/wp-content\\\/uploads\\\/2019\\\/10\\\/Logo-AxessTMC-Z-Group.jpg\",\"contentUrl\":\"https:\\\/\\\/www.axesstmc.com\\\/wp-content\\\/uploads\\\/2019\\\/10\\\/Logo-AxessTMC-Z-Group.jpg\",\"width\":185,\"height\":55,\"caption\":\"AxessTMC\"},\"image\":{\"@id\":\"https:\\\/\\\/www.axesstmc.com\\\/fr\\\/#\\\/schema\\\/logo\\\/image\\\/\"},\"sameAs\":[\"https:\\\/\\\/www.facebook.com\\\/zucchettiaxess\\\/\",\"https:\\\/\\\/www.linkedin.com\\\/company\\\/zucchetti-axess-s-p-a-?trk=prof-following-company-logo\",\"https:\\\/\\\/www.youtube.com\\\/results?q=axess tmc\"]}]}<\/script>\n<!-- \/ Yoast SEO plugin. -->","yoast_head_json":{"title":"Licence Plate Recognition System - vehicle access control","description":"licence plate recognition: XAtlas software integrates a full number plate reading and recognition system for car parks and vehicle access control.","robots":{"index":"index","follow":"follow","max-snippet":"max-snippet:-1","max-image-preview":"max-image-preview:large","max-video-preview":"max-video-preview:-1"},"canonical":"https:\/\/www.axesstmc.com\/fr\/lecture-des-plaques\/","og_locale":"fr_FR","og_type":"article","og_title":"Licence Plate Recognition System - vehicle access control","og_description":"licence plate recognition: XAtlas software integrates a full number plate reading and recognition system for car parks and vehicle access control.","og_url":"https:\/\/www.axesstmc.com\/fr\/lecture-des-plaques\/","og_site_name":"AxessTMC","article_publisher":"https:\/\/www.facebook.com\/zucchettiaxess\/","article_modified_time":"2020-11-19T09:18:19+00:00","twitter_card":"summary_large_image","twitter_misc":{"Est. reading time":"5 minutes"},"schema":{"@context":"https:\/\/schema.org","@graph":[{"@type":"WebPage","@id":"https:\/\/www.axesstmc.com\/fr\/lecture-des-plaques\/","url":"https:\/\/www.axesstmc.com\/fr\/lecture-des-plaques\/","name":"Licence Plate Recognition System - vehicle access control","isPartOf":{"@id":"https:\/\/www.axesstmc.com\/fr\/#website"},"datePublished":"2015-12-28T13:33:00+00:00","dateModified":"2020-11-19T09:18:19+00:00","description":"licence plate recognition: XAtlas software integrates a full number plate reading and recognition system for car parks and vehicle access control.","inLanguage":"fr-FR","potentialAction":[{"@type":"ReadAction","target":["https:\/\/www.axesstmc.com\/fr\/lecture-des-plaques\/"]}]},{"@type":"WebSite","@id":"https:\/\/www.axesstmc.com\/fr\/#website","url":"https:\/\/www.axesstmc.com\/fr\/","name":"AxessTMC","description":"Software and Hardware for access control, intrusion detection","publisher":{"@id":"https:\/\/www.axesstmc.com\/fr\/#organization"},"potentialAction":[{"@type":"SearchAction","target":{"@type":"EntryPoint","urlTemplate":"https:\/\/www.axesstmc.com\/fr\/?s={search_term_string}"},"query-input":{"@type":"PropertyValueSpecification","valueRequired":true,"valueName":"search_term_string"}}],"inLanguage":"fr-FR"},{"@type":"Organization","@id":"https:\/\/www.axesstmc.com\/fr\/#organization","name":"AxessTMC","url":"https:\/\/www.axesstmc.com\/fr\/","logo":{"@type":"ImageObject","inLanguage":"fr-FR","@id":"https:\/\/www.axesstmc.com\/fr\/#\/schema\/logo\/image\/","url":"https:\/\/www.axesstmc.com\/wp-content\/uploads\/2019\/10\/Logo-AxessTMC-Z-Group.jpg","contentUrl":"https:\/\/www.axesstmc.com\/wp-content\/uploads\/2019\/10\/Logo-AxessTMC-Z-Group.jpg","width":185,"height":55,"caption":"AxessTMC"},"image":{"@id":"https:\/\/www.axesstmc.com\/fr\/#\/schema\/logo\/image\/"},"sameAs":["https:\/\/www.facebook.com\/zucchettiaxess\/","https:\/\/www.linkedin.com\/company\/zucchetti-axess-s-p-a-?trk=prof-following-company-logo","https:\/\/www.youtube.com\/results?q=axess tmc"]}]}},"_links":{"self":[{"href":"https:\/\/www.axesstmc.com\/fr\/wp-json\/wp\/v2\/pages\/29085","targetHints":{"allow":["GET"]}}],"collection":[{"href":"https:\/\/www.axesstmc.com\/fr\/wp-json\/wp\/v2\/pages"}],"about":[{"href":"https:\/\/www.axesstmc.com\/fr\/wp-json\/wp\/v2\/types\/page"}],"author":[{"embeddable":true,"href":"https:\/\/www.axesstmc.com\/fr\/wp-json\/wp\/v2\/users\/14"}],"replies":[{"embeddable":true,"href":"https:\/\/www.axesstmc.com\/fr\/wp-json\/wp\/v2\/comments?post=29085"}],"version-history":[{"count":1,"href":"https:\/\/www.axesstmc.com\/fr\/wp-json\/wp\/v2\/pages\/29085\/revisions"}],"predecessor-version":[{"id":38564,"href":"https:\/\/www.axesstmc.com\/fr\/wp-json\/wp\/v2\/pages\/29085\/revisions\/38564"}],"wp:attachment":[{"href":"https:\/\/www.axesstmc.com\/fr\/wp-json\/wp\/v2\/media?parent=29085"}],"curies":[{"name":"wp","href":"https:\/\/api.w.org\/{rel}","templated":true}]}}