{"id":29043,"date":"2016-01-08T15:03:34","date_gmt":"2016-01-08T15:03:34","guid":{"rendered":"https:\/\/www.axesstmc.com\/?page_id=29043"},"modified":"2024-10-22T10:47:04","modified_gmt":"2024-10-22T10:47:04","slug":"qui-sommes-nous","status":"publish","type":"page","link":"https:\/\/www.axesstmc.com\/fr\/qui-sommes-nous\/","title":{"rendered":"Qui sommes-nous?"},"content":{"rendered":"<div class=\"wpb-content-wrapper\"><p>[vc_row css_animation=&#8221;&#8221; row_type=&#8221;row&#8221; use_row_as_full_screen_section=&#8221;no&#8221; type=&#8221;full_width&#8221; angled_section=&#8221;no&#8221; text_align=&#8221;left&#8221; background_image_as_pattern=&#8221;without_pattern&#8221;][vc_column width=&#8221;1\/2&#8243;][vc_empty_space height=&#8221;70px&#8221;][vc_single_image image=&#8221;40268&#8243; img_size=&#8221;full&#8221; alignment=&#8221;right&#8221; qode_css_animation=&#8221;element_from_left&#8221; transition_delay=&#8221;3&#8243;][\/vc_column][vc_column width=&#8221;1\/2&#8243;][vc_empty_space height=&#8221;70px&#8221;][vc_single_image image=&#8221;40272&#8243; img_size=&#8221;full&#8221; qode_css_animation=&#8221;element_from_right&#8221; transition_delay=&#8221;3&#8243;][\/vc_column][\/vc_row][vc_row css_animation=&#8221;&#8221; row_type=&#8221;row&#8221; use_row_as_full_screen_section=&#8221;no&#8221; type=&#8221;grid&#8221; angled_section=&#8221;no&#8221; text_align=&#8221;left&#8221; background_image_as_pattern=&#8221;without_pattern&#8221;][vc_column][vc_empty_space height=&#8221;60px&#8221;][vc_column_text css=&#8221;&#8221;]<strong>Zucchetti Axess<\/strong>, entreprise sp\u00e9cialis\u00e9e dans la fourniture de syst\u00e8mes int\u00e9gr\u00e9s mat\u00e9riels et logiciels de contr\u00f4le des acc\u00e8s de personnes, v\u00e9hicules et marchandises, d\u2019anti-intrusion et de vid\u00e9osurveillance, de s\u00e9curit\u00e9 sur les lieux de travail, de d\u00e9tection de pr\u00e9sence et de gestion des ressources humaines.<\/p>\n<p>&nbsp;<\/p>\n<p>Avec 365 partenaires et des milliers de lecteurs et terminaux vendus chaque ann\u00e9e \u00e0 des entreprises de tous les secteurs, Zucchetti Axess est une <strong>entreprise internationale<\/strong>\u00a0pr\u00e9sente dans 50 pays dans le monde entier.<\/p>\n<p>&nbsp;<\/p>\n<p>Zucchetti Axess op\u00e8re depuis plus de 30 ans dans le secteur du contr\u00f4le d\u2019acc\u00e8s en fournissant des syst\u00e8mes complets et technologiquement avanc\u00e9s d\u2019identification de personnes, de biens et de moyens de transport afin de garantir la s\u00e9curit\u00e9 sur les lieux de travail. La modularit\u00e9 (\u00e9chelonnabilit\u00e9) et la polyvalence, cl\u00e9s de vo\u00fbte des syst\u00e8mes Zucchetti Axess, permettent de r\u00e9pondre aux exigences les plus complexes d&#8217;identification et de gestion de la s\u00e9curit\u00e9.<\/p>\n<p>&nbsp;<\/p>\n<p>Zucchetti Axess fait partie du\u00a0 <a href=\"http:\/\/www.zucchetti.com\">Zucchetti\u00a0Group<\/a> qui, avec plus de 9.000 employ\u00e9s, est l\u2019un des protagonistes italiens les plus importants du secteur des TI.<\/p>\n<p>&nbsp;<\/p>\n<p>Le groupe Zucchetti offre des solutions logicielles, mat\u00e9rielles et des services aux entreprises, aux sp\u00e9cialistes en gestion de l&#8217;entreprise, aux conseillers du travail et aux associations de cat\u00e9gorie qui souhaitent acqu\u00e9rir d\u2019importants avantages comp\u00e9titifs et s\u2019en remettre \u00e0 un seul partenaire informatique en mesure de satisfaire les exigences de caract\u00e8re technologique les plus diverses.[\/vc_column_text][\/vc_column][\/vc_row][vc_row css_animation=&#8221;&#8221; row_type=&#8221;row&#8221; use_row_as_full_screen_section=&#8221;yes&#8221; type=&#8221;full_width&#8221; angled_section=&#8221;no&#8221; text_align=&#8221;left&#8221; background_image_as_pattern=&#8221;without_pattern&#8221; z_index=&#8221;&#8221;][vc_column][vc_row_inner row_type=&#8221;row&#8221; type=&#8221;full_width&#8221; text_align=&#8221;left&#8221; css_animation=&#8221;&#8221; padding_top=&#8221;0&#8243; padding_bottom=&#8221;0&#8243;][vc_column_inner][vc_empty_space height=&#8221;20rem&#8221; css=&#8221;.vc_custom_1537884365091{margin-top: 2rem !important;margin-bottom: 2rem !important;padding-top: 5rem !important;padding-bottom: 5rem !important;background-image: url(https:\/\/www.axesstmc.com\/wp-content\/uploads\/2018\/05\/DEF-banner-giallo-triangoli.png) !important;background-position: center !important;background-repeat: no-repeat !important;background-size: cover !important;}&#8221; el_class=&#8221;banner giallo-triangoli&#8221;][\/vc_column_inner][\/vc_row_inner][\/vc_column][\/vc_row][vc_row css_animation=&#8221;&#8221; row_type=&#8221;row&#8221; use_row_as_full_screen_section=&#8221;no&#8221; type=&#8221;grid&#8221; angled_section=&#8221;no&#8221; text_align=&#8221;left&#8221; background_image_as_pattern=&#8221;without_pattern&#8221;][vc_column width=&#8221;1\/4&#8243;][vc_column_text]<\/p>\n<h2>NOTRE OFFRE<\/h2>\n<p>[\/vc_column_text][vc_separator type=&#8221;transparent&#8221;][vc_column_text]Zucchetti Axess fournit la juste combinaison de logiciel et mat\u00e9riel pour chaque application, quelles que soient ses dimensions, et pour chaque exigence.[\/vc_column_text][vc_separator type=&#8221;transparent&#8221;][vc_column_text]<\/p>\n<h2>NOS CLIENTS<\/h2>\n<p>[\/vc_column_text][vc_separator type=&#8221;transparent&#8221;][vc_column_text]Zucchetti Axess a \u00e9t\u00e9 choisi par les meilleures entreprises des secteurs:<\/p>\n<p>\u2022 \u00a0Entreprises<br \/>\n\u2022\u00a0 Transports<br \/>\n\u2022\u00a0 Banques et instituts financiers<br \/>\n\u2022\u00a0\u00a0Organismes et autorit\u00e9s publiques<br \/>\n\u2022\u00a0\u00a0Stades<br \/>\n\u2022\u00a0\u00a0Points de vente<br \/>\n\u2022\u00a0\u00a0Enseignement<br \/>\n\u2022\u00a0\u00a0H\u00f4pitaux et cliniques sanitaires<br \/>\n\u2022\u00a0\u00a0P\u00e9trole et gaz<br \/>\n\u2022\u00a0 Chantiers[\/vc_column_text][\/vc_column][vc_column width=&#8221;3\/4&#8243;][vc_column_text]<\/p>\n<h2 style=\"text-align: center;\">NOTRE PR\u00c9SENCE DANS LE MONDE<\/h2>\n<p>[\/vc_column_text][vc_separator type=&#8221;transparent&#8221;][vc_single_image image=&#8221;28968&#8243; img_size=&#8221;full&#8221; alignment=&#8221;center&#8221; onclick=&#8221;link_image&#8221; qode_css_animation=&#8221;&#8221;][\/vc_column][\/vc_row][vc_row css_animation=&#8221;&#8221; row_type=&#8221;row&#8221; use_row_as_full_screen_section=&#8221;no&#8221; type=&#8221;full_width&#8221; angled_section=&#8221;no&#8221; text_align=&#8221;left&#8221; background_image_as_pattern=&#8221;without_pattern&#8221;][vc_column][vc_empty_space height=&#8221;100px&#8221;][\/vc_column][\/vc_row][vc_row css_animation=&#8221;&#8221; row_type=&#8221;row&#8221; use_row_as_full_screen_section=&#8221;no&#8221; type=&#8221;full_width&#8221; angled_section=&#8221;no&#8221; text_align=&#8221;left&#8221; background_image_as_pattern=&#8221;without_pattern&#8221;][vc_column][vc_column_text]<\/p>\n<p>[\/vc_column_text][\/vc_column][\/vc_row][vc_row css_animation=&#8221;&#8221; row_type=&#8221;row&#8221; use_row_as_full_screen_section=&#8221;no&#8221; type=&#8221;full_width&#8221; angled_section=&#8221;no&#8221; text_align=&#8221;left&#8221; background_image_as_pattern=&#8221;without_pattern&#8221; css=&#8221;.vc_custom_1521454494396{background-color: #0770b7 !important;}&#8221; z_index=&#8221;&#8221;][vc_column][vc_empty_space height=&#8221;40px&#8221;][vc_row_inner row_type=&#8221;row&#8221; type=&#8221;full_width&#8221; text_align=&#8221;left&#8221; css_animation=&#8221;&#8221;][vc_column_inner width=&#8221;1\/3&#8243;][\/vc_column_inner][vc_column_inner el_class=&#8221;sg-popup-id-35449&#8243; width=&#8221;1\/3&#8243;]<span data-type=\"normal\" data-hover-icon-color=\"#dd9933\" class=\"qode_icon_shortcode  q_font_awsome_icon fa-3x pull-center \" style=\" \"><i class=\"qode_icon_font_awesome fa fa-info qode_icon_element\" style=\"color: #ffffff;\" ><\/i><\/span>[vc_column_text]<\/p>\n<h2 style=\"text-align: center;\"><span style=\"color: #ffffff;\">En savoir plus<\/span><\/h2>\n<p>[\/vc_column_text][\/vc_column_inner][vc_column_inner width=&#8221;1\/3&#8243;][\/vc_column_inner][\/vc_row_inner][vc_empty_space height=&#8221;40px&#8221;][\/vc_column][\/vc_row]<\/p>\n<\/div>","protected":false},"excerpt":{"rendered":"<p>[vc_row css_animation=&#8221;&#8221; row_type=&#8221;row&#8221; use_row_as_full_screen_section=&#8221;no&#8221; type=&#8221;full_width&#8221; angled_section=&#8221;no&#8221; text_align=&#8221;left&#8221; background_image_as_pattern=&#8221;without_pattern&#8221;][vc_column width=&#8221;1\/2&#8243;][vc_empty_space height=&#8221;70px&#8221;][vc_single_image image=&#8221;40268&#8243; img_size=&#8221;full&#8221; alignment=&#8221;right&#8221; qode_css_animation=&#8221;element_from_left&#8221; transition_delay=&#8221;3&#8243;][\/vc_column][vc_column width=&#8221;1\/2&#8243;][vc_empty_space height=&#8221;70px&#8221;][vc_single_image image=&#8221;40272&#8243; img_size=&#8221;full&#8221; qode_css_animation=&#8221;element_from_right&#8221; transition_delay=&#8221;3&#8243;][\/vc_column][\/vc_row][vc_row css_animation=&#8221;&#8221; row_type=&#8221;row&#8221; use_row_as_full_screen_section=&#8221;no&#8221; type=&#8221;grid&#8221; angled_section=&#8221;no&#8221; text_align=&#8221;left&#8221; background_image_as_pattern=&#8221;without_pattern&#8221;][vc_column][vc_empty_space height=&#8221;60px&#8221;][vc_column_text css=&#8221;&#8221;]Zucchetti Axess, entreprise sp\u00e9cialis\u00e9e dans la fourniture de syst\u00e8mes int\u00e9gr\u00e9s mat\u00e9riels et logiciels de contr\u00f4le des&#8230;<\/p>\n","protected":false},"author":14,"featured_media":0,"parent":0,"menu_order":0,"comment_status":"closed","ping_status":"closed","template":"full_width.php","meta":{"footnotes":""},"class_list":["post-29043","page","type-page","status-publish","hentry"],"yoast_head":"<!-- This site is optimized with the Yoast SEO plugin v27.4 - https:\/\/yoast.com\/product\/yoast-seo-wordpress\/ -->\n<title>Qui sommes-nous? - Zucchetti Axess<\/title>\n<meta name=\"description\" content=\"Zucchetti Axess, entreprise sp\u00e9cialis\u00e9e dans la fourniture de syst\u00e8mes int\u00e9gr\u00e9s de contr\u00f4le des acc\u00e8s de personnes, v\u00e9hicules et marchandises, d\u2019anti-intrusion et de vid\u00e9osurveillance, de s\u00e9curit\u00e9 sur les lieux de travail, de d\u00e9tection de pr\u00e9sence et de gestion des ressources humaines.\" \/>\n<meta name=\"robots\" content=\"index, follow, max-snippet:-1, max-image-preview:large, max-video-preview:-1\" \/>\n<link rel=\"canonical\" href=\"https:\/\/www.axesstmc.com\/fr\/qui-sommes-nous\/\" \/>\n<meta property=\"og:locale\" content=\"fr_FR\" \/>\n<meta property=\"og:type\" content=\"article\" \/>\n<meta property=\"og:title\" content=\"Qui sommes-nous? - Zucchetti Axess\" \/>\n<meta property=\"og:description\" content=\"Zucchetti Axess, entreprise sp\u00e9cialis\u00e9e dans la fourniture de syst\u00e8mes int\u00e9gr\u00e9s de contr\u00f4le des acc\u00e8s de personnes, v\u00e9hicules et marchandises, d\u2019anti-intrusion et de vid\u00e9osurveillance, de s\u00e9curit\u00e9 sur les lieux de travail, de d\u00e9tection de pr\u00e9sence et de gestion des ressources humaines.\" \/>\n<meta property=\"og:url\" content=\"https:\/\/www.axesstmc.com\/fr\/qui-sommes-nous\/\" \/>\n<meta property=\"og:site_name\" content=\"AxessTMC\" \/>\n<meta property=\"article:publisher\" content=\"https:\/\/www.facebook.com\/zucchettiaxess\/\" \/>\n<meta property=\"article:modified_time\" content=\"2024-10-22T10:47:04+00:00\" \/>\n<meta name=\"twitter:card\" content=\"summary_large_image\" \/>\n<meta name=\"twitter:label1\" content=\"Est. reading time\" \/>\n\t<meta name=\"twitter:data1\" content=\"3 minutes\" \/>\n<script type=\"application\/ld+json\" class=\"yoast-schema-graph\">{\"@context\":\"https:\\\/\\\/schema.org\",\"@graph\":[{\"@type\":\"WebPage\",\"@id\":\"https:\\\/\\\/www.axesstmc.com\\\/fr\\\/qui-sommes-nous\\\/\",\"url\":\"https:\\\/\\\/www.axesstmc.com\\\/fr\\\/qui-sommes-nous\\\/\",\"name\":\"Qui sommes-nous? - Zucchetti Axess\",\"isPartOf\":{\"@id\":\"https:\\\/\\\/www.axesstmc.com\\\/fr\\\/#website\"},\"datePublished\":\"2016-01-08T15:03:34+00:00\",\"dateModified\":\"2024-10-22T10:47:04+00:00\",\"description\":\"Zucchetti Axess, entreprise sp\u00e9cialis\u00e9e dans la fourniture de syst\u00e8mes int\u00e9gr\u00e9s de contr\u00f4le des acc\u00e8s de personnes, v\u00e9hicules et marchandises, d\u2019anti-intrusion et de vid\u00e9osurveillance, de s\u00e9curit\u00e9 sur les lieux de travail, de d\u00e9tection de pr\u00e9sence et de gestion des ressources humaines.\",\"inLanguage\":\"fr-FR\",\"potentialAction\":[{\"@type\":\"ReadAction\",\"target\":[\"https:\\\/\\\/www.axesstmc.com\\\/fr\\\/qui-sommes-nous\\\/\"]}]},{\"@type\":\"WebSite\",\"@id\":\"https:\\\/\\\/www.axesstmc.com\\\/fr\\\/#website\",\"url\":\"https:\\\/\\\/www.axesstmc.com\\\/fr\\\/\",\"name\":\"AxessTMC\",\"description\":\"Software and Hardware for access control, intrusion detection\",\"publisher\":{\"@id\":\"https:\\\/\\\/www.axesstmc.com\\\/fr\\\/#organization\"},\"potentialAction\":[{\"@type\":\"SearchAction\",\"target\":{\"@type\":\"EntryPoint\",\"urlTemplate\":\"https:\\\/\\\/www.axesstmc.com\\\/fr\\\/?s={search_term_string}\"},\"query-input\":{\"@type\":\"PropertyValueSpecification\",\"valueRequired\":true,\"valueName\":\"search_term_string\"}}],\"inLanguage\":\"fr-FR\"},{\"@type\":\"Organization\",\"@id\":\"https:\\\/\\\/www.axesstmc.com\\\/fr\\\/#organization\",\"name\":\"AxessTMC\",\"url\":\"https:\\\/\\\/www.axesstmc.com\\\/fr\\\/\",\"logo\":{\"@type\":\"ImageObject\",\"inLanguage\":\"fr-FR\",\"@id\":\"https:\\\/\\\/www.axesstmc.com\\\/fr\\\/#\\\/schema\\\/logo\\\/image\\\/\",\"url\":\"https:\\\/\\\/www.axesstmc.com\\\/wp-content\\\/uploads\\\/2019\\\/10\\\/Logo-AxessTMC-Z-Group.jpg\",\"contentUrl\":\"https:\\\/\\\/www.axesstmc.com\\\/wp-content\\\/uploads\\\/2019\\\/10\\\/Logo-AxessTMC-Z-Group.jpg\",\"width\":185,\"height\":55,\"caption\":\"AxessTMC\"},\"image\":{\"@id\":\"https:\\\/\\\/www.axesstmc.com\\\/fr\\\/#\\\/schema\\\/logo\\\/image\\\/\"},\"sameAs\":[\"https:\\\/\\\/www.facebook.com\\\/zucchettiaxess\\\/\",\"https:\\\/\\\/www.linkedin.com\\\/company\\\/zucchetti-axess-s-p-a-?trk=prof-following-company-logo\",\"https:\\\/\\\/www.youtube.com\\\/results?q=axess tmc\"]}]}<\/script>\n<!-- \/ Yoast SEO plugin. -->","yoast_head_json":{"title":"Qui sommes-nous? - Zucchetti Axess","description":"Zucchetti Axess, entreprise sp\u00e9cialis\u00e9e dans la fourniture de syst\u00e8mes int\u00e9gr\u00e9s de contr\u00f4le des acc\u00e8s de personnes, v\u00e9hicules et marchandises, d\u2019anti-intrusion et de vid\u00e9osurveillance, de s\u00e9curit\u00e9 sur les lieux de travail, de d\u00e9tection de pr\u00e9sence et de gestion des ressources humaines.","robots":{"index":"index","follow":"follow","max-snippet":"max-snippet:-1","max-image-preview":"max-image-preview:large","max-video-preview":"max-video-preview:-1"},"canonical":"https:\/\/www.axesstmc.com\/fr\/qui-sommes-nous\/","og_locale":"fr_FR","og_type":"article","og_title":"Qui sommes-nous? - Zucchetti Axess","og_description":"Zucchetti Axess, entreprise sp\u00e9cialis\u00e9e dans la fourniture de syst\u00e8mes int\u00e9gr\u00e9s de contr\u00f4le des acc\u00e8s de personnes, v\u00e9hicules et marchandises, d\u2019anti-intrusion et de vid\u00e9osurveillance, de s\u00e9curit\u00e9 sur les lieux de travail, de d\u00e9tection de pr\u00e9sence et de gestion des ressources humaines.","og_url":"https:\/\/www.axesstmc.com\/fr\/qui-sommes-nous\/","og_site_name":"AxessTMC","article_publisher":"https:\/\/www.facebook.com\/zucchettiaxess\/","article_modified_time":"2024-10-22T10:47:04+00:00","twitter_card":"summary_large_image","twitter_misc":{"Est. reading time":"3 minutes"},"schema":{"@context":"https:\/\/schema.org","@graph":[{"@type":"WebPage","@id":"https:\/\/www.axesstmc.com\/fr\/qui-sommes-nous\/","url":"https:\/\/www.axesstmc.com\/fr\/qui-sommes-nous\/","name":"Qui sommes-nous? - Zucchetti Axess","isPartOf":{"@id":"https:\/\/www.axesstmc.com\/fr\/#website"},"datePublished":"2016-01-08T15:03:34+00:00","dateModified":"2024-10-22T10:47:04+00:00","description":"Zucchetti Axess, entreprise sp\u00e9cialis\u00e9e dans la fourniture de syst\u00e8mes int\u00e9gr\u00e9s de contr\u00f4le des acc\u00e8s de personnes, v\u00e9hicules et marchandises, d\u2019anti-intrusion et de vid\u00e9osurveillance, de s\u00e9curit\u00e9 sur les lieux de travail, de d\u00e9tection de pr\u00e9sence et de gestion des ressources humaines.","inLanguage":"fr-FR","potentialAction":[{"@type":"ReadAction","target":["https:\/\/www.axesstmc.com\/fr\/qui-sommes-nous\/"]}]},{"@type":"WebSite","@id":"https:\/\/www.axesstmc.com\/fr\/#website","url":"https:\/\/www.axesstmc.com\/fr\/","name":"AxessTMC","description":"Software and Hardware for access control, intrusion detection","publisher":{"@id":"https:\/\/www.axesstmc.com\/fr\/#organization"},"potentialAction":[{"@type":"SearchAction","target":{"@type":"EntryPoint","urlTemplate":"https:\/\/www.axesstmc.com\/fr\/?s={search_term_string}"},"query-input":{"@type":"PropertyValueSpecification","valueRequired":true,"valueName":"search_term_string"}}],"inLanguage":"fr-FR"},{"@type":"Organization","@id":"https:\/\/www.axesstmc.com\/fr\/#organization","name":"AxessTMC","url":"https:\/\/www.axesstmc.com\/fr\/","logo":{"@type":"ImageObject","inLanguage":"fr-FR","@id":"https:\/\/www.axesstmc.com\/fr\/#\/schema\/logo\/image\/","url":"https:\/\/www.axesstmc.com\/wp-content\/uploads\/2019\/10\/Logo-AxessTMC-Z-Group.jpg","contentUrl":"https:\/\/www.axesstmc.com\/wp-content\/uploads\/2019\/10\/Logo-AxessTMC-Z-Group.jpg","width":185,"height":55,"caption":"AxessTMC"},"image":{"@id":"https:\/\/www.axesstmc.com\/fr\/#\/schema\/logo\/image\/"},"sameAs":["https:\/\/www.facebook.com\/zucchettiaxess\/","https:\/\/www.linkedin.com\/company\/zucchetti-axess-s-p-a-?trk=prof-following-company-logo","https:\/\/www.youtube.com\/results?q=axess tmc"]}]}},"_links":{"self":[{"href":"https:\/\/www.axesstmc.com\/fr\/wp-json\/wp\/v2\/pages\/29043","targetHints":{"allow":["GET"]}}],"collection":[{"href":"https:\/\/www.axesstmc.com\/fr\/wp-json\/wp\/v2\/pages"}],"about":[{"href":"https:\/\/www.axesstmc.com\/fr\/wp-json\/wp\/v2\/types\/page"}],"author":[{"embeddable":true,"href":"https:\/\/www.axesstmc.com\/fr\/wp-json\/wp\/v2\/users\/14"}],"replies":[{"embeddable":true,"href":"https:\/\/www.axesstmc.com\/fr\/wp-json\/wp\/v2\/comments?post=29043"}],"version-history":[{"count":5,"href":"https:\/\/www.axesstmc.com\/fr\/wp-json\/wp\/v2\/pages\/29043\/revisions"}],"predecessor-version":[{"id":45110,"href":"https:\/\/www.axesstmc.com\/fr\/wp-json\/wp\/v2\/pages\/29043\/revisions\/45110"}],"wp:attachment":[{"href":"https:\/\/www.axesstmc.com\/fr\/wp-json\/wp\/v2\/media?parent=29043"}],"curies":[{"name":"wp","href":"https:\/\/api.w.org\/{rel}","templated":true}]}}