{"id":39365,"date":"2020-11-27T12:42:34","date_gmt":"2020-11-27T12:42:34","guid":{"rendered":"https:\/\/www.axesstmc.com\/contactos\/"},"modified":"2026-01-15T08:48:17","modified_gmt":"2026-01-15T08:48:17","slug":"contactos","status":"publish","type":"page","link":"https:\/\/www.axesstmc.com\/es\/contactos\/","title":{"rendered":"Contactos"},"content":{"rendered":"<div class=\"wpb-content-wrapper\"><p>[vc_row css_animation=&#8221;&#8221; row_type=&#8221;row&#8221; use_row_as_full_screen_section=&#8221;no&#8221; type=&#8221;full_width&#8221; angled_section=&#8221;no&#8221; text_align=&#8221;left&#8221; background_image_as_pattern=&#8221;without_pattern&#8221;][vc_column width=&#8221;1\/3&#8243;][vc_column_text css=&#8221;&#8221;]<\/p>\n<h2>SEDE LEGAL<\/h2>\n<p><strong>Direcci\u00f3n:<\/strong> Zucchetti Axess Spa<br \/>\nPiazza Mino Zucchetti 1,<br \/>\n26900 Lodi (LO) \u2013 ITALIA<\/p>\n<p><strong>CIF:<\/strong> 03537610960<\/p>\n<p><strong>Email:<\/strong> <a href=\"mailto:sales@axesstmc.com\">sales@axesstmc.com<\/a>[\/vc_column_text][vc_separator type=&#8221;transparent&#8221; up=&#8221;6&#8243; down=&#8221;6&#8243;][vc_single_image image=&#8221;29831&#8243; img_size=&#8221;full&#8221; qode_css_animation=&#8221;&#8221;][vc_empty_space height=&#8221;50px&#8221;][\/vc_column][vc_column width=&#8221;2\/3&#8243;][vc_column_text]<\/p>\n<h2>Sedes operativa<\/h2>\n<p>[\/vc_column_text][vc_separator type=&#8221;transparent&#8221; up=&#8221;6&#8243; down=&#8221;6&#8243;][vc_row_inner row_type=&#8221;row&#8221; type=&#8221;full_width&#8221; text_align=&#8221;left&#8221; css_animation=&#8221;&#8221;][vc_column_inner width=&#8221;1\/2&#8243;][vc_column_text css=&#8221;&#8221;]<\/p>\n<ul>\n<li><strong>LAINATE<\/strong><\/li>\n<\/ul>\n<p><strong>Direcci\u00f3n:<\/strong> Zucchetti Axess Spa<\/p>\n<p>Via Lepetit, 40<\/p>\n<p>20020 Lainate (Milano) \u2013 ITALIA<\/p>\n<p><strong>Tel\u00e9fono:<\/strong> <a href=\"tel:+3903715947000\">+39 0371 594 7000<\/a><\/p>\n<p>09:00 \u2013 13:00 y 14:00 \u2013 17:30 d\u00edas laborables<\/p>\n<p><strong>Fax:<\/strong> +39 0371 594 7170[\/vc_column_text][vc_separator type=&#8221;transparent&#8221; up=&#8221;6&#8243; down=&#8221;6&#8243;][vc_column_text css=&#8221;&#8221;]<\/p>\n<ul>\n<li><strong>CORNEGLIANO LAUDENSE<\/strong><\/li>\n<\/ul>\n<p><strong>Direcci\u00f3n:<\/strong> Zucchetti Axess Spa<\/p>\n<p>Via Toscana 36\/38,<\/p>\n<p>26854 Cornegliano Laudense (LO) \u2013 ITALIA<\/p>\n<p>&nbsp;<\/p>\n<p><strong>Tel\u00e9fono:<\/strong> <a href=\"tel:+3903715947000\">+39 0371 594 7000<\/a><\/p>\n<p>09:00 \u2013 13:00 y 14:00 \u2013 17:30 d\u00edas laborables<\/p>\n<p><strong>Fax:<\/strong> +39 0371 594 7170[\/vc_column_text][vc_separator type=&#8221;transparent&#8221; up=&#8221;6&#8243; down=&#8221;6&#8243;][vc_column_text css=&#8221;&#8221;]<\/p>\n<ul>\n<li><strong>GENOVA<\/strong><\/li>\n<\/ul>\n<p><strong>Direcci\u00f3n:<\/strong> Zucchetti Axess Spa<\/p>\n<p>Via De Marini, 1<\/p>\n<p>16149 Genova \u2013 ITALIA<\/p>\n<p>&nbsp;<\/p>\n<p><strong>Tel\u00e9fono:<\/strong><br \/>\n<a href=\"tel:+3903715945190\">+39 0371 594 5190<\/a><\/p>\n<p>09:00 \u2013 13:00 y 14:00 \u2013 17:30 d\u00edas laborables[\/vc_column_text][vc_separator type=&#8221;transparent&#8221; up=&#8221;6&#8243; down=&#8221;6&#8243;][vc_column_text css=&#8221;&#8221;]<\/p>\n<ul>\n<li><strong>UDINE<\/strong><\/li>\n<\/ul>\n<p><strong>Direcci\u00f3n:<\/strong> Zucchetti Axess Spa<\/p>\n<p>Via del Gelso, 7<\/p>\n<p>33100 Udine \u2013 ITALIA<\/p>\n<p>&nbsp;<\/p>\n<p><strong>Tel\u00e9fono:<\/strong> <a href=\"tel:+390432508988\">(+39)-0432-508988<\/a><\/p>\n<p>09:00 \u2013 13:00 y 14:00 \u2013 17:30 d\u00edas laborables[\/vc_column_text][\/vc_column_inner][vc_column_inner width=&#8221;1\/2&#8243;][vc_column_text css=&#8221;&#8221;]<\/p>\n<ul>\n<li><strong>BOLOGNA<\/strong><\/li>\n<\/ul>\n<p><strong>Direcci\u00f3n:<\/strong> Zucchetti Axess Spa<\/p>\n<p>Via della Filanda, 22<\/p>\n<p>40133 Bologna \u2013 ITALIA<\/p>\n<p>&nbsp;<\/p>\n<p><strong>Tel\u00e9fono:<\/strong> <a href=\"tel:+3903715947311\">+39 0371 594 7311<\/a><\/p>\n<p>09:00 \u2013 13:00 y 14:00 \u2013 17:30 d\u00edas laborables<\/p>\n<p>&nbsp;<\/p>\n<p><strong>Fax:<\/strong> +39 0371 594 7399[\/vc_column_text][vc_separator type=&#8221;transparent&#8221; up=&#8221;6&#8243; down=&#8221;6&#8243;][vc_column_text css=&#8221;&#8221;]<\/p>\n<ul>\n<li><strong>ROMA<\/strong><\/li>\n<\/ul>\n<p><strong>Direcci\u00f3n:<\/strong> Zucchetti Axess Spa<\/p>\n<p><span data-teams=\"true\"><span class=\"ui-provider a b c d e f g h i j k l m n o p q r s t u v w x y z ab ac ae af ag ah ai aj ak\" dir=\"ltr\">Viale Avignone, 8<\/span><\/span><\/p>\n<p>00144 Roma \u2013 ITALIA<\/p>\n<p>&nbsp;<\/p>\n<p><strong>Tel\u00e9fono:<\/strong><br \/>\n<a href=\"tel:+3903715946279\">+39 0371 594 6279<\/a><\/p>\n<p><a href=\"tel:+3903715946280\">+39 0371 594 6280<\/a><\/p>\n<p>09:00 \u2013 13:00 y 14:00 \u2013 17:30 d\u00edas laborables[\/vc_column_text][vc_separator type=&#8221;transparent&#8221; up=&#8221;6&#8243; down=&#8221;6&#8243;][vc_column_text css=&#8221;&#8221;]<\/p>\n<ul>\n<li><strong>Ruman\u00eda (SC ZUCCHETTI SRL)<\/strong><\/li>\n<\/ul>\n<p><b>Tel\u00e9fono:<\/b> <a href=\"tel:+3903715943778\">(+39)-0371 5943778<\/a><\/p>\n<p><b><\/b><strong>M\u00f3vil<\/strong>: <a href=\"tel:+40(0)770332340\">+40 (0) 770 332 340<\/a><\/p>\n<p><b>E-mail:<\/b> <u><a href=\"mailto:ioana.mirzea@axesstmc.com\">ioana.mirzea@axesstmc.com<\/a><\/u>[\/vc_column_text][vc_separator type=&#8221;transparent&#8221; up=&#8221;6&#8243; down=&#8221;6&#8243;][vc_column_text css=&#8221;&#8221;]<\/p>\n<ul>\n<li><strong>Espa\u00f1a (ZUCCHETTI AXESS SPAIN)<\/strong><\/li>\n<\/ul>\n<p><b>Tel\u00e9fono: <\/b><a href=\"tel:+34944271362\">+34 944 271 362<\/a> ,\u00a0<a href=\"tel:+34626503364\">+34 626 503 364<\/a><\/p>\n<p><strong>E-mail<\/strong>: <a href=\"mailto:javier.arnaiz@zucchetti.com\">javier.arnaiz@zucchetti.com<\/a>[\/vc_column_text][\/vc_column_inner][\/vc_row_inner][vc_separator type=&#8221;transparent&#8221; up=&#8221;6&#8243; down=&#8221;6&#8243;][\/vc_column][\/vc_row][vc_row css_animation=&#8221;&#8221; row_type=&#8221;row&#8221; use_row_as_full_screen_section=&#8221;no&#8221; type=&#8221;full_width&#8221; angled_section=&#8221;no&#8221; text_align=&#8221;left&#8221; background_image_as_pattern=&#8221;without_pattern&#8221;][vc_column][vc_empty_space height=&#8221;70px&#8221;][\/vc_column][\/vc_row]<\/p>\n<\/div>","protected":false},"excerpt":{"rendered":"<p>[vc_row css_animation=&#8221;&#8221; row_type=&#8221;row&#8221; use_row_as_full_screen_section=&#8221;no&#8221; type=&#8221;full_width&#8221; angled_section=&#8221;no&#8221; text_align=&#8221;left&#8221; background_image_as_pattern=&#8221;without_pattern&#8221;][vc_column width=&#8221;1\/3&#8243;][vc_column_text css=&#8221;&#8221;] SEDE LEGAL Direcci\u00f3n: Zucchetti Axess Spa Piazza Mino Zucchetti 1, 26900 Lodi (LO) \u2013 ITALIA CIF: 03537610960 Email: sales@axesstmc.com[\/vc_column_text][vc_separator type=&#8221;transparent&#8221; up=&#8221;6&#8243; down=&#8221;6&#8243;][vc_single_image image=&#8221;29831&#8243; img_size=&#8221;full&#8221; qode_css_animation=&#8221;&#8221;][vc_empty_space height=&#8221;50px&#8221;][\/vc_column][vc_column width=&#8221;2\/3&#8243;][vc_column_text] Sedes operativa [\/vc_column_text][vc_separator type=&#8221;transparent&#8221; up=&#8221;6&#8243; down=&#8221;6&#8243;][vc_row_inner row_type=&#8221;row&#8221; type=&#8221;full_width&#8221;&#8230;<\/p>\n","protected":false},"author":14,"featured_media":0,"parent":0,"menu_order":0,"comment_status":"open","ping_status":"open","template":"contact-page.php","meta":{"footnotes":""},"class_list":["post-39365","page","type-page","status-publish","hentry"],"yoast_head":"<!-- This site is optimized with the Yoast SEO plugin v27.4 - https:\/\/yoast.com\/product\/yoast-seo-wordpress\/ -->\n<title>Contactos Zucchetti Axess - Soporte t\u00e9cnico y comercial a tu servicio<\/title>\n<meta name=\"description\" content=\"Contacto Zucchetti Axess: cont\u00e1ctanos para obtener informaci\u00f3n sobre el producto, nuestro equipo de expertos te ayudar\u00e1 a elegir la soluci\u00f3n adecuada para tus necesidades.\" \/>\n<meta name=\"robots\" content=\"index, follow, max-snippet:-1, max-image-preview:large, max-video-preview:-1\" \/>\n<link rel=\"canonical\" href=\"https:\/\/www.axesstmc.com\/es\/contactos\/\" \/>\n<meta property=\"og:locale\" content=\"es_ES\" \/>\n<meta property=\"og:type\" content=\"article\" \/>\n<meta property=\"og:title\" content=\"Contactos Zucchetti Axess - Soporte t\u00e9cnico y comercial a tu servicio\" \/>\n<meta property=\"og:description\" content=\"Contacto Zucchetti Axess: cont\u00e1ctanos para obtener informaci\u00f3n sobre el producto, nuestro equipo de expertos te ayudar\u00e1 a elegir la soluci\u00f3n adecuada para tus necesidades.\" \/>\n<meta property=\"og:url\" content=\"https:\/\/www.axesstmc.com\/es\/contactos\/\" \/>\n<meta property=\"og:site_name\" content=\"AxessTMC\" \/>\n<meta property=\"article:publisher\" content=\"https:\/\/www.facebook.com\/zucchettiaxess\/\" \/>\n<meta property=\"article:modified_time\" content=\"2026-01-15T08:48:17+00:00\" \/>\n<meta name=\"twitter:card\" content=\"summary_large_image\" \/>\n<meta name=\"twitter:label1\" content=\"Est. reading time\" \/>\n\t<meta name=\"twitter:data1\" content=\"2 minutes\" \/>\n<script type=\"application\/ld+json\" class=\"yoast-schema-graph\">{\"@context\":\"https:\\\/\\\/schema.org\",\"@graph\":[{\"@type\":\"WebPage\",\"@id\":\"https:\\\/\\\/www.axesstmc.com\\\/es\\\/contactos\\\/\",\"url\":\"https:\\\/\\\/www.axesstmc.com\\\/es\\\/contactos\\\/\",\"name\":\"Contactos Zucchetti Axess - Soporte t\u00e9cnico y comercial a tu servicio\",\"isPartOf\":{\"@id\":\"https:\\\/\\\/www.axesstmc.com\\\/es\\\/#website\"},\"datePublished\":\"2020-11-27T12:42:34+00:00\",\"dateModified\":\"2026-01-15T08:48:17+00:00\",\"description\":\"Contacto Zucchetti Axess: cont\u00e1ctanos para obtener informaci\u00f3n sobre el producto, nuestro equipo de expertos te ayudar\u00e1 a elegir la soluci\u00f3n adecuada para tus necesidades.\",\"inLanguage\":\"es-ES\",\"potentialAction\":[{\"@type\":\"ReadAction\",\"target\":[\"https:\\\/\\\/www.axesstmc.com\\\/es\\\/contactos\\\/\"]}]},{\"@type\":\"WebSite\",\"@id\":\"https:\\\/\\\/www.axesstmc.com\\\/es\\\/#website\",\"url\":\"https:\\\/\\\/www.axesstmc.com\\\/es\\\/\",\"name\":\"AxessTMC\",\"description\":\"Software and Hardware for access control, intrusion detection\",\"publisher\":{\"@id\":\"https:\\\/\\\/www.axesstmc.com\\\/es\\\/#organization\"},\"potentialAction\":[{\"@type\":\"SearchAction\",\"target\":{\"@type\":\"EntryPoint\",\"urlTemplate\":\"https:\\\/\\\/www.axesstmc.com\\\/es\\\/?s={search_term_string}\"},\"query-input\":{\"@type\":\"PropertyValueSpecification\",\"valueRequired\":true,\"valueName\":\"search_term_string\"}}],\"inLanguage\":\"es-ES\"},{\"@type\":\"Organization\",\"@id\":\"https:\\\/\\\/www.axesstmc.com\\\/es\\\/#organization\",\"name\":\"AxessTMC\",\"url\":\"https:\\\/\\\/www.axesstmc.com\\\/es\\\/\",\"logo\":{\"@type\":\"ImageObject\",\"inLanguage\":\"es-ES\",\"@id\":\"https:\\\/\\\/www.axesstmc.com\\\/es\\\/#\\\/schema\\\/logo\\\/image\\\/\",\"url\":\"https:\\\/\\\/www.axesstmc.com\\\/wp-content\\\/uploads\\\/2019\\\/10\\\/Logo-AxessTMC-Z-Group.jpg\",\"contentUrl\":\"https:\\\/\\\/www.axesstmc.com\\\/wp-content\\\/uploads\\\/2019\\\/10\\\/Logo-AxessTMC-Z-Group.jpg\",\"width\":185,\"height\":55,\"caption\":\"AxessTMC\"},\"image\":{\"@id\":\"https:\\\/\\\/www.axesstmc.com\\\/es\\\/#\\\/schema\\\/logo\\\/image\\\/\"},\"sameAs\":[\"https:\\\/\\\/www.facebook.com\\\/zucchettiaxess\\\/\",\"https:\\\/\\\/www.linkedin.com\\\/company\\\/zucchetti-axess-s-p-a-?trk=prof-following-company-logo\",\"https:\\\/\\\/www.youtube.com\\\/results?q=axess tmc\"]}]}<\/script>\n<!-- \/ Yoast SEO plugin. -->","yoast_head_json":{"title":"Contactos Zucchetti Axess - Soporte t\u00e9cnico y comercial a tu servicio","description":"Contacto Zucchetti Axess: cont\u00e1ctanos para obtener informaci\u00f3n sobre el producto, nuestro equipo de expertos te ayudar\u00e1 a elegir la soluci\u00f3n adecuada para tus necesidades.","robots":{"index":"index","follow":"follow","max-snippet":"max-snippet:-1","max-image-preview":"max-image-preview:large","max-video-preview":"max-video-preview:-1"},"canonical":"https:\/\/www.axesstmc.com\/es\/contactos\/","og_locale":"es_ES","og_type":"article","og_title":"Contactos Zucchetti Axess - Soporte t\u00e9cnico y comercial a tu servicio","og_description":"Contacto Zucchetti Axess: cont\u00e1ctanos para obtener informaci\u00f3n sobre el producto, nuestro equipo de expertos te ayudar\u00e1 a elegir la soluci\u00f3n adecuada para tus necesidades.","og_url":"https:\/\/www.axesstmc.com\/es\/contactos\/","og_site_name":"AxessTMC","article_publisher":"https:\/\/www.facebook.com\/zucchettiaxess\/","article_modified_time":"2026-01-15T08:48:17+00:00","twitter_card":"summary_large_image","twitter_misc":{"Est. reading time":"2 minutes"},"schema":{"@context":"https:\/\/schema.org","@graph":[{"@type":"WebPage","@id":"https:\/\/www.axesstmc.com\/es\/contactos\/","url":"https:\/\/www.axesstmc.com\/es\/contactos\/","name":"Contactos Zucchetti Axess - Soporte t\u00e9cnico y comercial a tu servicio","isPartOf":{"@id":"https:\/\/www.axesstmc.com\/es\/#website"},"datePublished":"2020-11-27T12:42:34+00:00","dateModified":"2026-01-15T08:48:17+00:00","description":"Contacto Zucchetti Axess: cont\u00e1ctanos para obtener informaci\u00f3n sobre el producto, nuestro equipo de expertos te ayudar\u00e1 a elegir la soluci\u00f3n adecuada para tus necesidades.","inLanguage":"es-ES","potentialAction":[{"@type":"ReadAction","target":["https:\/\/www.axesstmc.com\/es\/contactos\/"]}]},{"@type":"WebSite","@id":"https:\/\/www.axesstmc.com\/es\/#website","url":"https:\/\/www.axesstmc.com\/es\/","name":"AxessTMC","description":"Software and Hardware for access control, intrusion detection","publisher":{"@id":"https:\/\/www.axesstmc.com\/es\/#organization"},"potentialAction":[{"@type":"SearchAction","target":{"@type":"EntryPoint","urlTemplate":"https:\/\/www.axesstmc.com\/es\/?s={search_term_string}"},"query-input":{"@type":"PropertyValueSpecification","valueRequired":true,"valueName":"search_term_string"}}],"inLanguage":"es-ES"},{"@type":"Organization","@id":"https:\/\/www.axesstmc.com\/es\/#organization","name":"AxessTMC","url":"https:\/\/www.axesstmc.com\/es\/","logo":{"@type":"ImageObject","inLanguage":"es-ES","@id":"https:\/\/www.axesstmc.com\/es\/#\/schema\/logo\/image\/","url":"https:\/\/www.axesstmc.com\/wp-content\/uploads\/2019\/10\/Logo-AxessTMC-Z-Group.jpg","contentUrl":"https:\/\/www.axesstmc.com\/wp-content\/uploads\/2019\/10\/Logo-AxessTMC-Z-Group.jpg","width":185,"height":55,"caption":"AxessTMC"},"image":{"@id":"https:\/\/www.axesstmc.com\/es\/#\/schema\/logo\/image\/"},"sameAs":["https:\/\/www.facebook.com\/zucchettiaxess\/","https:\/\/www.linkedin.com\/company\/zucchetti-axess-s-p-a-?trk=prof-following-company-logo","https:\/\/www.youtube.com\/results?q=axess tmc"]}]}},"_links":{"self":[{"href":"https:\/\/www.axesstmc.com\/es\/wp-json\/wp\/v2\/pages\/39365","targetHints":{"allow":["GET"]}}],"collection":[{"href":"https:\/\/www.axesstmc.com\/es\/wp-json\/wp\/v2\/pages"}],"about":[{"href":"https:\/\/www.axesstmc.com\/es\/wp-json\/wp\/v2\/types\/page"}],"author":[{"embeddable":true,"href":"https:\/\/www.axesstmc.com\/es\/wp-json\/wp\/v2\/users\/14"}],"replies":[{"embeddable":true,"href":"https:\/\/www.axesstmc.com\/es\/wp-json\/wp\/v2\/comments?post=39365"}],"version-history":[{"count":9,"href":"https:\/\/www.axesstmc.com\/es\/wp-json\/wp\/v2\/pages\/39365\/revisions"}],"predecessor-version":[{"id":46144,"href":"https:\/\/www.axesstmc.com\/es\/wp-json\/wp\/v2\/pages\/39365\/revisions\/46144"}],"wp:attachment":[{"href":"https:\/\/www.axesstmc.com\/es\/wp-json\/wp\/v2\/media?parent=39365"}],"curies":[{"name":"wp","href":"https:\/\/api.w.org\/{rel}","templated":true}]}}