{"id":39338,"date":"2020-11-27T09:58:02","date_gmt":"2020-11-27T09:58:02","guid":{"rendered":"https:\/\/www.axesstmc.com\/channel-partner-program\/"},"modified":"2024-10-21T20:50:52","modified_gmt":"2024-10-21T20:50:52","slug":"channel-partner-program","status":"publish","type":"page","link":"https:\/\/www.axesstmc.com\/es\/channel-partner-program\/","title":{"rendered":"Channel Partner Program"},"content":{"rendered":"<div class=\"wpb-content-wrapper\"><p>[vc_row css_animation=&#8221;&#8221; row_type=&#8221;row&#8221; use_row_as_full_screen_section=&#8221;no&#8221; type=&#8221;grid&#8221; angled_section=&#8221;no&#8221; text_align=&#8221;left&#8221; background_image_as_pattern=&#8221;without_pattern&#8221;][vc_column][vc_empty_space height=&#8221;70px&#8221;][vc_column_text css=&#8221;&#8221;]<\/p>\n<h1><strong>Nuestro objetivo: \u00a1ser el socio m\u00e1s rentable con quien establecer una relaci\u00f3n comercial!<\/strong><\/h1>\n<p>Programa de socios: descubre el programa para convertirte en socio certificado de Zucchetti Axess para obtener licencias para el uso de nuestros productos y muchos otros beneficios.<\/p>\n<h1><\/h1>\n<p>[\/vc_column_text][vc_empty_space height=&#8221;50px&#8221;][vc_column_text]<\/p>\n<h1>Niveles de asociaci\u00f3n:<\/h1>\n<p>[\/vc_column_text][\/vc_column][\/vc_row][vc_row css_animation=&#8221;&#8221; row_type=&#8221;row&#8221; use_row_as_full_screen_section=&#8221;no&#8221; type=&#8221;grid&#8221; angled_section=&#8221;no&#8221; text_align=&#8221;left&#8221; background_image_as_pattern=&#8221;without_pattern&#8221; z_index=&#8221;&#8221;][vc_column][vc_empty_space height=&#8221;20px&#8221;][vc_column_text]<\/p>\n<table class=\"table\">\n<thead>\n<tr>\n<th>Nivel<\/th>\n<th><b>Software<\/b><\/th>\n<th><b>Integrations<\/b><\/th>\n<th><strong>Hardware (nivel avanzado)<\/strong><\/th>\n<th><strong>Hardware (nivel b\u00e1sico)<\/strong><\/th>\n<\/tr>\n<\/thead>\n<tbody>\n<tr>\n<th>GOLD ENTERPRISE SOLUTION PARTNER<\/th>\n<td><span data-type=\"normal\"  class=\"qode_icon_shortcode  q_font_awsome_icon fa-2x  \" style=\" \"><i class=\"qode_icon_font_awesome fa fa-check qode_icon_element\" style=\"color: #0770b7;\" ><\/i><\/span><\/td>\n<td><span data-type=\"normal\"  class=\"qode_icon_shortcode  q_font_awsome_icon fa-2x  \" style=\" \"><i class=\"qode_icon_font_awesome fa fa-check qode_icon_element\" style=\"color: #0770b7;\" ><\/i><\/span><\/td>\n<td><span data-type=\"normal\"  class=\"qode_icon_shortcode  q_font_awsome_icon fa-2x  \" style=\" \"><i class=\"qode_icon_font_awesome fa fa-check qode_icon_element\" style=\"color: #0770b7;\" ><\/i><\/span><\/td>\n<td><span data-type=\"normal\"  class=\"qode_icon_shortcode  q_font_awsome_icon fa-2x  \" style=\" \"><i class=\"qode_icon_font_awesome fa fa-times qode_icon_element\" style=\"color: #dddddd;\" ><\/i><\/span><\/td>\n<\/tr>\n<tr>\n<th>ENTERPRISE SOLUTION PARTNER<\/th>\n<td><span data-type=\"normal\"  class=\"qode_icon_shortcode  q_font_awsome_icon fa-2x  \" style=\" \"><i class=\"qode_icon_font_awesome fa fa-check qode_icon_element\" style=\"color: #0770b7;\" ><\/i><\/span><\/td>\n<td><span data-type=\"normal\"  class=\"qode_icon_shortcode  q_font_awsome_icon fa-2x  \" style=\" \"><i class=\"qode_icon_font_awesome fa fa-times qode_icon_element\" style=\"color: #dddddd;\" ><\/i><\/span><\/td>\n<td><span data-type=\"normal\"  class=\"qode_icon_shortcode  q_font_awsome_icon fa-2x  \" style=\" \"><i class=\"qode_icon_font_awesome fa fa-check qode_icon_element\" style=\"color: #0770b7;\" ><\/i><\/span><\/td>\n<td><span data-type=\"normal\"  class=\"qode_icon_shortcode  q_font_awsome_icon fa-2x  \" style=\" \"><i class=\"qode_icon_font_awesome fa fa-times qode_icon_element\" style=\"color: #dddddd;\" ><\/i><\/span><\/td>\n<\/tr>\n<tr>\n<th>GOLD VALUE ADDED RESELLER<\/th>\n<td><span data-type=\"normal\"  class=\"qode_icon_shortcode  q_font_awsome_icon fa-2x  \" style=\" \"><i class=\"qode_icon_font_awesome fa fa-times qode_icon_element\" style=\"color: #dddddd;\" ><\/i><\/span><\/td>\n<td><span data-type=\"normal\"  class=\"qode_icon_shortcode  q_font_awsome_icon fa-2x  \" style=\" \"><i class=\"qode_icon_font_awesome fa fa-times qode_icon_element\" style=\"color: #dddddd;\" ><\/i><\/span><\/td>\n<td><span data-type=\"normal\"  class=\"qode_icon_shortcode  q_font_awsome_icon fa-2x  \" style=\" \"><i class=\"qode_icon_font_awesome fa fa-check qode_icon_element\" style=\"color: #0770b7;\" ><\/i><\/span><\/td>\n<td><span data-type=\"normal\"  class=\"qode_icon_shortcode  q_font_awsome_icon fa-2x  \" style=\" \"><i class=\"qode_icon_font_awesome fa fa-times qode_icon_element\" style=\"color: #dddddd;\" ><\/i><\/span><\/td>\n<\/tr>\n<tr>\n<th>VALUE ADDED RESELLER<\/th>\n<td><span data-type=\"normal\"  class=\"qode_icon_shortcode  q_font_awsome_icon fa-2x  \" style=\" \"><i class=\"qode_icon_font_awesome fa fa-times qode_icon_element\" style=\"color: #dddddd;\" ><\/i><\/span><\/td>\n<td><span data-type=\"normal\"  class=\"qode_icon_shortcode  q_font_awsome_icon fa-2x  \" style=\" \"><i class=\"qode_icon_font_awesome fa fa-times qode_icon_element\" style=\"color: #dddddd;\" ><\/i><\/span><\/td>\n<td><span data-type=\"normal\"  class=\"qode_icon_shortcode  q_font_awsome_icon fa-2x  \" style=\" \"><i class=\"qode_icon_font_awesome fa fa-times qode_icon_element\" style=\"color: #dddddd;\" ><\/i><\/span><\/td>\n<td><span data-type=\"normal\"  class=\"qode_icon_shortcode  q_font_awsome_icon fa-2x  \" style=\" \"><i class=\"qode_icon_font_awesome fa fa-check qode_icon_element\" style=\"color: #0770b7;\" ><\/i><\/span><\/td>\n<\/tr>\n<\/tbody>\n<\/table>\n<p>[\/vc_column_text][vc_raw_html]JTNDc3R5bGUlM0UlMEElNDBtZWRpYSUyMG9ubHklMjBzY3JlZW4lMjBhbmQlMjAlMjhtYXgtd2lkdGglM0ElMjA3NjBweCUyOSUyQyUyOG1pbi1kZXZpY2Utd2lkdGglM0ElMjA3NjhweCUyOSUyMGFuZCUyMCUyOG1heC1kZXZpY2Utd2lkdGglM0ElMjAxMDI0cHglMjklMjAlMjAlN0IlMEElMDkudGFibGUlMjB0ZCUzQW50aC1vZi10eXBlJTI4MSUyOSUzQWJlZm9yZSUyMCU3QiUyMGNvbnRlbnQlM0ElMjAlMjJTb2Z0d2FyZSUyMiUzQiUyMCU3RCUwQSUwOS50YWJsZSUyMHRkJTNBbnRoLW9mLXR5cGUlMjgyJTI5JTNBYmVmb3JlJTIwJTdCJTIwY29udGVudCUzQSUyMCUyMkludGVncmF0aW9ucyUyMiUzQiUyMCU3RCUwQSUwOS50YWJsZSUyMHRkJTNBbnRoLW9mLXR5cGUlMjgzJTI5JTNBYmVmb3JlJTIwJTdCJTIwY29udGVudCUzQSUyMCUyMkhhcmR3YXJlJTIwJTI4bGl2ZWxsbyUyMGF2YW56YXRvJTI5JTIyJTNCJTIwJTdEJTBBJTA5LnRhYmxlJTIwdGQlM0FudGgtb2YtdHlwZSUyODQlMjklM0FiZWZvcmUlMjAlN0IlMjBjb250ZW50JTNBJTIwJTIySGFyZHdhcmUlMjAlMjhsaXZlbGxvJTIwYmFzZSUyOSUyMiUzQiUyMCU3RCUwQSU3RCUwQSUzQyUyRnN0eWxlJTNF[\/vc_raw_html][vc_empty_space height=&#8221;100px&#8221;][\/vc_column][\/vc_row][vc_row css_animation=&#8221;&#8221; row_type=&#8221;row&#8221; use_row_as_full_screen_section=&#8221;no&#8221; type=&#8221;grid&#8221; angled_section=&#8221;no&#8221; text_align=&#8221;left&#8221; background_image_as_pattern=&#8221;without_pattern&#8221; z_index=&#8221;&#8221;][vc_column width=&#8221;1\/2&#8243;][vc_single_image image=&#8221;25409&#8243; img_size=&#8221;100&#215;100&#8243; alignment=&#8221;center&#8221; onclick=&#8221;custom_link&#8221; qode_css_animation=&#8221;&#8221; link=&#8221;https:\/\/www.axesstmc.com\/es\/solicitud-de-informacion-del-producto\/&#8221;][vc_column_text]<\/p>\n<h2 style=\"text-align: center;\">\u00a1Pide m\u00e1s informaci\u00f3n sobre la certificaci\u00f3n!<\/h2>\n<p>[\/vc_column_text][\/vc_column][vc_column width=&#8221;1\/2&#8243;][vc_single_image image=&#8221;25408&#8243; img_size=&#8221;100&#215;100&#8243; alignment=&#8221;center&#8221; onclick=&#8221;custom_link&#8221; qode_css_animation=&#8221;&#8221; link=&#8221;https:\/\/www.axesstmc.com\/es\/partner-area\/&#8221;][vc_column_text]<\/p>\n<h2 style=\"text-align: center;\">\u00bfQuieres convertirte en nuestro socio?<\/h2>\n<p style=\"text-align: center;\">Si quieres convertirte en un Socio de AxessTMC, <span style=\"color: #ff6600;\"><strong><a style=\"color: #ff6600;\" href=\"https:\/\/www.axesstmc.com\/es\/partner-area\/\">reg\u00edstrate aqu\u00ed.<\/a><\/strong><\/span><\/p>\n<p>[\/vc_column_text][\/vc_column][\/vc_row][vc_row css_animation=&#8221;&#8221; row_type=&#8221;row&#8221; use_row_as_full_screen_section=&#8221;yes&#8221; type=&#8221;full_width&#8221; angled_section=&#8221;no&#8221; text_align=&#8221;left&#8221; background_image_as_pattern=&#8221;without_pattern&#8221; z_index=&#8221;&#8221;][vc_column][vc_empty_space height=&#8221;100px&#8221;][\/vc_column][\/vc_row][vc_row css_animation=&#8221;&#8221; row_type=&#8221;row&#8221; use_row_as_full_screen_section=&#8221;yes&#8221; type=&#8221;full_width&#8221; angled_section=&#8221;no&#8221; text_align=&#8221;left&#8221; background_image_as_pattern=&#8221;without_pattern&#8221; padding_top=&#8221;0&#8243; padding_bottom=&#8221;0&#8243; z_index=&#8221;&#8221;][vc_column css=&#8221;.vc_custom_1537879609854{background-position: 0 0 !important;background-repeat: no-repeat !important;}&#8221;][vc_empty_space height=&#8221;10rem&#8221; css=&#8221;.vc_custom_1537885400923{padding-top: 2.5rem !important;padding-right: 2.5rem !important;padding-bottom: 2.5rem !important;padding-left: 2.5rem !important;background-image: url(https:\/\/www.axesstmc.com\/wp-content\/uploads\/2018\/05\/banner_partners_2000x270.png) !important;background-position: 0 0 !important;background-repeat: repeat !important;}&#8221; el_class=&#8221;banner page-bottom&#8221;][\/vc_column][\/vc_row][vc_row css_animation=&#8221;&#8221; row_type=&#8221;row&#8221; use_row_as_full_screen_section=&#8221;no&#8221; type=&#8221;full_width&#8221; angled_section=&#8221;no&#8221; text_align=&#8221;left&#8221; background_image_as_pattern=&#8221;without_pattern&#8221; css=&#8221;.vc_custom_1521454494396{background-color: #0770b7 !important;}&#8221; z_index=&#8221;&#8221;][vc_column][vc_empty_space height=&#8221;40px&#8221;][vc_row_inner row_type=&#8221;row&#8221; type=&#8221;full_width&#8221; text_align=&#8221;left&#8221; css_animation=&#8221;&#8221;][vc_column_inner width=&#8221;1\/3&#8243;][\/vc_column_inner][vc_column_inner el_class=&#8221;sg-popup-id-38501&#8243; width=&#8221;1\/3&#8243;]<span data-type=\"normal\" data-hover-icon-color=\"#dd9933\" class=\"qode_icon_shortcode  q_font_awsome_icon fa-3x pull-center \" style=\" \"><i class=\"qode_icon_font_awesome fa fa-info qode_icon_element\" style=\"color: #ffffff;\" ><\/i><\/span>[vc_column_text]<\/p>\n<h2 style=\"text-align: center;\"><span style=\"color: #ffffff;\">Solicitar info<\/span><\/h2>\n<p>[\/vc_column_text][\/vc_column_inner][vc_column_inner width=&#8221;1\/3&#8243;][\/vc_column_inner][\/vc_row_inner][vc_empty_space height=&#8221;40px&#8221;][\/vc_column][\/vc_row]<\/p>\n<\/div>","protected":false},"excerpt":{"rendered":"<p>[vc_row css_animation=&#8221;&#8221; row_type=&#8221;row&#8221; use_row_as_full_screen_section=&#8221;no&#8221; type=&#8221;grid&#8221; angled_section=&#8221;no&#8221; text_align=&#8221;left&#8221; background_image_as_pattern=&#8221;without_pattern&#8221;][vc_column][vc_empty_space height=&#8221;70px&#8221;][vc_column_text css=&#8221;&#8221;] Nuestro objetivo: \u00a1ser el socio m\u00e1s rentable con quien establecer una relaci\u00f3n comercial! Programa de socios: descubre el programa para convertirte en socio certificado de Zucchetti Axess para obtener licencias para el uso de nuestros&#8230;<\/p>\n","protected":false},"author":14,"featured_media":0,"parent":0,"menu_order":0,"comment_status":"closed","ping_status":"closed","template":"full_width.php","meta":{"footnotes":""},"class_list":["post-39338","page","type-page","status-publish","hentry"],"yoast_head":"<!-- This site is optimized with the Yoast SEO plugin v27.4 - https:\/\/yoast.com\/product\/yoast-seo-wordpress\/ -->\n<title>Partner Program - Para convertirse en un Partner certificado Zucchetti Axess!<\/title>\n<meta name=\"description\" content=\"Descubra el Partner Program para convertirse en un Partner certificado Zucchetti Axess para obtener las licencias de uso de nuestros productos.\" \/>\n<meta name=\"robots\" content=\"index, follow, max-snippet:-1, max-image-preview:large, max-video-preview:-1\" \/>\n<link rel=\"canonical\" href=\"https:\/\/www.axesstmc.com\/es\/channel-partner-program\/\" \/>\n<meta property=\"og:locale\" content=\"es_ES\" \/>\n<meta property=\"og:type\" content=\"article\" \/>\n<meta property=\"og:title\" content=\"Partner Program - Para convertirse en un Partner certificado Zucchetti Axess!\" \/>\n<meta property=\"og:description\" content=\"Descubra el Partner Program para convertirse en un Partner certificado Zucchetti Axess para obtener las licencias de uso de nuestros productos.\" \/>\n<meta property=\"og:url\" content=\"https:\/\/www.axesstmc.com\/es\/channel-partner-program\/\" \/>\n<meta property=\"og:site_name\" content=\"AxessTMC\" \/>\n<meta property=\"article:publisher\" content=\"https:\/\/www.facebook.com\/zucchettiaxess\/\" \/>\n<meta property=\"article:modified_time\" content=\"2024-10-21T20:50:52+00:00\" \/>\n<meta name=\"twitter:card\" content=\"summary_large_image\" \/>\n<meta name=\"twitter:label1\" content=\"Est. reading time\" \/>\n\t<meta name=\"twitter:data1\" content=\"3 minutes\" \/>\n<script type=\"application\/ld+json\" class=\"yoast-schema-graph\">{\"@context\":\"https:\\\/\\\/schema.org\",\"@graph\":[{\"@type\":\"WebPage\",\"@id\":\"https:\\\/\\\/www.axesstmc.com\\\/es\\\/channel-partner-program\\\/\",\"url\":\"https:\\\/\\\/www.axesstmc.com\\\/es\\\/channel-partner-program\\\/\",\"name\":\"Partner Program - Para convertirse en un Partner certificado Zucchetti Axess!\",\"isPartOf\":{\"@id\":\"https:\\\/\\\/www.axesstmc.com\\\/es\\\/#website\"},\"datePublished\":\"2020-11-27T09:58:02+00:00\",\"dateModified\":\"2024-10-21T20:50:52+00:00\",\"description\":\"Descubra el Partner Program para convertirse en un Partner certificado Zucchetti Axess para obtener las licencias de uso de nuestros productos.\",\"inLanguage\":\"es-ES\",\"potentialAction\":[{\"@type\":\"ReadAction\",\"target\":[\"https:\\\/\\\/www.axesstmc.com\\\/es\\\/channel-partner-program\\\/\"]}]},{\"@type\":\"WebSite\",\"@id\":\"https:\\\/\\\/www.axesstmc.com\\\/es\\\/#website\",\"url\":\"https:\\\/\\\/www.axesstmc.com\\\/es\\\/\",\"name\":\"AxessTMC\",\"description\":\"Software and Hardware for access control, intrusion detection\",\"publisher\":{\"@id\":\"https:\\\/\\\/www.axesstmc.com\\\/es\\\/#organization\"},\"potentialAction\":[{\"@type\":\"SearchAction\",\"target\":{\"@type\":\"EntryPoint\",\"urlTemplate\":\"https:\\\/\\\/www.axesstmc.com\\\/es\\\/?s={search_term_string}\"},\"query-input\":{\"@type\":\"PropertyValueSpecification\",\"valueRequired\":true,\"valueName\":\"search_term_string\"}}],\"inLanguage\":\"es-ES\"},{\"@type\":\"Organization\",\"@id\":\"https:\\\/\\\/www.axesstmc.com\\\/es\\\/#organization\",\"name\":\"AxessTMC\",\"url\":\"https:\\\/\\\/www.axesstmc.com\\\/es\\\/\",\"logo\":{\"@type\":\"ImageObject\",\"inLanguage\":\"es-ES\",\"@id\":\"https:\\\/\\\/www.axesstmc.com\\\/es\\\/#\\\/schema\\\/logo\\\/image\\\/\",\"url\":\"https:\\\/\\\/www.axesstmc.com\\\/wp-content\\\/uploads\\\/2019\\\/10\\\/Logo-AxessTMC-Z-Group.jpg\",\"contentUrl\":\"https:\\\/\\\/www.axesstmc.com\\\/wp-content\\\/uploads\\\/2019\\\/10\\\/Logo-AxessTMC-Z-Group.jpg\",\"width\":185,\"height\":55,\"caption\":\"AxessTMC\"},\"image\":{\"@id\":\"https:\\\/\\\/www.axesstmc.com\\\/es\\\/#\\\/schema\\\/logo\\\/image\\\/\"},\"sameAs\":[\"https:\\\/\\\/www.facebook.com\\\/zucchettiaxess\\\/\",\"https:\\\/\\\/www.linkedin.com\\\/company\\\/zucchetti-axess-s-p-a-?trk=prof-following-company-logo\",\"https:\\\/\\\/www.youtube.com\\\/results?q=axess tmc\"]}]}<\/script>\n<!-- \/ Yoast SEO plugin. -->","yoast_head_json":{"title":"Partner Program - Para convertirse en un Partner certificado Zucchetti Axess!","description":"Descubra el Partner Program para convertirse en un Partner certificado Zucchetti Axess para obtener las licencias de uso de nuestros productos.","robots":{"index":"index","follow":"follow","max-snippet":"max-snippet:-1","max-image-preview":"max-image-preview:large","max-video-preview":"max-video-preview:-1"},"canonical":"https:\/\/www.axesstmc.com\/es\/channel-partner-program\/","og_locale":"es_ES","og_type":"article","og_title":"Partner Program - Para convertirse en un Partner certificado Zucchetti Axess!","og_description":"Descubra el Partner Program para convertirse en un Partner certificado Zucchetti Axess para obtener las licencias de uso de nuestros productos.","og_url":"https:\/\/www.axesstmc.com\/es\/channel-partner-program\/","og_site_name":"AxessTMC","article_publisher":"https:\/\/www.facebook.com\/zucchettiaxess\/","article_modified_time":"2024-10-21T20:50:52+00:00","twitter_card":"summary_large_image","twitter_misc":{"Est. reading time":"3 minutes"},"schema":{"@context":"https:\/\/schema.org","@graph":[{"@type":"WebPage","@id":"https:\/\/www.axesstmc.com\/es\/channel-partner-program\/","url":"https:\/\/www.axesstmc.com\/es\/channel-partner-program\/","name":"Partner Program - Para convertirse en un Partner certificado Zucchetti Axess!","isPartOf":{"@id":"https:\/\/www.axesstmc.com\/es\/#website"},"datePublished":"2020-11-27T09:58:02+00:00","dateModified":"2024-10-21T20:50:52+00:00","description":"Descubra el Partner Program para convertirse en un Partner certificado Zucchetti Axess para obtener las licencias de uso de nuestros productos.","inLanguage":"es-ES","potentialAction":[{"@type":"ReadAction","target":["https:\/\/www.axesstmc.com\/es\/channel-partner-program\/"]}]},{"@type":"WebSite","@id":"https:\/\/www.axesstmc.com\/es\/#website","url":"https:\/\/www.axesstmc.com\/es\/","name":"AxessTMC","description":"Software and Hardware for access control, intrusion detection","publisher":{"@id":"https:\/\/www.axesstmc.com\/es\/#organization"},"potentialAction":[{"@type":"SearchAction","target":{"@type":"EntryPoint","urlTemplate":"https:\/\/www.axesstmc.com\/es\/?s={search_term_string}"},"query-input":{"@type":"PropertyValueSpecification","valueRequired":true,"valueName":"search_term_string"}}],"inLanguage":"es-ES"},{"@type":"Organization","@id":"https:\/\/www.axesstmc.com\/es\/#organization","name":"AxessTMC","url":"https:\/\/www.axesstmc.com\/es\/","logo":{"@type":"ImageObject","inLanguage":"es-ES","@id":"https:\/\/www.axesstmc.com\/es\/#\/schema\/logo\/image\/","url":"https:\/\/www.axesstmc.com\/wp-content\/uploads\/2019\/10\/Logo-AxessTMC-Z-Group.jpg","contentUrl":"https:\/\/www.axesstmc.com\/wp-content\/uploads\/2019\/10\/Logo-AxessTMC-Z-Group.jpg","width":185,"height":55,"caption":"AxessTMC"},"image":{"@id":"https:\/\/www.axesstmc.com\/es\/#\/schema\/logo\/image\/"},"sameAs":["https:\/\/www.facebook.com\/zucchettiaxess\/","https:\/\/www.linkedin.com\/company\/zucchetti-axess-s-p-a-?trk=prof-following-company-logo","https:\/\/www.youtube.com\/results?q=axess tmc"]}]}},"_links":{"self":[{"href":"https:\/\/www.axesstmc.com\/es\/wp-json\/wp\/v2\/pages\/39338","targetHints":{"allow":["GET"]}}],"collection":[{"href":"https:\/\/www.axesstmc.com\/es\/wp-json\/wp\/v2\/pages"}],"about":[{"href":"https:\/\/www.axesstmc.com\/es\/wp-json\/wp\/v2\/types\/page"}],"author":[{"embeddable":true,"href":"https:\/\/www.axesstmc.com\/es\/wp-json\/wp\/v2\/users\/14"}],"replies":[{"embeddable":true,"href":"https:\/\/www.axesstmc.com\/es\/wp-json\/wp\/v2\/comments?post=39338"}],"version-history":[{"count":7,"href":"https:\/\/www.axesstmc.com\/es\/wp-json\/wp\/v2\/pages\/39338\/revisions"}],"predecessor-version":[{"id":45165,"href":"https:\/\/www.axesstmc.com\/es\/wp-json\/wp\/v2\/pages\/39338\/revisions\/45165"}],"wp:attachment":[{"href":"https:\/\/www.axesstmc.com\/es\/wp-json\/wp\/v2\/media?parent=39338"}],"curies":[{"name":"wp","href":"https:\/\/api.w.org\/{rel}","templated":true}]}}