{"id":39294,"date":"2020-11-24T15:53:42","date_gmt":"2020-11-24T15:53:42","guid":{"rendered":"https:\/\/www.axesstmc.com\/instituciones-educativas\/"},"modified":"2021-07-19T12:05:53","modified_gmt":"2021-07-19T12:05:53","slug":"instituciones-educativas","status":"publish","type":"page","link":"https:\/\/www.axesstmc.com\/es\/instituciones-educativas\/","title":{"rendered":"Instituciones educativas"},"content":{"rendered":"<div class=\"wpb-content-wrapper\"><p>[vc_row css_animation=&#8221;&#8221; row_type=&#8221;row&#8221; use_row_as_full_screen_section=&#8221;no&#8221; type=&#8221;grid&#8221; angled_section=&#8221;no&#8221; text_align=&#8221;left&#8221; background_image_as_pattern=&#8221;without_pattern&#8221;][vc_column width=&#8221;10\/12&#8243;][vc_empty_space height=&#8221;50px&#8221;][vc_column_text]<\/p>\n<h1>El sistema completo para garantizar que los espacios de las escuelas y universidades sean seguros para estudiantes, profesores y personal.<\/h1>\n<p>[\/vc_column_text][vc_empty_space height=&#8221;50px&#8221;][vc_column_text]<\/p>\n<p>Hacer que las escuelas y universidades sean seguras y accesibles para los estudiantes, los maestros y todo el personal es la principal preocupaci\u00f3n en el \u00e1mbito de la protecci\u00f3n de las personas y los edificios.\u00a0Las escuelas, de grandes y medianas dimensiones, a menudo cuentan con m\u00faltiples puntos estrat\u00e9gicos de inter\u00e9s: estacionamientos, \u00e1reas recreativas, pasillos, pisos, aulas, gimnasios, comedores, campus y todo el per\u00edmetro del edificio con sus correspondientes accesos.<strong>\u00a0Un entorno educativo seguro requiere soluciones de seguridad inteligentes, discretas y eficientes.<\/strong><\/p>\n<p>&nbsp;<\/p>\n<p>Las soluciones de Zucchetti Axess para control de accesos IP, videovigilancia IP, monitorizaci\u00f3n de actividades y v\u00edas de evacuaci\u00f3n garantizan seguridad y protecci\u00f3n en cualquier momento y lugar: desde edificios que cuentan con entradas principales y aulas, hasta aparcamientos, instalaciones deportivas, comedores o residencias de estudiantes.<\/p>\n<p>&nbsp;<\/p>\n<p>Gracias a la amplia gama de terminales de control de acceso, disponibles con todas las tecnolog\u00edas de identificaci\u00f3n (proximidad, UHF, NFC, biom\u00e9trica, magn\u00e9tica, c\u00f3digo de barras, BLE) y gracias a XAtlas, una \u00fanica plataforma de software modular y escalable, equipada con funcionalidades tecnol\u00f3gicamente avanzadas, es posible gestionar todo<strong> el sistema integrado de control de accesos, antiintrusi\u00f3n y videovigilancia.<\/strong> A partir de ahora es posible consultar siempre qui\u00e9n entra y sale de la universidad y de los diferentes espacios dedicados a la actividad docente.<\/p>\n<p>&nbsp;<\/p>\n<p>Protege tu escuela de visitantes no deseados, ofrece un entorno de aprendizaje m\u00e1s seguro con las soluciones Zucchetti Axess.<\/p>\n<p>[\/vc_column_text][vc_empty_space height=&#8221;50px&#8221;][\/vc_column][vc_column width=&#8221;2\/12&#8243;][vc_empty_space height=&#8221;50px&#8221;][vc_single_image image=&#8221;34636&#8243; alignment=&#8221;center&#8221; qode_css_animation=&#8221;&#8221;][\/vc_column][\/vc_row][vc_row css_animation=&#8221;&#8221; row_type=&#8221;row&#8221; use_row_as_full_screen_section=&#8221;no&#8221; type=&#8221;grid&#8221; angled_section=&#8221;no&#8221; text_align=&#8221;left&#8221; background_image_as_pattern=&#8221;without_pattern&#8221;][vc_column][vc_column_text]<\/p>\n<h2>\u00a1Tus necesidades, nuestra soluci\u00f3n!<\/h2>\n<p>[\/vc_column_text][\/vc_column][\/vc_row][vc_row css_animation=&#8221;&#8221; row_type=&#8221;row&#8221; use_row_as_full_screen_section=&#8221;no&#8221; type=&#8221;grid&#8221; angled_section=&#8221;no&#8221; text_align=&#8221;left&#8221; background_image_as_pattern=&#8221;without_pattern&#8221; css=&#8221;.vc_custom_1525336584316{margin-bottom: 100px !important;}&#8221; z_index=&#8221;&#8221;][vc_column width=&#8221;1\/2&#8243;][vc_empty_space height=&#8221;50px&#8221;][vc_raw_html]PHA+DQo8ZGl2Pg0KPGEgaHJlZj0iamF2YXNjcmlwdDp0b2dnbGVEaXYoJ215Q29udGVudDInKTsiIGNsYXNzPSJxYnV0dG9uIGNlbnRlciBidG4tc3BlY2lhbCI+U2lzdGVtYSBkZSBjb250cm9sIGRlIGFjY2Vzb3M8L2E+DQo8L2Rpdj4NCjxkaXY+DQo8YSBocmVmPSJqYXZhc2NyaXB0OnRvZ2dsZURpdignbXlDb250ZW50NScpOyIgY2xhc3M9InFidXR0b24gY2VudGVyIGJ0bi1zcGVjaWFsIj5TaXN0ZW1hIGRlIGRldGVjY2nDs24gZGUgcHJlc2VuY2lhczwvYT4NCjwvZGl2Pg0KPGRpdj4NCjxhIGhyZWY9ImphdmFzY3JpcHQ6dG9nZ2xlRGl2KCdteUNvbnRlbnQnKTsiIGNsYXNzPSJxYnV0dG9uIGNlbnRlciBidG4tc3BlY2lhbCI+Q29udHJvbCBlbiB0aWVtcG8gcmVhbCBkZSBsYXMgYXVsYXM8L2E+DQo8L2Rpdj4NCjxkaXY+DQo8YSBocmVmPSJqYXZhc2NyaXB0OnRvZ2dsZURpdignbXlDb250ZW50NCcpOyIgY2xhc3M9InFidXR0b24gY2VudGVyIGJ0bi1zcGVjaWFsIj5Db250cm9sIGFjY2Vzb3MgeSDDoXJlYXMgcmVzZXJ2YWRhczwvYT4NCjwvZGl2Pg0KPGRpdj4NCjxhIGhyZWY9ImphdmFzY3JpcHQ6dG9nZ2xlRGl2KCdteUNvbnRlbnQxJyk7IiBjbGFzcz0icWJ1dHRvbiBjZW50ZXIgYnRuLXNwZWNpYWwiPlNpc3RlbWFzIGFudGlpbnRydXNpw7NuPC9hPg0KPC9kaXY+DQo8ZGl2Pg0KPGEgaHJlZj0iamF2YXNjcmlwdDp0b2dnbGVEaXYoJ215Q29udGVudDMnKTsiIGNsYXNzPSJxYnV0dG9uIGNlbnRlciBidG4tc3BlY2lhbCI+U2VndXJpZGFkIGFudGlpbmNlbmRpbzwvYT4NCjwvZGl2Pg0KPC9wPg==[\/vc_raw_html][vc_raw_js]JTNDc2NyaXB0JTIwdHlwZSUzRCUyMnRleHQlMkZqYXZhc2NyaXB0JTIyJTNFJTBBZnVuY3Rpb24lMjB0b2dnbGVEaXYlMjhkaXZJZCUyOSUyMCU3QiUwQSUyMCUyMCUyMCUyNGolMjglMjIlMjMlMjIlMkJkaXZJZCUyOS5mYWRlVG9nZ2xlJTI4MTAwMCUyOSUzQiUwQSU3RCUwQSUzQyUyRnNjcmlwdCUzRQ==[\/vc_raw_js][\/vc_column][vc_column width=&#8221;1\/2&#8243;][vc_raw_html]JTNDZGl2JTIwc3R5bGUlM0QlMjJoZWlnaHQlM0FhdXRvJTNCJTIwZmxvYXQlM0FsZWZ0JTNCJTIwbWluLWhlaWdodCUzQTM2MHB4JTNCJTIyJTNFJTBBJTIwJTIwJTNDZGl2JTIwaWQlM0QlMjJzdGFydCUyMiUyMHN0eWxlJTNEJTIycG9zaXRpb24lM0FhYnNvbHV0ZSUzQiUyMHotaW5kZXglM0E0OSUzQiUyMHRvcCUzQTBweCUzQiUyMGZsb2F0JTNBbGVmdCUzQiUyMiUzRSUwQSUyMCUyMCUyMCUyMCUyMCUyMCUzQ2ltZyUyMCUyMHNyYyUzRCUyMmh0dHBzJTNBJTJGJTJGd3d3LmF4ZXNzdG1jLmNvbSUyRndwLWNvbnRlbnQlMkZ1cGxvYWRzJTJGMjAxNiUyRjA2JTJGZWR1Y2F0aW9uLmpwZyUyMiUzRSUwQSUyMCUyMCUzQyUyRmRpdiUzRSUwQSUyMCUyMCUzQ2RpdiUyMGlkJTNEJTIybXlDb250ZW50JTIyJTIwc3R5bGUlM0QlMjJwb3NpdGlvbiUzQWFic29sdXRlJTNCJTIwei1pbmRleCUzQTUwJTNCJTIwdG9wJTNBMHB4JTNCJTIwZmxvYXQlM0FsZWZ0JTNCJTIwZGlzcGxheSUzQSUyMG5vbmUlM0IlMjIlM0UlMEElMjAlMjAlMjAlMjAlMjAlMjAlM0NpbWclMjBzcmMlM0QlMjJodHRwcyUzQSUyRiUyRnd3dy5heGVzc3RtYy5jb20lMkZ3cC1jb250ZW50JTJGdXBsb2FkcyUyRjIwMTYlMkYwNCUyRmlsbHUtZWR1Y2F0aW9uLTIucG5nJTIyJTNFJTBBJTIwJTIwJTNDJTJGZGl2JTNFJTBBJTIwJTIwJTNDZGl2JTIwaWQlM0QlMjJteUNvbnRlbnQxJTIyJTIwc3R5bGUlM0QlMjJwb3NpdGlvbiUzQWFic29sdXRlJTNCJTIwei1pbmRleCUzQTUxJTNCJTIwdG9wJTNBMHB4JTNCJTIwZmxvYXQlM0FsZWZ0JTNCJTIwZGlzcGxheSUzQSUyMG5vbmUlM0IlMjIlM0UlMEElMjAlMjAlMjAlMjAlMjAlMjAlM0NpbWclMjBzcmMlM0QlMjJodHRwcyUzQSUyRiUyRnd3dy5heGVzc3RtYy5jb20lMkZ3cC1jb250ZW50JTJGdXBsb2FkcyUyRjIwMTYlMkYwNCUyRmlsbHUtZWR1Y2F0aW9uLTQucG5nJTIyJTNFJTBBJTIwJTIwJTNDJTJGZGl2JTNFJTBBJTIwJTIwJTNDZGl2JTIwaWQlM0QlMjJteUNvbnRlbnQyJTIyJTIwc3R5bGUlM0QlMjJwb3NpdGlvbiUzQWFic29sdXRlJTNCJTIwei1pbmRleCUzQTUxJTNCJTIwdG9wJTNBMHB4JTNCJTIwZmxvYXQlM0FsZWZ0JTNCJTIwZGlzcGxheSUzQSUyMG5vbmUlM0IlMjIlM0UlMEElMjAlMjAlMjAlMjAlMjAlMjAlM0NpbWclMjBzcmMlM0QlMjJodHRwcyUzQSUyRiUyRnd3dy5heGVzc3RtYy5jb20lMkZ3cC1jb250ZW50JTJGdXBsb2FkcyUyRjIwMTYlMkYwNCUyRmlsbHUtZWR1Y2F0aW9uLTEucG5nJTIyJTNFJTBBJTIwJTIwJTNDJTJGZGl2JTNFJTBBJTIwJTIwJTNDZGl2JTIwaWQlM0QlMjJteUNvbnRlbnQzJTIyJTIwc3R5bGUlM0QlMjJwb3NpdGlvbiUzQWFic29sdXRlJTNCJTIwei1pbmRleCUzQTUxJTNCJTIwdG9wJTNBMHB4JTNCJTIwZmxvYXQlM0FsZWZ0JTNCJTIwZGlzcGxheSUzQSUyMG5vbmUlM0IlMjIlM0UlMEElMjAlMjAlMjAlMjAlMjAlMjAlM0NpbWclMjBzcmMlM0QlMjJodHRwcyUzQSUyRiUyRnd3dy5heGVzc3RtYy5jb20lMkZ3cC1jb250ZW50JTJGdXBsb2FkcyUyRjIwMTYlMkYwNCUyRmlsbHUtZWR1Y2F0aW9uLTUucG5nJTIyJTNFJTBBJTIwJTIwJTNDJTJGZGl2JTNFJTBBJTIwJTIwJTNDJTJGZGl2JTNFJTBBJTIwJTIwJTNDZGl2JTIwaWQlM0QlMjJteUNvbnRlbnQ0JTIyJTIwc3R5bGUlM0QlMjJwb3NpdGlvbiUzQWFic29sdXRlJTNCJTIwei1pbmRleCUzQTUxJTNCJTIwdG9wJTNBMHB4JTNCJTIwZmxvYXQlM0FsZWZ0JTNCJTIwZGlzcGxheSUzQSUyMG5vbmUlM0IlMjIlM0UlMEElMjAlMjAlMjAlMjAlMjAlMjAlM0NpbWclMjBzcmMlM0QlMjJodHRwcyUzQSUyRiUyRnd3dy5heGVzc3RtYy5jb20lMkZ3cC1jb250ZW50JTJGdXBsb2FkcyUyRjIwMTYlMkYwNCUyRmlsbHUtZWR1Y2F0aW9uLTMucG5nJTIyJTNFJTBBJTIwJTIwJTNDJTJGZGl2JTNFJTBBJTIwJTIwJTNDZGl2JTIwaWQlM0QlMjJteUNvbnRlbnQ1JTIyJTIwc3R5bGUlM0QlMjJwb3NpdGlvbiUzQWFic29sdXRlJTNCJTIwei1pbmRleCUzQTUxJTNCJTIwdG9wJTNBMHB4JTNCJTIwZmxvYXQlM0FsZWZ0JTNCJTIwZGlzcGxheSUzQSUyMG5vbmUlM0IlMjIlM0UlMEElMjAlMjAlMjAlMjAlMjAlMjAlM0NpbWclMjBzcmMlM0QlMjJodHRwcyUzQSUyRiUyRnd3dy5heGVzc3RtYy5jb20lMkZ3cC1jb250ZW50JTJGdXBsb2FkcyUyRjIwMTYlMkYwNCUyRmlsbHUtZWR1Y2F0aW9uLTFhLnBuZyUyMiUzRSUwQSUyMCUyMCUzQyUyRmRpdiUzRSUwQSUzQyUyRmRpdiUzRQ==[\/vc_raw_html][\/vc_column][\/vc_row][vc_row css_animation=&#8221;&#8221; row_type=&#8221;row&#8221; use_row_as_full_screen_section=&#8221;no&#8221; type=&#8221;full_width&#8221; angled_section=&#8221;no&#8221; text_align=&#8221;left&#8221; background_image_as_pattern=&#8221;without_pattern&#8221; css=&#8221;.vc_custom_1525336678625{padding-top: 32px !important;padding-bottom: 50px !important;background-color: #f4f4f4 !important;}&#8221; z_index=&#8221;&#8221;][vc_column][vc_column_text]<\/p>\n<h1 style=\"text-align: center;\">M\u00e1s informaci\u00f3n sobre nuestras soluciones\u2026<\/h1>\n<p>[\/vc_column_text][\/vc_column][\/vc_row][vc_row css_animation=&#8221;&#8221; row_type=&#8221;row&#8221; use_row_as_full_screen_section=&#8221;no&#8221; type=&#8221;full_width&#8221; angled_section=&#8221;no&#8221; text_align=&#8221;left&#8221; background_image_as_pattern=&#8221;without_pattern&#8221; css=&#8221;.vc_custom_1461228733426{background-color: #f4f4f4 !important;}&#8221;][vc_column width=&#8221;1\/6&#8243;][vc_single_image image=&#8221;25412&#8243; alignment=&#8221;center&#8221; onclick=&#8221;custom_link&#8221; qode_css_animation=&#8221;element_from_bottom&#8221; link=&#8221;https:\/\/www.axesstmc.com\/es\/control-accesos\/&#8221;][vc_column_text]<\/p>\n<h1 class=\"icon-markets\" style=\"text-align: center;\"><a href=\"https:\/\/www.axesstmc.com\/es\/control-accesos\/\">Control accesos<\/a><\/h1>\n<p>[\/vc_column_text][\/vc_column][vc_column width=&#8221;1\/6&#8243;][vc_single_image image=&#8221;25413&#8243; alignment=&#8221;center&#8221; onclick=&#8221;custom_link&#8221; qode_css_animation=&#8221;element_from_bottom&#8221; link=&#8221;https:\/\/www.axesstmc.com\/es\/deteccion-presencias\/&#8221;][vc_column_text]<\/p>\n<h1 class=\"icon-markets\" style=\"text-align: center;\"><a href=\"https:\/\/www.axesstmc.com\/es\/deteccion-presencias\/\">Detecci\u00f3n de presencias<\/a><\/h1>\n<p>[\/vc_column_text][\/vc_column][vc_column width=&#8221;1\/6&#8243;][vc_single_image image=&#8221;25405&#8243; alignment=&#8221;center&#8221; onclick=&#8221;custom_link&#8221; qode_css_animation=&#8221;element_from_bottom&#8221; link=&#8221;https:\/\/www.axesstmc.com\/es\/sistemas-de-videovigilancia\/&#8221;][vc_column_text]<\/p>\n<h1 class=\"icon-markets\" style=\"text-align: center;\"><a href=\"https:\/\/www.axesstmc.com\/es\/sistemas-de-videovigilancia\/\">Videovigilancia<\/a><\/h1>\n<p>[\/vc_column_text][\/vc_column][vc_column width=&#8221;1\/6&#8243;][vc_single_image image=&#8221;25415&#8243; alignment=&#8221;center&#8221; onclick=&#8221;custom_link&#8221; qode_css_animation=&#8221;element_from_bottom&#8221; link=&#8221;https:\/\/www.axesstmc.com\/es\/cerradura-inalambrica\/&#8221;][vc_column_text]<\/p>\n<h1 class=\"icon-markets\" style=\"text-align: center;\"><a href=\"https:\/\/www.axesstmc.com\/es\/cerradura-inalambrica\/\">Cerradura inal\u00e1mbrica<\/a><\/h1>\n<p>[\/vc_column_text][\/vc_column][vc_column width=&#8221;1\/6&#8243;][vc_single_image image=&#8221;25779&#8243; alignment=&#8221;center&#8221; onclick=&#8221;custom_link&#8221; qode_css_animation=&#8221;element_from_bottom&#8221; link=&#8221;https:\/\/www.axesstmc.com\/es\/sistema-antiintrusion\/&#8221;][vc_column_text]<\/p>\n<h1 class=\"icon-markets\" style=\"text-align: center;\"><a href=\"https:\/\/www.axesstmc.com\/es\/sistema-antiintrusion\/\">Sistema antiintrusi\u00f3n<\/a><\/h1>\n<p>[\/vc_column_text][\/vc_column][vc_column width=&#8221;1\/6&#8243;][vc_single_image image=&#8221;25391&#8243; alignment=&#8221;center&#8221; onclick=&#8221;custom_link&#8221; qode_css_animation=&#8221;element_from_bottom&#8221; link=&#8221;https:\/\/www.axesstmc.com\/es\/sistema-anti-incendios\/&#8221;][vc_column_text]<\/p>\n<h1 class=\"icon-markets\" style=\"text-align: center;\"><a href=\"https:\/\/www.axesstmc.com\/es\/sistema-anti-incendios\/\">Sistema antiincendio<\/a><\/h1>\n<p>[\/vc_column_text][\/vc_column][\/vc_row][vc_row css_animation=&#8221;&#8221; row_type=&#8221;row&#8221; use_row_as_full_screen_section=&#8221;no&#8221; type=&#8221;full_width&#8221; angled_section=&#8221;no&#8221; text_align=&#8221;left&#8221; background_image_as_pattern=&#8221;without_pattern&#8221; css=&#8221;.vc_custom_1461228742362{background-color: #f4f4f4 !important;}&#8221;][vc_column][vc_empty_space][\/vc_column][\/vc_row][vc_row css_animation=&#8221;&#8221; row_type=&#8221;row&#8221; use_row_as_full_screen_section=&#8221;no&#8221; type=&#8221;full_width&#8221; angled_section=&#8221;no&#8221; text_align=&#8221;left&#8221; background_image_as_pattern=&#8221;without_pattern&#8221; css=&#8221;.vc_custom_1521454494396{background-color: #0770b7 !important;}&#8221; z_index=&#8221;&#8221;][vc_column][vc_empty_space height=&#8221;40px&#8221;][vc_row_inner row_type=&#8221;row&#8221; type=&#8221;full_width&#8221; text_align=&#8221;left&#8221; css_animation=&#8221;&#8221;][vc_column_inner width=&#8221;1\/4&#8243;][\/vc_column_inner][vc_column_inner width=&#8221;1\/4&#8243;]<span data-type=\"normal\" data-hover-icon-color=\"#dd9933\" class=\"qode_icon_shortcode  q_font_awsome_icon fa-3x pull-center \" style=\" \"><a  itemprop=\"url\" href=\"https:\/\/www.axesstmc.com\/es\/case-history\/\" target=\"_blank\"><i class=\"qode_icon_font_awesome fa fa-cubes qode_icon_element\" style=\"color: #ffffff;\" ><\/i><\/a><\/span>[vc_column_text]<\/p>\n<h2 style=\"text-align: center;\"><span style=\"color: #ffffff;\">Case history<\/span><\/h2>\n<p>[\/vc_column_text][vc_empty_space height=&#8221;1rem&#8221;][\/vc_column_inner][vc_column_inner el_class=&#8221;sg-popup-id-38501&#8243; width=&#8221;1\/4&#8243;]<span data-type=\"normal\" data-hover-icon-color=\"#dd9933\" class=\"qode_icon_shortcode  q_font_awsome_icon fa-3x pull-center \" style=\" \"><i class=\"qode_icon_font_awesome fa fa-info qode_icon_element\" style=\"color: #ffffff;\" ><\/i><\/span>[vc_column_text]<\/p>\n<h2 style=\"text-align: center;\"><span style=\"color: #ffffff;\">Solicitar info<\/span><\/h2>\n<p>[\/vc_column_text][\/vc_column_inner][vc_column_inner width=&#8221;1\/4&#8243;][\/vc_column_inner][\/vc_row_inner][vc_empty_space height=&#8221;40px&#8221;][\/vc_column][\/vc_row]<\/p>\n<\/div>","protected":false},"excerpt":{"rendered":"<p>[vc_row css_animation=&#8221;&#8221; row_type=&#8221;row&#8221; use_row_as_full_screen_section=&#8221;no&#8221; type=&#8221;grid&#8221; angled_section=&#8221;no&#8221; text_align=&#8221;left&#8221; background_image_as_pattern=&#8221;without_pattern&#8221;][vc_column width=&#8221;10\/12&#8243;][vc_empty_space height=&#8221;50px&#8221;][vc_column_text] El sistema completo para garantizar que los espacios de las escuelas y universidades sean seguros para estudiantes, profesores y personal. [\/vc_column_text][vc_empty_space height=&#8221;50px&#8221;][vc_column_text] Hacer que las escuelas y universidades sean seguras y accesibles para los estudiantes,&#8230;<\/p>\n","protected":false},"author":14,"featured_media":0,"parent":0,"menu_order":0,"comment_status":"closed","ping_status":"closed","template":"full_width.php","meta":{"footnotes":""},"class_list":["post-39294","page","type-page","status-publish","hentry"],"yoast_head":"<!-- This site is optimized with the Yoast SEO plugin v27.4 - https:\/\/yoast.com\/product\/yoast-seo-wordpress\/ -->\n<title>Instituciones educativas - Detecci\u00f3n de presencia para las escuelas - Axess TMC<\/title>\n<meta name=\"description\" content=\"El sistema integrado para la detecci\u00f3n de presencias, control de acceso y seguridad. Siempre se puede controlar qui\u00e9n entra y qui\u00e9n sale de la universidad y de las aulas.\" \/>\n<meta name=\"robots\" content=\"index, follow, max-snippet:-1, max-image-preview:large, max-video-preview:-1\" \/>\n<link rel=\"canonical\" href=\"https:\/\/www.axesstmc.com\/es\/instituciones-educativas\/\" \/>\n<meta property=\"og:locale\" content=\"es_ES\" \/>\n<meta property=\"og:type\" content=\"article\" \/>\n<meta property=\"og:title\" content=\"Instituciones educativas - Detecci\u00f3n de presencia para las escuelas - Axess TMC\" \/>\n<meta property=\"og:description\" content=\"El sistema integrado para la detecci\u00f3n de presencias, control de acceso y seguridad. Siempre se puede controlar qui\u00e9n entra y qui\u00e9n sale de la universidad y de las aulas.\" \/>\n<meta property=\"og:url\" content=\"https:\/\/www.axesstmc.com\/es\/instituciones-educativas\/\" \/>\n<meta property=\"og:site_name\" content=\"AxessTMC\" \/>\n<meta property=\"article:publisher\" content=\"https:\/\/www.facebook.com\/zucchettiaxess\/\" \/>\n<meta property=\"article:modified_time\" content=\"2021-07-19T12:05:53+00:00\" \/>\n<meta property=\"og:image\" content=\"https:\/\/www.axesstmc.com\/wp-content\/uploads\/2016\/05\/banner-education-1235x564.jpg\" \/>\n<meta name=\"twitter:card\" content=\"summary_large_image\" \/>\n<meta name=\"twitter:label1\" content=\"Est. reading time\" \/>\n\t<meta name=\"twitter:data1\" content=\"2 minutes\" \/>\n<script type=\"application\/ld+json\" class=\"yoast-schema-graph\">{\"@context\":\"https:\\\/\\\/schema.org\",\"@graph\":[{\"@type\":\"WebPage\",\"@id\":\"https:\\\/\\\/www.axesstmc.com\\\/es\\\/instituciones-educativas\\\/\",\"url\":\"https:\\\/\\\/www.axesstmc.com\\\/es\\\/instituciones-educativas\\\/\",\"name\":\"Instituciones educativas - Detecci\u00f3n de presencia para las escuelas - Axess TMC\",\"isPartOf\":{\"@id\":\"https:\\\/\\\/www.axesstmc.com\\\/es\\\/#website\"},\"datePublished\":\"2020-11-24T15:53:42+00:00\",\"dateModified\":\"2021-07-19T12:05:53+00:00\",\"description\":\"El sistema integrado para la detecci\u00f3n de presencias, control de acceso y seguridad. Siempre se puede controlar qui\u00e9n entra y qui\u00e9n sale de la universidad y de las aulas.\",\"inLanguage\":\"es-ES\",\"potentialAction\":[{\"@type\":\"ReadAction\",\"target\":[\"https:\\\/\\\/www.axesstmc.com\\\/es\\\/instituciones-educativas\\\/\"]}]},{\"@type\":\"WebSite\",\"@id\":\"https:\\\/\\\/www.axesstmc.com\\\/es\\\/#website\",\"url\":\"https:\\\/\\\/www.axesstmc.com\\\/es\\\/\",\"name\":\"AxessTMC\",\"description\":\"Software and Hardware for access control, intrusion detection\",\"publisher\":{\"@id\":\"https:\\\/\\\/www.axesstmc.com\\\/es\\\/#organization\"},\"potentialAction\":[{\"@type\":\"SearchAction\",\"target\":{\"@type\":\"EntryPoint\",\"urlTemplate\":\"https:\\\/\\\/www.axesstmc.com\\\/es\\\/?s={search_term_string}\"},\"query-input\":{\"@type\":\"PropertyValueSpecification\",\"valueRequired\":true,\"valueName\":\"search_term_string\"}}],\"inLanguage\":\"es-ES\"},{\"@type\":\"Organization\",\"@id\":\"https:\\\/\\\/www.axesstmc.com\\\/es\\\/#organization\",\"name\":\"AxessTMC\",\"url\":\"https:\\\/\\\/www.axesstmc.com\\\/es\\\/\",\"logo\":{\"@type\":\"ImageObject\",\"inLanguage\":\"es-ES\",\"@id\":\"https:\\\/\\\/www.axesstmc.com\\\/es\\\/#\\\/schema\\\/logo\\\/image\\\/\",\"url\":\"https:\\\/\\\/www.axesstmc.com\\\/wp-content\\\/uploads\\\/2019\\\/10\\\/Logo-AxessTMC-Z-Group.jpg\",\"contentUrl\":\"https:\\\/\\\/www.axesstmc.com\\\/wp-content\\\/uploads\\\/2019\\\/10\\\/Logo-AxessTMC-Z-Group.jpg\",\"width\":185,\"height\":55,\"caption\":\"AxessTMC\"},\"image\":{\"@id\":\"https:\\\/\\\/www.axesstmc.com\\\/es\\\/#\\\/schema\\\/logo\\\/image\\\/\"},\"sameAs\":[\"https:\\\/\\\/www.facebook.com\\\/zucchettiaxess\\\/\",\"https:\\\/\\\/www.linkedin.com\\\/company\\\/zucchetti-axess-s-p-a-?trk=prof-following-company-logo\",\"https:\\\/\\\/www.youtube.com\\\/results?q=axess tmc\"]}]}<\/script>\n<!-- \/ Yoast SEO plugin. -->","yoast_head_json":{"title":"Instituciones educativas - Detecci\u00f3n de presencia para las escuelas - Axess TMC","description":"El sistema integrado para la detecci\u00f3n de presencias, control de acceso y seguridad. Siempre se puede controlar qui\u00e9n entra y qui\u00e9n sale de la universidad y de las aulas.","robots":{"index":"index","follow":"follow","max-snippet":"max-snippet:-1","max-image-preview":"max-image-preview:large","max-video-preview":"max-video-preview:-1"},"canonical":"https:\/\/www.axesstmc.com\/es\/instituciones-educativas\/","og_locale":"es_ES","og_type":"article","og_title":"Instituciones educativas - Detecci\u00f3n de presencia para las escuelas - Axess TMC","og_description":"El sistema integrado para la detecci\u00f3n de presencias, control de acceso y seguridad. Siempre se puede controlar qui\u00e9n entra y qui\u00e9n sale de la universidad y de las aulas.","og_url":"https:\/\/www.axesstmc.com\/es\/instituciones-educativas\/","og_site_name":"AxessTMC","article_publisher":"https:\/\/www.facebook.com\/zucchettiaxess\/","article_modified_time":"2021-07-19T12:05:53+00:00","og_image":[{"url":"https:\/\/www.axesstmc.com\/wp-content\/uploads\/2016\/05\/banner-education-1235x564.jpg","type":"","width":"","height":""}],"twitter_card":"summary_large_image","twitter_misc":{"Est. reading time":"2 minutes"},"schema":{"@context":"https:\/\/schema.org","@graph":[{"@type":"WebPage","@id":"https:\/\/www.axesstmc.com\/es\/instituciones-educativas\/","url":"https:\/\/www.axesstmc.com\/es\/instituciones-educativas\/","name":"Instituciones educativas - Detecci\u00f3n de presencia para las escuelas - Axess TMC","isPartOf":{"@id":"https:\/\/www.axesstmc.com\/es\/#website"},"datePublished":"2020-11-24T15:53:42+00:00","dateModified":"2021-07-19T12:05:53+00:00","description":"El sistema integrado para la detecci\u00f3n de presencias, control de acceso y seguridad. Siempre se puede controlar qui\u00e9n entra y qui\u00e9n sale de la universidad y de las aulas.","inLanguage":"es-ES","potentialAction":[{"@type":"ReadAction","target":["https:\/\/www.axesstmc.com\/es\/instituciones-educativas\/"]}]},{"@type":"WebSite","@id":"https:\/\/www.axesstmc.com\/es\/#website","url":"https:\/\/www.axesstmc.com\/es\/","name":"AxessTMC","description":"Software and Hardware for access control, intrusion detection","publisher":{"@id":"https:\/\/www.axesstmc.com\/es\/#organization"},"potentialAction":[{"@type":"SearchAction","target":{"@type":"EntryPoint","urlTemplate":"https:\/\/www.axesstmc.com\/es\/?s={search_term_string}"},"query-input":{"@type":"PropertyValueSpecification","valueRequired":true,"valueName":"search_term_string"}}],"inLanguage":"es-ES"},{"@type":"Organization","@id":"https:\/\/www.axesstmc.com\/es\/#organization","name":"AxessTMC","url":"https:\/\/www.axesstmc.com\/es\/","logo":{"@type":"ImageObject","inLanguage":"es-ES","@id":"https:\/\/www.axesstmc.com\/es\/#\/schema\/logo\/image\/","url":"https:\/\/www.axesstmc.com\/wp-content\/uploads\/2019\/10\/Logo-AxessTMC-Z-Group.jpg","contentUrl":"https:\/\/www.axesstmc.com\/wp-content\/uploads\/2019\/10\/Logo-AxessTMC-Z-Group.jpg","width":185,"height":55,"caption":"AxessTMC"},"image":{"@id":"https:\/\/www.axesstmc.com\/es\/#\/schema\/logo\/image\/"},"sameAs":["https:\/\/www.facebook.com\/zucchettiaxess\/","https:\/\/www.linkedin.com\/company\/zucchetti-axess-s-p-a-?trk=prof-following-company-logo","https:\/\/www.youtube.com\/results?q=axess tmc"]}]}},"_links":{"self":[{"href":"https:\/\/www.axesstmc.com\/es\/wp-json\/wp\/v2\/pages\/39294","targetHints":{"allow":["GET"]}}],"collection":[{"href":"https:\/\/www.axesstmc.com\/es\/wp-json\/wp\/v2\/pages"}],"about":[{"href":"https:\/\/www.axesstmc.com\/es\/wp-json\/wp\/v2\/types\/page"}],"author":[{"embeddable":true,"href":"https:\/\/www.axesstmc.com\/es\/wp-json\/wp\/v2\/users\/14"}],"replies":[{"embeddable":true,"href":"https:\/\/www.axesstmc.com\/es\/wp-json\/wp\/v2\/comments?post=39294"}],"version-history":[{"count":8,"href":"https:\/\/www.axesstmc.com\/es\/wp-json\/wp\/v2\/pages\/39294\/revisions"}],"predecessor-version":[{"id":40404,"href":"https:\/\/www.axesstmc.com\/es\/wp-json\/wp\/v2\/pages\/39294\/revisions\/40404"}],"wp:attachment":[{"href":"https:\/\/www.axesstmc.com\/es\/wp-json\/wp\/v2\/media?parent=39294"}],"curies":[{"name":"wp","href":"https:\/\/api.w.org\/{rel}","templated":true}]}}