{"id":39085,"date":"2020-11-23T14:48:32","date_gmt":"2020-11-23T14:48:32","guid":{"rendered":"https:\/\/www.axesstmc.com\/x4-glass\/"},"modified":"2024-09-26T15:08:20","modified_gmt":"2024-09-26T15:08:20","slug":"x4-glass","status":"publish","type":"page","link":"https:\/\/www.axesstmc.com\/es\/x4-glass\/","title":{"rendered":"X4 Glass"},"content":{"rendered":"<div class=\"wpb-content-wrapper\"><p>[vc_row css_animation=&#8221;&#8221; row_type=&#8221;row&#8221; use_row_as_full_screen_section=&#8221;no&#8221; type=&#8221;grid&#8221; angled_section=&#8221;no&#8221; text_align=&#8221;left&#8221; background_image_as_pattern=&#8221;without_pattern&#8221;][vc_column width=&#8221;1\/2&#8243;][vc_single_image image=&#8221;30994&#8243; img_size=&#8221;full&#8221; alignment=&#8221;center&#8221; qode_css_animation=&#8221;&#8221;][\/vc_column][vc_column width=&#8221;1\/2&#8243;][vc_empty_space height=&#8221;70px&#8221;][vc_column_text]<\/p>\n<h1><strong>X4 Glass<\/strong> es el terminal web para control de accesos y de presencia que combina un dise\u00f1o compacto y elegante con total fiabilidad y robustez.<\/h1>\n<p>[\/vc_column_text][vc_empty_space height=&#8221;2.5rem&#8221;]<div class=\"q_icon_list\"><i class=\"qode_icon_font_awesome fa fa-check qode-ili-icon-holder circle\" style=\"color: #ffffff;background-color: #0770b7;\" ><\/i><p style=\"font-size: 20px;font-weight: 700;\">Pantalla 4,3\/10 pulgadas<\/p><\/div>[vc_empty_space height=&#8221;1.5rem&#8221;]<div class=\"q_icon_list\"><i class=\"qode_icon_font_awesome fa fa-check qode-ili-icon-holder circle\" style=\"color: #ffffff;background-color: #0770b7;\" ><\/i><p style=\"font-size: 20px;font-weight: 700;\">HTTPS<\/p><\/div>[vc_empty_space height=&#8221;1.5rem&#8221;]<div class=\"q_icon_list\"><i class=\"qode_icon_font_awesome fa fa-check qode-ili-icon-holder circle\" style=\"color: #ffffff;background-color: #0770b7;\" ><\/i><p style=\"font-size: 20px;font-weight: 700;\">Retrato o paisaje<\/p><\/div>[\/vc_column][\/vc_row][vc_row css_animation=&#8221;&#8221; row_type=&#8221;row&#8221; use_row_as_full_screen_section=&#8221;yes&#8221; type=&#8221;full_width&#8221; angled_section=&#8221;no&#8221; text_align=&#8221;left&#8221; background_image_as_pattern=&#8221;without_pattern&#8221; z_index=&#8221;&#8221;][vc_column][vc_row_inner row_type=&#8221;row&#8221; type=&#8221;full_width&#8221; text_align=&#8221;left&#8221; css_animation=&#8221;&#8221; padding_top=&#8221;0&#8243; padding_bottom=&#8221;0&#8243;][vc_column_inner][vc_empty_space height=&#8221;20rem&#8221; css=&#8221;.vc_custom_1537884365091{margin-top: 2rem !important;margin-bottom: 2rem !important;padding-top: 5rem !important;padding-bottom: 5rem !important;background-image: url(https:\/\/www.axesstmc.com\/wp-content\/uploads\/2018\/05\/banner-blu-triangoli.png) !important;background-position: center !important;background-repeat: no-repeat !important;background-size: cover !important;}&#8221; el_class=&#8221;banner giallo-triangoli&#8221;][\/vc_column_inner][\/vc_row_inner][\/vc_column][\/vc_row][vc_row css_animation=&#8221;&#8221; row_type=&#8221;row&#8221; use_row_as_full_screen_section=&#8221;no&#8221; type=&#8221;grid&#8221; angled_section=&#8221;no&#8221; text_align=&#8221;left&#8221; background_image_as_pattern=&#8221;without_pattern&#8221;][vc_column][vc_column_text]<\/p>\n<h1><strong>Innovador, simple y f\u00e1cil de usar<\/strong><\/h1>\n<p>&nbsp;<\/p>\n<p>X4 Glass es un terminal de control de presencias y un controlador de puertas que garantiza un control de accesos de alta seguridad. Equipado con una pantalla t\u00e1ctil a color capacitiva o resistiva de 4,3\u201d pulgadas con montaje vertical u horizontal y una alarma sonora para se\u00f1ales ac\u00fasticas.<br \/>\nAdecuado para grandes empresas pero tambi\u00e9n para peque\u00f1os sistemas que, gracias a la funci\u00f3n Web Table Editor, podr\u00e1n con unos pocos clics obtener el fichaje de los empleados y gestionar el sistema de control de accesos directamente desde un navegador de PC sin necesidad de instalar un software.<\/p>\n<p>&nbsp;<\/p>\n<h2>Listo para su uso<\/h2>\n<p>Las funciones integradas de control de accesos y presencias permiten gestionar diferentes necesidades de recolecci\u00f3n de datos y seguridad corporativa.<\/p>\n<p>&nbsp;<\/p>\n<h2>Configurable v\u00eda FTP o web<\/h2>\n<p>Desde cualquier navegador se pueden definir los criterios de control de acceso, la inserci\u00f3n de usuarios y tarjetas, las franjas horarias, los c\u00f3digos de motivos y la gesti\u00f3n de las puertas controladas.<\/p>\n<p>&nbsp;<\/p>\n<h2>Biom\u00e9trico<\/h2>\n<p>Desarrollando el X4 Glass con un FingerBOX o XFinger, hasta 8, es posible registrar y distribuir huellas dactilares a los terminales.<\/p>\n<p>&nbsp;<\/p>\n<h2>Equipado con tecnolog\u00eda POE<\/h2>\n<p>Se puede instalar con un solo cable Ethernet que permite tanto la transferencia de datos como la alimentaci\u00f3n del dispositivo.<\/p>\n<p>&nbsp;<\/p>\n<h2>Dotado de bater\u00eda interna<\/h2>\n<p>La bater\u00eda est\u00e1ndar lo mantiene en funcionamiento durante una hora en ausencia de corriente el\u00e9ctrica.<\/p>\n<p>&nbsp;<\/p>\n<h2>Equipado con puerto USB externo<\/h2>\n<p>Esta funci\u00f3n permite descargar los fichajes directamente desde el terminal, que se puede utilizar en sistemas independientes con una contrase\u00f1a protegida.[\/vc_column_text][vc_empty_space height=&#8221;50px&#8221;][vc_column_text]<\/p>\n<h1><strong>X4 est\u00e1 equipado con el lector de tecnolog\u00eda m\u00faltiple RF5<\/strong><\/h1>\n<p>&nbsp;<\/p>\n<p>Capaz de leer tarjetas:<\/p>\n<ul>\n<li>125 KHZ EM4102 y compatibles,<\/li>\n<li>13,56 MHz Mifare: Ultralight, Classic 1K, 4K, Classic EV1 1K, DESFIRE.<\/li>\n<li>tag NFC Forum Type2.<\/li>\n<\/ul>\n<p>&nbsp;<\/p>\n<p>El lector RF5 se puede configurar en modo unidireccional (entrada o salida) o bidireccional (entrada y salida en dos lados extremos del lector). X4, que lee simult\u00e1neamente tecnolog\u00eda 125KHz y 13,56 MHz, garantiza importantes ventajas en entornos con tecnolog\u00eda mixta o en proceso de cambio tecnol\u00f3gico de las tarjetas.[\/vc_column_text][vc_empty_space height=&#8221;50px&#8221;][\/vc_column][\/vc_row][vc_row css_animation=&#8221;&#8221; row_type=&#8221;row&#8221; use_row_as_full_screen_section=&#8221;no&#8221; type=&#8221;full_width&#8221; angled_section=&#8221;no&#8221; text_align=&#8221;left&#8221; background_image_as_pattern=&#8221;without_pattern&#8221;][vc_column][vc_empty_space height=&#8221;100px&#8221;][\/vc_column][\/vc_row][vc_row css_animation=&#8221;&#8221; row_type=&#8221;row&#8221; use_row_as_full_screen_section=&#8221;no&#8221; type=&#8221;full_width&#8221; angled_section=&#8221;no&#8221; text_align=&#8221;left&#8221; background_image_as_pattern=&#8221;without_pattern&#8221; css=&#8221;.vc_custom_1521454494396{background-color: #0770b7 !important;}&#8221; z_index=&#8221;&#8221;][vc_column][vc_empty_space height=&#8221;40px&#8221;][vc_row_inner row_type=&#8221;row&#8221; type=&#8221;full_width&#8221; text_align=&#8221;left&#8221; css_animation=&#8221;&#8221;][vc_column_inner width=&#8221;1\/5&#8243;][\/vc_column_inner][vc_column_inner width=&#8221;1\/5&#8243;]<span data-type=\"normal\" data-hover-icon-color=\"#dd9933\" class=\"qode_icon_shortcode  q_font_awsome_icon fa-3x pull-center \" style=\" \"><a  itemprop=\"url\" href=\"https:\/\/www.axesstmc.com\/wp-content\/uploads\/2023\/11\/X4_GLASS_ESP.pdf\" target=\"_blank\"><i class=\"qode_icon_font_awesome fa fa-download qode_icon_element\" style=\"color: #ffffff;\" ><\/i><\/a><\/span>[vc_column_text]<\/p>\n<h2 style=\"text-align: center;\"><span style=\"color: #ffffff;\">PDF Datasheet<\/span><\/h2>\n<p>[\/vc_column_text][vc_empty_space height=&#8221;1rem&#8221;][\/vc_column_inner][vc_column_inner el_class=&#8221;sg-popup-id-38501&#8243; width=&#8221;1\/5&#8243;]<span data-type=\"normal\" data-hover-icon-color=\"#dd9933\" class=\"qode_icon_shortcode  q_font_awsome_icon fa-3x pull-center \" style=\" \"><i class=\"qode_icon_font_awesome fa fa-info qode_icon_element\" style=\"color: #ffffff;\" ><\/i><\/span>[vc_column_text]<\/p>\n<h2 style=\"text-align: center;\"><span style=\"color: #ffffff;\">Solicitar info<\/span><\/h2>\n<p>[\/vc_column_text][\/vc_column_inner][vc_column_inner width=&#8221;1\/5&#8243;]<span data-type=\"normal\" data-hover-icon-color=\"#dd9933\" class=\"qode_icon_shortcode  q_font_awsome_icon fa-2x pull-center \" style=\" \"><a  itemprop=\"url\" href=\"https:\/\/www.axesstmc.com\/wp-content\/uploads\/2022\/01\/ZA_PIMS_Terminals_and_Biometrics-data_ENG.pdf\" target=\"_blank\"><i class=\"qode_icon_font_awesome fa fa-file qode_icon_element\" style=\"color: #ffffff;\" ><\/i><\/a><\/span>[vc_empty_space height=&#8221;1rem&#8221;][vc_column_text]<\/p>\n<p style=\"text-align: center;\"><strong><span style=\"color: #ffffff;\">Registro de tratamiento<\/span><\/strong><\/p>\n<p style=\"text-align: center;\"><strong><span style=\"color: #ffffff;\">Terminales y biometr\u00eda<\/span><\/strong><\/p>\n<p style=\"text-align: center;\"><span style=\"color: #ffffff;\">previsto en el art. 30 del Reglamento 679\/2016\/ (GDPR)<\/span><\/p>\n<p>[\/vc_column_text][\/vc_column_inner][vc_column_inner width=&#8221;1\/5&#8243;][\/vc_column_inner][\/vc_row_inner][vc_empty_space height=&#8221;40px&#8221;][\/vc_column][\/vc_row]<\/p>\n<\/div>","protected":false},"excerpt":{"rendered":"<p>[vc_row css_animation=&#8221;&#8221; row_type=&#8221;row&#8221; use_row_as_full_screen_section=&#8221;no&#8221; type=&#8221;grid&#8221; angled_section=&#8221;no&#8221; text_align=&#8221;left&#8221; background_image_as_pattern=&#8221;without_pattern&#8221;][vc_column width=&#8221;1\/2&#8243;][vc_single_image image=&#8221;30994&#8243; img_size=&#8221;full&#8221; alignment=&#8221;center&#8221; qode_css_animation=&#8221;&#8221;][\/vc_column][vc_column width=&#8221;1\/2&#8243;][vc_empty_space height=&#8221;70px&#8221;][vc_column_text] X4 Glass es el terminal web para control de accesos y de presencia que combina un dise\u00f1o compacto y elegante con total fiabilidad y robustez. [\/vc_column_text][vc_empty_space height=&#8221;2.5rem&#8221;][vc_empty_space height=&#8221;1.5rem&#8221;][vc_empty_space height=&#8221;1.5rem&#8221;][\/vc_column][\/vc_row][vc_row css_animation=&#8221;&#8221;&#8230;<\/p>\n","protected":false},"author":14,"featured_media":0,"parent":0,"menu_order":0,"comment_status":"closed","ping_status":"closed","template":"full_width.php","meta":{"footnotes":""},"class_list":["post-39085","page","type-page","status-publish","hentry"],"yoast_head":"<!-- This site is optimized with the Yoast SEO plugin v27.4 - https:\/\/yoast.com\/product\/yoast-seo-wordpress\/ -->\n<title>X4 Glass. terminal de detecci\u00f3n de presencia | AxessTMC<\/title>\n<meta name=\"description\" content=\"X4 Glass es el terminal web para control de accesos y de presencia. Con pantalla t\u00e1ctil en color, \u00a1tambi\u00e9n es biom\u00e9trico!\" \/>\n<meta name=\"robots\" content=\"index, follow, max-snippet:-1, max-image-preview:large, max-video-preview:-1\" \/>\n<link rel=\"canonical\" href=\"https:\/\/www.axesstmc.com\/es\/x4-glass\/\" \/>\n<meta property=\"og:locale\" content=\"es_ES\" \/>\n<meta property=\"og:type\" content=\"article\" \/>\n<meta property=\"og:title\" content=\"X4 Glass. terminal de detecci\u00f3n de presencia | AxessTMC\" \/>\n<meta property=\"og:description\" content=\"X4 Glass es el terminal web para control de accesos y de presencia. Con pantalla t\u00e1ctil en color, \u00a1tambi\u00e9n es biom\u00e9trico!\" \/>\n<meta property=\"og:url\" content=\"https:\/\/www.axesstmc.com\/es\/x4-glass\/\" \/>\n<meta property=\"og:site_name\" content=\"AxessTMC\" \/>\n<meta property=\"article:publisher\" content=\"https:\/\/www.facebook.com\/zucchettiaxess\/\" \/>\n<meta property=\"article:modified_time\" content=\"2024-09-26T15:08:20+00:00\" \/>\n<meta name=\"twitter:card\" content=\"summary_large_image\" \/>\n<meta name=\"twitter:label1\" content=\"Est. reading time\" \/>\n\t<meta name=\"twitter:data1\" content=\"3 minutes\" \/>\n<script type=\"application\/ld+json\" class=\"yoast-schema-graph\">{\"@context\":\"https:\\\/\\\/schema.org\",\"@graph\":[{\"@type\":\"WebPage\",\"@id\":\"https:\\\/\\\/www.axesstmc.com\\\/es\\\/x4-glass\\\/\",\"url\":\"https:\\\/\\\/www.axesstmc.com\\\/es\\\/x4-glass\\\/\",\"name\":\"X4 Glass. terminal de detecci\u00f3n de presencia | AxessTMC\",\"isPartOf\":{\"@id\":\"https:\\\/\\\/www.axesstmc.com\\\/es\\\/#website\"},\"datePublished\":\"2020-11-23T14:48:32+00:00\",\"dateModified\":\"2024-09-26T15:08:20+00:00\",\"description\":\"X4 Glass es el terminal web para control de accesos y de presencia. Con pantalla t\u00e1ctil en color, \u00a1tambi\u00e9n es biom\u00e9trico!\",\"inLanguage\":\"es-ES\",\"potentialAction\":[{\"@type\":\"ReadAction\",\"target\":[\"https:\\\/\\\/www.axesstmc.com\\\/es\\\/x4-glass\\\/\"]}]},{\"@type\":\"WebSite\",\"@id\":\"https:\\\/\\\/www.axesstmc.com\\\/es\\\/#website\",\"url\":\"https:\\\/\\\/www.axesstmc.com\\\/es\\\/\",\"name\":\"AxessTMC\",\"description\":\"Software and Hardware for access control, intrusion detection\",\"publisher\":{\"@id\":\"https:\\\/\\\/www.axesstmc.com\\\/es\\\/#organization\"},\"potentialAction\":[{\"@type\":\"SearchAction\",\"target\":{\"@type\":\"EntryPoint\",\"urlTemplate\":\"https:\\\/\\\/www.axesstmc.com\\\/es\\\/?s={search_term_string}\"},\"query-input\":{\"@type\":\"PropertyValueSpecification\",\"valueRequired\":true,\"valueName\":\"search_term_string\"}}],\"inLanguage\":\"es-ES\"},{\"@type\":\"Organization\",\"@id\":\"https:\\\/\\\/www.axesstmc.com\\\/es\\\/#organization\",\"name\":\"AxessTMC\",\"url\":\"https:\\\/\\\/www.axesstmc.com\\\/es\\\/\",\"logo\":{\"@type\":\"ImageObject\",\"inLanguage\":\"es-ES\",\"@id\":\"https:\\\/\\\/www.axesstmc.com\\\/es\\\/#\\\/schema\\\/logo\\\/image\\\/\",\"url\":\"https:\\\/\\\/www.axesstmc.com\\\/wp-content\\\/uploads\\\/2019\\\/10\\\/Logo-AxessTMC-Z-Group.jpg\",\"contentUrl\":\"https:\\\/\\\/www.axesstmc.com\\\/wp-content\\\/uploads\\\/2019\\\/10\\\/Logo-AxessTMC-Z-Group.jpg\",\"width\":185,\"height\":55,\"caption\":\"AxessTMC\"},\"image\":{\"@id\":\"https:\\\/\\\/www.axesstmc.com\\\/es\\\/#\\\/schema\\\/logo\\\/image\\\/\"},\"sameAs\":[\"https:\\\/\\\/www.facebook.com\\\/zucchettiaxess\\\/\",\"https:\\\/\\\/www.linkedin.com\\\/company\\\/zucchetti-axess-s-p-a-?trk=prof-following-company-logo\",\"https:\\\/\\\/www.youtube.com\\\/results?q=axess tmc\"]}]}<\/script>\n<!-- \/ Yoast SEO plugin. -->","yoast_head_json":{"title":"X4 Glass. terminal de detecci\u00f3n de presencia | AxessTMC","description":"X4 Glass es el terminal web para control de accesos y de presencia. Con pantalla t\u00e1ctil en color, \u00a1tambi\u00e9n es biom\u00e9trico!","robots":{"index":"index","follow":"follow","max-snippet":"max-snippet:-1","max-image-preview":"max-image-preview:large","max-video-preview":"max-video-preview:-1"},"canonical":"https:\/\/www.axesstmc.com\/es\/x4-glass\/","og_locale":"es_ES","og_type":"article","og_title":"X4 Glass. terminal de detecci\u00f3n de presencia | AxessTMC","og_description":"X4 Glass es el terminal web para control de accesos y de presencia. Con pantalla t\u00e1ctil en color, \u00a1tambi\u00e9n es biom\u00e9trico!","og_url":"https:\/\/www.axesstmc.com\/es\/x4-glass\/","og_site_name":"AxessTMC","article_publisher":"https:\/\/www.facebook.com\/zucchettiaxess\/","article_modified_time":"2024-09-26T15:08:20+00:00","twitter_card":"summary_large_image","twitter_misc":{"Est. reading time":"3 minutes"},"schema":{"@context":"https:\/\/schema.org","@graph":[{"@type":"WebPage","@id":"https:\/\/www.axesstmc.com\/es\/x4-glass\/","url":"https:\/\/www.axesstmc.com\/es\/x4-glass\/","name":"X4 Glass. terminal de detecci\u00f3n de presencia | AxessTMC","isPartOf":{"@id":"https:\/\/www.axesstmc.com\/es\/#website"},"datePublished":"2020-11-23T14:48:32+00:00","dateModified":"2024-09-26T15:08:20+00:00","description":"X4 Glass es el terminal web para control de accesos y de presencia. Con pantalla t\u00e1ctil en color, \u00a1tambi\u00e9n es biom\u00e9trico!","inLanguage":"es-ES","potentialAction":[{"@type":"ReadAction","target":["https:\/\/www.axesstmc.com\/es\/x4-glass\/"]}]},{"@type":"WebSite","@id":"https:\/\/www.axesstmc.com\/es\/#website","url":"https:\/\/www.axesstmc.com\/es\/","name":"AxessTMC","description":"Software and Hardware for access control, intrusion detection","publisher":{"@id":"https:\/\/www.axesstmc.com\/es\/#organization"},"potentialAction":[{"@type":"SearchAction","target":{"@type":"EntryPoint","urlTemplate":"https:\/\/www.axesstmc.com\/es\/?s={search_term_string}"},"query-input":{"@type":"PropertyValueSpecification","valueRequired":true,"valueName":"search_term_string"}}],"inLanguage":"es-ES"},{"@type":"Organization","@id":"https:\/\/www.axesstmc.com\/es\/#organization","name":"AxessTMC","url":"https:\/\/www.axesstmc.com\/es\/","logo":{"@type":"ImageObject","inLanguage":"es-ES","@id":"https:\/\/www.axesstmc.com\/es\/#\/schema\/logo\/image\/","url":"https:\/\/www.axesstmc.com\/wp-content\/uploads\/2019\/10\/Logo-AxessTMC-Z-Group.jpg","contentUrl":"https:\/\/www.axesstmc.com\/wp-content\/uploads\/2019\/10\/Logo-AxessTMC-Z-Group.jpg","width":185,"height":55,"caption":"AxessTMC"},"image":{"@id":"https:\/\/www.axesstmc.com\/es\/#\/schema\/logo\/image\/"},"sameAs":["https:\/\/www.facebook.com\/zucchettiaxess\/","https:\/\/www.linkedin.com\/company\/zucchetti-axess-s-p-a-?trk=prof-following-company-logo","https:\/\/www.youtube.com\/results?q=axess tmc"]}]}},"_links":{"self":[{"href":"https:\/\/www.axesstmc.com\/es\/wp-json\/wp\/v2\/pages\/39085","targetHints":{"allow":["GET"]}}],"collection":[{"href":"https:\/\/www.axesstmc.com\/es\/wp-json\/wp\/v2\/pages"}],"about":[{"href":"https:\/\/www.axesstmc.com\/es\/wp-json\/wp\/v2\/types\/page"}],"author":[{"embeddable":true,"href":"https:\/\/www.axesstmc.com\/es\/wp-json\/wp\/v2\/users\/14"}],"replies":[{"embeddable":true,"href":"https:\/\/www.axesstmc.com\/es\/wp-json\/wp\/v2\/comments?post=39085"}],"version-history":[{"count":10,"href":"https:\/\/www.axesstmc.com\/es\/wp-json\/wp\/v2\/pages\/39085\/revisions"}],"predecessor-version":[{"id":45061,"href":"https:\/\/www.axesstmc.com\/es\/wp-json\/wp\/v2\/pages\/39085\/revisions\/45061"}],"wp:attachment":[{"href":"https:\/\/www.axesstmc.com\/es\/wp-json\/wp\/v2\/media?parent=39085"}],"curies":[{"name":"wp","href":"https:\/\/api.w.org\/{rel}","templated":true}]}}