{"id":39044,"date":"2020-11-23T13:48:29","date_gmt":"2020-11-23T13:48:29","guid":{"rendered":"https:\/\/www.axesstmc.com\/ble-tag\/"},"modified":"2022-03-04T10:17:51","modified_gmt":"2022-03-04T10:17:51","slug":"ble-tag","status":"publish","type":"page","link":"https:\/\/www.axesstmc.com\/es\/ble-tag\/","title":{"rendered":"BLE TAG"},"content":{"rendered":"<div class=\"wpb-content-wrapper\"><p>[vc_row css_animation=&#8221;&#8221; row_type=&#8221;row&#8221; use_row_as_full_screen_section=&#8221;no&#8221; type=&#8221;grid&#8221; angled_section=&#8221;no&#8221; text_align=&#8221;left&#8221; background_image_as_pattern=&#8221;without_pattern&#8221;][vc_column width=&#8221;1\/2&#8243;][vc_empty_space height=&#8221;70px&#8221;][vc_single_image image=&#8221;41941&#8243; img_size=&#8221;large&#8221; alignment=&#8221;center&#8221; qode_css_animation=&#8221;&#8221;][\/vc_column][vc_column width=&#8221;1\/2&#8243;][vc_empty_space height=&#8221;70px&#8221;][vc_column_text]<\/p>\n<h1><strong>BLE Tag: <\/strong>tag de bolsillo con tecnolog\u00edas inal\u00e1mbricas adecuadas para m\u00faltiples aplicaciones de manos libres.<\/h1>\n<p>[\/vc_column_text][vc_empty_space height=&#8221;2.5rem&#8221;]<div class=\"q_icon_list\"><i class=\"qode_icon_font_awesome fa fa-check qode-ili-icon-holder circle\" style=\"color: #ffffff;background-color: #0770b7;\" ><\/i><p style=\"font-size: 20px;font-weight: 700;\">Port\u00e1til<\/p><\/div>[vc_empty_space height=&#8221;1.5rem&#8221;]<div class=\"q_icon_list\"><i class=\"qode_icon_font_awesome fa fa-check qode-ili-icon-holder circle\" style=\"color: #ffffff;background-color: #0770b7;\" ><\/i><p style=\"font-size: 20px;font-weight: 700;\">Tecnolog\u00eda BLE<\/p><\/div>[vc_empty_space height=&#8221;1.5rem&#8221;]<div class=\"q_icon_list\"><i class=\"qode_icon_font_awesome fa fa-check qode-ili-icon-holder circle\" style=\"color: #ffffff;background-color: #0770b7;\" ><\/i><p style=\"font-size: 20px;font-weight: 700;\">Configurables v\u00eda APP<\/p><\/div>[\/vc_column][\/vc_row][vc_row css_animation=&#8221;&#8221; row_type=&#8221;row&#8221; use_row_as_full_screen_section=&#8221;yes&#8221; type=&#8221;full_width&#8221; angled_section=&#8221;no&#8221; text_align=&#8221;left&#8221; background_image_as_pattern=&#8221;without_pattern&#8221; z_index=&#8221;&#8221;][vc_column][vc_row_inner row_type=&#8221;row&#8221; type=&#8221;full_width&#8221; text_align=&#8221;left&#8221; css_animation=&#8221;&#8221; padding_top=&#8221;0&#8243; padding_bottom=&#8221;0&#8243;][vc_column_inner][vc_empty_space height=&#8221;20rem&#8221; css=&#8221;.vc_custom_1537884365091{margin-top: 2rem !important;margin-bottom: 2rem !important;padding-top: 5rem !important;padding-bottom: 5rem !important;background-image: url(https:\/\/www.axesstmc.com\/wp-content\/uploads\/2018\/05\/banner-blu-triangoli.png) !important;background-position: center !important;background-repeat: no-repeat !important;background-size: cover !important;}&#8221; el_class=&#8221;banner giallo-triangoli&#8221;][\/vc_column_inner][\/vc_row_inner][\/vc_column][\/vc_row][vc_row css_animation=&#8221;&#8221; row_type=&#8221;row&#8221; use_row_as_full_screen_section=&#8221;no&#8221; type=&#8221;grid&#8221; angled_section=&#8221;no&#8221; text_align=&#8221;left&#8221; background_image_as_pattern=&#8221;without_pattern&#8221;][vc_column width=&#8221;4\/6&#8243;][vc_column_text]Las Tag AXESS TMC permiten<strong> identificar autom\u00e1ticamente personas u objetos con solo acercarse a unos metros del lector<\/strong>, automatizando as\u00ed la apertura de puertas o permitiendo la localizaci\u00f3n dentro de un \u00e1rea.<\/p>\n<p>&nbsp;<\/p>\n<p>Las BLE Tag permiten el <strong>registro del tr\u00e1nsito<\/strong>, la <strong>detecci\u00f3n de presencias<\/strong> y el <strong>control de accesos manos libres<\/strong>.<\/p>\n<p>&nbsp;<\/p>\n<p>Las BLE Tag tambi\u00e9n sirven para la <strong>localizaci\u00f3n en tiempo real de personas y objetos<\/strong> en un \u00e1rea interior o delimitada (con tecnolog\u00eda BLE o BLE + UWB para una localizaci\u00f3n de alta precisi\u00f3n) o el <strong>recorrido de personas y veh\u00edculos<\/strong> en \u00e1reas exteriores, en cualquier lugar (localizaci\u00f3n geogr\u00e1fica con tecnolog\u00eda BLE + GPS).<\/p>\n<p>&nbsp;<\/p>\n<p>Finalmente, al instalar un lector RFID de BLE en una <strong>estaci\u00f3n de trabajo o m\u00e1quina operativa<\/strong>, se puede activar autom\u00e1ticamente cuando el operador se acerca con la BLE Tag.<\/p>\n<p>&nbsp;<\/p>\n<p>&nbsp;<\/p>\n<p><strong>Con BLETag se puede:<\/strong><\/p>\n<ul>\n<li>Controlar los accesos o detectar la presencia en modo autom\u00e1tico y manos libres<\/li>\n<li>Registrar la presencia de manera autom\u00e1tica<\/li>\n<li>Abrir cualquier puerta con las manos libres desde distancias ajustables (hasta 10 metros)<\/li>\n<li>Controlar las personas presentes en un \u00e1rea (adecuado para aplicaciones de Safety)<\/li>\n<li>Supervisar el uso de estaciones de trabajo y equipos y evitar su uso por parte de personal no autorizado.<\/li>\n<\/ul>\n<p>[\/vc_column_text][\/vc_column][vc_column width=&#8221;2\/6&#8243;][vc_row_inner row_type=&#8221;row&#8221; type=&#8221;full_width&#8221; text_align=&#8221;left&#8221; css_animation=&#8221;&#8221;][vc_column_inner width=&#8221;1\/6&#8243;][\/vc_column_inner][vc_column_inner width=&#8221;5\/6&#8243;][vc_column_text]<\/p>\n<h2>Descubre la APP para Android y iOS<\/h2>\n<p>[\/vc_column_text][vc_separator type=&#8221;transparent&#8221;][vc_column_text]<strong>CaBLE<\/strong>\u00a0te permite configurar f\u00e1cilmente el dispositivo a trav\u00e9s del smartphone.<\/p>\n<p>&nbsp;<\/p>\n<p>A trav\u00e9s de CaBLE es posible:<\/p>\n<ul>\n<li>actualizar el firmware del Tag<\/li>\n<li>configurar los par\u00e1metros del Tag y restaurarlos a los valores predeterminados<\/li>\n<li>comprobar el estado de la bater\u00eda<\/li>\n<\/ul>\n<p>[\/vc_column_text][vc_separator type=&#8221;transparent&#8221;][vc_separator type=&#8221;transparent&#8221;][vc_single_image image=&#8221;26977&#8243; img_size=&#8221;172&#215;60&#8243; onclick=&#8221;custom_link&#8221; img_link_target=&#8221;_blank&#8221; qode_css_animation=&#8221;&#8221; link=&#8221;https:\/\/play.google.com\/store\/apps\/details?id=com.zucchettiaxess.bletagtools&amp;hl=it&#8221;][vc_separator type=&#8221;transparent&#8221;][vc_single_image image=&#8221;26976&#8243; img_size=&#8221;172&#215;51&#8243; onclick=&#8221;custom_link&#8221; img_link_target=&#8221;_blank&#8221; qode_css_animation=&#8221;&#8221; link=&#8221;https:\/\/itunes.apple.com\/it\/app\/cable-zucchetti-axess\/id1278988525?l=en&amp;mt=8&#8243;][vc_separator type=&#8221;transparent&#8221;][vc_empty_space][vc_column_text]<\/p>\n<h2>Descarga CaBLE en tu smartphone<\/h2>\n<p>[\/vc_column_text][vc_separator type=&#8221;transparent&#8221;][vc_single_image image=&#8221;30749&#8243; img_size=&#8221;200&#215;200&#8243; onclick=&#8221;custom_link&#8221; img_link_target=&#8221;_blank&#8221; qode_css_animation=&#8221;&#8221; title=&#8221;iOS:&#8221;][vc_separator type=&#8221;transparent&#8221;][vc_single_image image=&#8221;30750&#8243; img_size=&#8221;200&#215;200&#8243; onclick=&#8221;custom_link&#8221; img_link_target=&#8221;_blank&#8221; qode_css_animation=&#8221;&#8221; title=&#8221;Android:&#8221;][\/vc_column_inner][\/vc_row_inner][\/vc_column][\/vc_row][vc_row css_animation=&#8221;&#8221; row_type=&#8221;row&#8221; use_row_as_full_screen_section=&#8221;no&#8221; type=&#8221;full_width&#8221; angled_section=&#8221;no&#8221; text_align=&#8221;left&#8221; background_image_as_pattern=&#8221;without_pattern&#8221;][vc_column][vc_empty_space height=&#8221;100px&#8221;][\/vc_column][\/vc_row][vc_row css_animation=&#8221;&#8221; row_type=&#8221;row&#8221; use_row_as_full_screen_section=&#8221;no&#8221; type=&#8221;full_width&#8221; angled_section=&#8221;no&#8221; text_align=&#8221;left&#8221; background_image_as_pattern=&#8221;without_pattern&#8221; css=&#8221;.vc_custom_1521454494396{background-color: #0770b7 !important;}&#8221; z_index=&#8221;&#8221;][vc_column][vc_empty_space height=&#8221;40px&#8221;][vc_row_inner row_type=&#8221;row&#8221; type=&#8221;full_width&#8221; text_align=&#8221;left&#8221; css_animation=&#8221;&#8221;][vc_column_inner width=&#8221;1\/4&#8243;][\/vc_column_inner][vc_column_inner width=&#8221;1\/4&#8243;]<span data-type=\"normal\" data-hover-icon-color=\"#dd9933\" class=\"qode_icon_shortcode  q_font_awsome_icon fa-3x pull-center \" style=\" \"><a  itemprop=\"url\" href=\"https:\/\/www.axesstmc.com\/wp-content\/uploads\/2022\/03\/BleTag_BleTag2_ESP.pdf\" target=\"_blank\"><i class=\"qode_icon_font_awesome fa fa-download qode_icon_element\" style=\"color: #ffffff;\" ><\/i><\/a><\/span>[vc_column_text]<\/p>\n<h2 style=\"text-align: center;\"><span style=\"color: #ffffff;\">PDF Datasheet<\/span><\/h2>\n<p>[\/vc_column_text][vc_empty_space height=&#8221;1rem&#8221;][\/vc_column_inner][vc_column_inner el_class=&#8221;sg-popup-id-38501&#8243; width=&#8221;1\/4&#8243;]<span data-type=\"normal\" data-hover-icon-color=\"#dd9933\" class=\"qode_icon_shortcode  q_font_awsome_icon fa-3x pull-center \" style=\" \"><i class=\"qode_icon_font_awesome fa fa-info qode_icon_element\" style=\"color: #ffffff;\" ><\/i><\/span>[vc_column_text]<\/p>\n<h2 style=\"text-align: center;\"><span style=\"color: #ffffff;\">Solicitar info<\/span><\/h2>\n<p>[\/vc_column_text][\/vc_column_inner][vc_column_inner width=&#8221;1\/4&#8243;][\/vc_column_inner][\/vc_row_inner][vc_empty_space height=&#8221;40px&#8221;][\/vc_column][\/vc_row]<\/p>\n<\/div>","protected":false},"excerpt":{"rendered":"<p>[vc_row css_animation=&#8221;&#8221; row_type=&#8221;row&#8221; use_row_as_full_screen_section=&#8221;no&#8221; type=&#8221;grid&#8221; angled_section=&#8221;no&#8221; text_align=&#8221;left&#8221; background_image_as_pattern=&#8221;without_pattern&#8221;][vc_column width=&#8221;1\/2&#8243;][vc_empty_space height=&#8221;70px&#8221;][vc_single_image image=&#8221;41941&#8243; img_size=&#8221;large&#8221; alignment=&#8221;center&#8221; qode_css_animation=&#8221;&#8221;][\/vc_column][vc_column width=&#8221;1\/2&#8243;][vc_empty_space height=&#8221;70px&#8221;][vc_column_text] BLE Tag: tag de bolsillo con tecnolog\u00edas inal\u00e1mbricas adecuadas para m\u00faltiples aplicaciones de manos libres. [\/vc_column_text][vc_empty_space height=&#8221;2.5rem&#8221;][vc_empty_space height=&#8221;1.5rem&#8221;][vc_empty_space height=&#8221;1.5rem&#8221;][\/vc_column][\/vc_row][vc_row css_animation=&#8221;&#8221; row_type=&#8221;row&#8221; use_row_as_full_screen_section=&#8221;yes&#8221; type=&#8221;full_width&#8221; angled_section=&#8221;no&#8221; text_align=&#8221;left&#8221; background_image_as_pattern=&#8221;without_pattern&#8221; z_index=&#8221;&#8221;][vc_column][vc_row_inner row_type=&#8221;row&#8221; type=&#8221;full_width&#8221;&#8230;<\/p>\n","protected":false},"author":14,"featured_media":0,"parent":0,"menu_order":0,"comment_status":"closed","ping_status":"closed","template":"full_width.php","meta":{"footnotes":""},"class_list":["post-39044","page","type-page","status-publish","hentry"],"yoast_head":"<!-- This site is optimized with the Yoast SEO plugin v27.3 - https:\/\/yoast.com\/product\/yoast-seo-wordpress\/ -->\n<title>BLE TAG - Adecuado para control de acceso y localizaci\u00f3n en interiores - AxessTMC<\/title>\n<meta name=\"description\" content=\"BLE TAG es tag port\u00e1til con tecnolog\u00eda Bluetooth 4.0 Low Energy. Adecuado para control de acceso y localizaci\u00f3n en interiores.\" \/>\n<meta name=\"robots\" content=\"index, follow, max-snippet:-1, max-image-preview:large, max-video-preview:-1\" \/>\n<link rel=\"canonical\" href=\"https:\/\/www.axesstmc.com\/es\/ble-tag\/\" \/>\n<meta property=\"og:locale\" content=\"es_ES\" \/>\n<meta property=\"og:type\" content=\"article\" \/>\n<meta property=\"og:title\" content=\"BLE TAG - Adecuado para control de acceso y localizaci\u00f3n en interiores - AxessTMC\" \/>\n<meta property=\"og:description\" content=\"BLE TAG es tag port\u00e1til con tecnolog\u00eda Bluetooth 4.0 Low Energy. Adecuado para control de acceso y localizaci\u00f3n en interiores.\" \/>\n<meta property=\"og:url\" content=\"https:\/\/www.axesstmc.com\/es\/ble-tag\/\" \/>\n<meta property=\"og:site_name\" content=\"AxessTMC\" \/>\n<meta property=\"article:publisher\" content=\"https:\/\/www.facebook.com\/zucchettiaxess\/\" \/>\n<meta property=\"article:modified_time\" content=\"2022-03-04T10:17:51+00:00\" \/>\n<meta name=\"twitter:card\" content=\"summary_large_image\" \/>\n<meta name=\"twitter:label1\" content=\"Est. reading time\" \/>\n\t<meta name=\"twitter:data1\" content=\"2 minutes\" \/>\n<script type=\"application\/ld+json\" class=\"yoast-schema-graph\">{\"@context\":\"https:\\\/\\\/schema.org\",\"@graph\":[{\"@type\":\"WebPage\",\"@id\":\"https:\\\/\\\/www.axesstmc.com\\\/es\\\/ble-tag\\\/\",\"url\":\"https:\\\/\\\/www.axesstmc.com\\\/es\\\/ble-tag\\\/\",\"name\":\"BLE TAG - Adecuado para control de acceso y localizaci\u00f3n en interiores - AxessTMC\",\"isPartOf\":{\"@id\":\"https:\\\/\\\/www.axesstmc.com\\\/es\\\/#website\"},\"datePublished\":\"2020-11-23T13:48:29+00:00\",\"dateModified\":\"2022-03-04T10:17:51+00:00\",\"description\":\"BLE TAG es tag port\u00e1til con tecnolog\u00eda Bluetooth 4.0 Low Energy. Adecuado para control de acceso y localizaci\u00f3n en interiores.\",\"inLanguage\":\"es-ES\",\"potentialAction\":[{\"@type\":\"ReadAction\",\"target\":[\"https:\\\/\\\/www.axesstmc.com\\\/es\\\/ble-tag\\\/\"]}]},{\"@type\":\"WebSite\",\"@id\":\"https:\\\/\\\/www.axesstmc.com\\\/es\\\/#website\",\"url\":\"https:\\\/\\\/www.axesstmc.com\\\/es\\\/\",\"name\":\"AxessTMC\",\"description\":\"Software and Hardware for access control, intrusion detection\",\"publisher\":{\"@id\":\"https:\\\/\\\/www.axesstmc.com\\\/es\\\/#organization\"},\"potentialAction\":[{\"@type\":\"SearchAction\",\"target\":{\"@type\":\"EntryPoint\",\"urlTemplate\":\"https:\\\/\\\/www.axesstmc.com\\\/es\\\/?s={search_term_string}\"},\"query-input\":{\"@type\":\"PropertyValueSpecification\",\"valueRequired\":true,\"valueName\":\"search_term_string\"}}],\"inLanguage\":\"es-ES\"},{\"@type\":\"Organization\",\"@id\":\"https:\\\/\\\/www.axesstmc.com\\\/es\\\/#organization\",\"name\":\"AxessTMC\",\"url\":\"https:\\\/\\\/www.axesstmc.com\\\/es\\\/\",\"logo\":{\"@type\":\"ImageObject\",\"inLanguage\":\"es-ES\",\"@id\":\"https:\\\/\\\/www.axesstmc.com\\\/es\\\/#\\\/schema\\\/logo\\\/image\\\/\",\"url\":\"https:\\\/\\\/www.axesstmc.com\\\/wp-content\\\/uploads\\\/2019\\\/10\\\/Logo-AxessTMC-Z-Group.jpg\",\"contentUrl\":\"https:\\\/\\\/www.axesstmc.com\\\/wp-content\\\/uploads\\\/2019\\\/10\\\/Logo-AxessTMC-Z-Group.jpg\",\"width\":185,\"height\":55,\"caption\":\"AxessTMC\"},\"image\":{\"@id\":\"https:\\\/\\\/www.axesstmc.com\\\/es\\\/#\\\/schema\\\/logo\\\/image\\\/\"},\"sameAs\":[\"https:\\\/\\\/www.facebook.com\\\/zucchettiaxess\\\/\",\"https:\\\/\\\/www.linkedin.com\\\/company\\\/zucchetti-axess-s-p-a-?trk=prof-following-company-logo\",\"https:\\\/\\\/www.youtube.com\\\/results?q=axess tmc\"]}]}<\/script>\n<!-- \/ Yoast SEO plugin. -->","yoast_head_json":{"title":"BLE TAG - Adecuado para control de acceso y localizaci\u00f3n en interiores - AxessTMC","description":"BLE TAG es tag port\u00e1til con tecnolog\u00eda Bluetooth 4.0 Low Energy. Adecuado para control de acceso y localizaci\u00f3n en interiores.","robots":{"index":"index","follow":"follow","max-snippet":"max-snippet:-1","max-image-preview":"max-image-preview:large","max-video-preview":"max-video-preview:-1"},"canonical":"https:\/\/www.axesstmc.com\/es\/ble-tag\/","og_locale":"es_ES","og_type":"article","og_title":"BLE TAG - Adecuado para control de acceso y localizaci\u00f3n en interiores - AxessTMC","og_description":"BLE TAG es tag port\u00e1til con tecnolog\u00eda Bluetooth 4.0 Low Energy. Adecuado para control de acceso y localizaci\u00f3n en interiores.","og_url":"https:\/\/www.axesstmc.com\/es\/ble-tag\/","og_site_name":"AxessTMC","article_publisher":"https:\/\/www.facebook.com\/zucchettiaxess\/","article_modified_time":"2022-03-04T10:17:51+00:00","twitter_card":"summary_large_image","twitter_misc":{"Est. reading time":"2 minutes"},"schema":{"@context":"https:\/\/schema.org","@graph":[{"@type":"WebPage","@id":"https:\/\/www.axesstmc.com\/es\/ble-tag\/","url":"https:\/\/www.axesstmc.com\/es\/ble-tag\/","name":"BLE TAG - Adecuado para control de acceso y localizaci\u00f3n en interiores - AxessTMC","isPartOf":{"@id":"https:\/\/www.axesstmc.com\/es\/#website"},"datePublished":"2020-11-23T13:48:29+00:00","dateModified":"2022-03-04T10:17:51+00:00","description":"BLE TAG es tag port\u00e1til con tecnolog\u00eda Bluetooth 4.0 Low Energy. Adecuado para control de acceso y localizaci\u00f3n en interiores.","inLanguage":"es-ES","potentialAction":[{"@type":"ReadAction","target":["https:\/\/www.axesstmc.com\/es\/ble-tag\/"]}]},{"@type":"WebSite","@id":"https:\/\/www.axesstmc.com\/es\/#website","url":"https:\/\/www.axesstmc.com\/es\/","name":"AxessTMC","description":"Software and Hardware for access control, intrusion detection","publisher":{"@id":"https:\/\/www.axesstmc.com\/es\/#organization"},"potentialAction":[{"@type":"SearchAction","target":{"@type":"EntryPoint","urlTemplate":"https:\/\/www.axesstmc.com\/es\/?s={search_term_string}"},"query-input":{"@type":"PropertyValueSpecification","valueRequired":true,"valueName":"search_term_string"}}],"inLanguage":"es-ES"},{"@type":"Organization","@id":"https:\/\/www.axesstmc.com\/es\/#organization","name":"AxessTMC","url":"https:\/\/www.axesstmc.com\/es\/","logo":{"@type":"ImageObject","inLanguage":"es-ES","@id":"https:\/\/www.axesstmc.com\/es\/#\/schema\/logo\/image\/","url":"https:\/\/www.axesstmc.com\/wp-content\/uploads\/2019\/10\/Logo-AxessTMC-Z-Group.jpg","contentUrl":"https:\/\/www.axesstmc.com\/wp-content\/uploads\/2019\/10\/Logo-AxessTMC-Z-Group.jpg","width":185,"height":55,"caption":"AxessTMC"},"image":{"@id":"https:\/\/www.axesstmc.com\/es\/#\/schema\/logo\/image\/"},"sameAs":["https:\/\/www.facebook.com\/zucchettiaxess\/","https:\/\/www.linkedin.com\/company\/zucchetti-axess-s-p-a-?trk=prof-following-company-logo","https:\/\/www.youtube.com\/results?q=axess tmc"]}]}},"_links":{"self":[{"href":"https:\/\/www.axesstmc.com\/es\/wp-json\/wp\/v2\/pages\/39044","targetHints":{"allow":["GET"]}}],"collection":[{"href":"https:\/\/www.axesstmc.com\/es\/wp-json\/wp\/v2\/pages"}],"about":[{"href":"https:\/\/www.axesstmc.com\/es\/wp-json\/wp\/v2\/types\/page"}],"author":[{"embeddable":true,"href":"https:\/\/www.axesstmc.com\/es\/wp-json\/wp\/v2\/users\/14"}],"replies":[{"embeddable":true,"href":"https:\/\/www.axesstmc.com\/es\/wp-json\/wp\/v2\/comments?post=39044"}],"version-history":[{"count":10,"href":"https:\/\/www.axesstmc.com\/es\/wp-json\/wp\/v2\/pages\/39044\/revisions"}],"predecessor-version":[{"id":41965,"href":"https:\/\/www.axesstmc.com\/es\/wp-json\/wp\/v2\/pages\/39044\/revisions\/41965"}],"wp:attachment":[{"href":"https:\/\/www.axesstmc.com\/es\/wp-json\/wp\/v2\/media?parent=39044"}],"curies":[{"name":"wp","href":"https:\/\/api.w.org\/{rel}","templated":true}]}}