{"id":39012,"date":"2020-11-23T13:13:33","date_gmt":"2020-11-23T13:13:33","guid":{"rendered":"https:\/\/www.axesstmc.com\/lector-ble\/"},"modified":"2024-05-07T14:02:18","modified_gmt":"2024-05-07T14:02:18","slug":"entro-app","status":"publish","type":"page","link":"https:\/\/www.axesstmc.com\/es\/entro-app\/","title":{"rendered":"Entro App-Lector BLE"},"content":{"rendered":"<div class=\"wpb-content-wrapper\"><p>[vc_row css_animation=&#8221;&#8221; row_type=&#8221;row&#8221; use_row_as_full_screen_section=&#8221;no&#8221; type=&#8221;grid&#8221; angled_section=&#8221;no&#8221; text_align=&#8221;left&#8221; background_image_as_pattern=&#8221;without_pattern&#8221;][vc_column width=&#8221;4\/6&#8243;][vc_empty_space height=&#8221;50px&#8221;][vc_column_text]<\/p>\n<h1><strong>\u00a1Adi\u00f3s, tarjeta de identificaci\u00f3n! \u00a1Todo en una sola app!<\/strong><\/h1>\n<p>&nbsp;<\/p>\n<p><strong>Entro<\/strong> es la aplicaci\u00f3n m\u00f3vil Axess TMC que, junto con el lector BLE (Bluetooth Low Energy), permite fichar la hoja de asistencia, abrir puertas, torniquetes y portones y gestionar visitantes, c\u00f3modamente a trav\u00e9s de un smartphone. Puede ser utilizada tanto por empleados como por visitas para acceder de forma aut\u00f3noma sin necesidad de pasar por recepci\u00f3n.<\/p>\n<p>El lector BLE, equipado con una interfaz serial TTL, es compatible con todos los terminales de nuestra amplia gama.<\/p>\n<p>&nbsp;<\/p>\n<p>&nbsp;<\/p>\n<h2><strong>Control accesos y detecci\u00f3n de presencias: \u00bfc\u00f3mo funciona?<\/strong><\/h2>\n<p>&nbsp;<\/p>\n<p>El Smartphone env\u00eda un c\u00f3digo encriptado al terminal v\u00eda <strong>Bluetooth<\/strong>: esta tecnolog\u00eda tiene la ventaja de no requerir un emparejamiento previo, es decir, no hace falta emparejar los dispositivos antes de poder intercambiar datos. La apertura de la puerta se realiza simplemente acercando el smartphone al detector, e incluso puede realizarse a gran distancia.<\/p>\n<p>&nbsp;<\/p>\n<p><strong>La distancia de lectura es regulable<\/strong> desde las configuraciones de la app: desde 30 cm hasta 10 metros.<\/p>\n<p>&nbsp;<\/p>\n<p>Esta versatilidad posibilita diversas aplicaciones: desde la detecci\u00f3n de presencias y accesos (distancia de lectura de unos pocos cm) hasta el accionamiento de una barrera de entrada desde dentro del veh\u00edculo (distancia de lectura de unos cuantos metros). Esta \u00faltima funcionalidad es muy \u00fatil para el acceso de veh\u00edculos, ya que permite ordenar la apertura de las barreras de acceso, sin tener que sacar la cabeza por la ventana con la tarjeta identificativa.<\/p>\n<p>&nbsp;<\/p>\n<p>&nbsp;<\/p>\n<h2><strong>Gesti\u00f3n de visitantes: \u00bfc\u00f3mo funciona?<\/strong><\/h2>\n<p>&nbsp;<\/p>\n<p>La gesti\u00f3n de los visitantes se lleva a cabo a trav\u00e9s de <strong>cuatro simples pasos:<\/strong><\/p>\n<p>&nbsp;<\/p>\n<ol>\n<li style=\"list-style-type: none;\">\n<ol>\n<li>El visitante debe descargar la App Entro y registrarse con su email de forma gratuita.<\/li>\n<li>El sistema cloud <a href=\"https:\/\/www.axesstmc.com\/es\/entry365-servicio-cloud\/\">Entry365<\/a> asigna una credencial \u00fanica al correo electr\u00f3nico del visitante y la env\u00eda al smartphone desde el que se registra la persona.<\/li>\n<li>Los sistemas de control de acceso adquieren la credencial asociada con el correo electr\u00f3nico del invitado desde el servicio cloud Entry365, a trav\u00e9s del servicio web, y permiten el acceso cuando y donde se requiere.<\/li>\n<li>El visitante confirma su presencia y, el d\u00eda de la visita, accede de forma independiente utilizando su smartphone como credencial. El smartphone enviar\u00e1 la credencial que ya se ha habilitado previamente al lector BLE (Bluetooth).<\/li>\n<\/ol>\n<\/li>\n<\/ol>\n<p>&nbsp;<\/p>\n<h2><\/h2>\n<p>&nbsp;<\/p>\n<h2><strong>Las ventajas de la APP Entro:<\/strong><\/h2>\n<p>&nbsp;<\/p>\n<ul>\n<li><strong>m\u00e1s seguridad<\/strong>, eliminando el riesgo de la duplicaci\u00f3n de tarjetas;<\/li>\n<li><strong>se elimina la posibilidad de p\u00e9rdida de tarjetas de identificaci\u00f3n;<\/strong><\/li>\n<li><strong>cero costes<\/strong> de reemplazo\/creaci\u00f3n de nuevas tarjetas de identificaci\u00f3n;<\/li>\n<li><strong>fichaje m\u00e1s simple<\/strong> en entornos abiertos, donde los terminales no est\u00e1n cerca del puesto de trabajo (por ejemplo, en obras de construcci\u00f3n).<\/li>\n<li>simple gesti\u00f3n de los visitantes prerregistrados sin necesidad de utilizar recepci\u00f3n<\/li>\n<\/ul>\n<p>[\/vc_column_text][vc_empty_space height=&#8221;50px&#8221;][\/vc_column][vc_column width=&#8221;2\/6&#8243;][vc_empty_space height=&#8221;50px&#8221;][vc_row_inner row_type=&#8221;row&#8221; type=&#8221;full_width&#8221; text_align=&#8221;left&#8221; css_animation=&#8221;&#8221;][vc_column_inner width=&#8221;1\/6&#8243;][\/vc_column_inner][vc_column_inner width=&#8221;5\/6&#8243;][vc_column_text]<\/p>\n<h2>Descubre la APP para Android e iOS<\/h2>\n<p>[\/vc_column_text][vc_separator type=&#8221;transparent&#8221;][vc_separator type=&#8221;transparent&#8221;][vc_single_image image=&#8221;26977&#8243; img_size=&#8221;172&#215;60&#8243; onclick=&#8221;custom_link&#8221; img_link_target=&#8221;_blank&#8221; qode_css_animation=&#8221;&#8221; link=&#8221;https:\/\/play.google.com\/store\/apps\/details?id=com.axesstmc.bleappphone&amp;hl=gl&amp;gl=US&#8221;][vc_separator type=&#8221;transparent&#8221;][vc_single_image image=&#8221;26976&#8243; img_size=&#8221;172&#215;51&#8243; onclick=&#8221;custom_link&#8221; img_link_target=&#8221;_blank&#8221; qode_css_animation=&#8221;&#8221; link=&#8221;https:\/\/apps.apple.com\/es\/app\/entro-zucchetti-axess\/id1141892697&#8243;][vc_separator type=&#8221;transparent&#8221;][vc_separator type=&#8221;transparent&#8221;][vc_column_text]<\/p>\n<h2>Descarga ENTRO para smartphone<\/h2>\n<p>[\/vc_column_text][vc_separator type=&#8221;transparent&#8221;][vc_single_image image=&#8221;42558&#8243; img_size=&#8221;200&#215;200&#8243; onclick=&#8221;custom_link&#8221; img_link_target=&#8221;_blank&#8221; qode_css_animation=&#8221;&#8221; title=&#8221;iOS:&#8221;][vc_separator type=&#8221;transparent&#8221;][vc_single_image image=&#8221;42568&#8243; img_size=&#8221;200&#215;200&#8243; onclick=&#8221;custom_link&#8221; img_link_target=&#8221;_blank&#8221; qode_css_animation=&#8221;&#8221; title=&#8221;Android:&#8221;][\/vc_column_inner][\/vc_row_inner][\/vc_column][\/vc_row][vc_row css_animation=&#8221;&#8221; row_type=&#8221;row&#8221; use_row_as_full_screen_section=&#8221;no&#8221; type=&#8221;full_width&#8221; angled_section=&#8221;no&#8221; text_align=&#8221;left&#8221; background_image_as_pattern=&#8221;without_pattern&#8221;][vc_column][vc_empty_space height=&#8221;100px&#8221;][\/vc_column][\/vc_row][vc_row css_animation=&#8221;&#8221; row_type=&#8221;row&#8221; use_row_as_full_screen_section=&#8221;no&#8221; type=&#8221;full_width&#8221; angled_section=&#8221;no&#8221; text_align=&#8221;left&#8221; background_image_as_pattern=&#8221;without_pattern&#8221; css=&#8221;.vc_custom_1521454494396{background-color: #0770b7 !important;}&#8221; z_index=&#8221;&#8221;][vc_column][vc_empty_space height=&#8221;40px&#8221;][vc_row_inner row_type=&#8221;row&#8221; type=&#8221;full_width&#8221; text_align=&#8221;left&#8221; css_animation=&#8221;&#8221;][vc_column_inner width=&#8221;1\/5&#8243;][\/vc_column_inner][vc_column_inner width=&#8221;1\/5&#8243;]<span data-type=\"normal\" data-hover-icon-color=\"#dd9933\" class=\"qode_icon_shortcode  q_font_awsome_icon fa-3x pull-center \" style=\" \"><a  itemprop=\"url\" href=\"https:\/\/www.axesstmc.com\/wp-content\/uploads\/2021\/10\/App_Entro_SPA.pdf\" target=\"_blank\"><i class=\"qode_icon_font_awesome fa fa-download qode_icon_element\" style=\"color: #ffffff;\" ><\/i><\/a><\/span>[vc_column_text]<\/p>\n<h2 style=\"text-align: center;\"><span style=\"color: #ffffff;\">PDF Datasheet<\/span><\/h2>\n<p>[\/vc_column_text][\/vc_column_inner][vc_column_inner el_class=&#8221;sg-popup-id-38501&#8243; width=&#8221;1\/5&#8243;]<span data-type=\"normal\" data-hover-icon-color=\"#dd9933\" class=\"qode_icon_shortcode  q_font_awsome_icon fa-3x pull-center \" style=\" \"><i class=\"qode_icon_font_awesome fa fa-info qode_icon_element\" style=\"color: #ffffff;\" ><\/i><\/span>[vc_column_text el_class=&#8221;sg-popup-id-38501&#8243;]<\/p>\n<h2 style=\"text-align: center;\"><span style=\"color: #ffffff;\">Solicitar info<\/span><\/h2>\n<p>[\/vc_column_text][vc_empty_space height=&#8221;1rem&#8221; el_class=&#8221;sg-popup-id-38501&#8243;][\/vc_column_inner][vc_column_inner width=&#8221;1\/5&#8243;]<span data-type=\"normal\" data-hover-icon-color=\"#dd9933\" class=\"qode_icon_shortcode  q_font_awsome_icon fa-2x pull-center \" style=\" \"><a  itemprop=\"url\" href=\"https:\/\/www.axesstmc.com\/wp-content\/uploads\/2024\/05\/ZA_PIMS_AppEntro_v1_ENG.pdf\" target=\"_blank\"><i class=\"qode_icon_font_awesome fa fa-file qode_icon_element\" style=\"color: #ffffff;\" ><\/i><\/a><\/span>[vc_empty_space height=&#8221;1rem&#8221; el_class=&#8221;sg-popup-id-38501&#8243;][vc_column_text el_class=&#8221;sg-popup-id-38501&#8243;]<\/p>\n<p style=\"text-align: center;\"><strong><span style=\"color: #ffffff;\">Registro de tratamiento &#8211; Entro App<\/span><\/strong><\/p>\n<p style=\"text-align: center;\"><span style=\"color: #ffffff;\"> conforme al art. 30 del Reglamento 679\/2016\/ (GDPR)<\/span><\/p>\n<p>[\/vc_column_text][\/vc_column_inner][vc_column_inner width=&#8221;1\/5&#8243;][\/vc_column_inner][\/vc_row_inner][vc_empty_space height=&#8221;40px&#8221;][\/vc_column][\/vc_row]<\/p>\n<\/div>","protected":false},"excerpt":{"rendered":"<p>[vc_row css_animation=&#8221;&#8221; row_type=&#8221;row&#8221; use_row_as_full_screen_section=&#8221;no&#8221; type=&#8221;grid&#8221; angled_section=&#8221;no&#8221; text_align=&#8221;left&#8221; background_image_as_pattern=&#8221;without_pattern&#8221;][vc_column width=&#8221;4\/6&#8243;][vc_empty_space height=&#8221;50px&#8221;][vc_column_text] \u00a1Adi\u00f3s, tarjeta de identificaci\u00f3n! \u00a1Todo en una sola app! &nbsp; Entro es la aplicaci\u00f3n m\u00f3vil Axess TMC que, junto con el lector BLE (Bluetooth Low Energy), permite fichar la hoja de asistencia, abrir puertas, torniquetes&#8230;<\/p>\n","protected":false},"author":14,"featured_media":0,"parent":0,"menu_order":0,"comment_status":"closed","ping_status":"closed","template":"full_width.php","meta":{"footnotes":""},"class_list":["post-39012","page","type-page","status-publish","hentry"],"yoast_head":"<!-- This site is optimized with the Yoast SEO plugin v27.5 - https:\/\/yoast.com\/product\/yoast-seo-wordpress\/ -->\n<title>Entro App, detecci\u00f3n de presencia con el smartphone | Zucchetti Axess<\/title>\n<meta name=\"description\" content=\"El lector BLE permite utilizar su Smartphone como insignia. Tecnolog\u00eda inal\u00e1mbrica Bluetooth para acceder a trav\u00e9s de un dispositivo m\u00f3vil.\" \/>\n<meta name=\"robots\" content=\"index, follow, max-snippet:-1, max-image-preview:large, max-video-preview:-1\" \/>\n<link rel=\"canonical\" href=\"https:\/\/www.axesstmc.com\/es\/entro-app\/\" \/>\n<meta property=\"og:locale\" content=\"es_ES\" \/>\n<meta property=\"og:type\" content=\"article\" \/>\n<meta property=\"og:title\" content=\"Entro App, detecci\u00f3n de presencia con el smartphone | Zucchetti Axess\" \/>\n<meta property=\"og:description\" content=\"El lector BLE permite utilizar su Smartphone como insignia. Tecnolog\u00eda inal\u00e1mbrica Bluetooth para acceder a trav\u00e9s de un dispositivo m\u00f3vil.\" \/>\n<meta property=\"og:url\" content=\"https:\/\/www.axesstmc.com\/es\/entro-app\/\" \/>\n<meta property=\"og:site_name\" content=\"AxessTMC\" \/>\n<meta property=\"article:publisher\" content=\"https:\/\/www.facebook.com\/zucchettiaxess\/\" \/>\n<meta property=\"article:modified_time\" content=\"2024-05-07T14:02:18+00:00\" \/>\n<meta name=\"twitter:card\" content=\"summary_large_image\" \/>\n<meta name=\"twitter:label1\" content=\"Est. reading time\" \/>\n\t<meta name=\"twitter:data1\" content=\"4 minutes\" \/>\n<script type=\"application\/ld+json\" class=\"yoast-schema-graph\">{\"@context\":\"https:\\\/\\\/schema.org\",\"@graph\":[{\"@type\":\"WebPage\",\"@id\":\"https:\\\/\\\/www.axesstmc.com\\\/es\\\/entro-app\\\/\",\"url\":\"https:\\\/\\\/www.axesstmc.com\\\/es\\\/entro-app\\\/\",\"name\":\"Entro App, detecci\u00f3n de presencia con el smartphone | Zucchetti Axess\",\"isPartOf\":{\"@id\":\"https:\\\/\\\/www.axesstmc.com\\\/es\\\/#website\"},\"datePublished\":\"2020-11-23T13:13:33+00:00\",\"dateModified\":\"2024-05-07T14:02:18+00:00\",\"description\":\"El lector BLE permite utilizar su Smartphone como insignia. Tecnolog\u00eda inal\u00e1mbrica Bluetooth para acceder a trav\u00e9s de un dispositivo m\u00f3vil.\",\"inLanguage\":\"es-ES\",\"potentialAction\":[{\"@type\":\"ReadAction\",\"target\":[\"https:\\\/\\\/www.axesstmc.com\\\/es\\\/entro-app\\\/\"]}]},{\"@type\":\"WebSite\",\"@id\":\"https:\\\/\\\/www.axesstmc.com\\\/es\\\/#website\",\"url\":\"https:\\\/\\\/www.axesstmc.com\\\/es\\\/\",\"name\":\"AxessTMC\",\"description\":\"Software and Hardware for access control, intrusion detection\",\"publisher\":{\"@id\":\"https:\\\/\\\/www.axesstmc.com\\\/es\\\/#organization\"},\"potentialAction\":[{\"@type\":\"SearchAction\",\"target\":{\"@type\":\"EntryPoint\",\"urlTemplate\":\"https:\\\/\\\/www.axesstmc.com\\\/es\\\/?s={search_term_string}\"},\"query-input\":{\"@type\":\"PropertyValueSpecification\",\"valueRequired\":true,\"valueName\":\"search_term_string\"}}],\"inLanguage\":\"es-ES\"},{\"@type\":\"Organization\",\"@id\":\"https:\\\/\\\/www.axesstmc.com\\\/es\\\/#organization\",\"name\":\"AxessTMC\",\"url\":\"https:\\\/\\\/www.axesstmc.com\\\/es\\\/\",\"logo\":{\"@type\":\"ImageObject\",\"inLanguage\":\"es-ES\",\"@id\":\"https:\\\/\\\/www.axesstmc.com\\\/es\\\/#\\\/schema\\\/logo\\\/image\\\/\",\"url\":\"https:\\\/\\\/www.axesstmc.com\\\/wp-content\\\/uploads\\\/2019\\\/10\\\/Logo-AxessTMC-Z-Group.jpg\",\"contentUrl\":\"https:\\\/\\\/www.axesstmc.com\\\/wp-content\\\/uploads\\\/2019\\\/10\\\/Logo-AxessTMC-Z-Group.jpg\",\"width\":185,\"height\":55,\"caption\":\"AxessTMC\"},\"image\":{\"@id\":\"https:\\\/\\\/www.axesstmc.com\\\/es\\\/#\\\/schema\\\/logo\\\/image\\\/\"},\"sameAs\":[\"https:\\\/\\\/www.facebook.com\\\/zucchettiaxess\\\/\",\"https:\\\/\\\/www.linkedin.com\\\/company\\\/zucchetti-axess-s-p-a-?trk=prof-following-company-logo\",\"https:\\\/\\\/www.youtube.com\\\/results?q=axess tmc\"]}]}<\/script>\n<!-- \/ Yoast SEO plugin. -->","yoast_head_json":{"title":"Entro App, detecci\u00f3n de presencia con el smartphone | Zucchetti Axess","description":"El lector BLE permite utilizar su Smartphone como insignia. Tecnolog\u00eda inal\u00e1mbrica Bluetooth para acceder a trav\u00e9s de un dispositivo m\u00f3vil.","robots":{"index":"index","follow":"follow","max-snippet":"max-snippet:-1","max-image-preview":"max-image-preview:large","max-video-preview":"max-video-preview:-1"},"canonical":"https:\/\/www.axesstmc.com\/es\/entro-app\/","og_locale":"es_ES","og_type":"article","og_title":"Entro App, detecci\u00f3n de presencia con el smartphone | Zucchetti Axess","og_description":"El lector BLE permite utilizar su Smartphone como insignia. Tecnolog\u00eda inal\u00e1mbrica Bluetooth para acceder a trav\u00e9s de un dispositivo m\u00f3vil.","og_url":"https:\/\/www.axesstmc.com\/es\/entro-app\/","og_site_name":"AxessTMC","article_publisher":"https:\/\/www.facebook.com\/zucchettiaxess\/","article_modified_time":"2024-05-07T14:02:18+00:00","twitter_card":"summary_large_image","twitter_misc":{"Est. reading time":"4 minutes"},"schema":{"@context":"https:\/\/schema.org","@graph":[{"@type":"WebPage","@id":"https:\/\/www.axesstmc.com\/es\/entro-app\/","url":"https:\/\/www.axesstmc.com\/es\/entro-app\/","name":"Entro App, detecci\u00f3n de presencia con el smartphone | Zucchetti Axess","isPartOf":{"@id":"https:\/\/www.axesstmc.com\/es\/#website"},"datePublished":"2020-11-23T13:13:33+00:00","dateModified":"2024-05-07T14:02:18+00:00","description":"El lector BLE permite utilizar su Smartphone como insignia. Tecnolog\u00eda inal\u00e1mbrica Bluetooth para acceder a trav\u00e9s de un dispositivo m\u00f3vil.","inLanguage":"es-ES","potentialAction":[{"@type":"ReadAction","target":["https:\/\/www.axesstmc.com\/es\/entro-app\/"]}]},{"@type":"WebSite","@id":"https:\/\/www.axesstmc.com\/es\/#website","url":"https:\/\/www.axesstmc.com\/es\/","name":"AxessTMC","description":"Software and Hardware for access control, intrusion detection","publisher":{"@id":"https:\/\/www.axesstmc.com\/es\/#organization"},"potentialAction":[{"@type":"SearchAction","target":{"@type":"EntryPoint","urlTemplate":"https:\/\/www.axesstmc.com\/es\/?s={search_term_string}"},"query-input":{"@type":"PropertyValueSpecification","valueRequired":true,"valueName":"search_term_string"}}],"inLanguage":"es-ES"},{"@type":"Organization","@id":"https:\/\/www.axesstmc.com\/es\/#organization","name":"AxessTMC","url":"https:\/\/www.axesstmc.com\/es\/","logo":{"@type":"ImageObject","inLanguage":"es-ES","@id":"https:\/\/www.axesstmc.com\/es\/#\/schema\/logo\/image\/","url":"https:\/\/www.axesstmc.com\/wp-content\/uploads\/2019\/10\/Logo-AxessTMC-Z-Group.jpg","contentUrl":"https:\/\/www.axesstmc.com\/wp-content\/uploads\/2019\/10\/Logo-AxessTMC-Z-Group.jpg","width":185,"height":55,"caption":"AxessTMC"},"image":{"@id":"https:\/\/www.axesstmc.com\/es\/#\/schema\/logo\/image\/"},"sameAs":["https:\/\/www.facebook.com\/zucchettiaxess\/","https:\/\/www.linkedin.com\/company\/zucchetti-axess-s-p-a-?trk=prof-following-company-logo","https:\/\/www.youtube.com\/results?q=axess tmc"]}]}},"_links":{"self":[{"href":"https:\/\/www.axesstmc.com\/es\/wp-json\/wp\/v2\/pages\/39012","targetHints":{"allow":["GET"]}}],"collection":[{"href":"https:\/\/www.axesstmc.com\/es\/wp-json\/wp\/v2\/pages"}],"about":[{"href":"https:\/\/www.axesstmc.com\/es\/wp-json\/wp\/v2\/types\/page"}],"author":[{"embeddable":true,"href":"https:\/\/www.axesstmc.com\/es\/wp-json\/wp\/v2\/users\/14"}],"replies":[{"embeddable":true,"href":"https:\/\/www.axesstmc.com\/es\/wp-json\/wp\/v2\/comments?post=39012"}],"version-history":[{"count":16,"href":"https:\/\/www.axesstmc.com\/es\/wp-json\/wp\/v2\/pages\/39012\/revisions"}],"predecessor-version":[{"id":44391,"href":"https:\/\/www.axesstmc.com\/es\/wp-json\/wp\/v2\/pages\/39012\/revisions\/44391"}],"wp:attachment":[{"href":"https:\/\/www.axesstmc.com\/es\/wp-json\/wp\/v2\/media?parent=39012"}],"curies":[{"name":"wp","href":"https:\/\/api.w.org\/{rel}","templated":true}]}}