{"id":38938,"date":"2020-11-23T09:40:31","date_gmt":"2020-11-23T09:40:31","guid":{"rendered":"https:\/\/www.axesstmc.com\/xpoint-glass\/"},"modified":"2025-12-11T08:35:55","modified_gmt":"2025-12-11T08:35:55","slug":"xpoint-2","status":"publish","type":"page","link":"https:\/\/www.axesstmc.com\/es\/xpoint-2\/","title":{"rendered":"XPoint 2 y 2+"},"content":{"rendered":"<div class=\"wpb-content-wrapper\"><p>[vc_row css_animation=&#8221;&#8221; row_type=&#8221;row&#8221; use_row_as_full_screen_section=&#8221;no&#8221; type=&#8221;grid&#8221; angled_section=&#8221;no&#8221; text_align=&#8221;left&#8221; background_image_as_pattern=&#8221;without_pattern&#8221;][vc_column width=&#8221;1\/2&#8243;][vc_single_image image=&#8221;44705&#8243; img_size=&#8221;full&#8221; alignment=&#8221;center&#8221; css=&#8221;&#8221; qode_css_animation=&#8221;&#8221;][\/vc_column][vc_column width=&#8221;1\/2&#8243;][vc_empty_space height=&#8221;70px&#8221;][vc_column_text css=&#8221;&#8221;]<\/p>\n<h1>XPoint 2 y 2+ combinan las caracter\u00edsticas de funcionamiento de un terminal con las de un controlador Xatlas.<\/h1>\n<p>[\/vc_column_text][vc_empty_space height=&#8221;2.5rem&#8221;]<div class=\"q_icon_list\"><i class=\"qode_icon_font_awesome fa fa-check qode-ili-icon-holder circle\" style=\"color: #ffffff;background-color: #0770b7;\" ><\/i><p style=\"font-size: 20px;font-weight: 700;\">Pantalla de 7 y 10 pulgadas<\/p><\/div>[vc_empty_space height=&#8221;1.5rem&#8221;]<div class=\"q_icon_list\"><i class=\"qode_icon_font_awesome fa fa-check qode-ili-icon-holder circle\" style=\"color: #ffffff;background-color: #0770b7;\" ><\/i><p style=\"font-size: 20px;font-weight: 700;\">Multitasking<\/p><\/div>[vc_empty_space height=&#8221;1.5rem&#8221;]<div class=\"q_icon_list\"><i class=\"qode_icon_font_awesome fa fa-check qode-ili-icon-holder circle\" style=\"color: #ffffff;background-color: #0770b7;\" ><\/i><p style=\"font-size: 20px;font-weight: 700;\">Linux Raspberry<\/p><\/div>[\/vc_column][\/vc_row][vc_row css_animation=&#8221;&#8221; row_type=&#8221;row&#8221; use_row_as_full_screen_section=&#8221;yes&#8221; type=&#8221;full_width&#8221; angled_section=&#8221;no&#8221; text_align=&#8221;left&#8221; background_image_as_pattern=&#8221;without_pattern&#8221; z_index=&#8221;&#8221;][vc_column][vc_row_inner row_type=&#8221;row&#8221; type=&#8221;full_width&#8221; text_align=&#8221;left&#8221; css_animation=&#8221;&#8221; padding_top=&#8221;0&#8243; padding_bottom=&#8221;0&#8243;][vc_column_inner][vc_empty_space height=&#8221;20rem&#8221; css=&#8221;.vc_custom_1537884365091{margin-top: 2rem !important;margin-bottom: 2rem !important;padding-top: 5rem !important;padding-bottom: 5rem !important;background-image: url(http:\/\/62.108.229.206\/_testaxesstmc\/wp-content\/uploads\/2018\/05\/banner-blu-triangoli.png) !important;background-position: center !important;background-repeat: no-repeat !important;background-size: cover !important;}&#8221; el_class=&#8221;banner giallo-triangoli&#8221;][\/vc_column_inner][\/vc_row_inner][\/vc_column][\/vc_row][vc_row css_animation=&#8221;&#8221; row_type=&#8221;row&#8221; use_row_as_full_screen_section=&#8221;no&#8221; type=&#8221;grid&#8221; angled_section=&#8221;no&#8221; text_align=&#8221;left&#8221; background_image_as_pattern=&#8221;without_pattern&#8221;][vc_column][vc_column_text css=&#8221;&#8221;]<\/p>\n<h1><strong>Terminal avanzado y controlador de aplicaciones m\u00faltiples<\/strong><\/h1>\n<p>&nbsp;<\/p>\n<p>XPoint 2 y 2+ son capaces de gestionar tanto las funciones de Tiempo y Asistencia como los sistemas de Control de Acceso, como un controlador del sistema XAtlas, incluso sin un PC.<\/p>\n<p>La gran pantalla t\u00e1ctil y la interfaz intuitiva permiten mostrar claramente la informaci\u00f3n del personal, revisar los registros de transacciones y mostrar mensajes.<\/p>\n<p>La interfaz de usuario y operativa de XPoint 2 y 2+ es t\u00e1ctil y sus funciones y lenguaje pueden personalizarse completamente con el software XAtlas.<\/p>\n<p>Cada usuario tambi\u00e9n puede asociarse a un perfil perif\u00e9rico para activar o desactivar algunas de las funciones o elementos de men\u00fa que pueden ser utilizados por otras estaciones de trabajo.<\/p>\n<h2><\/h2>\n<p>&nbsp;<\/p>\n<h2>Todo bajo control<\/h2>\n<p>&nbsp;<\/p>\n<p>Las <strong>principales funciones<\/strong> de XPoint 2 y 2+:<\/p>\n<ul>\n<li><strong>Recursos Humanos:<\/strong> gesti\u00f3n de tiempo y asistencia con la introducci\u00f3n de &#8220;razones&#8221; (trabajo fuera del sitio, horas extras, retraso, etc.) y consulta de datos personales (primera y \u00faltima transacci\u00f3n de reloj, balances de horas de trabajo, etc.);<\/li>\n<li><strong>Gesti\u00f3n de comedores:<\/strong> seguimiento de las reservas o el consumo de comidas, con o sin composici\u00f3n de men\u00fa, n\u00famero de comidas consumidas que se muestran en una pantalla gr\u00e1fica grande y brillante;<\/li>\n<li><strong>Control de acceso:<\/strong> bloqueo\/desbloqueo de puntos de acceso individuales o de todos los puntos de acceso en una zona, desv\u00edo de uno o m\u00e1s controles de autorizaci\u00f3n, instrucciones para los visitantes, intercomunicador digital;<\/li>\n<li><strong>Detecci\u00f3n de intrusi\u00f3n:<\/strong> armado\/desactivaci\u00f3n de alarmas de zona, lista de alarmas, activaci\u00f3n\/desactivaci\u00f3n de actuadores de alarma;<\/li>\n<li><strong>Seguridad<\/strong>: indicaci\u00f3n de las v\u00edas de evacuaci\u00f3n y lista de personas presentes en los puntos de reuni\u00f3n en caso de evacuaci\u00f3n;<\/li>\n<li><strong>Imparcial<\/strong>: sorteo aleatorio de una transacci\u00f3n para verificaci\u00f3n (entre los par\u00e1metros configurables: n\u00famero m\u00e1ximo de inspecciones simult\u00e1neas, punto de acceso bloqueado o libre durante la inspecci\u00f3n, etc.).<\/li>\n<\/ul>\n<p>[\/vc_column_text][vc_empty_space height=&#8221;50px&#8221;][\/vc_column][\/vc_row][vc_row css_animation=&#8221;&#8221; row_type=&#8221;row&#8221; use_row_as_full_screen_section=&#8221;no&#8221; type=&#8221;full_width&#8221; angled_section=&#8221;no&#8221; text_align=&#8221;left&#8221; background_image_as_pattern=&#8221;without_pattern&#8221;][vc_column][vc_empty_space height=&#8221;100px&#8221;][\/vc_column][\/vc_row][vc_row css_animation=&#8221;&#8221; row_type=&#8221;row&#8221; use_row_as_full_screen_section=&#8221;no&#8221; type=&#8221;full_width&#8221; angled_section=&#8221;no&#8221; text_align=&#8221;left&#8221; background_image_as_pattern=&#8221;without_pattern&#8221; css=&#8221;.vc_custom_1521454494396{background-color: #0770b7 !important;}&#8221; z_index=&#8221;&#8221;][vc_column][vc_empty_space height=&#8221;40px&#8221;][vc_row_inner row_type=&#8221;row&#8221; type=&#8221;full_width&#8221; text_align=&#8221;left&#8221; css_animation=&#8221;&#8221;][vc_column_inner width=&#8221;1\/5&#8243;][\/vc_column_inner][vc_column_inner width=&#8221;1\/5&#8243;]<span data-type=\"normal\" data-hover-icon-color=\"#dd9933\" class=\"qode_icon_shortcode  q_font_awsome_icon fa-3x pull-center \" style=\" \"><a  itemprop=\"url\" href=\"https:\/\/www.axesstmc.com\/wp-content\/uploads\/2024\/06\/XPoint2e2_esp.pdf\" target=\"_blank\"><i class=\"qode_icon_font_awesome fa fa-download qode_icon_element\" style=\"color: #ffffff;\" ><\/i><\/a><\/span>[vc_column_text]<\/p>\n<h2 style=\"text-align: center;\"><span style=\"color: #ffffff;\">PDF Datasheet<\/span><\/h2>\n<p>[\/vc_column_text][vc_empty_space height=&#8221;1rem&#8221;][\/vc_column_inner][vc_column_inner el_class=&#8221;sg-popup-id-38501&#8243; width=&#8221;1\/5&#8243;]<span data-type=\"normal\" data-hover-icon-color=\"#dd9933\" class=\"qode_icon_shortcode  q_font_awsome_icon fa-3x pull-center \" style=\" \"><i class=\"qode_icon_font_awesome fa fa-info qode_icon_element\" style=\"color: #ffffff;\" ><\/i><\/span>[vc_column_text]<\/p>\n<h2 style=\"text-align: center;\"><span style=\"color: #ffffff;\">Solicitar info<\/span><\/h2>\n<p>[\/vc_column_text][\/vc_column_inner][vc_column_inner width=&#8221;1\/5&#8243;]<span data-type=\"normal\" data-hover-icon-color=\"#dd9933\" class=\"qode_icon_shortcode  q_font_awsome_icon fa-2x pull-center \" style=\" \"><a  itemprop=\"url\" href=\"https:\/\/www.axesstmc.com\/wp-content\/uploads\/2025\/12\/ZA_PIMS_Xatlas_v8_ENG.pdf\" target=\"_blank\"><i class=\"qode_icon_font_awesome fa fa-file qode_icon_element\" style=\"color: #ffffff;\" ><\/i><\/a><\/span>[vc_empty_space height=&#8221;1rem&#8221;][vc_column_text]<\/p>\n<p style=\"text-align: center;\"><strong><span style=\"color: #ffffff;\">Processing record &#8211; XAtlas<\/span><\/strong><\/p>\n<p style=\"text-align: center;\"><span style=\"color: #ffffff;\">provided by article 30 of the Regulation 679\/2016\/ (GDPR)<\/span><\/p>\n<p>[\/vc_column_text][\/vc_column_inner][vc_column_inner width=&#8221;1\/5&#8243;][\/vc_column_inner][\/vc_row_inner][vc_empty_space height=&#8221;40px&#8221;][\/vc_column][\/vc_row]<\/p>\n<\/div>","protected":false},"excerpt":{"rendered":"<p>[vc_row css_animation=&#8221;&#8221; row_type=&#8221;row&#8221; use_row_as_full_screen_section=&#8221;no&#8221; type=&#8221;grid&#8221; angled_section=&#8221;no&#8221; text_align=&#8221;left&#8221; background_image_as_pattern=&#8221;without_pattern&#8221;][vc_column width=&#8221;1\/2&#8243;][vc_single_image image=&#8221;44705&#8243; img_size=&#8221;full&#8221; alignment=&#8221;center&#8221; css=&#8221;&#8221; qode_css_animation=&#8221;&#8221;][\/vc_column][vc_column width=&#8221;1\/2&#8243;][vc_empty_space height=&#8221;70px&#8221;][vc_column_text css=&#8221;&#8221;] XPoint 2 y 2+ combinan las caracter\u00edsticas de funcionamiento de un terminal con las de un controlador Xatlas. [\/vc_column_text][vc_empty_space height=&#8221;2.5rem&#8221;][vc_empty_space height=&#8221;1.5rem&#8221;][vc_empty_space height=&#8221;1.5rem&#8221;][\/vc_column][\/vc_row][vc_row css_animation=&#8221;&#8221; row_type=&#8221;row&#8221; use_row_as_full_screen_section=&#8221;yes&#8221; type=&#8221;full_width&#8221; angled_section=&#8221;no&#8221; text_align=&#8221;left&#8221;&#8230;<\/p>\n","protected":false},"author":14,"featured_media":0,"parent":0,"menu_order":0,"comment_status":"closed","ping_status":"closed","template":"full_width.php","meta":{"footnotes":""},"class_list":["post-38938","page","type-page","status-publish","hentry"],"yoast_head":"<!-- This site is optimized with the Yoast SEO plugin v27.4 - https:\/\/yoast.com\/product\/yoast-seo-wordpress\/ -->\n<title>XPoint GLASS - Terminal de detecci\u00f3n de presencia y control de acceso - Zucchetti Axess<\/title>\n<meta name=\"description\" content=\"Xpoint GLASS es un terminal de detecci\u00f3n de presencias y control de accesos, se utiliza como controlador del sistema Xatlas incluso en ausencia de ordenador.\" \/>\n<meta name=\"robots\" content=\"index, follow, max-snippet:-1, max-image-preview:large, max-video-preview:-1\" \/>\n<link rel=\"canonical\" href=\"https:\/\/www.axesstmc.com\/es\/xpoint-2\/\" \/>\n<meta property=\"og:locale\" content=\"es_ES\" \/>\n<meta property=\"og:type\" content=\"article\" \/>\n<meta property=\"og:title\" content=\"XPoint GLASS - Terminal de detecci\u00f3n de presencia y control de acceso - Zucchetti Axess\" \/>\n<meta property=\"og:description\" content=\"Xpoint GLASS es un terminal de detecci\u00f3n de presencias y control de accesos, se utiliza como controlador del sistema Xatlas incluso en ausencia de ordenador.\" \/>\n<meta property=\"og:url\" content=\"https:\/\/www.axesstmc.com\/es\/xpoint-2\/\" \/>\n<meta property=\"og:site_name\" content=\"AxessTMC\" \/>\n<meta property=\"article:publisher\" content=\"https:\/\/www.facebook.com\/zucchettiaxess\/\" \/>\n<meta property=\"article:modified_time\" content=\"2025-12-11T08:35:55+00:00\" \/>\n<meta name=\"twitter:card\" content=\"summary_large_image\" \/>\n<meta name=\"twitter:label1\" content=\"Est. reading time\" \/>\n\t<meta name=\"twitter:data1\" content=\"3 minutes\" \/>\n<script type=\"application\/ld+json\" class=\"yoast-schema-graph\">{\"@context\":\"https:\\\/\\\/schema.org\",\"@graph\":[{\"@type\":\"WebPage\",\"@id\":\"https:\\\/\\\/www.axesstmc.com\\\/es\\\/xpoint-2\\\/\",\"url\":\"https:\\\/\\\/www.axesstmc.com\\\/es\\\/xpoint-2\\\/\",\"name\":\"XPoint GLASS - Terminal de detecci\u00f3n de presencia y control de acceso - Zucchetti Axess\",\"isPartOf\":{\"@id\":\"https:\\\/\\\/www.axesstmc.com\\\/es\\\/#website\"},\"datePublished\":\"2020-11-23T09:40:31+00:00\",\"dateModified\":\"2025-12-11T08:35:55+00:00\",\"description\":\"Xpoint GLASS es un terminal de detecci\u00f3n de presencias y control de accesos, se utiliza como controlador del sistema Xatlas incluso en ausencia de ordenador.\",\"inLanguage\":\"es-ES\",\"potentialAction\":[{\"@type\":\"ReadAction\",\"target\":[\"https:\\\/\\\/www.axesstmc.com\\\/es\\\/xpoint-2\\\/\"]}]},{\"@type\":\"WebSite\",\"@id\":\"https:\\\/\\\/www.axesstmc.com\\\/es\\\/#website\",\"url\":\"https:\\\/\\\/www.axesstmc.com\\\/es\\\/\",\"name\":\"AxessTMC\",\"description\":\"Software and Hardware for access control, intrusion detection\",\"publisher\":{\"@id\":\"https:\\\/\\\/www.axesstmc.com\\\/es\\\/#organization\"},\"potentialAction\":[{\"@type\":\"SearchAction\",\"target\":{\"@type\":\"EntryPoint\",\"urlTemplate\":\"https:\\\/\\\/www.axesstmc.com\\\/es\\\/?s={search_term_string}\"},\"query-input\":{\"@type\":\"PropertyValueSpecification\",\"valueRequired\":true,\"valueName\":\"search_term_string\"}}],\"inLanguage\":\"es-ES\"},{\"@type\":\"Organization\",\"@id\":\"https:\\\/\\\/www.axesstmc.com\\\/es\\\/#organization\",\"name\":\"AxessTMC\",\"url\":\"https:\\\/\\\/www.axesstmc.com\\\/es\\\/\",\"logo\":{\"@type\":\"ImageObject\",\"inLanguage\":\"es-ES\",\"@id\":\"https:\\\/\\\/www.axesstmc.com\\\/es\\\/#\\\/schema\\\/logo\\\/image\\\/\",\"url\":\"https:\\\/\\\/www.axesstmc.com\\\/wp-content\\\/uploads\\\/2019\\\/10\\\/Logo-AxessTMC-Z-Group.jpg\",\"contentUrl\":\"https:\\\/\\\/www.axesstmc.com\\\/wp-content\\\/uploads\\\/2019\\\/10\\\/Logo-AxessTMC-Z-Group.jpg\",\"width\":185,\"height\":55,\"caption\":\"AxessTMC\"},\"image\":{\"@id\":\"https:\\\/\\\/www.axesstmc.com\\\/es\\\/#\\\/schema\\\/logo\\\/image\\\/\"},\"sameAs\":[\"https:\\\/\\\/www.facebook.com\\\/zucchettiaxess\\\/\",\"https:\\\/\\\/www.linkedin.com\\\/company\\\/zucchetti-axess-s-p-a-?trk=prof-following-company-logo\",\"https:\\\/\\\/www.youtube.com\\\/results?q=axess tmc\"]}]}<\/script>\n<!-- \/ Yoast SEO plugin. -->","yoast_head_json":{"title":"XPoint GLASS - Terminal de detecci\u00f3n de presencia y control de acceso - Zucchetti Axess","description":"Xpoint GLASS es un terminal de detecci\u00f3n de presencias y control de accesos, se utiliza como controlador del sistema Xatlas incluso en ausencia de ordenador.","robots":{"index":"index","follow":"follow","max-snippet":"max-snippet:-1","max-image-preview":"max-image-preview:large","max-video-preview":"max-video-preview:-1"},"canonical":"https:\/\/www.axesstmc.com\/es\/xpoint-2\/","og_locale":"es_ES","og_type":"article","og_title":"XPoint GLASS - Terminal de detecci\u00f3n de presencia y control de acceso - Zucchetti Axess","og_description":"Xpoint GLASS es un terminal de detecci\u00f3n de presencias y control de accesos, se utiliza como controlador del sistema Xatlas incluso en ausencia de ordenador.","og_url":"https:\/\/www.axesstmc.com\/es\/xpoint-2\/","og_site_name":"AxessTMC","article_publisher":"https:\/\/www.facebook.com\/zucchettiaxess\/","article_modified_time":"2025-12-11T08:35:55+00:00","twitter_card":"summary_large_image","twitter_misc":{"Est. reading time":"3 minutes"},"schema":{"@context":"https:\/\/schema.org","@graph":[{"@type":"WebPage","@id":"https:\/\/www.axesstmc.com\/es\/xpoint-2\/","url":"https:\/\/www.axesstmc.com\/es\/xpoint-2\/","name":"XPoint GLASS - Terminal de detecci\u00f3n de presencia y control de acceso - Zucchetti Axess","isPartOf":{"@id":"https:\/\/www.axesstmc.com\/es\/#website"},"datePublished":"2020-11-23T09:40:31+00:00","dateModified":"2025-12-11T08:35:55+00:00","description":"Xpoint GLASS es un terminal de detecci\u00f3n de presencias y control de accesos, se utiliza como controlador del sistema Xatlas incluso en ausencia de ordenador.","inLanguage":"es-ES","potentialAction":[{"@type":"ReadAction","target":["https:\/\/www.axesstmc.com\/es\/xpoint-2\/"]}]},{"@type":"WebSite","@id":"https:\/\/www.axesstmc.com\/es\/#website","url":"https:\/\/www.axesstmc.com\/es\/","name":"AxessTMC","description":"Software and Hardware for access control, intrusion detection","publisher":{"@id":"https:\/\/www.axesstmc.com\/es\/#organization"},"potentialAction":[{"@type":"SearchAction","target":{"@type":"EntryPoint","urlTemplate":"https:\/\/www.axesstmc.com\/es\/?s={search_term_string}"},"query-input":{"@type":"PropertyValueSpecification","valueRequired":true,"valueName":"search_term_string"}}],"inLanguage":"es-ES"},{"@type":"Organization","@id":"https:\/\/www.axesstmc.com\/es\/#organization","name":"AxessTMC","url":"https:\/\/www.axesstmc.com\/es\/","logo":{"@type":"ImageObject","inLanguage":"es-ES","@id":"https:\/\/www.axesstmc.com\/es\/#\/schema\/logo\/image\/","url":"https:\/\/www.axesstmc.com\/wp-content\/uploads\/2019\/10\/Logo-AxessTMC-Z-Group.jpg","contentUrl":"https:\/\/www.axesstmc.com\/wp-content\/uploads\/2019\/10\/Logo-AxessTMC-Z-Group.jpg","width":185,"height":55,"caption":"AxessTMC"},"image":{"@id":"https:\/\/www.axesstmc.com\/es\/#\/schema\/logo\/image\/"},"sameAs":["https:\/\/www.facebook.com\/zucchettiaxess\/","https:\/\/www.linkedin.com\/company\/zucchetti-axess-s-p-a-?trk=prof-following-company-logo","https:\/\/www.youtube.com\/results?q=axess tmc"]}]}},"_links":{"self":[{"href":"https:\/\/www.axesstmc.com\/es\/wp-json\/wp\/v2\/pages\/38938","targetHints":{"allow":["GET"]}}],"collection":[{"href":"https:\/\/www.axesstmc.com\/es\/wp-json\/wp\/v2\/pages"}],"about":[{"href":"https:\/\/www.axesstmc.com\/es\/wp-json\/wp\/v2\/types\/page"}],"author":[{"embeddable":true,"href":"https:\/\/www.axesstmc.com\/es\/wp-json\/wp\/v2\/users\/14"}],"replies":[{"embeddable":true,"href":"https:\/\/www.axesstmc.com\/es\/wp-json\/wp\/v2\/comments?post=38938"}],"version-history":[{"count":17,"href":"https:\/\/www.axesstmc.com\/es\/wp-json\/wp\/v2\/pages\/38938\/revisions"}],"predecessor-version":[{"id":46042,"href":"https:\/\/www.axesstmc.com\/es\/wp-json\/wp\/v2\/pages\/38938\/revisions\/46042"}],"wp:attachment":[{"href":"https:\/\/www.axesstmc.com\/es\/wp-json\/wp\/v2\/media?parent=38938"}],"curies":[{"name":"wp","href":"https:\/\/api.w.org\/{rel}","templated":true}]}}